{"id":14,"date":"2025-05-28T21:17:30","date_gmt":"2025-05-28T18:17:30","guid":{"rendered":"https:\/\/tasarim.yusufkecici.com.tr\/?page_id=14"},"modified":"2025-05-28T21:26:33","modified_gmt":"2025-05-28T18:26:33","slug":"geri-odeme-ve-iade-politikasi","status":"publish","type":"page","link":"https:\/\/tuffhandicraft.com\/de\/geri-odeme-ve-iade-politikasi\/","title":{"rendered":"R\u00fcckerstattungs- und R\u00fcckgaberecht"},"content":{"rendered":"<p><strong>Tuff Handicraft \u2013 Stornierungs- und R\u00fcckerstattungsrichtlinien<\/strong><\/p>\n\n\n\n<p>Bei Tuff Handicraft steht die Kundenzufriedenheit an erster Stelle. Die R\u00fcckgabe- und Umtauschbedingungen f\u00fcr Ihre gekauften Produkte sind unten aufgef\u00fchrt:<\/p>\n\n\n\n<p><strong>1. Stornierungsverfahren:<\/strong><br>Wenn Ihre Bestellung noch nicht versandt wurde, k\u00f6nnen Sie sie stornieren <a>info@tuffhandicraft.com<\/a> Sie k\u00f6nnen eine E-Mail an die Adresse senden.<\/p>\n\n\n\n<p><strong>2. R\u00fcckgabebedingungen:<\/strong><\/p>\n\n\n\n<ul class=\"wp-block-list\">\n<li>Ab der Lieferung des Produkts <strong>Innerhalb von 14 Tagen<\/strong> Sie k\u00f6nnen eine R\u00fcckerstattungsanfrage erstellen.<\/li>\n\n\n\n<li>Das Produkt muss originalverpackt, unbenutzt und in wiederverkaufsf\u00e4higem Zustand sein.<\/li>\n\n\n\n<li>R\u00fccksendungen von Produkten, die aus pers\u00f6nlichen oder hygienischen Gr\u00fcnden nicht zur\u00fcckgegeben werden k\u00f6nnen, werden nicht akzeptiert.<\/li>\n\n\n\n<li>Die Kosten der R\u00fccksendung gehen zu Lasten des K\u00e4ufers (au\u00dfer bei fehlerhaften\/defekten Produkten).<\/li>\n<\/ul>\n\n\n\n<p><strong>3. R\u00fcckerstattungsprozess:<\/strong><\/p>\n\n\n\n<ul class=\"wp-block-list\">\n<li>Sobald die R\u00fccksendung genehmigt ist, <strong>7 Werktage<\/strong> R\u00fcckerstattungen erfolgen entsprechend Ihrer Zahlungsmethode innerhalb von 24 Stunden.<\/li>\n\n\n\n<li>R\u00fcckerstattungen auf Kreditkarten k\u00f6nnen je nach Bank 3\u20137 Werktage dauern.<\/li>\n<\/ul>\n\n\n\n<p><strong>4. \u00c4nderung:<\/strong><br>Bei Lagerbestand ist ein Produktumtausch m\u00f6glich. <a>info@tuffhandicraft.com<\/a> Sie k\u00f6nnen es an die Adresse senden.<\/p>","protected":false},"excerpt":{"rendered":"<p>Tuff Handicraft &#8211; \u0130ptal ve \u0130ade Politikas\u0131 Tuff Handicraft olarak m\u00fc\u015fteri memnuniyetine \u00f6nem veriyoruz. Sat\u0131n ald\u0131\u011f\u0131n\u0131z \u00fcr\u00fcnlerle ilgili iade ve<\/p>","protected":false},"author":1,"featured_media":0,"parent":0,"menu_order":0,"comment_status":"closed","ping_status":"closed","template":"","meta":{"footnotes":""},"class_list":["post-14","page","type-page","status-publish","hentry"],"_links":{"self":[{"href":"https:\/\/tuffhandicraft.com\/de\/wp-json\/wp\/v2\/pages\/14","targetHints":{"allow":["GET"]}}],"collection":[{"href":"https:\/\/tuffhandicraft.com\/de\/wp-json\/wp\/v2\/pages"}],"about":[{"href":"https:\/\/tuffhandicraft.com\/de\/wp-json\/wp\/v2\/types\/page"}],"author":[{"embeddable":true,"href":"https:\/\/tuffhandicraft.com\/de\/wp-json\/wp\/v2\/users\/1"}],"replies":[{"embeddable":true,"href":"https:\/\/tuffhandicraft.com\/de\/wp-json\/wp\/v2\/comments?post=14"}],"version-history":[{"count":0,"href":"https:\/\/tuffhandicraft.com\/de\/wp-json\/wp\/v2\/pages\/14\/revisions"}],"wp:attachment":[{"href":"https:\/\/tuffhandicraft.com\/de\/wp-json\/wp\/v2\/media?parent=14"}],"curies":[{"name":"wp","href":"https:\/\/api.w.org\/{rel}","templated":true}]}}