{"id":27896,"date":"2025-05-28T21:23:19","date_gmt":"2025-05-28T18:23:19","guid":{"rendered":"https:\/\/tasarim.yusufkecici.com.tr\/?page_id=27896"},"modified":"2025-05-28T21:24:53","modified_gmt":"2025-05-28T18:24:53","slug":"kvkk","status":"publish","type":"page","link":"https:\/\/tuffhandicraft.com\/de\/kvkk\/","title":{"rendered":"KVKK"},"content":{"rendered":"<p><strong>Tuff Handicraft \u2013 Informationstext zum Schutz personenbezogener Daten<\/strong><\/p>\n\n\n\n<p>Bei Tuff Handicraft legen wir gr\u00f6\u00dften Wert auf die Sicherheit Ihrer personenbezogenen Daten. In diesem Zusammenhang verarbeiten wir gem\u00e4\u00df Gesetz Nr. 6698 zum Schutz personenbezogener Daten (\u201eKVKK\u201c) Ihre personenbezogenen Daten als Verantwortlicher im nachfolgend beschriebenen Rahmen.<\/p>\n\n\n\n<p><strong>1. Verantwortlicher<\/strong><br>Tuff-Handwerk<br>E-Mail: <a>info@tuffhandicraft.com<\/a><br>Webseite: <a class=\"\" href=\"https:\/\/tuffhandicraft.com\/de\/\">https:\/\/tuffhandicraft.com<\/a><\/p>\n\n\n\n<p><strong>2. Erhobene personenbezogene Daten<\/strong><br>Vor- und Nachname, E-Mail-Adresse, Telefonnummer, Liefer-\/Rechnungsadresse, IP-Informationen, Bestellinformationen, Zahlungsinformationen.<\/p>\n\n\n\n<p><strong>3. Zwecke der Verarbeitung personenbezogener Daten<\/strong><\/p>\n\n\n\n<ul class=\"wp-block-list\">\n<li>Durchf\u00fchrung von Bestellvorg\u00e4ngen<\/li>\n\n\n\n<li>Kundenbeziehungsmanagement<\/li>\n\n\n\n<li>Produktlieferung und Rechnungsstellung<\/li>\n\n\n\n<li>Erf\u00fcllung rechtlicher Verpflichtungen<\/li>\n\n\n\n<li>Werbeaktionen, Kampagnen, Zufriedenheitsumfragen (mit ausdr\u00fccklicher Zustimmung)<\/li>\n<\/ul>\n\n\n\n<p><strong>4. Weitergabe personenbezogener Daten<\/strong><br>Eine Weitergabe Ihrer personenbezogenen Daten an unsere Dienstleister (Versand, Zahlung, Softwaredienste) kann im Rahmen gesetzlicher Verpflichtungen in begrenztem Umfang erfolgen.<\/p>\n\n\n\n<p><strong>5. Ihre Rechte gem\u00e4\u00df KVKK<\/strong><br>Gem\u00e4\u00df Artikel 11 des Gesetzes zum Schutz personenbezogener Daten haben Sie das Recht, die L\u00f6schung, Berichtigung und Auskunft dar\u00fcber zu verlangen, ob Ihre personenbezogenen Daten verarbeitet wurden. Um diese Rechte auszu\u00fcben, <a>info@tuffhandicraft.com<\/a> Sie k\u00f6nnen eine E-Mail an die Adresse senden.<\/p>","protected":false},"excerpt":{"rendered":"<p>Tuff Handicraft &#8211; Ki\u015fisel Verilerin Korunmas\u0131 Ayd\u0131nlatma Metni Tuff Handicraft olarak, ki\u015fisel verilerinizin g\u00fcvenli\u011fi hususuna azami hassasiyet g\u00f6stermekteyiz. Bu kapsamda,<\/p>","protected":false},"author":1,"featured_media":0,"parent":0,"menu_order":0,"comment_status":"closed","ping_status":"closed","template":"","meta":{"footnotes":""},"class_list":["post-27896","page","type-page","status-publish","hentry"],"_links":{"self":[{"href":"https:\/\/tuffhandicraft.com\/de\/wp-json\/wp\/v2\/pages\/27896","targetHints":{"allow":["GET"]}}],"collection":[{"href":"https:\/\/tuffhandicraft.com\/de\/wp-json\/wp\/v2\/pages"}],"about":[{"href":"https:\/\/tuffhandicraft.com\/de\/wp-json\/wp\/v2\/types\/page"}],"author":[{"embeddable":true,"href":"https:\/\/tuffhandicraft.com\/de\/wp-json\/wp\/v2\/users\/1"}],"replies":[{"embeddable":true,"href":"https:\/\/tuffhandicraft.com\/de\/wp-json\/wp\/v2\/comments?post=27896"}],"version-history":[{"count":0,"href":"https:\/\/tuffhandicraft.com\/de\/wp-json\/wp\/v2\/pages\/27896\/revisions"}],"wp:attachment":[{"href":"https:\/\/tuffhandicraft.com\/de\/wp-json\/wp\/v2\/media?parent=27896"}],"curies":[{"name":"wp","href":"https:\/\/api.w.org\/{rel}","templated":true}]}}