{"id":27898,"date":"2025-05-28T21:23:39","date_gmt":"2025-05-28T18:23:39","guid":{"rendered":"https:\/\/tasarim.yusufkecici.com.tr\/?page_id=27898"},"modified":"2025-05-28T21:26:00","modified_gmt":"2025-05-28T18:26:00","slug":"cerez-politikasi","status":"publish","type":"page","link":"https:\/\/tuffhandicraft.com\/de\/cerez-politikasi\/","title":{"rendered":"Cookie-Richtlinie"},"content":{"rendered":"<p><strong>Tuff Handicraft \u2013 Cookie-Richtlinie<\/strong><\/p>\n\n\n\n<p>Auf unserer Website werden Cookies verwendet, um die Benutzererfahrung zu steigern und unsere Dienste zu verbessern.<\/p>\n\n\n\n<p><strong>1. Was ist ein Cookie?<\/strong><br>Cookies sind kleine Datendateien, die in Ihrem Browser gespeichert werden, wenn Sie eine Website besuchen.<\/p>\n\n\n\n<p><strong>2. Verwendungszwecke:<\/strong><\/p>\n\n\n\n<ul class=\"wp-block-list\">\n<li>Site-Performance analysieren<\/li>\n\n\n\n<li>Merken der Besucherpr\u00e4ferenzen<\/li>\n\n\n\n<li>Anzeigen zielgerichteter Anzeigen und Kampagnen<\/li>\n\n\n\n<li>Gew\u00e4hrleistung des Schutzes von Warenkorb- und Sitzungsinformationen<\/li>\n<\/ul>\n\n\n\n<p><strong>3. Arten von Cookies:<\/strong><\/p>\n\n\n\n<ul class=\"wp-block-list\">\n<li>Notwendige Cookies<\/li>\n\n\n\n<li>Cookies analytisch<\/li>\n\n\n\n<li>Funktionale Cookies<\/li>\n\n\n\n<li>Werbe-Cookies<\/li>\n<\/ul>\n\n\n\n<p>Sie k\u00f6nnen in Ihren Browsereinstellungen die Verwendung von Cookies verhindern oder vorhandene Cookies l\u00f6schen.<\/p>","protected":false},"excerpt":{"rendered":"<p>Tuff Handicraft &#8211; \u00c7erez Politikas\u0131 Web sitemizde kullan\u0131c\u0131 deneyimini geli\u015ftirmek ve hizmetlerimizi iyile\u015ftirmek amac\u0131yla \u00e7erezler kullan\u0131lmaktad\u0131r. 1. \u00c7erez Nedir?\u00c7erez, bir<\/p>","protected":false},"author":1,"featured_media":0,"parent":0,"menu_order":0,"comment_status":"closed","ping_status":"closed","template":"","meta":{"footnotes":""},"class_list":["post-27898","page","type-page","status-publish","hentry"],"_links":{"self":[{"href":"https:\/\/tuffhandicraft.com\/de\/wp-json\/wp\/v2\/pages\/27898","targetHints":{"allow":["GET"]}}],"collection":[{"href":"https:\/\/tuffhandicraft.com\/de\/wp-json\/wp\/v2\/pages"}],"about":[{"href":"https:\/\/tuffhandicraft.com\/de\/wp-json\/wp\/v2\/types\/page"}],"author":[{"embeddable":true,"href":"https:\/\/tuffhandicraft.com\/de\/wp-json\/wp\/v2\/users\/1"}],"replies":[{"embeddable":true,"href":"https:\/\/tuffhandicraft.com\/de\/wp-json\/wp\/v2\/comments?post=27898"}],"version-history":[{"count":0,"href":"https:\/\/tuffhandicraft.com\/de\/wp-json\/wp\/v2\/pages\/27898\/revisions"}],"wp:attachment":[{"href":"https:\/\/tuffhandicraft.com\/de\/wp-json\/wp\/v2\/media?parent=27898"}],"curies":[{"name":"wp","href":"https:\/\/api.w.org\/{rel}","templated":true}]}}