{"id":27560,"date":"2025-05-11T00:23:08","date_gmt":"2025-05-10T21:23:08","guid":{"rendered":"https:\/\/tasarim.yusufkecici.com.tr\/urun\/paper-string-natural-women-bag-knitted-summer-bag-handcrafted-shoulder-bag-boho-straw-beach-purses-gift-for-her-eco-friendly-bag\/"},"modified":"2025-08-21T17:42:43","modified_gmt":"2025-08-21T14:42:43","slug":"kagit-ip-omuz-cantasi","status":"publish","type":"product","link":"https:\/\/tuffhandicraft.com\/de\/magaza\/canta\/omuz-cantasi\/kagit-ip-omuz-cantasi\/","title":{"rendered":"Umh\u00e4ngetasche aus Papierseil \u2013 Naturmaterial und nachhaltig"},"content":{"rendered":"<h3 data-start=\"263\" data-end=\"325\">\ud83d\udc5c Papierseil-Umh\u00e4ngetasche \u2013 Nat\u00fcrliches Material und nachhaltig<\/h3>\n<p data-start=\"327\" data-end=\"690\">Diese handgefertigte Umh\u00e4ngetasche aus Papierseil verleiht Ihrem Stil mit ihrem minimalistischen Design und der umweltfreundlichen Verarbeitung einen Hauch von Eleganz. Ihre leichte Textur, die nat\u00fcrlichen Farbt\u00f6ne und das Baumwoll-Leinen-Futter machen sie praktisch und elegant zugleich. Sie ist das ideale Accessoire f\u00fcr alle, die Wert auf Schlichtheit legen, egal ob im Alltag oder im Sommerurlaub.<\/p>\n<hr data-start=\"692\" data-end=\"695\" \/>\n<h3 data-start=\"697\" data-end=\"721\">\ud83c\udf3f Materialinformationen<img loading=\"lazy\" decoding=\"async\" class=\"wd-lazy-fade size-full wp-image-28000 alignright\" src=\"https:\/\/tuffhandicraft.com\/wp-content\/themes\/woodmart\/images\/lazy.svg\" data-src=\"https:\/\/tuffhandicraft.com\/wp-content\/uploads\/2021\/08\/footer-logo-1.png\" alt=\"Umh\u00e4ngetasche aus Papierseil \u2013 Naturmaterial und nachhaltig\" width=\"220\" height=\"40\" title=\"\" srcset=\"\" data-srcset=\"https:\/\/tuffhandicraft.com\/wp-content\/uploads\/2021\/08\/footer-logo-1.png 220w, https:\/\/tuffhandicraft.com\/wp-content\/uploads\/2021\/08\/footer-logo-1-150x27.png 150w\" sizes=\"auto, (max-width: 220px) 100vw, 220px\" \/><\/h3>\n<p data-start=\"722\" data-end=\"1026\">\u00c7anta, %100<a href=\"https:\/\/tuffhandicraft.com\/de\/produkt\/kagit-ip-buzgulu-omuz-cantasi\/\"> nat\u00fcrlich <strong data-start=\"740\" data-end=\"752\">Papierseil<\/strong><\/a> Es ist handgestrickt. Die Innenseite ist <strong data-start=\"799\" data-end=\"822\">Futter aus Baumwollleinen<\/strong> Dieses Futter macht das Innere der Tasche n\u00fctzlicher und langlebiger und sch\u00fctzt gleichzeitig Ihre Sachen. Die atmungsaktive und leichte Struktur bietet hervorragenden Komfort in den Sommermonaten.<\/p>\n<hr data-start=\"1028\" data-end=\"1031\" \/>\n<h3 data-start=\"1033\" data-end=\"1066\">\ud83c\udfaf Einsatzbereich und Komfort<\/h3>\n<p data-start=\"1067\" data-end=\"1303\">Ihre kompakte Gr\u00f6\u00dfe und das weiche Tragegef\u00fchl machen diese Tasche zu einer bequemen Wahl f\u00fcr den Alltag oder Sommeraktivit\u00e4ten. Sie ist perfekt f\u00fcr Strandspazierg\u00e4nge, Eink\u00e4ufe auf dem Markt und Treffen mit Freunden.<\/p>\n<hr data-start=\"1305\" data-end=\"1308\" \/>\n<h3 data-start=\"1310\" data-end=\"1331\">\ud83d\udc57 Stilvorschlag<\/h3>\n<p data-start=\"1332\" data-end=\"1560\">Kombinieren Sie eine Umh\u00e4ngetasche aus Papierschnur mit einer Leinenhose, einem l\u00e4ssigen Hemd und Sandalen in neutralen Farbt\u00f6nen f\u00fcr einen schlichten, aber wirkungsvollen Sommerlook. Sie passt perfekt zu Boh\u00e8me-, rustikalen oder minimalistischen Stilen.<\/p>\n<p data-start=\"877\" data-end=\"1029\">Weitere Modelle, die m\u00f6glicherweise zu Ihrem Stil und mehr passen, finden Sie bei Tuff\u00a0<a href=\"https:\/\/www.pinterest.com\/TuffHandicraft01\/\" target=\"_blank\" rel=\"noopener\">Pinterest<\/a>\u00a0Besuchen Sie die Welt von.<\/p>\n<hr data-start=\"1562\" data-end=\"1565\" \/>\n<h3 data-start=\"1567\" data-end=\"1607\">\u267b\ufe0f Handgemachte &amp; nachhaltige Mode<\/h3>\n<p data-start=\"1608\" data-end=\"1861\">Dieses Produkt, <strong data-start=\"1617\" data-end=\"1660\">gegen den schnellen Konsumzyklus produziert<\/strong>Es ist ein zeitloses, umweltfreundliches St\u00fcck. Die Handarbeit macht jede Tasche einzigartig. Es ist eine langlebige und ethische Wahl f\u00fcr alle, die nachhaltige Mode lieben.<\/p>\n<hr data-start=\"1863\" data-end=\"1866\" \/>\n<h3 data-start=\"1868\" data-end=\"1891\">\ud83e\uddfc Pflegehinweise<\/h3>\n<p data-start=\"1892\" data-end=\"2064\">Es wird empfohlen, die Tasche nur mit einem feuchten Tuch abzuwischen. Nicht in der Waschmaschine waschen. Nicht l\u00e4ngere Zeit in der Sonne liegen lassen. So bleiben Form und Struktur der Tasche lange erhalten.<\/p>\n<hr data-start=\"2066\" data-end=\"2069\" \/>\n<h3 data-start=\"2071\" data-end=\"2123\">\ud83d\udca1 Warum sollten Sie sich f\u00fcr diese Einkaufstasche aus Papier entscheiden?<\/h3>\n<p data-start=\"2125\" data-end=\"2342\">\u2022 Handgefertigt und originell<br data-start=\"2145\" data-end=\"2148\" \/>\u2022 Nat\u00fcrliches Papierseil und Baumwoll-Leinen-Futter<br data-start=\"2189\" data-end=\"2192\" \/>\u2022 Leichtes und langlebiges Design<br data-start=\"2220\" data-end=\"2223\" \/>\u2022 Einfach, sommerlich und umweltfreundlich<br data-start=\"2252\" data-end=\"2255\" \/>\u2022 Ideal f\u00fcr den t\u00e4glichen Gebrauch und den Urlaub<br data-start=\"2292\" data-end=\"2295\" \/>\u2022 Alternative zu Fast Fashion, nachhaltige Wahl<\/p>","protected":false},"excerpt":{"rendered":"<p data-start=\"169\" data-end=\"332\">Diese Umh\u00e4ngetasche aus nat\u00fcrlichem Papierseil mit Baumwoll-Leinen-Futter ist stilvoll und funktional zugleich. Ein leichtes, elegantes und nachhaltiges Sommerst\u00fcck!<\/p>","protected":false},"featured_media":28900,"comment_status":"open","ping_status":"closed","template":"","meta":[],"product_brand":[691],"product_cat":[686,724],"product_tag":[840,1040,1324,819,812,769,810,1326,1327,1122,1325,843,817,762,839,816],"class_list":{"0":"post-27560","1":"product","2":"type-product","3":"status-publish","4":"has-post-thumbnail","6":"product_brand-tuffhandicraft","7":"product_cat-canta","8":"product_cat-omuz-cantasi","9":"product_tag-bohem-canta","10":"product_tag-cevre-dostu-canta","11":"product_tag-dogal-canta","12":"product_tag-el-orgusu-canta","13":"product_tag-el-yapimi-canta","14":"product_tag-hediye-fikirleri","15":"product_tag-kagit-ip-canta","16":"product_tag-keten-astarli-canta","17":"product_tag-minimalist-canta","18":"product_tag-omuz-cantasi","19":"product_tag-pamuk-astarli-canta","20":"product_tag-plaj-cantasi","21":"product_tag-surdurulebilir-canta","22":"product_tag-surdurulebilir-moda","23":"product_tag-tig-isi-canta","24":"product_tag-yazlik-canta","26":"first","27":"instock","28":"sale","29":"taxable","30":"shipping-taxable","31":"purchasable","32":"product-type-simple"},"_links":{"self":[{"href":"https:\/\/tuffhandicraft.com\/de\/wp-json\/wp\/v2\/product\/27560","targetHints":{"allow":["GET"]}}],"collection":[{"href":"https:\/\/tuffhandicraft.com\/de\/wp-json\/wp\/v2\/product"}],"about":[{"href":"https:\/\/tuffhandicraft.com\/de\/wp-json\/wp\/v2\/types\/product"}],"replies":[{"embeddable":true,"href":"https:\/\/tuffhandicraft.com\/de\/wp-json\/wp\/v2\/comments?post=27560"}],"version-history":[{"count":1,"href":"https:\/\/tuffhandicraft.com\/de\/wp-json\/wp\/v2\/product\/27560\/revisions"}],"predecessor-version":[{"id":30285,"href":"https:\/\/tuffhandicraft.com\/de\/wp-json\/wp\/v2\/product\/27560\/revisions\/30285"}],"wp:featuredmedia":[{"embeddable":true,"href":"https:\/\/tuffhandicraft.com\/de\/wp-json\/wp\/v2\/media\/28900"}],"wp:attachment":[{"href":"https:\/\/tuffhandicraft.com\/de\/wp-json\/wp\/v2\/media?parent=27560"}],"wp:term":[{"taxonomy":"product_brand","embeddable":true,"href":"https:\/\/tuffhandicraft.com\/de\/wp-json\/wp\/v2\/product_brand?post=27560"},{"taxonomy":"product_cat","embeddable":true,"href":"https:\/\/tuffhandicraft.com\/de\/wp-json\/wp\/v2\/product_cat?post=27560"},{"taxonomy":"product_tag","embeddable":true,"href":"https:\/\/tuffhandicraft.com\/de\/wp-json\/wp\/v2\/product_tag?post=27560"}],"curies":[{"name":"wp","href":"https:\/\/api.w.org\/{rel}","templated":true}]}}