{"id":27576,"date":"2025-05-11T00:23:22","date_gmt":"2025-05-10T21:23:22","guid":{"rendered":"https:\/\/tasarim.yusufkecici.com.tr\/urun\/crochet-halter-top-granny-square-bustier-cotton-bralette-rave-outfit-boho-gifts-crochet-festival-crop-top-summer-top-gift-for-her\/"},"modified":"2025-08-10T19:47:19","modified_gmt":"2025-08-10T16:47:19","slug":"bohem-granny-bralet","status":"publish","type":"product","link":"https:\/\/tuffhandicraft.com\/de\/magaza\/crop-top\/bohem-granny-bralet\/","title":{"rendered":"Bohemian Granny Bralet \u2013 Verstellbares Design"},"content":{"rendered":"<h1 data-start=\"177\" data-end=\"225\">\ud83e\uddf6 Bohemian Granny Bralet \u2013 Verstellbares Design<\/h1>\n<p data-start=\"227\" data-end=\"584\">Jedes St\u00fcck ist sorgf\u00e4ltig geh\u00e4kelt <strong data-start=\"265\" data-end=\"288\">B\u00f6hmisches Oma-Bralette<\/strong>, ist bereit, ein Sommer-Must-have zu werden! Seine farbenfrohen Granny-Square-Motive und die verstellbaren Schn\u00fcrsenkel sorgen f\u00fcr die perfekte Passform f\u00fcr viele K\u00f6rpertypen. Entworfen f\u00fcr alle, die sich in den unterschiedlichsten Situationen wohl und stilvoll f\u00fchlen m\u00f6chten \u2013 vom Strand bis zum Festival, vom Tagesausflug bis zum besonderen Anlass.<\/p>\n<hr data-start=\"586\" data-end=\"589\" \/>\n<h2 data-start=\"591\" data-end=\"613\">\u2728 Materialinformationen<img loading=\"lazy\" decoding=\"async\" class=\"wd-lazy-fade size-full wp-image-28000 alignright\" src=\"https:\/\/tuffhandicraft.com\/wp-content\/themes\/woodmart\/images\/lazy.svg\" data-src=\"https:\/\/tuffhandicraft.com\/wp-content\/uploads\/2021\/08\/footer-logo-1.png\" alt=\"Bohemian Granny Bralet \u2013 Verstellbares Design\" width=\"220\" height=\"40\" title=\"\" srcset=\"\" data-srcset=\"https:\/\/tuffhandicraft.com\/wp-content\/uploads\/2021\/08\/footer-logo-1.png 220w, https:\/\/tuffhandicraft.com\/wp-content\/uploads\/2021\/08\/footer-logo-1-150x27.png 150w\" sizes=\"auto, (max-width: 220px) 100vw, 220px\" \/><\/h2>\n<p data-start=\"614\" data-end=\"736\">%100 pamuk ipliklerle \u00f6r\u00fclm\u00fc\u015ft\u00fcr. Hafif, nefes alan yap\u0131s\u0131 sayesinde cildi tahri\u015f etmez, yaz s\u0131caklar\u0131nda ferahl\u0131k sa\u011flar.<\/p>\n<hr data-start=\"738\" data-end=\"741\" \/>\n<h2 data-start=\"743\" data-end=\"775\">\u2600\ufe0f Einsatzbereich und Komfort<\/h2>\n<p data-start=\"776\" data-end=\"989\">Strandtop, Festival-Outfit, sommerlicher City-Style oder Bohemian-Events... Dieses Bralette passt sich mit seiner Eleganz und Funktionalit\u00e4t jedem Anlass an. <a href=\"https:\/\/tuffhandicraft.com\/de\/produkt\/turuncu-boho-bralet\/\">Einstellbar<\/a> Es bietet eine individuelle Nutzung durch B\u00e4nder am R\u00fccken und am Hals.<\/p>\n<hr data-start=\"991\" data-end=\"994\" \/>\n<h2 data-start=\"996\" data-end=\"1026\">\ud83d\udc57 Stil- und Kombinationsvorschl\u00e4ge<\/h2>\n<p data-start=\"1027\" data-end=\"1232\">Kombinieren Sie es mit hoch taillierten Jeans, lockeren Leinenhosen oder Maxir\u00f6cken f\u00fcr einen Boho-Look. Kombinieren Sie es mit einer leichten Strickjacke oder einem Kimono f\u00fcr einen coolen Abendlook.<\/p>\n<p data-start=\"877\" data-end=\"1029\">Weitere Modelle, die m\u00f6glicherweise zu Ihrem Stil und mehr passen, finden Sie bei Tuff\u00a0<a href=\"https:\/\/www.pinterest.com\/TuffHandicraft01\/\" target=\"_blank\" rel=\"noopener\">Pinterest<\/a>\u00a0Besuchen Sie die Welt von.<\/p>\n<hr data-start=\"1234\" data-end=\"1237\" \/>\n<h2 data-start=\"1239\" data-end=\"1281\">\ud83c\udf31 Handgefertigte und nachhaltige Produktion<\/h2>\n<p data-start=\"1282\" data-end=\"1479\">Jedes St\u00fcck wird von Hand gefertigt und ist nachhaltig. Es ist personalisiert und nicht in Massenproduktion gefertigt. So treffen Sie eine umweltbewusste Entscheidung und besitzen gleichzeitig ein einzigartiges St\u00fcck.<\/p>\n<hr data-start=\"1481\" data-end=\"1484\" \/>\n<h2 data-start=\"1486\" data-end=\"1508\">\ud83e\uddfc Pflegehinweise<\/h2>\n<ul data-start=\"1509\" data-end=\"1647\">\n<li data-start=\"1509\" data-end=\"1538\">\n<p data-start=\"1511\" data-end=\"1538\">Handw\u00e4sche in warmem Wasser.<\/p>\n<\/li>\n<li data-start=\"1539\" data-end=\"1569\">\n<p data-start=\"1541\" data-end=\"1569\">Auf einer ebenen Fl\u00e4che trocknen.<\/p>\n<\/li>\n<li data-start=\"1570\" data-end=\"1597\">\n<p data-start=\"1572\" data-end=\"1597\">Verwenden Sie kein Bleichmittel.<\/p>\n<\/li>\n<li data-start=\"1598\" data-end=\"1647\">\n<p data-start=\"1600\" data-end=\"1647\">Bei niedriger Temperatur b\u00fcgeln (am besten nicht b\u00fcgeln).<\/p>\n<\/li>\n<\/ul>\n<hr data-start=\"1649\" data-end=\"1652\" \/>\n<h2 data-start=\"1654\" data-end=\"1676\">\ud83d\udca1 Warum dieses Bohemian Granny Bralette?<\/h2>\n<ul data-start=\"1677\" data-end=\"1928\">\n<li data-start=\"1677\" data-end=\"1720\">\n<p data-start=\"1679\" data-end=\"1720\">Es f\u00e4llt durch seine farbenfrohen Oma-Motive auf.<\/p>\n<\/li>\n<li data-start=\"1721\" data-end=\"1775\">\n<p data-start=\"1723\" data-end=\"1775\">Bietet Flexibilit\u00e4t dank verstellbarer Schn\u00fcrsenkel<\/p>\n<\/li>\n<li data-start=\"1776\" data-end=\"1804\">\n<p data-start=\"1778\" data-end=\"1804\">Handgefertigt und ethisch produziert<\/p>\n<\/li>\n<li data-start=\"1805\" data-end=\"1838\">\n<p data-start=\"1807\" data-end=\"1838\">%100 pamuklu, nefes alan yap\u0131<\/p>\n<\/li>\n<li data-start=\"1839\" data-end=\"1887\">\n<p data-start=\"1841\" data-end=\"1887\">Geeignet f\u00fcr Festival-, Sommer- und Alltagskombinationen<\/p>\n<\/li>\n<li data-start=\"1888\" data-end=\"1928\">\n<p data-start=\"1890\" data-end=\"1928\">Originelles Design im Boho-Stil<\/p>\n<\/li>\n<\/ul>","protected":false},"excerpt":{"rendered":"<p data-start=\"114\" data-end=\"274\">Dieses handgefertigte Bralette mit farbenfrohen Oma-Motiven passt dank der verstellbaren B\u00e4nder allen Gr\u00f6\u00dfen. Eine einzigartige und bequeme Wahl f\u00fcr Ihren Sommer-Look!<\/p>","protected":false},"featured_media":28753,"comment_status":"open","ping_status":"closed","template":"","meta":[],"product_brand":[691],"product_cat":[697],"product_tag":[1534,1569,1571,1578,1572,1178,786,1570,769,1576,1186,1574,1575,762,1577,1179,1579,1013,1573,1182,788,997],"class_list":{"0":"post-27576","1":"product","2":"type-product","3":"status-publish","4":"has-post-thumbnail","6":"product_brand-tuffhandicraft","7":"product_cat-crop-top","8":"product_tag-ayarlanabilir-crop-top","9":"product_tag-bohem-bralet","10":"product_tag-boho-bralet","11":"product_tag-bustiyer","12":"product_tag-crochet-bustier","13":"product_tag-el-yapimi-bralet","14":"product_tag-festival-stili","15":"product_tag-granny-square-bralet","16":"product_tag-hediye-fikirleri","17":"product_tag-ozgun-tasarim-bralet","18":"product_tag-pamuklu-bralet","19":"product_tag-plajlik-ust","20":"product_tag-renkli-el-orgusu-bralet","21":"product_tag-surdurulebilir-moda","22":"product_tag-sustainable-fashion","23":"product_tag-tig-isi-bralet","24":"product_tag-tig-isi-bustiyer","25":"product_tag-tig-isi-yazlik-ust","26":"product_tag-yaz-stili-bralet","27":"product_tag-yazlik-bralet","28":"product_tag-yazlik-orgu-ust","29":"product_tag-yazlik-ust","31":"first","32":"instock","33":"taxable","34":"shipping-taxable","35":"purchasable","36":"product-type-variable"},"_links":{"self":[{"href":"https:\/\/tuffhandicraft.com\/de\/wp-json\/wp\/v2\/product\/27576","targetHints":{"allow":["GET"]}}],"collection":[{"href":"https:\/\/tuffhandicraft.com\/de\/wp-json\/wp\/v2\/product"}],"about":[{"href":"https:\/\/tuffhandicraft.com\/de\/wp-json\/wp\/v2\/types\/product"}],"replies":[{"embeddable":true,"href":"https:\/\/tuffhandicraft.com\/de\/wp-json\/wp\/v2\/comments?post=27576"}],"version-history":[{"count":0,"href":"https:\/\/tuffhandicraft.com\/de\/wp-json\/wp\/v2\/product\/27576\/revisions"}],"wp:featuredmedia":[{"embeddable":true,"href":"https:\/\/tuffhandicraft.com\/de\/wp-json\/wp\/v2\/media\/28753"}],"wp:attachment":[{"href":"https:\/\/tuffhandicraft.com\/de\/wp-json\/wp\/v2\/media?parent=27576"}],"wp:term":[{"taxonomy":"product_brand","embeddable":true,"href":"https:\/\/tuffhandicraft.com\/de\/wp-json\/wp\/v2\/product_brand?post=27576"},{"taxonomy":"product_cat","embeddable":true,"href":"https:\/\/tuffhandicraft.com\/de\/wp-json\/wp\/v2\/product_cat?post=27576"},{"taxonomy":"product_tag","embeddable":true,"href":"https:\/\/tuffhandicraft.com\/de\/wp-json\/wp\/v2\/product_tag?post=27576"}],"curies":[{"name":"wp","href":"https:\/\/api.w.org\/{rel}","templated":true}]}}