{"id":27584,"date":"2025-05-11T00:23:34","date_gmt":"2025-05-10T21:23:34","guid":{"rendered":"https:\/\/tasarim.yusufkecici.com.tr\/urun\/daisy-pink-crop-top-crochet-summer-top-handmade-floral-top-crochet-sport-crop-daisy-granny-square-beach-top-gifts-for-her\/"},"modified":"2025-08-10T19:44:09","modified_gmt":"2025-08-10T16:44:09","slug":"papatya-desenli-crop-top","status":"publish","type":"product","link":"https:\/\/tuffhandicraft.com\/de\/magaza\/crop-top\/papatya-desenli-crop-top\/","title":{"rendered":"Rosa Crop Top mit G\u00e4nsebl\u00fcmchenmuster \u2013 Handmade Summer Style"},"content":{"rendered":"<h1 data-start=\"220\" data-end=\"277\">\ud83c\udf38 Rosa Crop Top mit G\u00e4nsebl\u00fcmchenmuster \u2013 Handgemachter Sommerstil<\/h1>\n<hr data-start=\"279\" data-end=\"282\" \/>\n<h2 data-start=\"284\" data-end=\"343\">\u2600\ufe0f Handgefertigtes Design, das die frische Energie des Sommers widerspiegelt<\/h2>\n<p data-start=\"344\" data-end=\"571\">Das Pink Daisy Crop Top ist ein besonderes Kleidungsst\u00fcck, das Ihnen diesen Sommer Komfort und Stil bietet. Mit seinen zarten Rosat\u00f6nen und handgefertigten G\u00e4nsebl\u00fcmchenmotiven wird dieses geh\u00e4kelte Top garantiert zum Highlight f\u00fcr einen romantischen und nat\u00fcrlichen Look.<\/p>\n<hr data-start=\"573\" data-end=\"576\" \/>\n<h2 data-start=\"578\" data-end=\"601\">\ud83e\uddf6 Materialinformationen<img loading=\"lazy\" decoding=\"async\" class=\"wd-lazy-fade size-full wp-image-28000 alignright\" src=\"https:\/\/tuffhandicraft.com\/wp-content\/themes\/woodmart\/images\/lazy.svg\" data-src=\"https:\/\/tuffhandicraft.com\/wp-content\/uploads\/2021\/08\/footer-logo-1.png\" alt=\"Rosa Crop Top mit G\u00e4nsebl\u00fcmchenmuster \u2013 Handmade Summer Style\" width=\"220\" height=\"40\" title=\"\" srcset=\"\" data-srcset=\"https:\/\/tuffhandicraft.com\/wp-content\/uploads\/2021\/08\/footer-logo-1.png 220w, https:\/\/tuffhandicraft.com\/wp-content\/uploads\/2021\/08\/footer-logo-1-150x27.png 150w\" sizes=\"auto, (max-width: 220px) 100vw, 220px\" \/><\/h2>\n<p data-start=\"602\" data-end=\"772\">Das Produkt ist komplett handgestrickt. Es besteht aus weichen, hautfreundlichen Baumwollgarnen. Dank seiner atmungsaktiven Struktur kratzt es nicht und verursacht kein Schwitzen.<\/p>\n<hr data-start=\"774\" data-end=\"777\" \/>\n<h2 data-start=\"779\" data-end=\"815\">\ud83d\udcab Leichtigkeit und Komfort vereint<\/h2>\n<p data-start=\"816\" data-end=\"1011\">Es ist die ideale Wahl f\u00fcr alle, die bequeme Sommerkleidung suchen. Die bequeme Passform und die flexible Struktur schmiegen sich an den K\u00f6rper, ohne einzuengen. Es eignet sich sowohl f\u00fcr den Alltag als auch f\u00fcr besondere Sommeranl\u00e4sse.<\/p>\n<hr data-start=\"1013\" data-end=\"1016\" \/>\n<h2 data-start=\"1018\" data-end=\"1040\">\ud83c\udf3c Kombinationsvorschlag<\/h2>\n<p data-start=\"1041\" data-end=\"1217\">Es passt wunderbar zu Shorts mit hoher Taille, Jeansr\u00f6cken oder lockeren Leinenhosen. Vervollst\u00e4ndigen Sie Ihren Look mit Boho-Sandalen und floralen Stirnb\u00e4ndern.<\/p>\n<p data-start=\"877\" data-end=\"1029\">Weitere Modelle, die m\u00f6glicherweise zu Ihrem Stil und mehr passen, finden Sie bei Tuff\u00a0<a href=\"https:\/\/www.pinterest.com\/TuffHandicraft01\/\" target=\"_blank\" rel=\"noopener\">Pinterest<\/a>\u00a0Besuchen Sie die Welt von.<\/p>\n<hr data-start=\"1219\" data-end=\"1222\" \/>\n<h2 data-start=\"1224\" data-end=\"1266\">\ud83e\uddf5 Handgefertigte und nachhaltige Produktion<\/h2>\n<p data-start=\"1267\" data-end=\"1474\">Dieses Produkt, <a href=\"https:\/\/tuffhandicraft.com\/de\/2025\/07\/06\/el-yapimi-urunler\/\">Fast Fashion<\/a> Es wird im Laufe der Zeit von Hand gefertigt und stellt den vorherrschenden Ansatz des \u201eSelbstmachens\u201c in Frage. Jedes St\u00fcck durchl\u00e4uft einen sorgf\u00e4ltigen Produktionsprozess und ist einzigartig. Es ist eine sinnvolle Wahl f\u00fcr alle, die einen nachhaltigen Lebensstil unterst\u00fctzen.<\/p>\n<hr data-start=\"1476\" data-end=\"1479\" \/>\n<h2 data-start=\"1481\" data-end=\"1506\">\ud83e\uddfc Pflegehinweise<\/h2>\n<p data-start=\"1507\" data-end=\"1594\">\u2022 Vorsichtig mit der Hand in kaltem Wasser waschen.<br data-start=\"1543\" data-end=\"1546\" \/>\u2022 Zum Trocknen ausbreiten.<br data-start=\"1566\" data-end=\"1569\" \/>\u2022 Verwenden Sie kein Bleichmittel.<\/p>\n<hr data-start=\"1596\" data-end=\"1599\" \/>\n<h2 data-start=\"1601\" data-end=\"1643\">\ud83d\udca1 Warum sollten Sie sich f\u00fcr dieses Produkt entscheiden?<\/h2>\n<p data-start=\"1644\" data-end=\"1848\">\u2022 Nat\u00fcrliches und elegantes Aussehen<br data-start=\"1668\" data-end=\"1671\" \/>\u2022 Handgefertigt<br data-start=\"1695\" data-end=\"1698\" \/>\u2022 Leichte und atmungsaktive Struktur<br data-start=\"1724\" data-end=\"1727\" \/>\u2022 Komfortable Nutzung, geeignet f\u00fcr die Sommermonate<br data-start=\"1765\" data-end=\"1768\" \/>\u2022 Nachhaltiger Modeansatz<br data-start=\"1798\" data-end=\"1801\" \/>\u2022 Ideal, um Ihrem Stil eine elegante Note zu verleihen<\/p>","protected":false},"excerpt":{"rendered":"<p data-start=\"121\" data-end=\"279\">Dieses rosa, handgestrickte Crop-Top mit G\u00e4nsebl\u00fcmchenmuster ist perfekt f\u00fcr alle, die ihrem Sommerlook eine romantische und einzigartige Note verleihen m\u00f6chten. Leicht, atmungsaktiv und superweich! \ud83c\udf38<\/p>","protected":false},"featured_media":28711,"comment_status":"open","ping_status":"closed","template":"","meta":[],"product_brand":[691],"product_cat":[697],"product_tag":[780,1531,1530,1520,912,1523,1524,1519,769,1527,1528,1515,1526,1525,1517,1521,1529,762,1516,1522,1518],"class_list":{"0":"post-27584","1":"product","2":"type-product","3":"status-publish","4":"has-post-thumbnail","6":"product_brand-tuffhandicraft","7":"product_cat-crop-top","8":"product_tag-boho-crop-top","9":"product_tag-cicek-desenli-ust","10":"product_tag-cicekli-crop","11":"product_tag-crochet-flower-top","12":"product_tag-el-orgusu-yazlik-ust","13":"product_tag-el-yapimi-bluz","14":"product_tag-festival-stili-ust","15":"product_tag-handmade-summer-top","16":"product_tag-hediye-fikirleri","17":"product_tag-orgu-crop","18":"product_tag-orgu-crop-top","19":"product_tag-papatya-crop-top","20":"product_tag-papatya-deseni","21":"product_tag-papatya-motifi","22":"product_tag-pembe-orgu-ust","23":"product_tag-romantik-yaz-stili","24":"product_tag-sevgiliye-hediye","25":"product_tag-surdurulebilir-moda","26":"product_tag-tig-isi-crop","27":"product_tag-yaz-icin-el-orgusu","28":"product_tag-yazlik-bohem-bluz","30":"first","31":"instock","32":"taxable","33":"shipping-taxable","34":"purchasable","35":"product-type-variable","36":"has-default-attributes"},"_links":{"self":[{"href":"https:\/\/tuffhandicraft.com\/de\/wp-json\/wp\/v2\/product\/27584","targetHints":{"allow":["GET"]}}],"collection":[{"href":"https:\/\/tuffhandicraft.com\/de\/wp-json\/wp\/v2\/product"}],"about":[{"href":"https:\/\/tuffhandicraft.com\/de\/wp-json\/wp\/v2\/types\/product"}],"replies":[{"embeddable":true,"href":"https:\/\/tuffhandicraft.com\/de\/wp-json\/wp\/v2\/comments?post=27584"}],"version-history":[{"count":0,"href":"https:\/\/tuffhandicraft.com\/de\/wp-json\/wp\/v2\/product\/27584\/revisions"}],"wp:featuredmedia":[{"embeddable":true,"href":"https:\/\/tuffhandicraft.com\/de\/wp-json\/wp\/v2\/media\/28711"}],"wp:attachment":[{"href":"https:\/\/tuffhandicraft.com\/de\/wp-json\/wp\/v2\/media?parent=27584"}],"wp:term":[{"taxonomy":"product_brand","embeddable":true,"href":"https:\/\/tuffhandicraft.com\/de\/wp-json\/wp\/v2\/product_brand?post=27584"},{"taxonomy":"product_cat","embeddable":true,"href":"https:\/\/tuffhandicraft.com\/de\/wp-json\/wp\/v2\/product_cat?post=27584"},{"taxonomy":"product_tag","embeddable":true,"href":"https:\/\/tuffhandicraft.com\/de\/wp-json\/wp\/v2\/product_tag?post=27584"}],"curies":[{"name":"wp","href":"https:\/\/api.w.org\/{rel}","templated":true}]}}