{"id":27590,"date":"2025-05-11T00:23:36","date_gmt":"2025-05-10T21:23:36","guid":{"rendered":"https:\/\/tasarim.yusufkecici.com.tr\/urun\/lgbtq-pride-colorful-and-rainbow-sweater-crochet-rainbow-top-for-pride-month-handmade-crochet-sweater-gift-for-her\/"},"modified":"2025-08-10T19:43:51","modified_gmt":"2025-08-10T16:43:51","slug":"lgbtq-pride-suveter","status":"publish","type":"product","link":"https:\/\/tuffhandicraft.com\/de\/magaza\/suveter\/lgbtq-pride-suveter\/","title":{"rendered":"LGBTQ-Pride-Pullover"},"content":{"rendered":"<h3 data-start=\"308\" data-end=\"383\">\ud83e\uddf6 LGBTQ Pride Pullover \u2013 Handgefertigt, farbenfroh und ein Kleidungsst\u00fcck, das man mit Stolz tragen kann<\/h3>\n<p data-start=\"385\" data-end=\"769\">Der LGBTQ-Pride-Pullover wurde f\u00fcr alle entworfen, die sich frei ausdr\u00fccken m\u00f6chten. Er ist ein handgefertigtes Manifest der Freiheit und verk\u00f6rpert alle Farben des Regenbogens. Seine bunten Streifen sorgen f\u00fcr einen auff\u00e4lligen Look und vermitteln gleichzeitig eine Botschaft der Liebe, Gleichheit und Solidarit\u00e4t. Seine weiche Textur, die \u00fcbergro\u00dfe Konstruktion und die stolz gestrickten Maschen machen ihn zu einem bequemen, politischen, modischen und pers\u00f6nlichen Statement.<\/p>\n<hr data-start=\"771\" data-end=\"774\" \/>\n<h3 data-start=\"776\" data-end=\"797\">Materialinformationen<\/h3>\n<p data-start=\"798\" data-end=\"1107\">Dieser Pride-Pullover ist aus weichen und atmungsaktiven Naturgarnen handgestrickt. <a href=\"https:\/\/tuffhandicraft.com\/de\/produkt\/boyundan-baglamali-renkli-rave-ust\/\">Farbige Abschnitte<\/a> Die Farben des Regenbogens sind sorgf\u00e4ltig aufeinander abgestimmt. Dank der schwei\u00dfableitenden Textur eignet es sich f\u00fcr das Tragen mehrerer Schichten zu jeder Jahreszeit. Der Stoff ist nat\u00fcrlich elastisch und hautfreundlich.<\/p>\n<hr data-start=\"1109\" data-end=\"1112\" \/>\n<h3 data-start=\"1114\" data-end=\"1144\">Einsatzbereich und Komfort<\/h3>\n<ul data-start=\"1145\" data-end=\"1508\">\n<li data-start=\"1145\" data-end=\"1203\">\n<p data-start=\"1147\" data-end=\"1203\">Bei LGBTQ+ Pride-M\u00e4rschen, Veranstaltungen und Festivals<\/p>\n<\/li>\n<li data-start=\"1204\" data-end=\"1251\">\n<p data-start=\"1206\" data-end=\"1251\">Als mutiges Ausdrucksmittel im Alltag<\/p>\n<\/li>\n<li data-start=\"1252\" data-end=\"1310\">\n<p data-start=\"1254\" data-end=\"1310\">Bietet Komfort und Bewegungsfreiheit durch den Oversize-Schnitt<\/p>\n<\/li>\n<li data-start=\"1311\" data-end=\"1380\">\n<p data-start=\"1313\" data-end=\"1380\">Kann allein oder in der \u00dcbergangszeit mit einem T-Shirt getragen werden.<\/p>\n<\/li>\n<li data-start=\"1381\" data-end=\"1438\">\n<p data-start=\"1383\" data-end=\"1438\">Kann sowohl drinnen als auch drau\u00dfen bequem getragen werden<\/p>\n<\/li>\n<li data-start=\"1439\" data-end=\"1508\">\n<p data-start=\"1441\" data-end=\"1508\">Es ist mit seiner warmen Textur f\u00fcr den Winter geeignet und passt mit seiner frischen Struktur auch in den Fr\u00fchling.<\/p>\n<\/li>\n<\/ul>\n<hr data-start=\"1510\" data-end=\"1513\" \/>\n<h3 data-start=\"1515\" data-end=\"1552\">Stilvorschlag \/ Kombinationsvorschlag<\/h3>\n<p data-start=\"1553\" data-end=\"1905\">Kombinieren Sie den Pride-Pullover mit einem wei\u00dfen T-Shirt und Jeans, einem Oversize-Shirt oder lockeren Shorts. Bunte Socken, farbenfrohe Taschen und Accessoires verleihen ihm einen noch auff\u00e4lligeren Touch. Der Unisex-Stil macht ihn zu einer gro\u00dfartigen Wahl f\u00fcr jeden. Kombinieren Sie ihn f\u00fcr Events mit Plateauschuhen oder Stiefeln, um den Look zu perfektionieren.<\/p>\n<hr data-start=\"1907\" data-end=\"1910\" \/>\n<h3 data-start=\"1912\" data-end=\"1956\">Schwerpunkt auf Handarbeit und Nachhaltigkeit<\/h3>\n<p data-start=\"1957\" data-end=\"2306\">Jeder Pride-Pullover ist vollst\u00e4ndig handgestrickt und entspricht den ethischen und nachhaltigen Produktionsprinzipien von Tuffhandicraft. Er wird auf Bestellung gefertigt, wobei Massenproduktion vermieden und kein Abfall entsteht. Dank dieses handgefertigten Designs tr\u00e4gt jedes Produkt seine eigene, einzigartige und besondere Identit\u00e4t. Die verwendeten Garne sind umweltfreundlich, und der Abfall wird w\u00e4hrend des gesamten Produktionsprozesses auf ein Minimum reduziert.<\/p>\n<hr data-start=\"2308\" data-end=\"2311\" \/>\n<h3 data-start=\"2313\" data-end=\"2336\">Pflegehinweise<\/h3>\n<ul data-start=\"2337\" data-end=\"2582\">\n<li data-start=\"2337\" data-end=\"2388\">\n<p data-start=\"2339\" data-end=\"2388\">Handw\u00e4sche mit einem speziellen Waschmittel f\u00fcr farbige Produkte.<\/p>\n<\/li>\n<li data-start=\"2389\" data-end=\"2439\">\n<p data-start=\"2391\" data-end=\"2439\">Es wird empfohlen, es auf links bei niedriger Temperatur zu waschen.<\/p>\n<\/li>\n<li data-start=\"2440\" data-end=\"2503\">\n<p data-start=\"2442\" data-end=\"2503\">Zum Trocknen aufh\u00e4ngen, nicht direkter Sonneneinstrahlung aussetzen<\/p>\n<\/li>\n<li data-start=\"2504\" data-end=\"2520\">\n<p data-start=\"2506\" data-end=\"2520\">Kein B\u00fcgeln<\/p>\n<\/li>\n<li data-start=\"2521\" data-end=\"2582\">\n<p data-start=\"2523\" data-end=\"2582\">Um ein Verblassen der Regenbogenfarben zu verhindern, verwenden Sie kein Bleichmittel.<\/p>\n<\/li>\n<\/ul>\n<hr data-start=\"2584\" data-end=\"2587\" \/>\n<h3 data-start=\"2589\" data-end=\"2617\">Warum sollte es bevorzugt werden?<\/h3>\n<p data-start=\"2618\" data-end=\"3036\">\u2705 <a href=\"https:\/\/onedio.com\/haber\/lgbt-ne-demek-acilimi-nedir-lgbt-lgbti-lgbttiq-ve-lgbtq-ne-anlama-geliyor-1151023\" target=\"_blank\" rel=\"noopener\">LGBTQ+<\/a> ein kraftvolles Statement-St\u00fcck, das die Sichtbarkeit f\u00f6rdert<br data-start=\"2676\" data-end=\"2679\" \/>\u2705 Handgefertigte, nachhaltige und ethische Produktion<br data-start=\"2721\" data-end=\"2724\" \/>\u2705 Einzigartiges Design, das mit Regenbogenfarben die Aufmerksamkeit auf sich zieht<br data-start=\"2774\" data-end=\"2777\" \/>\u2705 \u00dcbergro\u00dfer Komfort und einfache Lagenkombination<br data-start=\"2826\" data-end=\"2829\" \/>\u2705 Hautfreundliche, atmungsaktive Naturgarne<br data-start=\"2868\" data-end=\"2871\" \/>\u2705 Kann problemlos sowohl bei Veranstaltungen als auch im Alltag verwendet werden<br data-start=\"2935\" data-end=\"2938\" \/>\u2705 Geeignet f\u00fcr alle, die ihren Stil stolz zur Schau stellen m\u00f6chten<br data-start=\"2991\" data-end=\"2994\" \/>\u2705 Jedes St\u00fcck ist ein Unikat, handgestrickt<\/p>","protected":false},"excerpt":{"rendered":"<p>Sowohl bequem als auch stolz.<\/p>","protected":false},"featured_media":28676,"comment_status":"open","ping_status":"closed","template":"","meta":[],"product_brand":[691],"product_cat":[702],"product_tag":[1449,1455,1334,1448,1450,1403,1459,1456,1447,1457,1453,1446,1454,1451,1437,1319,740,1452,1458,1323],"class_list":{"0":"post-27590","1":"product","2":"type-product","3":"status-publish","4":"has-post-thumbnail","6":"product_brand-tuffhandicraft","7":"product_cat-suveter","8":"product_tag-elyapimisuveter","9":"product_tag-etikuretim","10":"product_tag-festivalmodasi","11":"product_tag-gokkusagiorgu","12":"product_tag-gurururunu","13":"product_tag-handmadeclothing","14":"product_tag-kapsayicimekan","15":"product_tag-kendinietkileyenmoda","16":"product_tag-lgbtqmodasi","17":"product_tag-orgusuveter","18":"product_tag-ozguntarz","19":"product_tag-pridesuveter","20":"product_tag-pridewear","21":"product_tag-queerfashion","22":"product_tag-renkliust","23":"product_tag-surdurulebilirmoda","24":"product_tag-tuffhandicraft","25":"product_tag-unisextasarim","26":"product_tag-visibilityfashion","27":"product_tag-yavasmoda","29":"first","30":"instock","31":"taxable","32":"shipping-taxable","33":"purchasable","34":"product-type-variable"},"_links":{"self":[{"href":"https:\/\/tuffhandicraft.com\/de\/wp-json\/wp\/v2\/product\/27590","targetHints":{"allow":["GET"]}}],"collection":[{"href":"https:\/\/tuffhandicraft.com\/de\/wp-json\/wp\/v2\/product"}],"about":[{"href":"https:\/\/tuffhandicraft.com\/de\/wp-json\/wp\/v2\/types\/product"}],"replies":[{"embeddable":true,"href":"https:\/\/tuffhandicraft.com\/de\/wp-json\/wp\/v2\/comments?post=27590"}],"version-history":[{"count":0,"href":"https:\/\/tuffhandicraft.com\/de\/wp-json\/wp\/v2\/product\/27590\/revisions"}],"wp:featuredmedia":[{"embeddable":true,"href":"https:\/\/tuffhandicraft.com\/de\/wp-json\/wp\/v2\/media\/28676"}],"wp:attachment":[{"href":"https:\/\/tuffhandicraft.com\/de\/wp-json\/wp\/v2\/media?parent=27590"}],"wp:term":[{"taxonomy":"product_brand","embeddable":true,"href":"https:\/\/tuffhandicraft.com\/de\/wp-json\/wp\/v2\/product_brand?post=27590"},{"taxonomy":"product_cat","embeddable":true,"href":"https:\/\/tuffhandicraft.com\/de\/wp-json\/wp\/v2\/product_cat?post=27590"},{"taxonomy":"product_tag","embeddable":true,"href":"https:\/\/tuffhandicraft.com\/de\/wp-json\/wp\/v2\/product_tag?post=27590"}],"curies":[{"name":"wp","href":"https:\/\/api.w.org\/{rel}","templated":true}]}}