{"id":27592,"date":"2025-05-11T00:23:38","date_gmt":"2025-05-10T21:23:38","guid":{"rendered":"https:\/\/tasarim.yusufkecici.com.tr\/urun\/colorful-crochet-top-knitted-festival-outfit-beach-wear-rave-outfit-hand-knitted-bikini-top-lgbtq-halter-boho-bikini-top-gift-for-her\/"},"modified":"2025-08-10T19:43:44","modified_gmt":"2025-08-10T16:43:44","slug":"boyundan-baglamali-renkli-rave-ust","status":"publish","type":"product","link":"https:\/\/tuffhandicraft.com\/de\/magaza\/crop-top\/boyundan-baglamali-renkli-rave-ust\/","title":{"rendered":"Buntes Rave-Top mit Neckholder"},"content":{"rendered":"<h3 data-start=\"370\" data-end=\"458\">\ud83e\uddf6 Farbenfrohes Neckholder-Rave-Top \u2013 Handgefertigtes, auff\u00e4lliges und energiegeladenes Festivalst\u00fcck<\/h3>\n<p data-start=\"460\" data-end=\"906\">Dieses farbenfrohe Neckholder-Rave-Top wurde speziell f\u00fcr energiegeladene, aufmerksamkeitsstarke Seelen entworfen, die es lieben, auf der B\u00fchne zu stehen. Es verk\u00f6rpert die lebendige \u00c4sthetik der Rave-Kultur. Der figurbetonte Schnitt, die Schleifenform am Hals und die handgefertigten Details bieten Eleganz und Komfort beim Tanzen. Mit seinen lebendigen Farb\u00fcberg\u00e4ngen und dem auff\u00e4lligen Design ist es die ideale Wahl f\u00fcr alle, die auf Musikfestivals, Partys oder B\u00fchnenauftritten ein Statement setzen m\u00f6chten.<\/p>\n<hr data-start=\"908\" data-end=\"911\" \/>\n<h3 data-start=\"913\" data-end=\"934\">Materialinformationen<\/h3>\n<p data-start=\"935\" data-end=\"1236\">Dieses Rave-Top ist aus dehnbarem und atmungsaktivem Baumwollmischgarn gestrickt. Es f\u00fchlt sich sanft auf der Haut an, verhindert Schwitzen und bietet ganzt\u00e4gigen Tragekomfort. Dank des handgefertigten Designs sind Farb\u00fcberg\u00e4nge und Schn\u00fcrdetails sorgf\u00e4ltig kontrolliert. Die Tr\u00e4ger sind verst\u00e4rkt, und die Schn\u00fcrf\u00e4den dehnt sich nicht.<\/p>\n<hr data-start=\"1238\" data-end=\"1241\" \/>\n<h3 data-start=\"1243\" data-end=\"1273\">Einsatzbereich und Komfort<\/h3>\n<ul data-start=\"1274\" data-end=\"1679\">\n<li data-start=\"1274\" data-end=\"1369\">\n<p data-start=\"1276\" data-end=\"1369\">Geeignet f\u00fcr den Einsatz bei Rave-Partys, DJ-Auftritten und Festivals f\u00fcr elektronische Musik<\/p>\n<\/li>\n<li data-start=\"1370\" data-end=\"1434\">\n<p data-start=\"1372\" data-end=\"1434\">Bietet Bewegungsfreiheit beim Tanzen, schmiegt sich an den K\u00f6rper, ohne einzuengen<\/p>\n<\/li>\n<li data-start=\"1435\" data-end=\"1517\">\n<p data-start=\"1437\" data-end=\"1517\">Die Halsbandkonstruktion gew\u00e4hrleistet eine sichere Verwendung, ohne dass das Band abfallen kann.<\/p>\n<\/li>\n<li data-start=\"1518\" data-end=\"1605\">\n<p data-start=\"1520\" data-end=\"1605\">Kann auch als B\u00fchnenkost\u00fcm, f\u00fcr kreative Shootings oder als Performance-Kleidung verwendet werden<\/p>\n<\/li>\n<li data-start=\"1606\" data-end=\"1679\">\n<p data-start=\"1608\" data-end=\"1679\">Dank seiner leichten und schwei\u00dffesten Struktur bleibt es auch in \u00fcberf\u00fcllten Umgebungen bequem.<\/p>\n<\/li>\n<\/ul>\n<hr data-start=\"1681\" data-end=\"1684\" \/>\n<h3 data-start=\"1686\" data-end=\"1723\">Stilvorschlag \/ Kombinationsvorschlag<\/h3>\n<p data-start=\"1724\" data-end=\"2156\">Kombinieren Sie dieses farbenfrohe Rave-Top mit hoch taillierten Jeansshorts, Cargohosen oder Netzstrumpfhosen <a href=\"https:\/\/tr.pinterest.com\/akkapal\/rave\/\" target=\"_blank\" rel=\"noopener\">durch die Kombination<\/a> Einen auff\u00e4lligen Look erzielen Sie durch die Wahl von Plateauschuhen oder bunten Sneakern. <a href=\"https:\/\/tuffhandicraft.com\/de\/produkt-kategorie\/rave\/\">Rave<\/a> Vervollst\u00e4ndige deinen Style. Vervollst\u00e4ndige deinen Look mit einer \u00fcbergro\u00dfen Brille, Glitzer-Make-up und farbenfrohen Haar-Accessoires. F\u00fcr k\u00e4ltere Tage kombiniere sie mit einem Strickbolero oder einer Oversize-Jacke mit Metalldetails.<\/p>\n<hr data-start=\"2158\" data-end=\"2161\" \/>\n<h3 data-start=\"2163\" data-end=\"2207\">Schwerpunkt auf Handarbeit und Nachhaltigkeit<\/h3>\n<p data-start=\"2208\" data-end=\"2593\">Jedes Rave-Top wird mit dem umweltfreundlichen Ansatz von Tuffhandicraft handgestrickt und auf Bestellung gefertigt. Massenproduktion wird vermieden, wodurch Abfall vermieden und jedes Produkt individuell gestaltet wird. Die verwendeten Garne werden mit geringem Wasserverbrauch hergestellt und mit umweltfreundlichen Farbstoffen gef\u00e4rbt. Es ist eine gro\u00dfartige Alternative zur schnellen Wegwerfmentalit\u00e4t der Modeindustrie.<\/p>\n<hr data-start=\"2595\" data-end=\"2598\" \/>\n<h3 data-start=\"2600\" data-end=\"2623\">Pflegehinweise<\/h3>\n<ul data-start=\"2624\" data-end=\"2836\">\n<li data-start=\"2624\" data-end=\"2653\">\n<p data-start=\"2626\" data-end=\"2653\">Handw\u00e4sche in warmem Wasser.<\/p>\n<\/li>\n<li data-start=\"2654\" data-end=\"2690\">\n<p data-start=\"2656\" data-end=\"2690\">Sanft reinigen, ohne zu reiben.<\/p>\n<\/li>\n<li data-start=\"2691\" data-end=\"2732\">\n<p data-start=\"2693\" data-end=\"2732\">Auf einer ebenen Fl\u00e4che an einem schattigen Ort trocknen.<\/p>\n<\/li>\n<li data-start=\"2733\" data-end=\"2767\">\n<p data-start=\"2735\" data-end=\"2767\">L\u00f6sen Sie die Schn\u00fcrsenkel und trocknen Sie sie.<\/p>\n<\/li>\n<li data-start=\"2768\" data-end=\"2784\">\n<p data-start=\"2770\" data-end=\"2784\">Kein B\u00fcgeln<\/p>\n<\/li>\n<li data-start=\"2785\" data-end=\"2836\">\n<p data-start=\"2787\" data-end=\"2836\">Um den Glanz zu erhalten, verwenden Sie kein Bleichmittel.<\/p>\n<\/li>\n<\/ul>\n<hr data-start=\"2838\" data-end=\"2841\" \/>\n<h3 data-start=\"2843\" data-end=\"2871\">Warum sollte es bevorzugt werden?<\/h3>\n<p data-start=\"2872\" data-end=\"3256\">\u2705 Auff\u00e4lliges und farbenfrohes Design, passend zur Rave-Kultur<br data-start=\"2918\" data-end=\"2921\" \/>\u2705 Sichere Verwendung mit Krawattenform<br data-start=\"2967\" data-end=\"2970\" \/>\u2705 Flexible und atmungsaktive handgefertigte Struktur<br data-start=\"3010\" data-end=\"3013\" \/>\u2705 Der Stil, der auf der B\u00fchne und in Partyumgebungen auff\u00e4llt<br data-start=\"3057\" data-end=\"3060\" \/>\u2705 Handgefertigte, nachhaltige Produktion<br data-start=\"3108\" data-end=\"3111\" \/>\u2705 Komfort ohne Schwitzen in \u00fcberf\u00fcllten und hei\u00dfen Umgebungen<br data-start=\"3161\" data-end=\"3164\" \/>\u2705 Eine originelle Alternative f\u00fcr alle, die ihren Stil widerspiegeln m\u00f6chten<br data-start=\"3220\" data-end=\"3223\" \/>\u2705 Jedes ist einzigartig und ein Blickfang<\/p>","protected":false},"excerpt":{"rendered":"<p>Ein besonderes Top mit handgefertigtem Neckholder und farbenfrohen Details, perfekt f\u00fcr die Rave-Kultur.<\/p>","protected":false},"featured_media":28668,"comment_status":"open","ping_status":"closed","template":"","meta":[],"product_brand":[691],"product_cat":[697,714],"product_tag":[1443,1434,1416,1439,1435,1334,1445,1444,1403,1440,1404,1436,1441,1442,1433,1437,1438,1319,740,1323],"class_list":{"0":"post-27592","1":"product","2":"type-product","3":"status-publish","4":"has-post-thumbnail","6":"product_brand-tuffhandicraft","7":"product_cat-crop-top","8":"product_cat-rave","9":"product_tag-bohemrave","10":"product_tag-boyundanbaglamali","11":"product_tag-custommade","12":"product_tag-elektronikmuzikstili","13":"product_tag-elyapimiust","14":"product_tag-festivalmodasi","15":"product_tag-geceustu","16":"product_tag-glowstyle","17":"product_tag-handmadeclothing","18":"product_tag-orgutop","19":"product_tag-ozguntasarim","20":"product_tag-partigiyim","21":"product_tag-performansustu","22":"product_tag-ravegiyim","23":"product_tag-raveust","24":"product_tag-renkliust","25":"product_tag-sahnetarzi","26":"product_tag-surdurulebilirmoda","27":"product_tag-tuffhandicraft","28":"product_tag-yavasmoda","30":"first","31":"instock","32":"taxable","33":"shipping-taxable","34":"purchasable","35":"product-type-variable"},"_links":{"self":[{"href":"https:\/\/tuffhandicraft.com\/de\/wp-json\/wp\/v2\/product\/27592","targetHints":{"allow":["GET"]}}],"collection":[{"href":"https:\/\/tuffhandicraft.com\/de\/wp-json\/wp\/v2\/product"}],"about":[{"href":"https:\/\/tuffhandicraft.com\/de\/wp-json\/wp\/v2\/types\/product"}],"replies":[{"embeddable":true,"href":"https:\/\/tuffhandicraft.com\/de\/wp-json\/wp\/v2\/comments?post=27592"}],"version-history":[{"count":0,"href":"https:\/\/tuffhandicraft.com\/de\/wp-json\/wp\/v2\/product\/27592\/revisions"}],"wp:featuredmedia":[{"embeddable":true,"href":"https:\/\/tuffhandicraft.com\/de\/wp-json\/wp\/v2\/media\/28668"}],"wp:attachment":[{"href":"https:\/\/tuffhandicraft.com\/de\/wp-json\/wp\/v2\/media?parent=27592"}],"wp:term":[{"taxonomy":"product_brand","embeddable":true,"href":"https:\/\/tuffhandicraft.com\/de\/wp-json\/wp\/v2\/product_brand?post=27592"},{"taxonomy":"product_cat","embeddable":true,"href":"https:\/\/tuffhandicraft.com\/de\/wp-json\/wp\/v2\/product_cat?post=27592"},{"taxonomy":"product_tag","embeddable":true,"href":"https:\/\/tuffhandicraft.com\/de\/wp-json\/wp\/v2\/product_tag?post=27592"}],"curies":[{"name":"wp","href":"https:\/\/api.w.org\/{rel}","templated":true}]}}