{"id":27614,"date":"2025-05-11T00:24:01","date_gmt":"2025-05-10T21:24:01","guid":{"rendered":"https:\/\/tasarim.yusufkecici.com.tr\/urun\/big-summer-woven-bag-raffia-bag-with-colorful-wooden-details-easy-handled-knitted-bag-daily-tote-bag-blue-straw-bag-gift-for-her\/"},"modified":"2025-08-21T17:39:02","modified_gmt":"2025-08-21T14:39:02","slug":"mega-boy-plaj-cantasi","status":"publish","type":"product","link":"https:\/\/tuffhandicraft.com\/de\/magaza\/canta\/omuz-cantasi\/mega-boy-plaj-cantasi\/","title":{"rendered":"Mega-Size-Strandtasche \u2013 Gro\u00dfes Volumen, handgefertigt und sommerlicher Stil"},"content":{"rendered":"<h3 data-start=\"283\" data-end=\"353\">\ud83d\udc5cMega Size Strandtasche \u2013 Gro\u00dfes Volumen, handgefertigt und Sommerstil<\/h3>\n<p data-start=\"355\" data-end=\"678\">Diese riesige Strandtasche ist ideal f\u00fcr alle, die stilvolle und zugleich funktionale Sommerutensilien suchen. Ihre handgefertigte Textur und die beeindruckende Gr\u00f6\u00dfe begleiten Sie den ganzen Tag, egal ob am Strand, beim Picknick oder in der Stadt. Dank des gro\u00dfz\u00fcgigen Fassungsverm\u00f6gens k\u00f6nnen Sie sowohl Ihre Alltags- als auch Ihre Sommerutensilien bequem transportieren.<\/p>\n<hr data-start=\"680\" data-end=\"683\" \/>\n<h3 data-start=\"685\" data-end=\"707\">\ud83e\uddf5 Wesentliche Informationen<img loading=\"lazy\" decoding=\"async\" class=\"wd-lazy-fade size-full wp-image-28000 alignright\" src=\"https:\/\/tuffhandicraft.com\/wp-content\/themes\/woodmart\/images\/lazy.svg\" data-src=\"https:\/\/tuffhandicraft.com\/wp-content\/uploads\/2021\/08\/footer-logo-1.png\" alt=\"Mega-Size-Strandtasche \u2013 Gro\u00dfes Volumen, handgefertigt und sommerlicher Stil\" width=\"220\" height=\"40\" title=\"\" srcset=\"\" data-srcset=\"https:\/\/tuffhandicraft.com\/wp-content\/uploads\/2021\/08\/footer-logo-1.png 220w, https:\/\/tuffhandicraft.com\/wp-content\/uploads\/2021\/08\/footer-logo-1-150x27.png 150w\" sizes=\"auto, (max-width: 220px) 100vw, 220px\" \/><\/h3>\n<p data-start=\"709\" data-end=\"882\">%100 do\u011fal ka\u011f\u0131t iplik ile \u00f6zenle elde \u00f6r\u00fclm\u00fc\u015ft\u00fcr. Nefes alabilir ve hafif yap\u0131s\u0131yla konfor sunarken, dayan\u0131kl\u0131l\u0131\u011f\u0131yla uzun \u00f6m\u00fcrl\u00fc kullan\u0131m sa\u011flar. Sentetik malzeme i\u00e7ermez.<\/p>\n<hr data-start=\"884\" data-end=\"887\" \/>\n<h3 data-start=\"889\" data-end=\"920\">\ud83c\udf3f Einsatzbereich und Komfort<\/h3>\n<ul data-start=\"922\" data-end=\"1167\">\n<li data-start=\"922\" data-end=\"1000\">\n<p data-start=\"924\" data-end=\"1000\"><a href=\"https:\/\/tuffhandicraft.com\/de\/produkt\/kagit-ip-buzgulu-omuz-cantasi\/\">Von Strandtagen<\/a> Die Einsatzgebiete sind vielf\u00e4ltig, vom St\u00e4dtetrip bis zum Citytrip.<\/p>\n<\/li>\n<li data-start=\"1001\" data-end=\"1103\">\n<p data-start=\"1003\" data-end=\"1103\">Dank des gro\u00dfen Volumens k\u00f6nnen Sie problemlos Strandt\u00fccher, Sonnencreme, B\u00fccher und mehr transportieren.<\/p>\n<\/li>\n<li data-start=\"1104\" data-end=\"1167\">\n<p data-start=\"1106\" data-end=\"1167\">Dank seines geringen Gewichts l\u00e4sst es sich bequem in der Hand oder auf der Schulter tragen.<\/p>\n<\/li>\n<\/ul>\n<hr data-start=\"1169\" data-end=\"1172\" \/>\n<h3 data-start=\"1174\" data-end=\"1208\">\ud83c\udfa8 Stilvorschlag \/ Kombinationsidee<\/h3>\n<p data-start=\"1210\" data-end=\"1377\">Es passt perfekt zu farbenfrohen Pareos, Leinenkleidern, Strickm\u00fctzen und Sandalen. Seine nat\u00fcrlichen T\u00f6ne und die Strickstruktur machen es zur perfekten Erg\u00e4nzung f\u00fcr Boh\u00e8me- und Sommeroutfits.<\/p>\n<p data-start=\"877\" data-end=\"1029\">Weitere Modelle, die m\u00f6glicherweise zu Ihrem Stil und mehr passen, finden Sie bei Tuff\u00a0<a href=\"https:\/\/www.pinterest.com\/TuffHandicraft01\/\" target=\"_blank\" rel=\"noopener\">Pinterest<\/a>\u00a0Besuchen Sie die Welt von.<\/p>\n<hr data-start=\"1379\" data-end=\"1382\" \/>\n<h3 data-start=\"1384\" data-end=\"1421\">\u267b\ufe0f Handgefertigt und nachhaltig<\/h3>\n<p data-start=\"1423\" data-end=\"1606\">Jede Tasche wird nach dem Slow-Fashion-Prinzip handgefertigt. Sie ist das Ergebnis eines ethischen und umweltfreundlichen Produktionsprozesses, fernab von Massenproduktion. Durch die Handarbeit ist jede Tasche ein Unikat.<\/p>\n<hr data-start=\"1608\" data-end=\"1611\" \/>\n<h3 data-start=\"1613\" data-end=\"1637\">\ud83e\uddfc Pflegehinweise<\/h3>\n<ul data-start=\"1639\" data-end=\"1764\">\n<li data-start=\"1639\" data-end=\"1685\">\n<p data-start=\"1641\" data-end=\"1685\">Reinigen Sie die Oberfl\u00e4che vorsichtig mit einem feuchten Tuch.<\/p>\n<\/li>\n<li data-start=\"1686\" data-end=\"1709\">\n<p data-start=\"1688\" data-end=\"1709\">Nicht in der Maschine waschen.<\/p>\n<\/li>\n<li data-start=\"1710\" data-end=\"1764\">\n<p data-start=\"1712\" data-end=\"1764\">Zum Trocknen aufh\u00e4ngen und nicht direkter Sonneneinstrahlung aussetzen.<\/p>\n<\/li>\n<\/ul>\n<hr data-start=\"1766\" data-end=\"1769\" \/>\n<h3 data-start=\"1771\" data-end=\"1802\">\u2728 Warum sollten Sie w\u00e4hlen?<\/h3>\n<ul data-start=\"1639\" data-end=\"1764\">\n<li data-start=\"1639\" data-end=\"1685\">\n<p data-start=\"1641\" data-end=\"1685\">Gestrickt mit nat\u00fcrlichem Papierseil<\/p>\n<\/li>\n<li data-start=\"1639\" data-end=\"1685\">\n<p data-start=\"1641\" data-end=\"1685\">Handgefertigt und nachhaltig<\/p>\n<\/li>\n<li data-start=\"1710\" data-end=\"1764\">\n<p data-start=\"1712\" data-end=\"1764\">Extrem n\u00fctzlich mit seiner Megagr\u00f6\u00dfe<\/p>\n<\/li>\n<\/ul>","protected":false},"excerpt":{"rendered":"<p data-start=\"188\" data-end=\"372\">Transportieren Sie all Ihre Sommerutensilien stilvoll mit dieser ger\u00e4umigen und praktischen Strandtasche aus handgeflochtenem Naturpapierseil. Ein leichter, langlebiger und nachhaltiger Sommerklassiker.<\/p>","protected":false},"featured_media":28547,"comment_status":"open","ping_status":"closed","template":"","meta":[],"product_brand":[691],"product_cat":[686,724],"product_tag":[840,1293,1290,1040,1287,1288,1284,1286,769,810,1285,1291,1068,983,762,1289,1292,816],"class_list":{"0":"post-27614","1":"product","2":"type-product","3":"status-publish","4":"has-post-thumbnail","6":"product_brand-tuffhandicraft","7":"product_cat-canta","8":"product_cat-omuz-cantasi","9":"product_tag-bohem-canta","10":"product_tag-buyuk-boy-plaj-cantasi","11":"product_tag-buyuk-plaj-cantasi","12":"product_tag-cevre-dostu-canta","13":"product_tag-dogal-ip-canta","14":"product_tag-el-isi-canta","15":"product_tag-el-yapimi-plaj-cantasi","16":"product_tag-genis-plaj-cantasi","17":"product_tag-hediye-fikirleri","18":"product_tag-kagit-ip-canta","19":"product_tag-mega-boy-canta","20":"product_tag-orgu-plaj-cantasi","21":"product_tag-plaj-stili","22":"product_tag-rafya-canta","23":"product_tag-surdurulebilir-moda","24":"product_tag-yaz-stili","25":"product_tag-yazlik-aksesuar","26":"product_tag-yazlik-canta","28":"first","29":"instock","30":"sale","31":"taxable","32":"shipping-taxable","33":"purchasable","34":"product-type-simple"},"_links":{"self":[{"href":"https:\/\/tuffhandicraft.com\/de\/wp-json\/wp\/v2\/product\/27614","targetHints":{"allow":["GET"]}}],"collection":[{"href":"https:\/\/tuffhandicraft.com\/de\/wp-json\/wp\/v2\/product"}],"about":[{"href":"https:\/\/tuffhandicraft.com\/de\/wp-json\/wp\/v2\/types\/product"}],"replies":[{"embeddable":true,"href":"https:\/\/tuffhandicraft.com\/de\/wp-json\/wp\/v2\/comments?post=27614"}],"version-history":[{"count":1,"href":"https:\/\/tuffhandicraft.com\/de\/wp-json\/wp\/v2\/product\/27614\/revisions"}],"predecessor-version":[{"id":30280,"href":"https:\/\/tuffhandicraft.com\/de\/wp-json\/wp\/v2\/product\/27614\/revisions\/30280"}],"wp:featuredmedia":[{"embeddable":true,"href":"https:\/\/tuffhandicraft.com\/de\/wp-json\/wp\/v2\/media\/28547"}],"wp:attachment":[{"href":"https:\/\/tuffhandicraft.com\/de\/wp-json\/wp\/v2\/media?parent=27614"}],"wp:term":[{"taxonomy":"product_brand","embeddable":true,"href":"https:\/\/tuffhandicraft.com\/de\/wp-json\/wp\/v2\/product_brand?post=27614"},{"taxonomy":"product_cat","embeddable":true,"href":"https:\/\/tuffhandicraft.com\/de\/wp-json\/wp\/v2\/product_cat?post=27614"},{"taxonomy":"product_tag","embeddable":true,"href":"https:\/\/tuffhandicraft.com\/de\/wp-json\/wp\/v2\/product_tag?post=27614"}],"curies":[{"name":"wp","href":"https:\/\/api.w.org\/{rel}","templated":true}]}}