{"id":27621,"date":"2025-05-11T00:24:07","date_gmt":"2025-05-10T21:24:07","guid":{"rendered":"https:\/\/tasarim.yusufkecici.com.tr\/urun\/handmade-soft-pink-mesh-cardigan-vintage-style-buttoned-crochet-sweater-lightweight-cozy-cardigan-with-chunky-buttons-gift-for-her\/"},"modified":"2025-08-10T16:02:13","modified_gmt":"2025-08-10T13:02:13","slug":"vintage-file-hirka","status":"publish","type":"product","link":"https:\/\/tuffhandicraft.com\/de\/magaza\/hirka\/vintage-file-hirka\/","title":{"rendered":"Vintage Soft Pink Mesh Cardigan \u2013 Gekn\u00f6pftes, atmungsaktives Design"},"content":{"rendered":"<h3 data-start=\"127\" data-end=\"193\">\ud83e\uddf6 Vintage-Cardigan aus weichem rosa Netzstoff \u2013 gekn\u00f6pftes, atmungsaktives Design<\/h3>\n<p data-start=\"195\" data-end=\"484\">Diese handgefertigte, zartrosa Netz-Strickjacke besticht durch ihr elegantes Vintage-Design. Dank ihrer leichten Konstruktion, dem feinen Maschenmuster und dem Knopfverschluss eignet sie sich perfekt f\u00fcr den Alltag und besondere Anl\u00e4sse. Ihre atmungsaktive Textur sorgt f\u00fcr K\u00fchle und Eleganz, besonders im Fr\u00fchling.<\/p>\n<p data-start=\"486\" data-end=\"739\">Die romantische, zartrosa Farbe und der flie\u00dfende Schnitt machen diese Strickjacke zu einem Blickfang sowohl f\u00fcr schlichte als auch f\u00fcr unkonventionelle Stile. Sie ist die perfekte Erg\u00e4nzung f\u00fcr Ihre Garderobe, insbesondere f\u00fcr alle, die einen minimalistischen, nostalgischen und mehrlagigen Stil bevorzugen.<\/p>\n<hr data-start=\"741\" data-end=\"744\" \/>\n<h3 data-start=\"746\" data-end=\"768\">\ud83e\uddf5 Wesentliche Informationen<img loading=\"lazy\" decoding=\"async\" class=\"wd-lazy-fade size-full wp-image-28000 alignright\" src=\"https:\/\/tuffhandicraft.com\/wp-content\/themes\/woodmart\/images\/lazy.svg\" data-src=\"https:\/\/tuffhandicraft.com\/wp-content\/uploads\/2021\/08\/footer-logo-1.png\" alt=\"Vintage Soft Pink Mesh Cardigan \u2013 Gekn\u00f6pftes, atmungsaktives Design\" width=\"220\" height=\"40\" title=\"\" srcset=\"\" data-srcset=\"https:\/\/tuffhandicraft.com\/wp-content\/uploads\/2021\/08\/footer-logo-1.png 220w, https:\/\/tuffhandicraft.com\/wp-content\/uploads\/2021\/08\/footer-logo-1-150x27.png 150w\" sizes=\"auto, (max-width: 220px) 100vw, 220px\" \/><\/h3>\n<ul data-start=\"770\" data-end=\"929\">\n<li data-start=\"770\" data-end=\"796\">\n<p data-start=\"772\" data-end=\"796\">Handgemachtes H\u00e4kelstricken<\/p>\n<\/li>\n<li data-start=\"797\" data-end=\"827\">\n<p data-start=\"799\" data-end=\"827\">Leichte, atmungsaktive Struktur<\/p>\n<\/li>\n<li data-start=\"828\" data-end=\"875\">\n<p data-start=\"830\" data-end=\"875\"><a href=\"https:\/\/tuffhandicraft.com\/de\/produkt\/pelus-el-orgusu-hirka\/\">Baumwollseil<\/a> gestrickt mit<\/p>\n<\/li>\n<li data-start=\"876\" data-end=\"904\">\n<p data-start=\"878\" data-end=\"904\">Gekn\u00f6pfter Frontverschluss<\/p>\n<\/li>\n<li data-start=\"905\" data-end=\"929\">\n<p data-start=\"907\" data-end=\"929\">Flexible und weiche Oberfl\u00e4che<\/p>\n<\/li>\n<\/ul>\n<hr data-start=\"931\" data-end=\"934\" \/>\n<h3 data-start=\"936\" data-end=\"968\">\ud83c\udf24\ufe0f Einsatzbereich und Komfort<\/h3>\n<ul data-start=\"970\" data-end=\"1212\">\n<li data-start=\"970\" data-end=\"1011\">\n<p data-start=\"972\" data-end=\"1011\">Geeignet f\u00fcr Fr\u00fchling und Sommer<\/p>\n<\/li>\n<li data-start=\"1012\" data-end=\"1074\">\n<p data-start=\"1014\" data-end=\"1074\">Leicht genug zum Tragen an k\u00fchlen Sommerabenden<\/p>\n<\/li>\n<li data-start=\"1075\" data-end=\"1137\">\n<p data-start=\"1077\" data-end=\"1137\">Durch den Unisex-Schnitt und die schlichte Form ist es f\u00fcr verschiedene Gr\u00f6\u00dfen geeignet.<\/p>\n<\/li>\n<li data-start=\"1138\" data-end=\"1212\">\n<p data-start=\"1140\" data-end=\"1212\">Eine bequeme Option f\u00fcr Strandoberteile, Festival-Outfits oder den Alltag.<\/p>\n<\/li>\n<\/ul>\n<hr data-start=\"1214\" data-end=\"1217\" \/>\n<h3 data-start=\"1219\" data-end=\"1256\">\ud83c\udf31 Handgefertigt und nachhaltig<\/h3>\n<p data-start=\"1258\" data-end=\"1498\">Diese Strickjacke wird langsam und entgegen dem Fast-Fashion-Trend von Hand gefertigt.<br data-start=\"1325\" data-end=\"1328\" \/>Dank seines zeitlosen Designs kann es Ihren Stil viele Jahre lang erg\u00e4nzen.<br data-start=\"1393\" data-end=\"1396\" \/>Jedes Produkt ist ein Unikat, da es handgestrickt und mit einem umweltfreundlichen Produktionsansatz hergestellt wird.<br \/>\nWeitere Modelle, die m\u00f6glicherweise zu Ihrem Stil und mehr passen, finden Sie bei Tuff\u00a0<a href=\"https:\/\/www.pinterest.com\/TuffHandicraft01\/\" target=\"_blank\" rel=\"noopener\">Pinterest<\/a>\u00a0Besuchen Sie die Welt von.<\/p>\n<hr data-start=\"1500\" data-end=\"1503\" \/>\n<h3 data-start=\"1505\" data-end=\"1529\">\ud83e\uddfc Pflegehinweise<\/h3>\n<ul data-start=\"1531\" data-end=\"1631\">\n<li data-start=\"1531\" data-end=\"1560\">\n<p data-start=\"1533\" data-end=\"1560\">Handw\u00e4sche in kaltem Wasser<\/p>\n<\/li>\n<li data-start=\"1561\" data-end=\"1582\">\n<p data-start=\"1563\" data-end=\"1582\">Zum Trocknen ausbreiten.<\/p>\n<\/li>\n<li data-start=\"1583\" data-end=\"1609\">\n<p data-start=\"1585\" data-end=\"1609\">Verwenden Sie kein Bleichmittel<\/p>\n<\/li>\n<li data-start=\"1610\" data-end=\"1631\">\n<p data-start=\"1612\" data-end=\"1631\">Kein B\u00fcgeln erforderlich<\/p>\n<\/li>\n<\/ul>\n<hr data-start=\"1633\" data-end=\"1636\" \/>\n<h3 data-start=\"1638\" data-end=\"1669\">\u2728 Warum sollten Sie w\u00e4hlen?<\/h3>\n<ul data-start=\"1671\" data-end=\"1913\">\n<li data-start=\"1671\" data-end=\"1697\">\n<p data-start=\"1673\" data-end=\"1697\">Handgefertigt und einzigartig<\/p>\n<\/li>\n<li data-start=\"1698\" data-end=\"1730\">\n<p data-start=\"1700\" data-end=\"1730\">Leichte und atmungsaktive Struktur<\/p>\n<\/li>\n<li data-start=\"1731\" data-end=\"1768\">\n<p data-start=\"1733\" data-end=\"1768\">Romantischer Stil mit zartem Rosa<\/p>\n<\/li>\n<li data-start=\"1769\" data-end=\"1818\">\n<p data-start=\"1771\" data-end=\"1818\">Vereint Vintage- und moderne Linien<\/p>\n<\/li>\n<li data-start=\"1819\" data-end=\"1860\">\n<p data-start=\"1821\" data-end=\"1860\">N\u00fctzlich mit seiner gekn\u00f6pften und flexiblen Struktur<\/p>\n<\/li>\n<li data-start=\"1861\" data-end=\"1913\">\n<p data-start=\"1863\" data-end=\"1913\">Vorbereitet mit dem Verst\u00e4ndnis nachhaltiger Produktion<\/p>\n<\/li>\n<\/ul>","protected":false},"excerpt":{"rendered":"<p data-start=\"56\" data-end=\"208\">Eine handgefertigte, retro-inspirierte Netz-Strickjacke in zartem Rosa. Leicht und atmungsaktiv, perfekt f\u00fcr Fr\u00fchling und Sommer, mit Knopfdetails f\u00fcr den perfekten Look.<\/p>","protected":false},"featured_media":28371,"comment_status":"open","ping_status":"closed","template":"","meta":[],"product_brand":[691],"product_cat":[688],"product_tag":[1256,1258,924,748,1251,1255,769,1235,1254,1252,1259,762,1253,750,758,1257],"class_list":{"0":"post-27621","1":"product","2":"type-product","3":"status-publish","4":"has-post-thumbnail","6":"product_brand-tuffhandicraft","7":"product_cat-hirka","8":"product_tag-bahar-kiyafeti","9":"product_tag-dugmeli-hirka","10":"product_tag-el-orgusu-hirka","11":"product_tag-el-yapimi-hirka","12":"product_tag-file-hirka","13":"product_tag-hafif-hirka","14":"product_tag-hediye-fikirleri","15":"product_tag-katmanli-giyim","16":"product_tag-nefes-alan-ust","17":"product_tag-pembe-hirka","18":"product_tag-rahat-giyim","19":"product_tag-surdurulebilir-moda","20":"product_tag-tig-isi-hirka","21":"product_tag-unisex-hirka","22":"product_tag-vintage-hirka","23":"product_tag-yazlik-hirka","25":"first","26":"instock","27":"taxable","28":"shipping-taxable","29":"purchasable","30":"product-type-variable"},"_links":{"self":[{"href":"https:\/\/tuffhandicraft.com\/de\/wp-json\/wp\/v2\/product\/27621","targetHints":{"allow":["GET"]}}],"collection":[{"href":"https:\/\/tuffhandicraft.com\/de\/wp-json\/wp\/v2\/product"}],"about":[{"href":"https:\/\/tuffhandicraft.com\/de\/wp-json\/wp\/v2\/types\/product"}],"replies":[{"embeddable":true,"href":"https:\/\/tuffhandicraft.com\/de\/wp-json\/wp\/v2\/comments?post=27621"}],"version-history":[{"count":0,"href":"https:\/\/tuffhandicraft.com\/de\/wp-json\/wp\/v2\/product\/27621\/revisions"}],"wp:featuredmedia":[{"embeddable":true,"href":"https:\/\/tuffhandicraft.com\/de\/wp-json\/wp\/v2\/media\/28371"}],"wp:attachment":[{"href":"https:\/\/tuffhandicraft.com\/de\/wp-json\/wp\/v2\/media?parent=27621"}],"wp:term":[{"taxonomy":"product_brand","embeddable":true,"href":"https:\/\/tuffhandicraft.com\/de\/wp-json\/wp\/v2\/product_brand?post=27621"},{"taxonomy":"product_cat","embeddable":true,"href":"https:\/\/tuffhandicraft.com\/de\/wp-json\/wp\/v2\/product_cat?post=27621"},{"taxonomy":"product_tag","embeddable":true,"href":"https:\/\/tuffhandicraft.com\/de\/wp-json\/wp\/v2\/product_tag?post=27621"}],"curies":[{"name":"wp","href":"https:\/\/api.w.org\/{rel}","templated":true}]}}