{"id":27625,"date":"2025-05-11T00:24:11","date_gmt":"2025-05-10T21:24:11","guid":{"rendered":"https:\/\/tasarim.yusufkecici.com.tr\/urun\/crochet-v-neck-sweater-vest-knitted-crochet-top-sleeveless-women-sweater-handmade-granny-top-boho-crochet-sweater-cute-patchwork-vest\/"},"modified":"2025-08-10T16:03:07","modified_gmt":"2025-08-10T13:03:07","slug":"v-yaka-suveter","status":"publish","type":"product","link":"https:\/\/tuffhandicraft.com\/de\/magaza\/suveter\/v-yaka-suveter\/","title":{"rendered":"V-Ausschnitt Pullover \u2013 Handgefertigt, Oma Motiv"},"content":{"rendered":"<h3 data-start=\"141\" data-end=\"190\">\ud83e\uddf6 V-Ausschnitt Pullover \u2013 Handgefertigt, Oma Motiv<\/h3>\n<p data-start=\"192\" data-end=\"498\">Mit seinen Oma-Motiven und seinem Schnitt bietet dieses <strong data-start=\"235\" data-end=\"271\">handgefertigter Pullover mit V-Ausschnitt<\/strong>, verbindet nostalgische Stricktechniken mit modernem Stil. Seine farbenfrohen, quadratischen Motive zeugen von sorgf\u00e4ltiger Handwerkskunst. Mit seiner weichen Textur und leichten Struktur ist es ideal f\u00fcr alle, die Eleganz und Komfort zugleich suchen.<\/p>\n<p data-start=\"500\" data-end=\"703\">Dieses zeitlose St\u00fcck wird Ihre Garderobe aufwerten. Tragen Sie es das ganze Jahr \u00fcber, entweder allein oder \u00fcber einem Hemd oder T-Shirt. Das Unisex-Design passt zu vielen K\u00f6rpertypen und Stilen.<\/p>\n<hr data-start=\"705\" data-end=\"708\" \/>\n<h3 data-start=\"710\" data-end=\"734\">\ud83e\uddf5 Wesentliche Informationen<img loading=\"lazy\" decoding=\"async\" class=\"wd-lazy-fade size-full wp-image-28000 alignright\" src=\"https:\/\/tuffhandicraft.com\/wp-content\/themes\/woodmart\/images\/lazy.svg\" data-src=\"https:\/\/tuffhandicraft.com\/wp-content\/uploads\/2021\/08\/footer-logo-1.png\" alt=\"V-Ausschnitt Pullover \u2013 Handgefertigt, Oma Motiv\" width=\"220\" height=\"40\" title=\"\" srcset=\"\" data-srcset=\"https:\/\/tuffhandicraft.com\/wp-content\/uploads\/2021\/08\/footer-logo-1.png 220w, https:\/\/tuffhandicraft.com\/wp-content\/uploads\/2021\/08\/footer-logo-1-150x27.png 150w\" sizes=\"auto, (max-width: 220px) 100vw, 220px\" \/><\/h3>\n<ul data-start=\"735\" data-end=\"869\">\n<li data-start=\"735\" data-end=\"772\">\n<p data-start=\"737\" data-end=\"772\">%100 pamuk i\u00e7erikli yumu\u015fak iplik<\/p>\n<\/li>\n<li data-start=\"773\" data-end=\"804\">\n<p data-start=\"775\" data-end=\"804\">Handgemachte H\u00e4keltechniken<\/p>\n<\/li>\n<li data-start=\"805\" data-end=\"836\">\n<p data-start=\"807\" data-end=\"836\"><a href=\"https:\/\/tuffhandicraft.com\/de\/produkt\/granny-motif-el-orgusu-hirka\/\">Bunte Granny Square Motive<\/a><\/p>\n<\/li>\n<li data-start=\"837\" data-end=\"869\">\n<p data-start=\"839\" data-end=\"869\">Atmungsaktive und leichte Struktur<\/p>\n<\/li>\n<\/ul>\n<hr data-start=\"871\" data-end=\"874\" \/>\n<h3 data-start=\"876\" data-end=\"915\">\ud83d\udc5a Einsatzbereich und Stilvorschlag<\/h3>\n<ul data-start=\"916\" data-end=\"1138\">\n<li data-start=\"916\" data-end=\"987\">\n<p data-start=\"918\" data-end=\"987\">Sie k\u00f6nnen es als leichte Oberbekleidung im Fr\u00fchling und Herbst w\u00e4hlen.<\/p>\n<\/li>\n<li data-start=\"988\" data-end=\"1063\">\n<p data-start=\"990\" data-end=\"1063\">Es l\u00e4sst sich im klassischen Stil mit einem wei\u00dfen Hemd, im sportlichen und Boho-Stil mit einem T-Shirt kombinieren.<\/p>\n<\/li>\n<li data-start=\"1064\" data-end=\"1138\">\n<p data-start=\"1066\" data-end=\"1138\">Verleihen Sie Ihrem Alltagsstil mit \u00fcbergro\u00dfen oder gerade geschnittenen Hosen Originalit\u00e4t.<\/p>\n<\/li>\n<\/ul>\n<hr data-start=\"1140\" data-end=\"1143\" \/>\n<h3 data-start=\"1145\" data-end=\"1183\">\u267b\ufe0f Handarbeit &amp; Nachhaltigkeit<\/h3>\n<p data-start=\"1184\" data-end=\"1403\">Dieser Pullover wird ethisch hergestellt, nach den Prinzipien der Slow Fashion und ohne Massenproduktion. Jedes Motiv ist individuell handgefertigt, was jedes Produkt einzigartig macht. Er ist die perfekte Wahl f\u00fcr alle, die einen nachhaltigen Lebensstil unterst\u00fctzen.<\/p>\n<p data-start=\"1269\" data-end=\"1509\">Weitere Modelle, die m\u00f6glicherweise zu Ihrem Stil und mehr passen, finden Sie bei Tuff\u00a0<a href=\"https:\/\/www.pinterest.com\/TuffHandicraft01\/\" target=\"_blank\" rel=\"noopener\">Pinterest<\/a>\u00a0Besuchen Sie die Welt von.<\/p>\n<hr data-start=\"1405\" data-end=\"1408\" \/>\n<h3 data-start=\"1410\" data-end=\"1436\">\ud83e\uddfc Pflegehinweise<\/h3>\n<ul data-start=\"1437\" data-end=\"1572\">\n<li data-start=\"1437\" data-end=\"1464\">\n<p data-start=\"1439\" data-end=\"1464\">Handw\u00e4sche in kaltem Wasser<\/p>\n<\/li>\n<li data-start=\"1465\" data-end=\"1506\">\n<p data-start=\"1467\" data-end=\"1506\">Verwenden Sie keinen Schleudertrockner oder keine Waschmaschine<\/p>\n<\/li>\n<li data-start=\"1507\" data-end=\"1530\">\n<p data-start=\"1509\" data-end=\"1530\">Auf einer ebenen Fl\u00e4che trocknen<\/p>\n<\/li>\n<li data-start=\"1531\" data-end=\"1572\">\n<p data-start=\"1533\" data-end=\"1572\">Verwenden Sie kein Bleichmittel oder Weichsp\u00fcler<\/p>\n<\/li>\n<\/ul>\n<hr data-start=\"1574\" data-end=\"1577\" \/>\n<h3 data-start=\"1579\" data-end=\"1621\">\u2728 Warum sollten Sie sich f\u00fcr dieses Produkt entscheiden?<\/h3>\n<ul data-start=\"1622\" data-end=\"1810\">\n<li data-start=\"1622\" data-end=\"1653\">\n<p data-start=\"1624\" data-end=\"1653\">%100 el yap\u0131m\u0131 ve benzersiz<\/p>\n<\/li>\n<li data-start=\"1654\" data-end=\"1702\">\n<p data-start=\"1656\" data-end=\"1702\">Nostalgisch-moderner Look mit Oma-Motiven<\/p>\n<\/li>\n<li data-start=\"1703\" data-end=\"1740\">\n<p data-start=\"1705\" data-end=\"1740\">Femininer und bequemer Schnitt mit V-Ausschnitt<\/p>\n<\/li>\n<li data-start=\"1741\" data-end=\"1767\">\n<p data-start=\"1743\" data-end=\"1767\">Geeignet f\u00fcr Unisex-Gebrauch<\/p>\n<\/li>\n<li data-start=\"1768\" data-end=\"1810\">\n<p data-start=\"1770\" data-end=\"1810\">Nat\u00fcrliche Materialien und nachhaltige Produktion<\/p>\n<\/li>\n<\/ul>","protected":false},"excerpt":{"rendered":"<p data-start=\"109\" data-end=\"295\">Dieser V-Ausschnitt-Pullover aus Naturgarn mit handgefertigten Oma-Motiven und farbenfrohem Design bietet ganzj\u00e4hrigen Chic. Ein atmungsaktives und zeitloses Kleidungsst\u00fcck, perfekt f\u00fcr den Lagenlook.<\/p>","protected":false},"featured_media":28364,"comment_status":"open","ping_status":"closed","template":"","meta":[],"product_brand":[691],"product_cat":[702],"product_tag":[1236,1237,795,793,936,1240,1235,1238,762,794,1234,1233,1239],"class_list":{"0":"post-27625","1":"product","2":"type-product","3":"status-publish","4":"has-post-thumbnail","6":"product_brand-tuffhandicraft","7":"product_cat-suveter","8":"product_tag-dogal-iplik-suveter","9":"product_tag-el-orgusu-ust","10":"product_tag-el-yapimi-suveter","11":"product_tag-granny-motifli-suveter","12":"product_tag-granny-square","13":"product_tag-hanimdilendi","14":"product_tag-katmanli-giyim","15":"product_tag-renkli-orgu-kiyafet","16":"product_tag-surdurulebilir-moda","17":"product_tag-tig-isi-suveter","18":"product_tag-unisex-orgu-suveter","19":"product_tag-v-yaka-orgu-suveter","20":"product_tag-v-yaka-suveter","22":"first","23":"instock","24":"taxable","25":"shipping-taxable","26":"purchasable","27":"product-type-variable"},"_links":{"self":[{"href":"https:\/\/tuffhandicraft.com\/de\/wp-json\/wp\/v2\/product\/27625","targetHints":{"allow":["GET"]}}],"collection":[{"href":"https:\/\/tuffhandicraft.com\/de\/wp-json\/wp\/v2\/product"}],"about":[{"href":"https:\/\/tuffhandicraft.com\/de\/wp-json\/wp\/v2\/types\/product"}],"replies":[{"embeddable":true,"href":"https:\/\/tuffhandicraft.com\/de\/wp-json\/wp\/v2\/comments?post=27625"}],"version-history":[{"count":0,"href":"https:\/\/tuffhandicraft.com\/de\/wp-json\/wp\/v2\/product\/27625\/revisions"}],"wp:featuredmedia":[{"embeddable":true,"href":"https:\/\/tuffhandicraft.com\/de\/wp-json\/wp\/v2\/media\/28364"}],"wp:attachment":[{"href":"https:\/\/tuffhandicraft.com\/de\/wp-json\/wp\/v2\/media?parent=27625"}],"wp:term":[{"taxonomy":"product_brand","embeddable":true,"href":"https:\/\/tuffhandicraft.com\/de\/wp-json\/wp\/v2\/product_brand?post=27625"},{"taxonomy":"product_cat","embeddable":true,"href":"https:\/\/tuffhandicraft.com\/de\/wp-json\/wp\/v2\/product_cat?post=27625"},{"taxonomy":"product_tag","embeddable":true,"href":"https:\/\/tuffhandicraft.com\/de\/wp-json\/wp\/v2\/product_tag?post=27625"}],"curies":[{"name":"wp","href":"https:\/\/api.w.org\/{rel}","templated":true}]}}