{"id":27629,"date":"2025-05-11T00:24:14","date_gmt":"2025-05-10T21:24:14","guid":{"rendered":"https:\/\/tasarim.yusufkecici.com.tr\/urun\/handmade-wool-cardigan-in-vibrant-teal-cozy-chunky-knit-jacket-warm-oversized-sweater-unique-winter-coat-gift-for-her\/"},"modified":"2025-08-10T16:02:58","modified_gmt":"2025-08-10T13:02:58","slug":"oversize-turkuaz-yun-hirka","status":"publish","type":"product","link":"https:\/\/tuffhandicraft.com\/de\/magaza\/hirka\/oversize-turkuaz-yun-hirka\/","title":{"rendered":"Oversize-Cardigan aus t\u00fcrkisfarbener Wolle \u2013 farbenfrohes und originelles Design"},"content":{"rendered":"<h3 data-start=\"120\" data-end=\"181\">\ud83c\udf3f \u00dcbergro\u00dfe t\u00fcrkisfarbene Wolljacke \u2013 farbenfrohes und originelles Design<\/h3>\n<p data-start=\"183\" data-end=\"473\">Diese handgefertigte, \u00fcbergro\u00dfe Wolljacke verleiht Ihrem Look mit ihrem leuchtenden T\u00fcrkis und ihrer einzigartigen Textur einen Hauch von Energie. Aus weichem, warmem Wollgarn gestrickt, bietet der entspannte Schnitt dieses St\u00fccks Komfort und Stil zugleich. Die lockere Passform erm\u00f6glicht Bewegungsfreiheit und passt problemlos zu jedem Stil.<\/p>\n<p data-start=\"475\" data-end=\"744\">Jede Strickjacke wird sorgf\u00e4ltig aus nat\u00fcrlichen, hochwertigen Materialien gefertigt. Sie ist nachhaltig, langlebig und umweltfreundlich und ein Must-have f\u00fcr den Winter und k\u00fchle Fr\u00fchlingstage.<\/p>\n<hr data-start=\"746\" data-end=\"749\" \/>\n<h3 data-start=\"751\" data-end=\"781\">\ud83e\uddf6 Materialien und Eigenschaften<img loading=\"lazy\" decoding=\"async\" class=\"wd-lazy-fade size-full wp-image-28000 alignright\" src=\"https:\/\/tuffhandicraft.com\/wp-content\/themes\/woodmart\/images\/lazy.svg\" data-src=\"https:\/\/tuffhandicraft.com\/wp-content\/uploads\/2021\/08\/footer-logo-1.png\" alt=\"Oversize turkuaz y\u00fcn h\u0131rka\" width=\"220\" height=\"40\" title=\"\" srcset=\"\" data-srcset=\"https:\/\/tuffhandicraft.com\/wp-content\/uploads\/2021\/08\/footer-logo-1.png 220w, https:\/\/tuffhandicraft.com\/wp-content\/uploads\/2021\/08\/footer-logo-1-150x27.png 150w\" sizes=\"auto, (max-width: 220px) 100vw, 220px\" \/><\/h3>\n<ul data-start=\"783\" data-end=\"937\">\n<li data-start=\"783\" data-end=\"807\">\n<p data-start=\"785\" data-end=\"807\">%100 do\u011fal y\u00fcn ve pamuk iplik<\/p>\n<\/li>\n<li data-start=\"808\" data-end=\"839\">\n<p data-start=\"810\" data-end=\"839\">Handgefertigt und weit geschnitten<\/p>\n<\/li>\n<li data-start=\"840\" data-end=\"862\">\n<p data-start=\"842\" data-end=\"862\">Lebendige t\u00fcrkise Farbe<\/p>\n<\/li>\n<li data-start=\"863\" data-end=\"895\">\n<p data-start=\"865\" data-end=\"895\">Atmungsaktive, warme Struktur<\/p>\n<\/li>\n<li data-start=\"896\" data-end=\"937\">\n<p data-start=\"898\" data-end=\"937\"><a href=\"https:\/\/tuffhandicraft.com\/de\/produkt\/etnik-desenli-motifli-hirka\/\">Nachhaltige Produktion und ethische Verarbeitung<\/a><\/p>\n<\/li>\n<\/ul>\n<hr data-start=\"939\" data-end=\"942\" \/>\n<h3 data-start=\"944\" data-end=\"983\">\ud83d\udc57 Einsatzbereich und Stilvorschl\u00e4ge<\/h3>\n<p data-start=\"985\" data-end=\"1006\">Weit geschnittene Strickjacke;<\/p>\n<ul data-start=\"1007\" data-end=\"1125\">\n<li data-start=\"1007\" data-end=\"1036\">\n<p data-start=\"1009\" data-end=\"1036\">In allt\u00e4glichen Streetstyles,<\/p>\n<\/li>\n<li data-start=\"1037\" data-end=\"1063\">\n<p data-start=\"1039\" data-end=\"1063\">F\u00fcr den bequemen Einsatz zu Hause,<\/p>\n<\/li>\n<li data-start=\"1064\" data-end=\"1125\">\n<p data-start=\"1066\" data-end=\"1125\">Es l\u00e4sst sich problemlos in stylischen Outdoor-Kombinationen kombinieren.<\/p>\n<\/li>\n<li data-start=\"1064\" data-end=\"1125\">\n<p data-start=\"1066\" data-end=\"1125\">Einen modernen Look kreieren Sie, indem Sie ihn mit Jeans, einem Basic-T-Shirt und Boots vervollst\u00e4ndigen.<\/p>\n<p data-start=\"1242\" data-end=\"1479\">Weitere Modelle, die m\u00f6glicherweise zu Ihrem Stil und mehr passen, finden Sie bei Tuff\u00a0<a href=\"https:\/\/www.pinterest.com\/TuffHandicraft01\/\" target=\"_blank\" rel=\"noopener\">Pinterest<\/a>\u00a0Besuchen Sie die Welt von.<\/p>\n<\/li>\n<\/ul>\n<hr data-start=\"1220\" data-end=\"1223\" \/>\n<h3 data-start=\"1225\" data-end=\"1256\">\u267b\ufe0f Warum sollte es bevorzugt werden?<\/h3>\n<ul data-start=\"1258\" data-end=\"1426\">\n<li data-start=\"1258\" data-end=\"1285\">\n<p data-start=\"1260\" data-end=\"1285\">Handgefertigtes Originaldesign<\/p>\n<\/li>\n<li data-start=\"1286\" data-end=\"1325\">\n<p data-start=\"1288\" data-end=\"1325\">Lebendige und auff\u00e4llige t\u00fcrkise Farbe<\/p>\n<\/li>\n<li data-start=\"1326\" data-end=\"1353\">\n<p data-start=\"1328\" data-end=\"1353\">Bequemer weiter Schnitt<\/p>\n<\/li>\n<li data-start=\"1354\" data-end=\"1383\">\n<p data-start=\"1356\" data-end=\"1383\">H\u00e4lt warm mit nat\u00fcrlicher Wolle<\/p>\n<\/li>\n<li data-start=\"1384\" data-end=\"1426\">\n<p data-start=\"1386\" data-end=\"1426\">Nachhaltiger und ethischer Produktionsansatz<\/p>\n<\/li>\n<\/ul>\n<hr data-start=\"1428\" data-end=\"1431\" \/>\n<h3 data-start=\"1433\" data-end=\"1457\">\ud83e\uddfc Pflegetipps<\/h3>\n<ul data-start=\"1459\" data-end=\"1583\">\n<li data-start=\"1459\" data-end=\"1485\">\n<p data-start=\"1461\" data-end=\"1485\">Handw\u00e4sche in kaltem Wasser<\/p>\n<\/li>\n<li data-start=\"1486\" data-end=\"1513\">\n<p data-start=\"1488\" data-end=\"1513\">Chemische Reinigung empfohlen<\/p>\n<\/li>\n<li data-start=\"1514\" data-end=\"1545\">\n<p data-start=\"1516\" data-end=\"1545\">Trocknen durch Ausbreiten oder Aufh\u00e4ngen<\/p>\n<\/li>\n<li data-start=\"1546\" data-end=\"1583\">\n<p data-start=\"1548\" data-end=\"1583\">Vermeiden Sie Bleichmittel und hohe Hitze<\/p>\n<\/li>\n<\/ul>","protected":false},"excerpt":{"rendered":"<p data-start=\"137\" data-end=\"270\">Handgefertigter, \u00fcbergro\u00dfer Cardigan in leuchtendem T\u00fcrkis; mit seinem bequemen, warmen und nachhaltigen Design ein Must-have f\u00fcr Ihre Wintergarderobe.<\/p>","protected":false},"featured_media":28340,"comment_status":"open","ping_status":"closed","template":"","meta":[],"product_brand":[691],"product_cat":[688],"product_tag":[1224,1227,924,1221,769,754,1208,1223,749,1222,762,1225,1220,1226],"class_list":{"0":"post-27629","1":"product","2":"type-product","3":"status-publish","4":"has-post-thumbnail","6":"product_brand-tuffhandicraft","7":"product_cat-hirka","8":"product_tag-dogal-yun-hirka","9":"product_tag-el-orgusu-ceket","10":"product_tag-el-orgusu-hirka","11":"product_tag-el-yapimi-yun-kazak","12":"product_tag-hediye-fikirleri","13":"product_tag-oversize-hirka","14":"product_tag-oversize-kazak","15":"product_tag-rahat-yun-hirka","16":"product_tag-renkli-hirka","17":"product_tag-sicak-tutan-kazak","18":"product_tag-surdurulebilir-moda","19":"product_tag-turkuaz","20":"product_tag-turkuaz-yun-hirka","21":"product_tag-yun-hirka","23":"first","24":"instock","25":"taxable","26":"shipping-taxable","27":"purchasable","28":"product-type-variable"},"_links":{"self":[{"href":"https:\/\/tuffhandicraft.com\/de\/wp-json\/wp\/v2\/product\/27629","targetHints":{"allow":["GET"]}}],"collection":[{"href":"https:\/\/tuffhandicraft.com\/de\/wp-json\/wp\/v2\/product"}],"about":[{"href":"https:\/\/tuffhandicraft.com\/de\/wp-json\/wp\/v2\/types\/product"}],"replies":[{"embeddable":true,"href":"https:\/\/tuffhandicraft.com\/de\/wp-json\/wp\/v2\/comments?post=27629"}],"version-history":[{"count":0,"href":"https:\/\/tuffhandicraft.com\/de\/wp-json\/wp\/v2\/product\/27629\/revisions"}],"wp:featuredmedia":[{"embeddable":true,"href":"https:\/\/tuffhandicraft.com\/de\/wp-json\/wp\/v2\/media\/28340"}],"wp:attachment":[{"href":"https:\/\/tuffhandicraft.com\/de\/wp-json\/wp\/v2\/media?parent=27629"}],"wp:term":[{"taxonomy":"product_brand","embeddable":true,"href":"https:\/\/tuffhandicraft.com\/de\/wp-json\/wp\/v2\/product_brand?post=27629"},{"taxonomy":"product_cat","embeddable":true,"href":"https:\/\/tuffhandicraft.com\/de\/wp-json\/wp\/v2\/product_cat?post=27629"},{"taxonomy":"product_tag","embeddable":true,"href":"https:\/\/tuffhandicraft.com\/de\/wp-json\/wp\/v2\/product_tag?post=27629"}],"curies":[{"name":"wp","href":"https:\/\/api.w.org\/{rel}","templated":true}]}}