{"id":27631,"date":"2025-05-11T00:24:16","date_gmt":"2025-05-10T21:24:16","guid":{"rendered":"https:\/\/tasarim.yusufkecici.com.tr\/urun\/handmade-crochet-cardigan-with-floral-patterns-retro-inspired-patchwork-jacket-boho-long-knit-coat-unique-cozy-cardigan-gift-for-her\/"},"modified":"2026-02-18T11:23:59","modified_gmt":"2026-02-18T08:23:59","slug":"3d-cicekli-motif-hirka","status":"publish","type":"product","link":"https:\/\/tuffhandicraft.com\/de\/magaza\/hirka\/3d-cicekli-motif-hirka\/","title":{"rendered":"Strickjacke mit 3D-Blumenmotiv | 30 Stunden Handarbeit"},"content":{"rendered":"<h3 data-start=\"143\" data-end=\"224\">\ud83e\uddf6 <strong data-start=\"150\" data-end=\"222\">Strickjacke mit 3D-Blumenmotiv \u2013 Handgefertigt, Lebendige Farben, Unisex, Saisonal<\/strong><\/h3>\n<p data-start=\"225\" data-end=\"580\">\ud83c\udf38 Spezielles Design mit dreidimensionalen Blumendetails<br data-start=\"270\" data-end=\"273\" \/>Diese handgefertigte Strickjacke mit 3D-Blumenmotiv besticht durch ihre leuchtenden Farben und die dreidimensionale Stickerei durch einzigartige Eleganz. Ihr Design, das Boho- und Vintage-Einfl\u00fcsse vereint, wird zum Liebling Ihrer Winter- und Fr\u00fchlingsgarderobe. Die Unisex-Passform macht sie zu einem vielseitigen Kleidungsst\u00fcck, das jeder problemlos tragen kann.<\/p>\n<hr data-start=\"582\" data-end=\"585\" \/>\n<h3 data-start=\"587\" data-end=\"615\">\ud83e\uddf5 <strong data-start=\"594\" data-end=\"613\">Materialinformationen<\/strong><img loading=\"lazy\" decoding=\"async\" class=\"wd-lazy-fade size-full wp-image-28000 alignright\" src=\"https:\/\/tuffhandicraft.com\/wp-content\/themes\/woodmart\/images\/lazy.svg\" data-src=\"https:\/\/tuffhandicraft.com\/wp-content\/uploads\/2021\/08\/footer-logo-1.png\" alt=\"3D \u00c7i\u00e7ekli Motif H\u0131rka\" width=\"220\" height=\"40\" title=\"\" srcset=\"\" data-srcset=\"https:\/\/tuffhandicraft.com\/wp-content\/uploads\/2021\/08\/footer-logo-1.png 220w, https:\/\/tuffhandicraft.com\/wp-content\/uploads\/2021\/08\/footer-logo-1-150x27.png 150w\" sizes=\"auto, (max-width: 220px) 100vw, 220px\" \/><\/h3>\n<p data-start=\"616\" data-end=\"836\">Weich und atmungsaktiv <a href=\"https:\/\/tuffhandicraft.com\/de\/produkt\/lgbtq-pride-suveter\/\">aus Naturfasern<\/a> Es ist handgefertigt. Die verwendeten Garne sorgen f\u00fcr lange Haltbarkeit und hohen Tragekomfort. Es ist ein gesundes, hautfreundliches Produkt ohne synthetische Materialien.<\/p>\n<hr data-start=\"838\" data-end=\"841\" \/>\n<h3 data-start=\"843\" data-end=\"880\">\ud83d\udc52 <strong data-start=\"850\" data-end=\"878\">Einsatzbereich und Komfort<\/strong><\/h3>\n<p data-start=\"881\" data-end=\"1077\">Diese Strickjacke mit 3D-Blumenmotiv ist perfekt f\u00fcr den Alltag und eine stilvolle Erg\u00e4nzung f\u00fcr jeden besonderen Anlass. Das leichte, \u00fcbergro\u00dfe Design erm\u00f6glicht Bewegungsfreiheit und ganzt\u00e4gigen Komfort.<\/p>\n<hr data-start=\"1079\" data-end=\"1082\" \/>\n<h3 data-start=\"1084\" data-end=\"1109\">\ud83c\udfa8 <strong data-start=\"1091\" data-end=\"1107\">Stilvorschlag<\/strong><\/h3>\n<p data-start=\"1110\" data-end=\"1299\">Kreieren Sie einen l\u00e4ssigen Look mit Basic-T-Shirts und Jeans oder verleihen Sie mit farbenfrohen Kleidern einen Boh\u00e8me-Look. Es ist die ideale Wahl f\u00fcr Liebhaber von Slow Fashion und Vintage-Stil.<\/p>\n<p>Weitere Modelle, die m\u00f6glicherweise zu Ihrem Stil und mehr passen, finden Sie bei Tuff\u00a0<a href=\"https:\/\/www.pinterest.com\/TuffHandicraft01\/\" target=\"_blank\" rel=\"noopener\">Pinterest<\/a>\u00a0Besuchen Sie die Welt von.<\/p>\n<hr data-start=\"1301\" data-end=\"1304\" \/>\n<h3 data-start=\"1306\" data-end=\"1350\">\u267b\ufe0f <strong data-start=\"1313\" data-end=\"1348\">Handgemachte &amp; nachhaltige Mode<\/strong><\/h3>\n<p data-start=\"1351\" data-end=\"1524\">Dieses sorgf\u00e4ltig nach den Prinzipien der Slow Fashion gefertigte Produkt respektiert die Natur und unterst\u00fctzt die Arbeit von Frauen. Ihr Kauf hilft den vom Erdbeben betroffenen Familien.<\/p>\n<hr data-start=\"1526\" data-end=\"1529\" \/>\n<h3 data-start=\"1531\" data-end=\"1559\">\ud83e\uddfc <strong data-start=\"1538\" data-end=\"1557\">Pflegeempfehlungen<\/strong><\/h3>\n<p data-start=\"1560\" data-end=\"1734\">Handw\u00e4sche in kaltem Wasser; Bleichmittel vermeiden. Zum Trocknen aufh\u00e4ngen. Maschinenw\u00e4sche und Auswringen werden nicht empfohlen. Sanfte Pflege ist wichtig, um die nat\u00fcrliche Faserstruktur zu erhalten.<\/p>\n<hr data-start=\"1736\" data-end=\"1739\" \/>\n<h3 data-start=\"1741\" data-end=\"1806\">\u2728 <strong data-start=\"1747\" data-end=\"1804\">Warum sollten Sie sich f\u00fcr diese Strickjacke mit 3D-Blumenmotiv entscheiden?<\/strong><\/h3>\n<ul data-start=\"1807\" data-end=\"2069\">\n<li data-start=\"1807\" data-end=\"1859\">\n<p data-start=\"1809\" data-end=\"1859\">%100 el yap\u0131m\u0131, \u00f6zg\u00fcn \u00fc\u00e7 boyutlu \u00e7i\u00e7ek motifleri<\/p>\n<\/li>\n<li data-start=\"1860\" data-end=\"1894\">\n<p data-start=\"1862\" data-end=\"1894\">Lebendige und auff\u00e4llige Farben<\/p>\n<\/li>\n<li data-start=\"1895\" data-end=\"1929\">\n<p data-start=\"1897\" data-end=\"1929\">Ideal f\u00fcr die Winter- und Fr\u00fchlingsmonate<\/p>\n<\/li>\n<li data-start=\"1930\" data-end=\"1953\">\n<p data-start=\"1932\" data-end=\"1953\">Unisex, entspannte Passform<\/p>\n<\/li>\n<li data-start=\"1954\" data-end=\"1987\">\n<p data-start=\"1956\" data-end=\"1987\">Nachhaltige und ethische Produktion<\/p>\n<\/li>\n<li data-start=\"1988\" data-end=\"2030\">\n<p data-start=\"1990\" data-end=\"2030\">Unterst\u00fctzt die Arbeit und Solidarit\u00e4t von Frauen<\/p>\n<\/li>\n<li data-start=\"2031\" data-end=\"2069\">\n<p data-start=\"2033\" data-end=\"2069\">Verwendung hautfreundlicher Naturmaterialien<\/p>\n<\/li>\n<\/ul>","protected":false},"excerpt":{"rendered":"<p>Handgefertigter Patchwork-Cardigan mit 3D-Blumenmotiven. Die leuchtenden Farben und das Unisex-Design bieten Eleganz und Komfort im Winter und Fr\u00fchling. Hergestellt aus nachhaltigen, nat\u00fcrlichen Materialien.<\/p>","protected":false},"featured_media":29160,"comment_status":"open","ping_status":"closed","template":"","meta":[],"product_brand":[691],"product_cat":[688],"product_tag":[770,752,772,774,773,748,769,751,754,771,759,749,762,750,758,753],"class_list":{"0":"post-27631","1":"product","2":"type-product","3":"status-publish","4":"has-post-thumbnail","6":"product_brand-tuffhandicraft","7":"product_cat-hirka","8":"product_tag-3d-cicekli-hirka","9":"product_tag-boho-hirka","10":"product_tag-cicek-motifli-hirka","11":"product_tag-dogal-iplik-hirka","12":"product_tag-el-isi-hirka","13":"product_tag-el-yapimi-hirka","14":"product_tag-hediye-fikirleri","15":"product_tag-mevsimlik-hirka","16":"product_tag-oversize-hirka","17":"product_tag-patchwork-hirka","18":"product_tag-rahat-hirka","19":"product_tag-renkli-hirka","20":"product_tag-surdurulebilir-moda","21":"product_tag-unisex-hirka","22":"product_tag-vintage-hirka","23":"product_tag-yavas-moda","25":"first","26":"instock","27":"taxable","28":"shipping-taxable","29":"purchasable","30":"product-type-variable"},"_links":{"self":[{"href":"https:\/\/tuffhandicraft.com\/de\/wp-json\/wp\/v2\/product\/27631","targetHints":{"allow":["GET"]}}],"collection":[{"href":"https:\/\/tuffhandicraft.com\/de\/wp-json\/wp\/v2\/product"}],"about":[{"href":"https:\/\/tuffhandicraft.com\/de\/wp-json\/wp\/v2\/types\/product"}],"replies":[{"embeddable":true,"href":"https:\/\/tuffhandicraft.com\/de\/wp-json\/wp\/v2\/comments?post=27631"}],"version-history":[{"count":1,"href":"https:\/\/tuffhandicraft.com\/de\/wp-json\/wp\/v2\/product\/27631\/revisions"}],"predecessor-version":[{"id":30722,"href":"https:\/\/tuffhandicraft.com\/de\/wp-json\/wp\/v2\/product\/27631\/revisions\/30722"}],"wp:featuredmedia":[{"embeddable":true,"href":"https:\/\/tuffhandicraft.com\/de\/wp-json\/wp\/v2\/media\/29160"}],"wp:attachment":[{"href":"https:\/\/tuffhandicraft.com\/de\/wp-json\/wp\/v2\/media?parent=27631"}],"wp:term":[{"taxonomy":"product_brand","embeddable":true,"href":"https:\/\/tuffhandicraft.com\/de\/wp-json\/wp\/v2\/product_brand?post=27631"},{"taxonomy":"product_cat","embeddable":true,"href":"https:\/\/tuffhandicraft.com\/de\/wp-json\/wp\/v2\/product_cat?post=27631"},{"taxonomy":"product_tag","embeddable":true,"href":"https:\/\/tuffhandicraft.com\/de\/wp-json\/wp\/v2\/product_tag?post=27631"}],"curies":[{"name":"wp","href":"https:\/\/api.w.org\/{rel}","templated":true}]}}