{"id":27633,"date":"2025-05-11T00:24:21","date_gmt":"2025-05-10T21:24:21","guid":{"rendered":"https:\/\/tasarim.yusufkecici.com.tr\/urun\/crochet-african-flower-oversized-sweater-chunky-floral-sweatshirt-handmade-cozy-woman-pullover-festival-outfit-gift-for-her\/"},"modified":"2025-12-07T18:56:53","modified_gmt":"2025-12-07T15:56:53","slug":"afrika-cicek-motif-oversize-sweatshirt","status":"publish","type":"product","link":"https:\/\/tuffhandicraft.com\/de\/magaza\/kazak\/afrika-cicek-motif-oversize-sweatshirt\/","title":{"rendered":"Oversized Sweatshirt mit afrikanischem Blumenmotiv \u2013 Handgestrickt, Farbenfroh &amp; Einzigartig"},"content":{"rendered":"<h3 data-start=\"176\" data-end=\"250\">\ud83c\udf3c <strong data-start=\"183\" data-end=\"250\">Oversized Sweatshirt mit afrikanischem Blumenmotiv \u2013 Handgestrickt, Farbenfroh &amp; Einzigartig<\/strong><\/h3>\n<p data-start=\"252\" data-end=\"569\">Dieser handgefertigte Oversize-Pullover, <a href=\"https:\/\/tuffhandicraft.com\/de\/produkt\/afrika-cicek-motifli-oversize-hirka\/\">Inspiriert von afrikanischen Blumenmotiven<\/a> Entworfen. Dieses geh\u00e4kelte Sweatshirt mit seinen farbenfrohen und lebendigen Mustern h\u00e4lt dich warm und verleiht deinem Style eine einzigartige Note. Als moderne Interpretation von Retro- und Boho-Stil wird dieses St\u00fcck mit den wechselnden Jahreszeiten zum Lieblingsst\u00fcck in deinem Kleiderschrank.<\/p>\n<p data-start=\"571\" data-end=\"851\">Jedes Blumenmotiv ist handgestrickt und harmonisch mit satten Farb\u00fcberg\u00e4ngen verwoben. Die \u00fcbergro\u00dfe Form sorgt f\u00fcr einen Look, der sowohl bequem als auch stilvoll ist. Dieses handgefertigte Sweatshirt unterst\u00fctzt nachhaltige Mode durch einen Produktionsansatz, der Massenproduktion vermeidet.<\/p>\n<hr data-start=\"853\" data-end=\"856\" \/>\n<h3 data-start=\"858\" data-end=\"880\">\ud83e\uddf5 Wesentliche Informationen<img loading=\"lazy\" decoding=\"async\" class=\"wd-lazy-fade size-full wp-image-28000 alignright\" src=\"https:\/\/tuffhandicraft.com\/wp-content\/themes\/woodmart\/images\/lazy.svg\" data-src=\"https:\/\/tuffhandicraft.com\/wp-content\/uploads\/2021\/08\/footer-logo-1.png\" alt=\"Oversized Sweatshirt mit afrikanischem Blumenmotiv \u2013 Handgefertigt, farbenfroh &amp; einzigartig\" width=\"220\" height=\"40\" title=\"\" srcset=\"\" data-srcset=\"https:\/\/tuffhandicraft.com\/wp-content\/uploads\/2021\/08\/footer-logo-1.png 220w, https:\/\/tuffhandicraft.com\/wp-content\/uploads\/2021\/08\/footer-logo-1-150x27.png 150w\" sizes=\"auto, (max-width: 220px) 100vw, 220px\" \/><\/h3>\n<ul data-start=\"882\" data-end=\"1043\">\n<li data-start=\"882\" data-end=\"920\">\n<p data-start=\"884\" data-end=\"920\">%100 pamuk kar\u0131\u015f\u0131ml\u0131 t\u0131\u011f i\u015fi iplik<\/p>\n<\/li>\n<li data-start=\"921\" data-end=\"974\">\n<p data-start=\"923\" data-end=\"974\">Weiche Textur, hautfreundliche und atmungsaktive Struktur<\/p>\n<\/li>\n<li data-start=\"975\" data-end=\"999\">\n<p data-start=\"977\" data-end=\"999\">Ungef\u00fcttert, nat\u00fcrliche Form<\/p>\n<\/li>\n<li data-start=\"1000\" data-end=\"1043\">\n<p data-start=\"1002\" data-end=\"1043\">Handgestrickte Motivdetails<\/p>\n<\/li>\n<\/ul>\n<hr data-start=\"1045\" data-end=\"1048\" \/>\n<h3 data-start=\"1050\" data-end=\"1081\">\ud83e\uddf8 Komfort und Nutzungsbereich<\/h3>\n<p data-start=\"1083\" data-end=\"1126\">Dieses handgestrickte Sweatshirt in Pulloverform;<\/p>\n<ul data-start=\"1127\" data-end=\"1302\">\n<li data-start=\"1127\" data-end=\"1165\">\n<p data-start=\"1129\" data-end=\"1165\">Allein im Herbst und Fr\u00fchling,<\/p>\n<\/li>\n<li data-start=\"1166\" data-end=\"1211\">\n<p data-start=\"1168\" data-end=\"1211\">Als Schicht unter einer Jacke im Winter,<\/p>\n<\/li>\n<li data-start=\"1212\" data-end=\"1302\">\n<p data-start=\"1214\" data-end=\"1302\">Es kann problemlos zu Hause oder im Freien verwendet werden.<\/p>\n<\/li>\n<li data-start=\"1212\" data-end=\"1302\">\n<p data-start=\"1214\" data-end=\"1302\">Es rundet mit seiner Unisex-Struktur jeden Style ab.<\/p>\n<\/li>\n<\/ul>\n<hr data-start=\"1304\" data-end=\"1307\" \/>\n<h3 data-start=\"1309\" data-end=\"1328\">\ud83c\udf08 Stilvorschlag<\/h3>\n<p data-start=\"1330\" data-end=\"1542\">Die farbenfrohen Blumenmuster des Pullovers kommen besonders gut zur Geltung, wenn er mit einer schmalen Hose, schlichten Sneakers und dezenten Accessoires getragen wird. F\u00fcr einen auff\u00e4lligeren Look kombinieren Sie ihn mit einem Minirock und Stiefeln.<\/p>\n<p data-start=\"1269\" data-end=\"1509\">Weitere Modelle, die m\u00f6glicherweise zu Ihrem Stil und mehr passen, finden Sie bei Tuff\u00a0<a href=\"https:\/\/www.pinterest.com\/TuffHandicraft01\/\" target=\"_blank\" rel=\"noopener\">Pinterest<\/a>\u00a0Besuchen Sie die Welt von.<\/p>\n<hr data-start=\"1544\" data-end=\"1547\" \/>\n<h3 data-start=\"1549\" data-end=\"1585\">\u267b\ufe0f Handarbeit &amp; Nachhaltigkeit<\/h3>\n<p data-start=\"1587\" data-end=\"1818\">Dieses geh\u00e4kelte Sweatshirt wird vollst\u00e4ndig von Hand gefertigt und entspricht ethischen Produktionsprinzipien. Jedes Unikat wird nach den Prinzipien der Slow Fashion hergestellt, um sowohl Stil als auch den Planeten zu sch\u00fctzen.<\/p>\n<hr data-start=\"1820\" data-end=\"1823\" \/>\n<h3 data-start=\"1825\" data-end=\"1846\">\ud83e\uddfc Pflegehinweise<\/h3>\n<ul data-start=\"1848\" data-end=\"2000\">\n<li data-start=\"1848\" data-end=\"1877\">\n<p data-start=\"1850\" data-end=\"1877\">Handw\u00e4sche in kaltem Wasser<\/p>\n<\/li>\n<li data-start=\"1878\" data-end=\"1931\">\n<p data-start=\"1880\" data-end=\"1931\">Keine Waschmaschine, keinen Schleudertrockner und kein Bleichmittel verwenden.<\/p>\n<\/li>\n<li data-start=\"1932\" data-end=\"1959\">\n<p data-start=\"1934\" data-end=\"1959\">Trocknen durch Ausbreiten im Schatten<\/p>\n<\/li>\n<li data-start=\"1960\" data-end=\"2000\">\n<p data-start=\"1962\" data-end=\"2000\">Nicht b\u00fcgeln, um die nat\u00fcrliche Form zu erhalten.<\/p>\n<\/li>\n<\/ul>\n<hr data-start=\"2002\" data-end=\"2005\" \/>\n<h3 data-start=\"2007\" data-end=\"2039\">\u2728 Warum dieser Pullover\/dieses Sweatshirt?<\/h3>\n<ul data-start=\"2041\" data-end=\"2268\">\n<li data-start=\"2041\" data-end=\"2059\">\n<p data-start=\"2043\" data-end=\"2059\">%100 el yap\u0131m\u0131<\/p>\n<\/li>\n<li data-start=\"2060\" data-end=\"2099\">\n<p data-start=\"2062\" data-end=\"2099\">Originelles Design mit afrikanischen Blumenmotiven<\/p>\n<\/li>\n<li data-start=\"2100\" data-end=\"2135\">\n<p data-start=\"2102\" data-end=\"2135\">Oversize, Unisex und entspannter Schnitt<\/p>\n<\/li>\n<li data-start=\"2136\" data-end=\"2176\">\n<p data-start=\"2138\" data-end=\"2176\">Eine moderne Interpretation des Boho- und Vintage-Stils<\/p>\n<\/li>\n<li data-start=\"2177\" data-end=\"2227\">\n<p data-start=\"2179\" data-end=\"2227\">Nat\u00fcrlich und atmungsaktiv dank Baumwollgarn<\/p>\n<\/li>\n<li data-start=\"2228\" data-end=\"2268\">\n<p data-start=\"2230\" data-end=\"2268\">Nachhaltiger und ethischer Produktionsansatz<\/p>\n<\/li>\n<\/ul>","protected":false},"excerpt":{"rendered":"<p data-start=\"149\" data-end=\"301\">Dieser \u00fcbergro\u00dfe Pullover mit handgefertigtem afrikanischen Blumenmotiv ist farbenfroh und bequem und perfekt f\u00fcr jede Jahreszeit. Aus Baumwollgarn gefertigt, ist er ideal f\u00fcr einen Unisex- und einzigartigen Stil.<\/p>","protected":false},"featured_media":27810,"comment_status":"open","ping_status":"closed","template":"","meta":[],"product_brand":[691],"product_cat":[723],"product_tag":[1216,1207,1217,1212,1209,1213,769,1208,1218,1219,763,1215,1214,1210,762,1211],"class_list":{"0":"post-27633","1":"product","2":"type-product","3":"status-publish","4":"has-post-thumbnail","6":"product_brand-tuffhandicraft","7":"product_cat-kazak","8":"product_tag-afrika-cicek-motifi","9":"product_tag-afrika-cicek-motifli-kazak","10":"product_tag-afrikan-cicegi-motif","11":"product_tag-boho-stil-kazak","12":"product_tag-el-orgusu-sweatshirt","13":"product_tag-el-yapimi-kazak","14":"product_tag-hediye-fikirleri","15":"product_tag-oversize-kazak","16":"product_tag-oversize-sweater","17":"product_tag-oversize-sweatshirt","18":"product_tag-ozgun-tasarim","19":"product_tag-pamuk-iplik-kazak","20":"product_tag-rahat-kazak","21":"product_tag-renkli-tig-isi-kazak","22":"product_tag-surdurulebilir-moda","23":"product_tag-unisex-kazak","25":"first","26":"instock","27":"taxable","28":"shipping-taxable","29":"purchasable","30":"product-type-variable"},"_links":{"self":[{"href":"https:\/\/tuffhandicraft.com\/de\/wp-json\/wp\/v2\/product\/27633","targetHints":{"allow":["GET"]}}],"collection":[{"href":"https:\/\/tuffhandicraft.com\/de\/wp-json\/wp\/v2\/product"}],"about":[{"href":"https:\/\/tuffhandicraft.com\/de\/wp-json\/wp\/v2\/types\/product"}],"replies":[{"embeddable":true,"href":"https:\/\/tuffhandicraft.com\/de\/wp-json\/wp\/v2\/comments?post=27633"}],"version-history":[{"count":0,"href":"https:\/\/tuffhandicraft.com\/de\/wp-json\/wp\/v2\/product\/27633\/revisions"}],"wp:featuredmedia":[{"embeddable":true,"href":"https:\/\/tuffhandicraft.com\/de\/wp-json\/wp\/v2\/media\/27810"}],"wp:attachment":[{"href":"https:\/\/tuffhandicraft.com\/de\/wp-json\/wp\/v2\/media?parent=27633"}],"wp:term":[{"taxonomy":"product_brand","embeddable":true,"href":"https:\/\/tuffhandicraft.com\/de\/wp-json\/wp\/v2\/product_brand?post=27633"},{"taxonomy":"product_cat","embeddable":true,"href":"https:\/\/tuffhandicraft.com\/de\/wp-json\/wp\/v2\/product_cat?post=27633"},{"taxonomy":"product_tag","embeddable":true,"href":"https:\/\/tuffhandicraft.com\/de\/wp-json\/wp\/v2\/product_tag?post=27633"}],"curies":[{"name":"wp","href":"https:\/\/api.w.org\/{rel}","templated":true}]}}