{"id":27637,"date":"2025-05-11T00:24:25","date_gmt":"2025-05-10T21:24:25","guid":{"rendered":"https:\/\/tasarim.yusufkecici.com.tr\/urun\/handmade-orange-crochet-bralette-boho-crop-top-festival-outfit-adjustable-crochet-top-vibrant-color-bralette-gift-for-her\/"},"modified":"2025-08-10T16:01:46","modified_gmt":"2025-08-10T13:01:46","slug":"turuncu-boho-bralet","status":"publish","type":"product","link":"https:\/\/tuffhandicraft.com\/de\/magaza\/crop-top\/turuncu-boho-bralet\/","title":{"rendered":"Oranges Boho Bralet \u2013 Sommerliches H\u00e4keltop"},"content":{"rendered":"<h3 data-start=\"162\" data-end=\"223\">\u2600\ufe0f <strong data-start=\"169\" data-end=\"223\">Oranges Boho Bralet \u2013 Sommerliches H\u00e4keltop<\/strong><\/h3>\n<p data-start=\"225\" data-end=\"511\">Dieses handgefertigte orangefarbene Bralette ist ein einzigartiges St\u00fcck, das die Energie und Freiheit des Boh\u00e8me-Stils widerspiegelt. Seine leichte Konstruktion und die atmungsaktive H\u00e4kelstruktur machen es zu einem unverzichtbaren Sommer-Essential. Es passt perfekt zu vielen Outfits, vom Strandspaziergang bis zum Festival, vom Stadtleben bis zum Urlaubsoutfit.<\/p>\n<p data-start=\"513\" data-end=\"764\">Dieses komplett handgestrickte Top besticht durch seine leuchtend orange Farbe und das detailreiche H\u00e4kelmuster und verleiht hei\u00dfen Sommertagen Energie. Verstellbare Schn\u00fcrverschl\u00fcsse sorgen f\u00fcr eine bequeme und stilvolle Passform in vielen Gr\u00f6\u00dfen.<\/p>\n<hr data-start=\"766\" data-end=\"769\" \/>\n<h3 data-start=\"771\" data-end=\"797\">\ud83e\uddf5 <strong data-start=\"778\" data-end=\"797\">Materialinformationen<\/strong><img loading=\"lazy\" decoding=\"async\" class=\"wd-lazy-fade size-full wp-image-28000 alignright\" style=\"color: #333333; font-size: 16px;\" src=\"https:\/\/tuffhandicraft.com\/wp-content\/themes\/woodmart\/images\/lazy.svg\" data-src=\"https:\/\/tuffhandicraft.com\/wp-content\/uploads\/2021\/08\/footer-logo-1.png\" alt=\"Turuncu Boho Bralet\" width=\"220\" height=\"40\" title=\"\" srcset=\"\" data-srcset=\"https:\/\/tuffhandicraft.com\/wp-content\/uploads\/2021\/08\/footer-logo-1.png 220w, https:\/\/tuffhandicraft.com\/wp-content\/uploads\/2021\/08\/footer-logo-1-150x27.png 150w\" sizes=\"auto, (max-width: 220px) 100vw, 220px\" \/><\/h3>\n<ul data-start=\"799\" data-end=\"945\">\n<li data-start=\"799\" data-end=\"836\">\n<p data-start=\"801\" data-end=\"836\">%100 pamuk i\u00e7erikli t\u0131\u011f i\u015fi iplik<\/p>\n<\/li>\n<li data-start=\"837\" data-end=\"869\">\n<p data-start=\"839\" data-end=\"869\">Leichte und atmungsaktive Struktur<\/p>\n<\/li>\n<li data-start=\"870\" data-end=\"902\">\n<p data-start=\"872\" data-end=\"902\">Hautfreundliche, nicht schwitzende Textur<\/p>\n<\/li>\n<li data-start=\"903\" data-end=\"945\">\n<p data-start=\"905\" data-end=\"945\">Verstellbare R\u00fccken- und Nackenb\u00e4nder<\/p>\n<\/li>\n<\/ul>\n<hr data-start=\"947\" data-end=\"950\" \/>\n<h3 data-start=\"952\" data-end=\"987\">\ud83c\udf34 <strong data-start=\"959\" data-end=\"987\">Einsatzbereich und Komfort<\/strong><\/h3>\n<p data-start=\"989\" data-end=\"1001\">Dieses Bralette;<\/p>\n<ul data-start=\"1002\" data-end=\"1167\">\n<li data-start=\"1002\" data-end=\"1026\">\n<p data-start=\"1004\" data-end=\"1026\">Statt Bikini am Strand<\/p>\n<\/li>\n<li data-start=\"1027\" data-end=\"1061\">\n<p data-start=\"1029\" data-end=\"1061\"><a href=\"https:\/\/tuffhandicraft.com\/de\/produkt\/denizkizi-rave-crop-top\/\">In Festival- und Campingkombinationen<\/a><\/p>\n<\/li>\n<li data-start=\"1062\" data-end=\"1102\">\n<p data-start=\"1064\" data-end=\"1102\">L\u00e4ssige Sommerstyles wie Crop Top<\/p>\n<\/li>\n<li data-start=\"1103\" data-end=\"1167\">\n<p data-start=\"1105\" data-end=\"1167\">Sieht toll aus mit hoch taillierten Hosen, Shorts oder R\u00f6cken.<\/p>\n<\/li>\n<\/ul>\n<p data-start=\"1169\" data-end=\"1262\">Durch seine verstellbare Struktur passt es sich unterschiedlichen K\u00f6rpern an und bietet durch seine Leichtigkeit den ganzen Tag lang Komfort.<\/p>\n<hr data-start=\"1264\" data-end=\"1267\" \/>\n<h3 data-start=\"1269\" data-end=\"1292\">\ud83c\udfa8 <strong data-start=\"1276\" data-end=\"1292\">Stilvorschlag<\/strong><\/h3>\n<p data-start=\"1294\" data-end=\"1510\">Kombinieren Sie Ihr orangefarbenes Bralette mit einer wei\u00dfen Leinenhose, einer Strohtasche und Sandalen f\u00fcr einen Boho-Chic-Look. Kombinieren Sie es mit Jeansshorts und einem \u00fcbergro\u00dfen Hemd f\u00fcr einen coolen, alltagstauglichen Sommerlook.<\/p>\n<p data-start=\"1269\" data-end=\"1509\">Weitere Modelle, die m\u00f6glicherweise zu Ihrem Stil und mehr passen, finden Sie bei Tuff\u00a0<a href=\"https:\/\/www.pinterest.com\/TuffHandicraft01\/\" target=\"_blank\" rel=\"noopener\">Pinterest<\/a>\u00a0Besuchen Sie die Welt von.<\/p>\n<hr data-start=\"1512\" data-end=\"1515\" \/>\n<h3 data-start=\"1517\" data-end=\"1557\">\u267b\ufe0f <strong data-start=\"1524\" data-end=\"1557\">Handarbeit &amp; Nachhaltigkeit<\/strong><\/h3>\n<p data-start=\"1559\" data-end=\"1729\">Dieses Bralette wurde nach der Slow-Fashion-Philosophie entworfen und mit ethischen und umweltfreundlichen Methoden als Alternative zur Massenproduktion hergestellt. Jedes St\u00fcck ist ein Unikat, da es handgestrickt ist.<\/p>\n<hr data-start=\"1731\" data-end=\"1734\" \/>\n<h3 data-start=\"1736\" data-end=\"1761\">\ud83e\uddfc <strong data-start=\"1743\" data-end=\"1761\">Wartungsanweisungen<\/strong><\/h3>\n<ul data-start=\"1763\" data-end=\"1873\">\n<li data-start=\"1763\" data-end=\"1793\">\n<p data-start=\"1765\" data-end=\"1793\">Handw\u00e4sche in kaltem Wasser.<\/p>\n<\/li>\n<li data-start=\"1794\" data-end=\"1821\">\n<p data-start=\"1796\" data-end=\"1821\">Verwenden Sie kein Bleichmittel.<\/p>\n<\/li>\n<li data-start=\"1822\" data-end=\"1844\">\n<p data-start=\"1824\" data-end=\"1844\">Zum Trocknen ausbreiten.<\/p>\n<\/li>\n<li data-start=\"1845\" data-end=\"1873\">\n<p data-start=\"1847\" data-end=\"1873\">Maschinenw\u00e4sche wird nicht empfohlen.<\/p>\n<\/li>\n<\/ul>\n<hr data-start=\"1875\" data-end=\"1878\" \/>\n<h3 data-start=\"1880\" data-end=\"1927\">\u2728 <strong data-start=\"1886\" data-end=\"1927\">Warum dieses Bralet w\u00e4hlen?<\/strong><\/h3>\n<ul data-start=\"1929\" data-end=\"2111\">\n<li data-start=\"1929\" data-end=\"1965\">\n<p data-start=\"1931\" data-end=\"1965\">El yap\u0131m\u0131 ve %100 pamuk i\u00e7erikli<\/p>\n<\/li>\n<li data-start=\"1966\" data-end=\"1996\">\n<p data-start=\"1968\" data-end=\"1996\">Atmungsaktiv und leicht strukturiert<\/p>\n<\/li>\n<li data-start=\"1997\" data-end=\"2030\">\n<p data-start=\"1999\" data-end=\"2030\">Ideal f\u00fcr Liebhaber des Boho-Stils<\/p>\n<\/li>\n<li data-start=\"2031\" data-end=\"2069\">\n<p data-start=\"2033\" data-end=\"2069\">Bequem mit verstellbaren Schn\u00fcrsenkeln<\/p>\n<\/li>\n<li data-start=\"2070\" data-end=\"2111\">\n<p data-start=\"2072\" data-end=\"2111\">Ethische Produktion und nachhaltiges Design<\/p>\n<\/li>\n<\/ul>","protected":false},"excerpt":{"rendered":"<p>Ein einzigartiges Sommer-Bralette mit handgefertigter orangefarbener H\u00e4kelstruktur. Leichtes, atmungsaktives und verstellbares Schn\u00fcrdesign f\u00fcr mehr Komfort.<\/p>","protected":false},"featured_media":28310,"comment_status":"open","ping_status":"closed","template":"","meta":[],"product_brand":[691],"product_cat":[697],"product_tag":[1184,1191,1185,1181,1192,1188,1190,1183,1178,851,769,1186,1187,762,1179,1193,1180,1189,1182,997],"class_list":{"0":"post-27637","1":"product","2":"type-product","3":"status-publish","4":"has-post-thumbnail","6":"product_brand-tuffhandicraft","7":"product_cat-crop-top","8":"product_tag-ayarlanabilir-bralet","9":"product_tag-bikini-ustu","10":"product_tag-boho-stil-bralet","11":"product_tag-boho-yazlik-ust","12":"product_tag-bralet","13":"product_tag-bralet-top","14":"product_tag-crop-top-yazlik","15":"product_tag-el-orgusu-bralet","16":"product_tag-el-yapimi-bralet","17":"product_tag-festival-ustu","18":"product_tag-hediye-fikirleri","19":"product_tag-pamuklu-bralet","20":"product_tag-surdurulebilir-bralet","21":"product_tag-surdurulebilir-moda","22":"product_tag-tig-isi-bralet","23":"product_tag-turuncu","24":"product_tag-turuncu-bralet","25":"product_tag-yaz-ustu-kadin","26":"product_tag-yazlik-bralet","27":"product_tag-yazlik-ust","29":"first","30":"instock","31":"taxable","32":"shipping-taxable","33":"purchasable","34":"product-type-variable","35":"has-default-attributes"},"_links":{"self":[{"href":"https:\/\/tuffhandicraft.com\/de\/wp-json\/wp\/v2\/product\/27637","targetHints":{"allow":["GET"]}}],"collection":[{"href":"https:\/\/tuffhandicraft.com\/de\/wp-json\/wp\/v2\/product"}],"about":[{"href":"https:\/\/tuffhandicraft.com\/de\/wp-json\/wp\/v2\/types\/product"}],"replies":[{"embeddable":true,"href":"https:\/\/tuffhandicraft.com\/de\/wp-json\/wp\/v2\/comments?post=27637"}],"version-history":[{"count":0,"href":"https:\/\/tuffhandicraft.com\/de\/wp-json\/wp\/v2\/product\/27637\/revisions"}],"wp:featuredmedia":[{"embeddable":true,"href":"https:\/\/tuffhandicraft.com\/de\/wp-json\/wp\/v2\/media\/28310"}],"wp:attachment":[{"href":"https:\/\/tuffhandicraft.com\/de\/wp-json\/wp\/v2\/media?parent=27637"}],"wp:term":[{"taxonomy":"product_brand","embeddable":true,"href":"https:\/\/tuffhandicraft.com\/de\/wp-json\/wp\/v2\/product_brand?post=27637"},{"taxonomy":"product_cat","embeddable":true,"href":"https:\/\/tuffhandicraft.com\/de\/wp-json\/wp\/v2\/product_cat?post=27637"},{"taxonomy":"product_tag","embeddable":true,"href":"https:\/\/tuffhandicraft.com\/de\/wp-json\/wp\/v2\/product_tag?post=27637"}],"curies":[{"name":"wp","href":"https:\/\/api.w.org\/{rel}","templated":true}]}}