{"id":27641,"date":"2025-05-11T00:24:29","date_gmt":"2025-05-10T21:24:29","guid":{"rendered":"https:\/\/tasarim.yusufkecici.com.tr\/urun\/handmade-patchwork-backpack-inspired-by-japanese-boro-art-boho-denim-backpack-eco-friendly-unique-bag-special-gift-for-her\/"},"modified":"2025-08-21T17:38:01","modified_gmt":"2025-08-21T14:38:01","slug":"japon-boro-denim-sirt-cantasi","status":"publish","type":"product","link":"https:\/\/tuffhandicraft.com\/de\/magaza\/canta\/sirt-cantasi\/japon-boro-denim-sirt-cantasi\/","title":{"rendered":"Japanischer Boro Denim Rucksack \u2013 Upcycling"},"content":{"rendered":"<h3 data-start=\"212\" data-end=\"294\">\ud83c\udf92 <strong data-start=\"219\" data-end=\"294\">Japanischer Boro Denim Rucksack \u2013 Upcycling, handgefertigt und einzigartig<\/strong><\/h3>\n<p data-start=\"296\" data-end=\"639\">Dieser Upcycling-Rucksack ist von der japanischen Boro-Kunst inspiriert. Dieses einzigartige St\u00fcck besteht aus \u00fcber 18 Stoffen mit unterschiedlichen Texturen und Geschichten. Details, die mit 20 verschiedenen Handsticktechniken gefertigt wurden, verleihen der Tasche eine einzigartige Note und Tiefe.<\/p>\n<p data-start=\"641\" data-end=\"895\">Boro ist eine jahrhundertealte japanische Reparatur- und Recyclingtechnik. Diese Tasche verk\u00f6rpert diese Philosophie und verbindet Zero-Waste-Ansatz mit Stil. Sie ist mehr als nur eine Tasche; sie ist eine Hommage an Nachhaltigkeit, Handwerkskunst und kulturelles Erbe.<\/p>\n<hr data-start=\"897\" data-end=\"900\" \/>\n<h3 data-start=\"902\" data-end=\"930\">\ud83e\uddf5 <strong data-start=\"909\" data-end=\"928\">Materialinformationen<\/strong><img loading=\"lazy\" decoding=\"async\" class=\"wd-lazy-fade size-full wp-image-28000 alignright\" style=\"color: #333333; font-size: 16px;\" src=\"https:\/\/tuffhandicraft.com\/wp-content\/themes\/woodmart\/images\/lazy.svg\" data-src=\"https:\/\/tuffhandicraft.com\/wp-content\/uploads\/2021\/08\/footer-logo-1.png\" alt=\"Japanischer Boro Denim Rucksack - Upcycling \" width=\"220\" height=\"40\" title=\"\" srcset=\"\" data-srcset=\"https:\/\/tuffhandicraft.com\/wp-content\/uploads\/2021\/08\/footer-logo-1.png 220w, https:\/\/tuffhandicraft.com\/wp-content\/uploads\/2021\/08\/footer-logo-1-150x27.png 150w\" sizes=\"auto, (max-width: 220px) 100vw, 220px\" \/><\/h3>\n<ul data-start=\"931\" data-end=\"1100\">\n<li data-start=\"931\" data-end=\"968\">\n<p data-start=\"933\" data-end=\"968\">Recycelte Stoffe<\/p>\n<\/li>\n<li data-start=\"969\" data-end=\"998\">\n<p data-start=\"971\" data-end=\"998\">Mehr als 18 verschiedene St\u00fccke<\/p>\n<\/li>\n<li data-start=\"999\" data-end=\"1030\">\n<p data-start=\"1001\" data-end=\"1030\">20 verschiedene Handsticktechniken<\/p>\n<\/li>\n<li data-start=\"1031\" data-end=\"1057\">\n<p data-start=\"1033\" data-end=\"1057\">Innen mit Baumwolle gef\u00fcttert<\/p>\n<\/li>\n<li data-start=\"1058\" data-end=\"1100\">\n<p data-start=\"1060\" data-end=\"1100\">Verstellbare Tr\u00e4ger und robuster Rei\u00dfverschluss<\/p>\n<\/li>\n<\/ul>\n<hr data-start=\"1102\" data-end=\"1105\" \/>\n<h3 data-start=\"1107\" data-end=\"1144\">\ud83c\udfaf <strong data-start=\"1114\" data-end=\"1142\">Einsatzbereich und Komfort<\/strong><\/h3>\n<p data-start=\"1145\" data-end=\"1348\">Es eignet sich perfekt f\u00fcr den t\u00e4glichen Gebrauch, auf Reisen oder in Kombinationen, die Ihrem kreativen Stil entsprechen. Es ist leicht und robust. Sein ger\u00e4umiger Innenraum bietet Platz f\u00fcr wichtige Dinge wie B\u00fccher, Tablets und Geldb\u00f6rsen.<\/p>\n<hr data-start=\"1350\" data-end=\"1353\" \/>\n<h3 data-start=\"1355\" data-end=\"1380\">\ud83c\udfa8 <strong data-start=\"1362\" data-end=\"1378\">Stilvorschlag<\/strong><\/h3>\n<p data-start=\"1381\" data-end=\"1566\">Es passt perfekt zu Boho-, Minimal- oder Vintage-Stilen. Kombinieren Sie es mit \u00fcbergro\u00dfen Jacken, Leinenhosen oder einfachen T-Shirts. <a href=\"https:\/\/tuffhandicraft.com\/de\/produkt\/mini-capraz-canta\/\">die Tasche<\/a> Sie k\u00f6nnen es zu einem Starst\u00fcck machen.<\/p>\n<p data-start=\"842\" data-end=\"993\">Weitere Modelle, die m\u00f6glicherweise zu Ihrem Stil und mehr passen, finden Sie bei Tuff\u00a0<a href=\"https:\/\/www.pinterest.com\/TuffHandicraft01\/\" target=\"_blank\" rel=\"noopener\">Pinterest<\/a>\u00a0Besuchen Sie die Welt von.<\/p>\n<hr data-start=\"1568\" data-end=\"1571\" \/>\n<h3 data-start=\"1573\" data-end=\"1615\">\u267b\ufe0f <strong data-start=\"1580\" data-end=\"1613\">Handarbeit &amp; Nachhaltigkeit<\/strong><\/h3>\n<p data-start=\"1616\" data-end=\"1798\">Jede Tasche wird mit einer nachhaltigen Modephilosophie hergestellt, ist ein Unikat und tr\u00e4gt den Geist vergangener Stoffe in sich. Wir lehnen Massenproduktion ab und halten uns an das Null-Abfall-Prinzip.<\/p>\n<hr data-start=\"1800\" data-end=\"1803\" \/>\n<h3 data-start=\"1805\" data-end=\"1832\">\ud83e\uddfc <strong data-start=\"1812\" data-end=\"1830\">Wartungsanweisungen<\/strong><\/h3>\n<p data-start=\"1833\" data-end=\"1928\">Handw\u00e4sche in kaltem Wasser wird empfohlen. Nicht im Trockner trocknen, sondern auf einer flachen Oberfl\u00e4che trocknen.<\/p>\n<hr data-start=\"1930\" data-end=\"1933\" \/>\n<h3 data-start=\"1935\" data-end=\"1981\">\u2728 <strong data-start=\"1941\" data-end=\"1981\">Warum sollten Sie sich f\u00fcr diese Tasche entscheiden?<\/strong><\/h3>\n<ul data-start=\"1983\" data-end=\"2221\">\n<li data-start=\"1983\" data-end=\"2026\">\n<p data-start=\"1985\" data-end=\"2026\">Upcycling-Produkt mit \u00fcber 18 Jeansteilen<\/p>\n<\/li>\n<li data-start=\"2027\" data-end=\"2071\">\n<p data-start=\"2029\" data-end=\"2071\">Verziert mit 20 verschiedenen Handsticktechniken<\/p>\n<\/li>\n<li data-start=\"2072\" data-end=\"2114\">\n<p data-start=\"2074\" data-end=\"2114\">Inspiriert von der japanischen Boro-Kunst<\/p>\n<\/li>\n<li data-start=\"2115\" data-end=\"2151\">\n<p data-start=\"2117\" data-end=\"2151\">%100 el yap\u0131m\u0131 ve s\u00fcrd\u00fcr\u00fclebilir<\/p>\n<\/li>\n<li data-start=\"2152\" data-end=\"2181\">\n<p data-start=\"2154\" data-end=\"2181\">Jeder ist einzigartig<\/p>\n<\/li>\n<li data-start=\"2182\" data-end=\"2221\">\n<p data-start=\"2184\" data-end=\"2221\">Alltagstauglich, langlebig und stylisch<\/p>\n<\/li>\n<\/ul>","protected":false},"excerpt":{"rendered":"<p data-start=\"165\" data-end=\"329\">Ein von der japanischen Boro-Kunst inspirierter, handgefertigter Upcycling-Rucksack, der durch die Kombination von mehr als 18 Stoffst\u00fccken und 20 verschiedenen Handsticktechniken entstanden ist.<\/p>","protected":false},"featured_media":27852,"comment_status":"open","ping_status":"closed","template":"","meta":[],"product_brand":[691],"product_cat":[686,705],"product_tag":[1102,1097,1099,812,1101,769,1098,1104,1096,1105,1100,1106,817,1103,753],"class_list":{"0":"post-27641","1":"product","2":"type-product","3":"status-publish","4":"has-post-thumbnail","6":"product_brand-tuffhandicraft","7":"product_cat-canta","8":"product_cat-sirt-cantasi","9":"product_tag-boho-sirt-cantasi","10":"product_tag-denim-sirt-cantasi","11":"product_tag-el-nakisi-canta","12":"product_tag-el-yapimi-canta","13":"product_tag-etnik-canta","14":"product_tag-hediye-fikirleri","15":"product_tag-ileri-donusturulmus-urun","16":"product_tag-japanese-boro-art","17":"product_tag-japon-boro-canta","18":"product_tag-japon-boro-sanati","19":"product_tag-patchwork-sirt-cantasi","20":"product_tag-patchwork-tasarim","21":"product_tag-surdurulebilir-canta","22":"product_tag-unik-tasarim-canta","23":"product_tag-yavas-moda","25":"first","26":"instock","27":"sale","28":"taxable","29":"shipping-taxable","30":"purchasable","31":"product-type-simple"},"_links":{"self":[{"href":"https:\/\/tuffhandicraft.com\/de\/wp-json\/wp\/v2\/product\/27641","targetHints":{"allow":["GET"]}}],"collection":[{"href":"https:\/\/tuffhandicraft.com\/de\/wp-json\/wp\/v2\/product"}],"about":[{"href":"https:\/\/tuffhandicraft.com\/de\/wp-json\/wp\/v2\/types\/product"}],"replies":[{"embeddable":true,"href":"https:\/\/tuffhandicraft.com\/de\/wp-json\/wp\/v2\/comments?post=27641"}],"version-history":[{"count":1,"href":"https:\/\/tuffhandicraft.com\/de\/wp-json\/wp\/v2\/product\/27641\/revisions"}],"predecessor-version":[{"id":30278,"href":"https:\/\/tuffhandicraft.com\/de\/wp-json\/wp\/v2\/product\/27641\/revisions\/30278"}],"wp:featuredmedia":[{"embeddable":true,"href":"https:\/\/tuffhandicraft.com\/de\/wp-json\/wp\/v2\/media\/27852"}],"wp:attachment":[{"href":"https:\/\/tuffhandicraft.com\/de\/wp-json\/wp\/v2\/media?parent=27641"}],"wp:term":[{"taxonomy":"product_brand","embeddable":true,"href":"https:\/\/tuffhandicraft.com\/de\/wp-json\/wp\/v2\/product_brand?post=27641"},{"taxonomy":"product_cat","embeddable":true,"href":"https:\/\/tuffhandicraft.com\/de\/wp-json\/wp\/v2\/product_cat?post=27641"},{"taxonomy":"product_tag","embeddable":true,"href":"https:\/\/tuffhandicraft.com\/de\/wp-json\/wp\/v2\/product_tag?post=27641"}],"curies":[{"name":"wp","href":"https:\/\/api.w.org\/{rel}","templated":true}]}}