{"id":27647,"date":"2025-05-11T00:24:33","date_gmt":"2025-05-10T21:24:33","guid":{"rendered":"https:\/\/tasarim.yusufkecici.com.tr\/urun\/small-crossbody-sling-bag-straw-mini-cell-phone-bag-handmade-blue-raffia-purse-hand-knitted-small-shoulder-bag-gift-for-her\/"},"modified":"2025-08-21T17:37:21","modified_gmt":"2025-08-21T14:37:21","slug":"kagit-ip-mini-canta","status":"publish","type":"product","link":"https:\/\/tuffhandicraft.com\/de\/magaza\/canta\/capraz-canta\/kagit-ip-mini-canta\/","title":{"rendered":"Papierschnur-Minibeutel \u2013 vielseitig einsetzbar und minimalistisch"},"content":{"rendered":"<h3 data-start=\"191\" data-end=\"253\">\ud83d\udc5c <strong data-start=\"198\" data-end=\"253\">Papier-String-Mini-Tasche \u2013 Crossover-Einsatz und minimalistisch<\/strong><\/h3>\n<p data-start=\"255\" data-end=\"532\">Diese handgefertigte Minitasche aus nat\u00fcrlichem Papiergarn besticht durch ihren minimalistischen, umweltfreundlichen Stil. Ihr leichter, bequemer Crossbody-Gurt und das elegante Design machen sie zu einem unverzichtbaren Accessoire f\u00fcr Stadt und Freizeit. Ihr zeitloses Design passt zu jedem Alter und Stil.<\/p>\n<hr data-start=\"534\" data-end=\"537\" \/>\n<h3 data-start=\"539\" data-end=\"567\">\ud83e\uddf5 <strong data-start=\"546\" data-end=\"565\">Materialinformationen<\/strong><img loading=\"lazy\" decoding=\"async\" class=\"wd-lazy-fade size-full wp-image-28000 alignright\" style=\"color: #333333; font-size: 16px;\" src=\"https:\/\/tuffhandicraft.com\/wp-content\/themes\/woodmart\/images\/lazy.svg\" data-src=\"https:\/\/tuffhandicraft.com\/wp-content\/uploads\/2021\/08\/footer-logo-1.png\" alt=\"Etnik DesKa\u011f\u0131t \u0130p Mini \u00c7anta\" width=\"220\" height=\"40\" title=\"\" srcset=\"\" data-srcset=\"https:\/\/tuffhandicraft.com\/wp-content\/uploads\/2021\/08\/footer-logo-1.png 220w, https:\/\/tuffhandicraft.com\/wp-content\/uploads\/2021\/08\/footer-logo-1-150x27.png 150w\" sizes=\"auto, (max-width: 220px) 100vw, 220px\" \/><\/h3>\n<p data-start=\"568\" data-end=\"785\">Die Tasche ist komplett handgefertigt und besteht aus umweltfreundlichem und recycelbarem Papiergarn. Dieses Naturgarn ist leicht und strapazierf\u00e4hig zugleich. Seine umweltfreundliche Struktur tr\u00e4gt zu nachhaltiger Mode bei.<\/p>\n<hr data-start=\"787\" data-end=\"790\" \/>\n<h3 data-start=\"792\" data-end=\"829\">\ud83c\udfaf <strong data-start=\"799\" data-end=\"827\">Einsatzbereich und Komfort<\/strong><\/h3>\n<ul data-start=\"830\" data-end=\"1108\">\n<li data-start=\"830\" data-end=\"886\">\n<p data-start=\"832\" data-end=\"886\">Ideal f\u00fcr den Alltag, Spazierg\u00e4nge oder Urlaub<\/p>\n<\/li>\n<li data-start=\"887\" data-end=\"954\">\n<p data-start=\"889\" data-end=\"954\">Gen\u00fcgend Platz f\u00fcr wichtige Dinge wie Telefon, Geldb\u00f6rse und Schl\u00fcssel<\/p>\n<\/li>\n<li data-start=\"955\" data-end=\"1008\">\n<p data-start=\"957\" data-end=\"1008\">Leicht zu tragen mit verstellbarem Crossbody-Gurt<\/p>\n<\/li>\n<li data-start=\"1009\" data-end=\"1054\">\n<p data-start=\"1011\" data-end=\"1054\">Mini-Gr\u00f6\u00dfe, leicht und einfach zu tragen<\/p>\n<\/li>\n<li data-start=\"1055\" data-end=\"1108\">\n<p data-start=\"1057\" data-end=\"1108\">Die perfekte Erg\u00e4nzung zum City- und Beach-Style<\/p>\n<\/li>\n<\/ul>\n<hr data-start=\"1110\" data-end=\"1113\" \/>\n<h3 data-start=\"1115\" data-end=\"1140\">\ud83c\udfa8 <strong data-start=\"1122\" data-end=\"1138\">Stilvorschlag<\/strong><\/h3>\n<p data-start=\"1141\" data-end=\"1356\">In Kombination mit Boh\u00e8me-Kleidern, Leinenanz\u00fcgen oder schlichten Basic-T-Shirts bietet sie einen nat\u00fcrlichen und eleganten Stil. Mit ihren minimalistischen Linien ist die Mini-Tasche aus Papierschnur das i-T\u00fcpfelchen sowohl f\u00fcr den Alltag als auch f\u00fcr Sommerabende.<\/p>\n<p data-start=\"1269\" data-end=\"1509\">Weitere Modelle, die m\u00f6glicherweise zu Ihrem Stil und mehr passen, finden Sie bei Tuff\u00a0<a href=\"https:\/\/www.pinterest.com\/TuffHandicraft01\/\" target=\"_blank\" rel=\"noopener\">Pinterest<\/a> Besuchen Sie die Welt von.<\/p>\n<hr data-start=\"1358\" data-end=\"1361\" \/>\n<h3 data-start=\"1363\" data-end=\"1406\">\u267b\ufe0f <strong data-start=\"1370\" data-end=\"1404\">Handarbeit und Nachhaltigkeit<\/strong><\/h3>\n<p data-start=\"1407\" data-end=\"1644\">Das <a href=\"https:\/\/tuffhandicraft.com\/de\/produkt\/kagit-ip-canta\/\">Minibeutel aus Papierschnur<\/a> Es ist handgestrickt und folgt einem Slow-Fashion-Ansatz. Statt Massenproduktion setzen wir auf einen arbeits- und zeitbasierten Produktionsprozess. Das Papierschnurmaterial ist recycelbar und biologisch abbaubar und respektiert sowohl die Natur als auch die ethische Mode.<\/p>\n<hr data-start=\"1646\" data-end=\"1649\" \/>\n<h3 data-start=\"1651\" data-end=\"1681\">\ud83e\uddfc <strong data-start=\"1658\" data-end=\"1679\">Pflegehinweise<\/strong><\/h3>\n<p data-start=\"1682\" data-end=\"1879\">Es l\u00e4sst sich leicht mit einem feuchten Tuch reinigen. Aufgrund der Beschaffenheit des Papierseils wird davon abgeraten, es in der Maschine zu waschen oder l\u00e4ngere Zeit in feuchter Umgebung aufzubewahren. Es sollte trocken und auf einer ebenen Fl\u00e4che gelagert werden.<\/p>\n<hr data-start=\"1881\" data-end=\"1884\" \/>\n<h3 data-start=\"1886\" data-end=\"1932\">\u2728 <strong data-start=\"1892\" data-end=\"1932\">Warum sollten Sie sich f\u00fcr diese Tasche entscheiden?<\/strong><\/h3>\n<ul data-start=\"1934\" data-end=\"2150\">\n<li data-start=\"1934\" data-end=\"1967\">\n<p data-start=\"1936\" data-end=\"1967\">%100 el yap\u0131m\u0131 ve etik \u00fcretim<\/p>\n<\/li>\n<li data-start=\"1968\" data-end=\"1995\">\n<p data-start=\"1970\" data-end=\"1995\">Nat\u00fcrliches Papierseilmaterial<\/p>\n<\/li>\n<li data-start=\"1996\" data-end=\"2032\">\n<p data-start=\"1998\" data-end=\"2032\">Leichtes, praktisches und minimalistisches Design<\/p>\n<\/li>\n<li data-start=\"2033\" data-end=\"2068\">\n<p data-start=\"2035\" data-end=\"2068\">Bequemes Tragen mit Crossbody-Gurten<\/p>\n<\/li>\n<li data-start=\"2069\" data-end=\"2113\">\n<p data-start=\"2071\" data-end=\"2113\">Ideal f\u00fcr den Alltag und den Sommerurlaub<\/p>\n<\/li>\n<li data-start=\"2114\" data-end=\"2150\">\n<p data-start=\"2116\" data-end=\"2150\">Nachhaltiges und umweltfreundliches Produkt<\/p>\n<\/li>\n<\/ul>","protected":false},"excerpt":{"rendered":"<p>Diese handgefertigte Minitasche aus Papierseil mit ihrem leichten Design und dem Crossbody-Gurt ist ideal f\u00fcr den Alltag. Ihr minimalistischer Stil und die nat\u00fcrliche Textur verleihen jedem Outfit eine elegante Note.<\/p>","protected":false},"featured_media":28260,"comment_status":"open","ping_status":"closed","template":"","meta":[],"product_brand":[691],"product_cat":[704,686],"product_tag":[846,870,1040,811,819,1020,1041,769,1036,1038,1042,1039,817,869,1043,904,1037],"class_list":{"0":"post-27647","1":"product","2":"type-product","3":"status-publish","4":"has-post-thumbnail","6":"product_brand-tuffhandicraft","7":"product_cat-capraz-canta","8":"product_cat-canta","9":"product_tag-boho-stil-canta","10":"product_tag-capraz-askili-canta","11":"product_tag-cevre-dostu-canta","12":"product_tag-doga-dostu-canta","13":"product_tag-el-orgusu-canta","14":"product_tag-el-yapimi-capraz-canta","15":"product_tag-gunluk-mini-canta","16":"product_tag-hediye-fikirleri","17":"product_tag-kagit-ip-mini-canta","18":"product_tag-kucuk-el-yapimi-canta","19":"product_tag-mavi","20":"product_tag-minimal-tasarim-canta","21":"product_tag-surdurulebilir-canta","22":"product_tag-telefon-cantasi","23":"product_tag-vegan-urun","24":"product_tag-yavas-moda-aksesuar","25":"product_tag-yazlik-mini-canta","27":"first","28":"instock","29":"sale","30":"taxable","31":"shipping-taxable","32":"purchasable","33":"product-type-simple"},"_links":{"self":[{"href":"https:\/\/tuffhandicraft.com\/de\/wp-json\/wp\/v2\/product\/27647","targetHints":{"allow":["GET"]}}],"collection":[{"href":"https:\/\/tuffhandicraft.com\/de\/wp-json\/wp\/v2\/product"}],"about":[{"href":"https:\/\/tuffhandicraft.com\/de\/wp-json\/wp\/v2\/types\/product"}],"replies":[{"embeddable":true,"href":"https:\/\/tuffhandicraft.com\/de\/wp-json\/wp\/v2\/comments?post=27647"}],"version-history":[{"count":1,"href":"https:\/\/tuffhandicraft.com\/de\/wp-json\/wp\/v2\/product\/27647\/revisions"}],"predecessor-version":[{"id":30277,"href":"https:\/\/tuffhandicraft.com\/de\/wp-json\/wp\/v2\/product\/27647\/revisions\/30277"}],"wp:featuredmedia":[{"embeddable":true,"href":"https:\/\/tuffhandicraft.com\/de\/wp-json\/wp\/v2\/media\/28260"}],"wp:attachment":[{"href":"https:\/\/tuffhandicraft.com\/de\/wp-json\/wp\/v2\/media?parent=27647"}],"wp:term":[{"taxonomy":"product_brand","embeddable":true,"href":"https:\/\/tuffhandicraft.com\/de\/wp-json\/wp\/v2\/product_brand?post=27647"},{"taxonomy":"product_cat","embeddable":true,"href":"https:\/\/tuffhandicraft.com\/de\/wp-json\/wp\/v2\/product_cat?post=27647"},{"taxonomy":"product_tag","embeddable":true,"href":"https:\/\/tuffhandicraft.com\/de\/wp-json\/wp\/v2\/product_tag?post=27647"}],"curies":[{"name":"wp","href":"https:\/\/api.w.org\/{rel}","templated":true}]}}