{"id":27649,"date":"2025-05-11T00:24:34","date_gmt":"2025-05-10T21:24:34","guid":{"rendered":"https:\/\/tasarim.yusufkecici.com.tr\/urun\/crochet-cardigan-with-ethnic-pattern-on-the-back-handmade-oversized-boho-cardigan-unique-hand-knit-80s-sweater-moon-symbol-gift-for-her\/"},"modified":"2025-11-01T00:25:02","modified_gmt":"2025-10-31T21:25:02","slug":"etnik-desenli-motifli-hirka","status":"publish","type":"product","link":"https:\/\/tuffhandicraft.com\/de\/magaza\/hirka\/etnik-desenli-motifli-hirka\/","title":{"rendered":"Strickjacke mit ethnischem Muster und R\u00fcckenmotiv \u2013 Bohemian-Stil und einzigartig"},"content":{"rendered":"<h3 data-start=\"173\" data-end=\"242\">\ud83e\uddf6 <strong data-start=\"180\" data-end=\"242\">Strickjacke mit ethnischem Muster und R\u00fcckenmotiv \u2013 Bohemian-Stil und einzigartig<\/strong><\/h3>\n<p data-start=\"244\" data-end=\"582\">Diese handgefertigte H\u00e4keljacke mit ihrem auff\u00e4lligen Ethno-Muster auf der R\u00fcckseite ist alles andere als gew\u00f6hnlich. Dieses St\u00fcck, durchdrungen von Boh\u00e8me-Energie, wird mit seinen satten Farb\u00fcberg\u00e4ngen und der sorgf\u00e4ltigen Verarbeitung zum Liebling aller, die Originalit\u00e4t suchen. Sein Tragekomfort und sein markantes Design machen ihn zum perfekten Begleiter f\u00fcr jeden Anlass, vom Alltag bis zum Festival.<\/p>\n<hr data-start=\"584\" data-end=\"587\" \/>\n<h3 data-start=\"589\" data-end=\"615\">\ud83e\uddf5 <strong data-start=\"596\" data-end=\"615\">Materialinformationen<\/strong><img loading=\"lazy\" decoding=\"async\" class=\"wd-lazy-fade size-full wp-image-28000 alignright\" style=\"color: #333333; font-size: 16px;\" src=\"https:\/\/tuffhandicraft.com\/wp-content\/themes\/woodmart\/images\/lazy.svg\" data-src=\"https:\/\/tuffhandicraft.com\/wp-content\/uploads\/2021\/08\/footer-logo-1.png\" alt=\"Etnik Desenli S\u0131rt Motifli H\u0131rka\" width=\"220\" height=\"40\" title=\"\" srcset=\"\" data-srcset=\"https:\/\/tuffhandicraft.com\/wp-content\/uploads\/2021\/08\/footer-logo-1.png 220w, https:\/\/tuffhandicraft.com\/wp-content\/uploads\/2021\/08\/footer-logo-1-150x27.png 150w\" sizes=\"auto, (max-width: 220px) 100vw, 220px\" \/><\/h3>\n<p data-start=\"617\" data-end=\"885\">Diese gemusterte Strickjacke ist aus Baumwollgarn handgestrickt. Dank ihrer Naturfasern ist sie hautfreundlich und atmungsaktiv. <a href=\"https:\/\/tuffhandicraft.com\/de\/produkt\/granny-motif-el-orgusu-hirka\/\">w\u00e4hrend der saisonalen \u00dcberg\u00e4nge<\/a> Es bietet einen idealen Tragekomfort. Durch den handgefertigten Produktionsprozess wird jede Strickjacke zu einem Unikat und Charakter.<\/p>\n<hr data-start=\"887\" data-end=\"890\" \/>\n<h3 data-start=\"892\" data-end=\"927\">\u2601\ufe0f <strong data-start=\"899\" data-end=\"927\">Einsatzbereich und Komfort<\/strong><\/h3>\n<ul data-start=\"929\" data-end=\"1210\">\n<li data-start=\"929\" data-end=\"996\">\n<p data-start=\"931\" data-end=\"996\">Eine leichte Oberbekleidungsalternative f\u00fcr den Fr\u00fchling und k\u00fchle Sommerabende<\/p>\n<\/li>\n<li data-start=\"997\" data-end=\"1060\">\n<p data-start=\"999\" data-end=\"1060\">Kann mit Jeans, R\u00f6cken oder Kleidern f\u00fcr den Alltag kombiniert werden<\/p>\n<\/li>\n<li data-start=\"1061\" data-end=\"1129\">\n<p data-start=\"1063\" data-end=\"1129\">Bietet bequemen Schnitt und Bewegungsfreiheit dank Oversize-Form.<\/p>\n<\/li>\n<li data-start=\"1130\" data-end=\"1210\">\n<p data-start=\"1132\" data-end=\"1210\">Das Ethno-Motiv auf der R\u00fcckenpartie kommt besonders gut in Kombination mit minimalistischen St\u00fccken zur Geltung.<\/p>\n<\/li>\n<\/ul>\n<hr data-start=\"1212\" data-end=\"1215\" \/>\n<h3 data-start=\"1217\" data-end=\"1240\">\ud83c\udfa8 <strong data-start=\"1224\" data-end=\"1240\">Stilvorschlag<\/strong><\/h3>\n<p data-start=\"1242\" data-end=\"1479\">Er passt wunderbar zu Boh\u00e8me-, Ethno- oder Vintage-inspirierten Stilen. Kombinieren Sie diese Strickjacke mit schlichten Crop-Tops, Leinenhosen oder Stiefeln f\u00fcr einen festlich-schicken Look. Verleihen Sie Ihren schlichten Outfits mit einem Muster auf der R\u00fcckseite eine auff\u00e4llige Note.<\/p>\n<p data-start=\"1242\" data-end=\"1479\">Weitere Modelle, die m\u00f6glicherweise zu Ihrem Stil und mehr passen, finden Sie bei Tuff\u00a0<a href=\"https:\/\/www.pinterest.com\/TuffHandicraft01\/\" target=\"_blank\" rel=\"noopener\">Pinterest<\/a>\u00a0Besuchen Sie die Welt von.<\/p>\n<hr data-start=\"1481\" data-end=\"1484\" \/>\n<h3 data-start=\"1486\" data-end=\"1526\">\u267b\ufe0f <strong data-start=\"1493\" data-end=\"1526\">Handarbeit &amp; Nachhaltigkeit<\/strong><\/h3>\n<p data-start=\"1528\" data-end=\"1811\">Diese Strickjacke wird nach dem Prinzip der Slow Fashion handgefertigt. Sie wurde entworfen, um zeitlose, hochwertige St\u00fccke anzubieten und Massenproduktion zu vermeiden. Da jedes St\u00fcck handgestrickt ist, machen subtile Unterschiede im Detail es zu einem Unikat. Sie wird mit einem nachhaltigen Modeansatz hergestellt, ohne die Umwelt zu sch\u00e4digen.<\/p>\n<hr data-start=\"1813\" data-end=\"1816\" \/>\n<h3 data-start=\"1818\" data-end=\"1846\">\ud83e\uddfc <strong data-start=\"1825\" data-end=\"1846\">Pflegehinweise<\/strong><\/h3>\n<p data-start=\"1848\" data-end=\"2017\">Um den empfindlichen, handgestrickten Stoff zu schonen, empfehlen wir Handw\u00e4sche in kaltem Wasser. Verwenden Sie keinen Trockner. Das Trocknen auf einer flachen Oberfl\u00e4che f\u00fchrt zu den besten Ergebnissen.<\/p>\n<hr data-start=\"2019\" data-end=\"2022\" \/>\n<h3 data-start=\"2024\" data-end=\"2070\">\u2728 <strong data-start=\"2030\" data-end=\"2070\">Warum sollten Sie sich f\u00fcr diese Strickjacke entscheiden?<\/strong><\/h3>\n<ul data-start=\"2072\" data-end=\"2325\">\n<li data-start=\"2072\" data-end=\"2129\">\n<p data-start=\"2074\" data-end=\"2129\">Einzigartiges Design mit ethnischen Motiven auf der R\u00fcckseite<\/p>\n<\/li>\n<li data-start=\"2130\" data-end=\"2161\">\n<p data-start=\"2132\" data-end=\"2161\">%100 el yap\u0131m\u0131, etik \u00fcretim<\/p>\n<\/li>\n<li data-start=\"2162\" data-end=\"2206\">\n<p data-start=\"2164\" data-end=\"2206\">Ein originelles St\u00fcck f\u00fcr alle, die den Boh\u00e8me-Stil lieben<\/p>\n<\/li>\n<li data-start=\"2207\" data-end=\"2234\">\n<p data-start=\"2209\" data-end=\"2234\">\u00dcbergro\u00dfer und entspannter Schnitt<\/p>\n<\/li>\n<li data-start=\"2235\" data-end=\"2281\">\n<p data-start=\"2237\" data-end=\"2281\">Nachhaltiger und umweltfreundlicher Modeansatz<\/p>\n<\/li>\n<li data-start=\"2282\" data-end=\"2325\">\n<p data-start=\"2284\" data-end=\"2325\">Gestrickt mit nat\u00fcrlichen Baumwollgarnen<\/p>\n<\/li>\n<\/ul>","protected":false},"excerpt":{"rendered":"<p data-start=\"148\" data-end=\"319\">Diese handgefertigte H\u00e4keljacke mit ihrem auff\u00e4lligen Ethno-Motiv auf der R\u00fcckseite strahlt Boh\u00e8me-Energie aus. Der \u00fcbergro\u00dfe Schnitt und das nat\u00fcrliche Garn machen sie zu einem bequemen, originellen und zeitlosen Kleidungsst\u00fcck.<\/p>","protected":false},"featured_media":28256,"comment_status":"open","ping_status":"closed","template":"","meta":[],"product_brand":[691],"product_cat":[688],"product_tag":[1028,774,924,1029,1001,1035,932,1031,769,1030,1032,1027,762,1033,931,1034],"class_list":{"0":"post-27649","1":"product","2":"type-product","3":"status-publish","4":"has-post-thumbnail","6":"product_brand-tuffhandicraft","7":"product_cat-hirka","8":"product_tag-bohem-tarz-hirka","9":"product_tag-dogal-iplik-hirka","10":"product_tag-el-orgusu-hirka","11":"product_tag-el-yapimi-tig-isi-hirka","12":"product_tag-el-yapimi-ust","13":"product_tag-etnik","14":"product_tag-etnik-desenli-hirka","15":"product_tag-festival-hirkasi","16":"product_tag-hediye-fikirleri","17":"product_tag-oversize-orgu-hirka","18":"product_tag-renkli-sirt-motifli-hirka","19":"product_tag-sirti-motifli-hirka","20":"product_tag-surdurulebilir-moda","21":"product_tag-uzun-kollu-orgu-hirka","22":"product_tag-vintage-stil-hirka","23":"product_tag-yavas-moda-hirka","25":"first","26":"instock","27":"taxable","28":"shipping-taxable","29":"purchasable","30":"product-type-variable"},"_links":{"self":[{"href":"https:\/\/tuffhandicraft.com\/de\/wp-json\/wp\/v2\/product\/27649","targetHints":{"allow":["GET"]}}],"collection":[{"href":"https:\/\/tuffhandicraft.com\/de\/wp-json\/wp\/v2\/product"}],"about":[{"href":"https:\/\/tuffhandicraft.com\/de\/wp-json\/wp\/v2\/types\/product"}],"replies":[{"embeddable":true,"href":"https:\/\/tuffhandicraft.com\/de\/wp-json\/wp\/v2\/comments?post=27649"}],"version-history":[{"count":1,"href":"https:\/\/tuffhandicraft.com\/de\/wp-json\/wp\/v2\/product\/27649\/revisions"}],"predecessor-version":[{"id":30593,"href":"https:\/\/tuffhandicraft.com\/de\/wp-json\/wp\/v2\/product\/27649\/revisions\/30593"}],"wp:featuredmedia":[{"embeddable":true,"href":"https:\/\/tuffhandicraft.com\/de\/wp-json\/wp\/v2\/media\/28256"}],"wp:attachment":[{"href":"https:\/\/tuffhandicraft.com\/de\/wp-json\/wp\/v2\/media?parent=27649"}],"wp:term":[{"taxonomy":"product_brand","embeddable":true,"href":"https:\/\/tuffhandicraft.com\/de\/wp-json\/wp\/v2\/product_brand?post=27649"},{"taxonomy":"product_cat","embeddable":true,"href":"https:\/\/tuffhandicraft.com\/de\/wp-json\/wp\/v2\/product_cat?post=27649"},{"taxonomy":"product_tag","embeddable":true,"href":"https:\/\/tuffhandicraft.com\/de\/wp-json\/wp\/v2\/product_tag?post=27649"}],"curies":[{"name":"wp","href":"https:\/\/api.w.org\/{rel}","templated":true}]}}