{"id":27650,"date":"2025-05-11T00:24:34","date_gmt":"2025-05-10T21:24:34","guid":{"rendered":"https:\/\/tasarim.yusufkecici.com.tr\/urun\/mini-raffia-tassel-handbag-small-crossbody-phone-bag-hand-knitted-summer-purse-crochet-straw-bag-with-stone-detail-gift-for-her\/"},"modified":"2025-08-21T17:36:59","modified_gmt":"2025-08-21T14:36:59","slug":"kagit-ip-canta","status":"publish","type":"product","link":"https:\/\/tuffhandicraft.com\/de\/magaza\/canta\/capraz-canta\/kagit-ip-canta\/","title":{"rendered":"Umh\u00e4ngetasche aus Papierseil \u2013 Quaste und Natursteindetail"},"content":{"rendered":"<h3 data-start=\"92\" data-end=\"172\">\ud83d\udc5c <strong data-start=\"99\" data-end=\"172\">Schwarze Umh\u00e4ngetasche aus Papierseil \u2013 Gelbes Futter, Quaste und Natursteindetail<\/strong><\/h3>\n<p data-start=\"174\" data-end=\"565\">Diese schwarze Tasche mit ihrer handgefertigten Textur besticht durch ein nat\u00fcrliches und stilvolles Design. Das leuchtend gelbe Futter ist mit Natursteinen verziert und aus Papierseil gewebt. Es verleiht dem Inneren eine lebendige Note. Bunte Quasten und Natursteindetails sorgen f\u00fcr einen schlichten und zugleich auff\u00e4lligen Look. Die ideale Wahl f\u00fcr alle, die mit ihrem Tragekomfort im Alltag und ihrem einzigartigen Sommer-Style auffallen m\u00f6chten.<\/p>\n<hr data-start=\"567\" data-end=\"570\" \/>\n<h3 data-start=\"572\" data-end=\"600\">\ud83e\uddf5 <strong data-start=\"579\" data-end=\"598\">Materialinformationen<\/strong><strong data-start=\"99\" data-end=\"172\"><img loading=\"lazy\" decoding=\"async\" class=\"wd-lazy-fade size-full wp-image-28000 alignright\" src=\"https:\/\/tuffhandicraft.com\/wp-content\/themes\/woodmart\/images\/lazy.svg\" data-src=\"https:\/\/tuffhandicraft.com\/wp-content\/uploads\/2021\/08\/footer-logo-1.png\" alt=\"Ka\u011f\u0131t \u0130p \u00c7anta - Siyah \u00c7apraz \u00c7anta \u2013 P\u00fcsk\u00fcl ve Do\u011fal Ta\u015f Detayl\u0131\" width=\"220\" height=\"40\" title=\"\" srcset=\"\" data-srcset=\"https:\/\/tuffhandicraft.com\/wp-content\/uploads\/2021\/08\/footer-logo-1.png 220w, https:\/\/tuffhandicraft.com\/wp-content\/uploads\/2021\/08\/footer-logo-1-150x27.png 150w\" sizes=\"auto, (max-width: 220px) 100vw, 220px\" \/><\/strong><\/h3>\n<p data-start=\"601\" data-end=\"860\">Tasche, umweltfreundlich <a href=\"https:\/\/tuffhandicraft.com\/de\/produkt\/kagit-ip-buzgulu-omuz-cantasi\/\">Papierseil<\/a> Es ist komplett aus Baumwolle handgestrickt. Das Innenfutter ist leuchtend gelb. Die Quastendetails bestehen aus Papiergarn und die Steinverzierungen aus nat\u00fcrlichen Materialien. Dank seiner kunststofffreien Struktur ist es umweltfreundlich.<\/p>\n<hr data-start=\"862\" data-end=\"865\" \/>\n<h3 data-start=\"867\" data-end=\"904\">\ud83c\udfaf <strong data-start=\"874\" data-end=\"902\">Einsatzbereich und Komfort<\/strong><\/h3>\n<ul data-start=\"905\" data-end=\"1195\">\n<li data-start=\"905\" data-end=\"956\">\n<p data-start=\"907\" data-end=\"956\">Der Innenraum ist durch sein gelbes Futter gesch\u00fctzt und stilvoll.<\/p>\n<\/li>\n<li data-start=\"957\" data-end=\"1035\">\n<p data-start=\"959\" data-end=\"1035\">Es l\u00e4sst sich problemlos im Stadtalltag oder in Urlaubskombinationen verwenden.<\/p>\n<\/li>\n<li data-start=\"1036\" data-end=\"1069\">\n<p data-start=\"1038\" data-end=\"1069\">Dank der leichten Struktur leicht zu tragen<\/p>\n<\/li>\n<li data-start=\"1070\" data-end=\"1133\">\n<p data-start=\"1072\" data-end=\"1133\">Dank des langen Tragegurts ist eine bequeme Nutzung \u00fcber Kreuz m\u00f6glich.<\/p>\n<\/li>\n<li data-start=\"1134\" data-end=\"1195\">\n<p data-start=\"1136\" data-end=\"1195\">Ideal f\u00fcr wichtige Gegenst\u00e4nde wie Telefon, Geldb\u00f6rse, Schl\u00fcssel<\/p>\n<\/li>\n<\/ul>\n<hr data-start=\"1197\" data-end=\"1200\" \/>\n<h3 data-start=\"1202\" data-end=\"1227\">\ud83c\udfa8 <strong data-start=\"1209\" data-end=\"1225\">Stilvorschlag<\/strong><\/h3>\n<p data-start=\"1228\" data-end=\"1479\">Sie passt perfekt zu Boh\u00e8me-Kleidern, Leinenanz\u00fcgen oder l\u00e4ssigen Outfits. Das gelbe Futter und die nat\u00fcrlichen Details verleihen Ihrem Stil ganz einfach sommerliche Energie. Die schwarze Au\u00dfenfarbe harmoniert mit jeder Farbe und macht die Tasche perfekt f\u00fcr schlichte und glamour\u00f6se Outfits.<\/p>\n<p data-start=\"877\" data-end=\"1029\">Weitere Modelle, die m\u00f6glicherweise zu Ihrem Stil und mehr passen, finden Sie bei Tuff\u00a0<a href=\"https:\/\/www.pinterest.com\/TuffHandicraft01\/\" target=\"_blank\" rel=\"noopener\">Pinterest<\/a>\u00a0Besuchen Sie die Welt von.<\/p>\n<hr data-start=\"1481\" data-end=\"1484\" \/>\n<h3 data-start=\"1486\" data-end=\"1529\">\u267b\ufe0f <strong data-start=\"1493\" data-end=\"1527\">Handarbeit und Nachhaltigkeit<\/strong><\/h3>\n<p data-start=\"1530\" data-end=\"1719\">Diese Tasche wurde nach Slow-Fashion-Prinzipien aus umweltfreundlichem Papiergarn und nat\u00fcrlichen Materialien gefertigt. Jedes Produkt ist ein Unikat, da es handgestrickt ist und so zur nachhaltigen Mode beitr\u00e4gt.<\/p>\n<hr data-start=\"1721\" data-end=\"1724\" \/>\n<h3 data-start=\"1726\" data-end=\"1756\">\ud83e\uddfc <strong data-start=\"1733\" data-end=\"1754\">Pflegehinweise<\/strong><\/h3>\n<p data-start=\"1757\" data-end=\"1897\">Es wird empfohlen, es mit einem feuchten Tuch zu reinigen. Es sollte nicht direktem Wasser ausgesetzt werden und f\u00fcr eine dauerhafte Nutzung an einem k\u00fchlen, trockenen Ort aufbewahrt werden.<\/p>\n<hr data-start=\"1899\" data-end=\"1902\" \/>\n<h3 data-start=\"1904\" data-end=\"1952\">\u2728 <strong data-start=\"1910\" data-end=\"1950\">Warum sollten Sie sich f\u00fcr diese Tasche entscheiden?<\/strong><\/h3>\n<ul data-start=\"1953\" data-end=\"2177\">\n<li data-start=\"1953\" data-end=\"1986\">\n<p data-start=\"1955\" data-end=\"1986\">%100 el yap\u0131m\u0131, \u00f6zg\u00fcn tasar\u0131m<\/p>\n<\/li>\n<li data-start=\"1987\" data-end=\"2024\">\n<p data-start=\"1989\" data-end=\"2024\">Stilvolles Innendetail mit leuchtend gelbem Futter<\/p>\n<\/li>\n<li data-start=\"2025\" data-end=\"2065\">\n<p data-start=\"2027\" data-end=\"2065\">Leichtes und langlebiges Papierseilmaterial<\/p>\n<\/li>\n<li data-start=\"2066\" data-end=\"2100\">\n<p data-start=\"2068\" data-end=\"2100\">Quasten- und Natursteindekorationen<\/p>\n<\/li>\n<li data-start=\"2101\" data-end=\"2140\">\n<p data-start=\"2103\" data-end=\"2140\">Nachhaltige und umweltfreundliche Produktion<\/p>\n<\/li>\n<li data-start=\"2141\" data-end=\"2177\">\n<p data-start=\"2143\" data-end=\"2177\">Geeignet f\u00fcr allt\u00e4gliche und besondere Kombinationen<\/p>\n<\/li>\n<\/ul>","protected":false},"excerpt":{"rendered":"<p>Diese handgefertigte schwarze Papierseiltasche mit leuchtend gelbem Futter, bunten Quasten und Natursteindetails ist stilvoll und umweltfreundlich zugleich. Sie bietet ein leichtes und einzigartiges Design, das sich f\u00fcr den t\u00e4glichen Gebrauch eignet.<\/p>","protected":false},"featured_media":28237,"comment_status":"open","ping_status":"closed","template":"","meta":[],"product_brand":[691],"product_cat":[686,704],"product_tag":[846,811,1025,1023,819,1020,844,769,810,871,988,1022,1021,1026,817,762,839,1024],"class_list":{"0":"post-27650","1":"product","2":"type-product","3":"status-publish","4":"has-post-thumbnail","6":"product_brand-tuffhandicraft","7":"product_cat-canta","8":"product_cat-capraz-canta","9":"product_tag-boho-stil-canta","10":"product_tag-doga-dostu-canta","11":"product_tag-dogal-tas","12":"product_tag-dogal-tasli-canta","13":"product_tag-el-orgusu-canta","14":"product_tag-el-yapimi-capraz-canta","15":"product_tag-festival-cantasi","16":"product_tag-hediye-fikirleri","17":"product_tag-kagit-ip-canta","18":"product_tag-kucuk-capraz-canta","19":"product_tag-puskullu-canta","20":"product_tag-sari-astarli-canta","21":"product_tag-siyah-kagit-ip-canta","22":"product_tag-summer-outfit","23":"product_tag-surdurulebilir-canta","24":"product_tag-surdurulebilir-moda","25":"product_tag-tig-isi-canta","26":"product_tag-yazlik-capraz-canta","28":"first","29":"instock","30":"sale","31":"taxable","32":"shipping-taxable","33":"purchasable","34":"product-type-simple"},"_links":{"self":[{"href":"https:\/\/tuffhandicraft.com\/de\/wp-json\/wp\/v2\/product\/27650","targetHints":{"allow":["GET"]}}],"collection":[{"href":"https:\/\/tuffhandicraft.com\/de\/wp-json\/wp\/v2\/product"}],"about":[{"href":"https:\/\/tuffhandicraft.com\/de\/wp-json\/wp\/v2\/types\/product"}],"replies":[{"embeddable":true,"href":"https:\/\/tuffhandicraft.com\/de\/wp-json\/wp\/v2\/comments?post=27650"}],"version-history":[{"count":1,"href":"https:\/\/tuffhandicraft.com\/de\/wp-json\/wp\/v2\/product\/27650\/revisions"}],"predecessor-version":[{"id":30276,"href":"https:\/\/tuffhandicraft.com\/de\/wp-json\/wp\/v2\/product\/27650\/revisions\/30276"}],"wp:featuredmedia":[{"embeddable":true,"href":"https:\/\/tuffhandicraft.com\/de\/wp-json\/wp\/v2\/media\/28237"}],"wp:attachment":[{"href":"https:\/\/tuffhandicraft.com\/de\/wp-json\/wp\/v2\/media?parent=27650"}],"wp:term":[{"taxonomy":"product_brand","embeddable":true,"href":"https:\/\/tuffhandicraft.com\/de\/wp-json\/wp\/v2\/product_brand?post=27650"},{"taxonomy":"product_cat","embeddable":true,"href":"https:\/\/tuffhandicraft.com\/de\/wp-json\/wp\/v2\/product_cat?post=27650"},{"taxonomy":"product_tag","embeddable":true,"href":"https:\/\/tuffhandicraft.com\/de\/wp-json\/wp\/v2\/product_tag?post=27650"}],"curies":[{"name":"wp","href":"https:\/\/api.w.org\/{rel}","templated":true}]}}