{"id":27652,"date":"2025-05-11T00:24:36","date_gmt":"2025-05-10T21:24:36","guid":{"rendered":"https:\/\/tasarim.yusufkecici.com.tr\/urun\/crochet-side-tie-mesh-top-with-vibrant-color-handmade-crochet-bib-sweater-crochet-ribbed-vest-sunny-side-up-tank-top-festival-top\/"},"modified":"2025-08-10T16:01:06","modified_gmt":"2025-08-10T13:01:06","slug":"yandan-baglamali-suveter","status":"publish","type":"product","link":"https:\/\/tuffhandicraft.com\/de\/magaza\/yelek\/yandan-baglamali-suveter\/","title":{"rendered":"Pullover mit seitlicher Schn\u00fcrung \u2013 Einzigartiger Stil und verstellbares Design"},"content":{"rendered":"<h3 data-start=\"153\" data-end=\"226\">\ud83e\uddf6 <strong data-start=\"160\" data-end=\"226\">Pullover mit seitlicher Schn\u00fcrung \u2013 Einzigartiger Stil und verstellbares Design<\/strong><\/h3>\n<p data-start=\"228\" data-end=\"536\">Dieser handgefertigte Pullover mit seitlicher Schn\u00fcrung und seiner einzigartigen Netzstruktur und der leuchtenden Farbpalette ist einer der auff\u00e4lligsten St\u00fccke des Sommers. Er verf\u00fcgt \u00fcber ein verstellbares Bindedetail f\u00fcr alle, die eine engere oder eine lockerere Passform bevorzugen. Er passt perfekt zu Outfits im Boho-, Retro- oder Festival-Stil.<\/p>\n<hr data-start=\"538\" data-end=\"541\" \/>\n<h3 data-start=\"543\" data-end=\"571\">\ud83e\uddf5 <strong data-start=\"550\" data-end=\"569\">Materialinformationen<\/strong><img loading=\"lazy\" decoding=\"async\" class=\"wd-lazy-fade size-full wp-image-28000 alignright\" style=\"color: #333333; font-size: 16px;\" src=\"https:\/\/tuffhandicraft.com\/wp-content\/themes\/woodmart\/images\/lazy.svg\" data-src=\"https:\/\/tuffhandicraft.com\/wp-content\/uploads\/2021\/08\/footer-logo-1.png\" alt=\"Yandan Ba\u011flamal\u0131 S\u00fcveter \" width=\"220\" height=\"40\" title=\"\" srcset=\"\" data-srcset=\"https:\/\/tuffhandicraft.com\/wp-content\/uploads\/2021\/08\/footer-logo-1.png 220w, https:\/\/tuffhandicraft.com\/wp-content\/uploads\/2021\/08\/footer-logo-1-150x27.png 150w\" sizes=\"auto, (max-width: 220px) 100vw, 220px\" \/><\/h3>\n<p data-start=\"572\" data-end=\"801\">Handgestrickt aus Baumwollgarnen, ist es dank seiner Netzstruktur atmungsaktiv und h\u00e4lt die Haut bei hei\u00dfem Wetter k\u00fchl. Seine leichte und flexible Struktur sorgt f\u00fcr ein angenehmes Tragegef\u00fchl. Es ist hautfreundlich und frei von synthetischen Inhaltsstoffen.<\/p>\n<hr data-start=\"803\" data-end=\"806\" \/>\n<h3 data-start=\"808\" data-end=\"845\">\u2600\ufe0f <strong data-start=\"815\" data-end=\"843\">Einsatzbereich und Komfort<\/strong><\/h3>\n<ul data-start=\"846\" data-end=\"1137\">\n<li data-start=\"846\" data-end=\"912\">\n<p data-start=\"848\" data-end=\"912\">Es passt sich dank seiner seitlichen Bindestruktur an unterschiedliche K\u00f6rpergr\u00f6\u00dfen an.<\/p>\n<\/li>\n<li data-start=\"913\" data-end=\"994\">\n<p data-start=\"915\" data-end=\"994\">Strand, <a href=\"https:\/\/tuffhandicraft.com\/de\/produkt\/denizkizi-rave-crop-top\/\">Festival,<\/a> Es l\u00e4sst sich problemlos zum Brunch oder in allt\u00e4glichen Kombinationen in der Stadt verwenden.<\/p>\n<\/li>\n<li data-start=\"995\" data-end=\"1082\">\n<p data-start=\"997\" data-end=\"1082\">Es bietet einen auff\u00e4lligen und einzigartigen Look, wenn es \u00fcber einem Bralette, Bikini oder Unterw\u00e4sche getragen wird.<\/p>\n<\/li>\n<li data-start=\"1083\" data-end=\"1137\">\n<p data-start=\"1085\" data-end=\"1137\">Bietet Komfort durch seine Leichtigkeit im Sommer und Fr\u00fchling<\/p>\n<\/li>\n<\/ul>\n<hr data-start=\"1139\" data-end=\"1142\" \/>\n<h3 data-start=\"1144\" data-end=\"1169\">\ud83c\udfa8 <strong data-start=\"1151\" data-end=\"1167\">Stilvorschlag<\/strong><\/h3>\n<p data-start=\"1170\" data-end=\"1482\">Kombiniere es mit Jeansshorts mit hoher Taille, weiten Hosen oder Minir\u00f6cken f\u00fcr einen einzigartigen Boho-Festival-Look. Trage ein Bralette in neutralen T\u00f6nen oder einen bunten Bikini darunter f\u00fcr einen mehrlagigen Look. Kombiniere es mit farbenfrohen Accessoires und Stricktaschen f\u00fcr einen harmonischen Look.<\/p>\n<p data-start=\"1415\" data-end=\"1691\">Weitere Modelle, die m\u00f6glicherweise zu Ihrem Stil und mehr passen, finden Sie bei Tuff\u00a0<a href=\"https:\/\/www.pinterest.com\/TuffHandicraft01\/\" target=\"_blank\" rel=\"noopener\">Pinterest<\/a>\u00a0Besuchen Sie die Welt von.<\/p>\n<hr data-start=\"1484\" data-end=\"1487\" \/>\n<h3 data-start=\"1489\" data-end=\"1533\">\u267b\ufe0f <strong data-start=\"1496\" data-end=\"1531\">Handgemachte &amp; nachhaltige Mode<\/strong><\/h3>\n<p data-start=\"1534\" data-end=\"1756\">Dieser Pullover mit seitlicher Schleife ist handgestrickt und folgt der Slow-Fashion-Philosophie und ethischen Produktionsprinzipien. Jedes St\u00fcck ist ein Unikat mit einer einzigartigen Note. Der Produktionsprozess respektiert Natur und Arbeit und vermeidet Massenproduktion.<\/p>\n<hr data-start=\"1758\" data-end=\"1761\" \/>\n<h3 data-start=\"1763\" data-end=\"1793\">\ud83e\uddfc <strong data-start=\"1770\" data-end=\"1791\">Pflegehinweise<\/strong><\/h3>\n<p data-start=\"1794\" data-end=\"1952\">Handw\u00e4sche in kaltem Wasser. Maschinenw\u00e4sche oder Auswringen wird nicht empfohlen. Das Trocknen durch flaches Auslegen auf einer Oberfl\u00e4che hilft, Form und Textur des Produkts l\u00e4nger zu erhalten.<\/p>\n<hr data-start=\"1954\" data-end=\"1957\" \/>\n<h3 data-start=\"1959\" data-end=\"2008\">\u2728 <strong data-start=\"1965\" data-end=\"2006\">Warum sollten Sie sich f\u00fcr diesen Pullover entscheiden?<\/strong><\/h3>\n<ul data-start=\"2009\" data-end=\"2246\">\n<li data-start=\"2009\" data-end=\"2058\">\n<p data-start=\"2011\" data-end=\"2058\">%100 el \u00f6rg\u00fcs\u00fc, etik ve s\u00fcrd\u00fcr\u00fclebilir \u00fcretim<\/p>\n<\/li>\n<li data-start=\"2059\" data-end=\"2095\">\n<p data-start=\"2061\" data-end=\"2095\">Verstellbares seitliches Bindedetail<\/p>\n<\/li>\n<li data-start=\"2096\" data-end=\"2137\">\n<p data-start=\"2098\" data-end=\"2137\">Leichte und atmungsaktive Struktur mit Netzstruktur<\/p>\n<\/li>\n<li data-start=\"2138\" data-end=\"2169\">\n<p data-start=\"2140\" data-end=\"2169\">Bohemien, origineller und moderner Stil<\/p>\n<\/li>\n<li data-start=\"2170\" data-end=\"2211\">\n<p data-start=\"2172\" data-end=\"2211\">Es passt problemlos in Sommeroutfits.<\/p>\n<\/li>\n<li data-start=\"2212\" data-end=\"2246\">\n<p data-start=\"2214\" data-end=\"2246\">Umweltfreundliches und zeitloses Design<\/p>\n<\/li>\n<\/ul>\n<hr data-start=\"2248\" data-end=\"2251\" \/>","protected":false},"excerpt":{"rendered":"<p data-start=\"178\" data-end=\"356\">Dieser Pullover mit seitlicher Schn\u00fcrung verleiht Sommeroutfits mit seiner leichten Netzstruktur und dem farbenfrohen Design Bewegung und Originalit\u00e4t. Dank seines verstellbaren Designs ist er f\u00fcr verschiedene K\u00f6rpertypen geeignet.<\/p>","protected":false},"featured_media":28234,"comment_status":"open","ping_status":"closed","template":"","meta":[],"product_brand":[691],"product_cat":[690],"product_tag":[1017,1015,1012,1001,1016,769,1019,1018,1014,762,1013,1011,861],"class_list":{"0":"post-27652","1":"product","2":"type-product","3":"status-publish","4":"has-post-thumbnail","6":"product_brand-tuffhandicraft","7":"product_cat-yelek","8":"product_tag-ayarlanabilir-suveter","9":"product_tag-boho-tarz-suveter","10":"product_tag-el-orgusu-suveter","11":"product_tag-el-yapimi-ust","12":"product_tag-festival-kombini","13":"product_tag-hediye-fikirleri","14":"product_tag-kadin-tig-isi-suveter","15":"product_tag-nefes-alan-file-bluz","16":"product_tag-renkli-file-ust","17":"product_tag-surdurulebilir-moda","18":"product_tag-tig-isi-yazlik-ust","19":"product_tag-yandan-baglamali-suveter","20":"product_tag-yazlik-tig-isi-bluz","22":"first","23":"instock","24":"taxable","25":"shipping-taxable","26":"purchasable","27":"product-type-variable"},"_links":{"self":[{"href":"https:\/\/tuffhandicraft.com\/de\/wp-json\/wp\/v2\/product\/27652","targetHints":{"allow":["GET"]}}],"collection":[{"href":"https:\/\/tuffhandicraft.com\/de\/wp-json\/wp\/v2\/product"}],"about":[{"href":"https:\/\/tuffhandicraft.com\/de\/wp-json\/wp\/v2\/types\/product"}],"replies":[{"embeddable":true,"href":"https:\/\/tuffhandicraft.com\/de\/wp-json\/wp\/v2\/comments?post=27652"}],"version-history":[{"count":0,"href":"https:\/\/tuffhandicraft.com\/de\/wp-json\/wp\/v2\/product\/27652\/revisions"}],"wp:featuredmedia":[{"embeddable":true,"href":"https:\/\/tuffhandicraft.com\/de\/wp-json\/wp\/v2\/media\/28234"}],"wp:attachment":[{"href":"https:\/\/tuffhandicraft.com\/de\/wp-json\/wp\/v2\/media?parent=27652"}],"wp:term":[{"taxonomy":"product_brand","embeddable":true,"href":"https:\/\/tuffhandicraft.com\/de\/wp-json\/wp\/v2\/product_brand?post=27652"},{"taxonomy":"product_cat","embeddable":true,"href":"https:\/\/tuffhandicraft.com\/de\/wp-json\/wp\/v2\/product_cat?post=27652"},{"taxonomy":"product_tag","embeddable":true,"href":"https:\/\/tuffhandicraft.com\/de\/wp-json\/wp\/v2\/product_tag?post=27652"}],"curies":[{"name":"wp","href":"https:\/\/api.w.org\/{rel}","templated":true}]}}