{"id":27658,"date":"2025-05-11T00:24:45","date_gmt":"2025-05-10T21:24:45","guid":{"rendered":"https:\/\/tasarim.yusufkecici.com.tr\/urun\/crochet-mermaid-crop-top-handmade-lime-boho-crop-short-sleeve-summer-top-ribbed-festival-top-with-lime-color-summer-gift-gift-for-her\/"},"modified":"2025-08-10T16:00:40","modified_gmt":"2025-08-10T13:00:40","slug":"denizkizi-rave-crop-top","status":"publish","type":"product","link":"https:\/\/tuffhandicraft.com\/de\/magaza\/crop-top\/denizkizi-rave-crop-top\/","title":{"rendered":"Mermaid and Rave Crop Top \u2013 Limettengr\u00fcn, Originaldesign"},"content":{"rendered":"<h3 data-start=\"110\" data-end=\"176\">\ud83e\uddf6 <strong data-start=\"117\" data-end=\"176\">Mermaid &amp; Rave Crop Top \u2013 Limettengr\u00fcn, Originaldesign<\/strong><\/h3>\n<p data-start=\"178\" data-end=\"436\">Dieses handgefertigte Crop-Top in leuchtendem Limettengr\u00fcn, inspiriert von Meerjungfrauen- und Rave-Themen, ist ein Must-have f\u00fcr Ihre Sommergarderobe. Das Bindedetail am R\u00fccken bietet verstellbaren Tragekomfort, w\u00e4hrend das geh\u00e4kelte Design einen einzigartig stylischen Look kreiert.<\/p>\n<hr data-start=\"438\" data-end=\"441\" \/>\n<h3 data-start=\"443\" data-end=\"474\">\ud83e\uddf5 <strong data-start=\"450\" data-end=\"472\">Materialien und Verarbeitung<\/strong><\/h3>\n<p data-start=\"475\" data-end=\"614\">Sorgf\u00e4ltig handgestrickt aus weichen, atmungsaktiven Naturgarnen. Jedes St\u00fcck ist ein Unikat und mit hochwertiger Handwerkskunst gefertigt.<\/p>\n<hr data-start=\"616\" data-end=\"619\" \/>\n<h3 data-start=\"621\" data-end=\"652\">\ud83c\udf89 <strong data-start=\"628\" data-end=\"650\">Nutzung und Komfort<\/strong><\/h3>\n<ul data-start=\"653\" data-end=\"842\">\n<li data-start=\"653\" data-end=\"709\">\n<p data-start=\"655\" data-end=\"709\">Perfekte Passform und Komfort durch das Bindedetail auf der R\u00fcckseite<\/p>\n<\/li>\n<li data-start=\"710\" data-end=\"756\">\n<p data-start=\"712\" data-end=\"756\">Leichte und atmungsaktive Struktur f\u00fcr die Sommermonate<\/p>\n<\/li>\n<li data-start=\"757\" data-end=\"805\">\n<p data-start=\"759\" data-end=\"805\"><a href=\"https:\/\/tuffhandicraft.com\/de\/produkt\/puskullu-rafya-clutch-canta\/\">Festival<\/a>, ideal f\u00fcr den Strand- oder Freizeitstil<\/p>\n<\/li>\n<li data-start=\"806\" data-end=\"842\">\n<p data-start=\"808\" data-end=\"842\">Energetisches, originelles und modernes Design<\/p>\n<\/li>\n<\/ul>\n<hr data-start=\"844\" data-end=\"847\" \/>\n<h3 data-start=\"849\" data-end=\"876\">\ud83c\udfa8 <strong data-start=\"856\" data-end=\"874\">Stilvorschl\u00e4ge<\/strong><\/h3>\n<p data-start=\"877\" data-end=\"1029\">Dieses St\u00fcck im Meerjungfrauen- und Rave-Stil passt wunderbar zu Shorts, R\u00f6cken und Jeans mit hoher Taille. Seine limettengr\u00fcne Farbe verleiht Ihrem Stil Lebendigkeit und Energie.<\/p>\n<p data-start=\"877\" data-end=\"1029\">Weitere Modelle, die m\u00f6glicherweise zu Ihrem Stil und mehr passen, finden Sie bei Tuff\u00a0<a href=\"https:\/\/www.pinterest.com\/TuffHandicraft01\/\" target=\"_blank\" rel=\"noopener\">Pinterest<\/a>\u00a0Besuchen Sie die Welt von.<\/p>\n<hr data-start=\"1031\" data-end=\"1034\" \/>\n<h3 data-start=\"1036\" data-end=\"1080\">\u267b\ufe0f <strong data-start=\"1043\" data-end=\"1078\">Handgemachte &amp; nachhaltige Mode<\/strong><\/h3>\n<p data-start=\"1081\" data-end=\"1229\">Dieses handgefertigte Crop-Top wurde ethisch und umweltfreundlich nach der Philosophie der Slow Fashion hergestellt und ist ein Paradebeispiel f\u00fcr nachhaltigen Stil.<\/p>\n<hr data-start=\"1231\" data-end=\"1234\" \/>\n<h3 data-start=\"1236\" data-end=\"1264\">\ud83e\uddfc <strong data-start=\"1243\" data-end=\"1262\">Pflegeempfehlungen<\/strong><\/h3>\n<p data-start=\"1265\" data-end=\"1370\">Handw\u00e4sche in kaltem Wasser wird empfohlen. Nicht in der Maschine waschen oder schleudern. Auf einer flachen Oberfl\u00e4che trocknen lassen.<\/p>\n<hr data-start=\"1372\" data-end=\"1375\" \/>\n<h3 data-start=\"1377\" data-end=\"1427\">\u2728 <strong data-start=\"1383\" data-end=\"1425\">Warum dieses bauchfreie Top w\u00e4hlen?<\/strong><\/h3>\n<ul data-start=\"1428\" data-end=\"1612\">\n<li data-start=\"1428\" data-end=\"1461\">\n<p data-start=\"1430\" data-end=\"1461\">%100 el yap\u0131m\u0131, \u00f6zg\u00fcn tasar\u0131m<\/p>\n<\/li>\n<li data-start=\"1462\" data-end=\"1502\">\n<p data-start=\"1464\" data-end=\"1502\">Verstellbares Bindedetail auf der R\u00fcckseite<\/p>\n<\/li>\n<li data-start=\"1503\" data-end=\"1536\">\n<p data-start=\"1505\" data-end=\"1536\">Leicht, atmungsaktiv und komfortabel<\/p>\n<\/li>\n<li data-start=\"1537\" data-end=\"1578\">\n<p data-start=\"1539\" data-end=\"1578\">Kr\u00e4ftige limettengr\u00fcne Farbe und moderner Stil<\/p>\n<\/li>\n<li data-start=\"1579\" data-end=\"1612\">\n<p data-start=\"1581\" data-end=\"1612\">Nachhaltige und ethische Produktion<\/p>\n<\/li>\n<\/ul>","protected":false},"excerpt":{"rendered":"<p>Limettengr\u00fcnes, handgefertigtes bauchfreies Top mit Meerjungfrauen- und Rave-Motiven und Bindedetail auf der R\u00fcckseite bietet bequemen und stilvollen Tragekomfort.<\/p>","protected":false},"featured_media":28197,"comment_status":"open","ping_status":"closed","template":"","meta":[],"product_brand":[691],"product_cat":[697,714],"product_tag":[992,989,993,778,994,769,996,991,995,763,990,762,776,779,997],"class_list":{"0":"post-27658","1":"product","2":"type-product","3":"status-publish","4":"has-post-thumbnail","6":"product_brand-tuffhandicraft","7":"product_cat-crop-top","8":"product_cat-rave","9":"product_tag-arkadan-baglamali-top","10":"product_tag-denizkizi-crop-top","11":"product_tag-el-orgusu-crop-top","12":"product_tag-el-yapimi-crop-top","13":"product_tag-festival-kiyafeti","14":"product_tag-hediye-fikirleri","15":"product_tag-lime-yesili","16":"product_tag-lime-yesili-crop-top","17":"product_tag-nefes-alan-crop-top","18":"product_tag-ozgun-tasarim","19":"product_tag-rave-crop-top","20":"product_tag-surdurulebilir-moda","21":"product_tag-tig-isi-crop-top","22":"product_tag-yazlik-crop-top","23":"product_tag-yazlik-ust","25":"first","26":"instock","27":"taxable","28":"shipping-taxable","29":"purchasable","30":"product-type-variable"},"_links":{"self":[{"href":"https:\/\/tuffhandicraft.com\/de\/wp-json\/wp\/v2\/product\/27658","targetHints":{"allow":["GET"]}}],"collection":[{"href":"https:\/\/tuffhandicraft.com\/de\/wp-json\/wp\/v2\/product"}],"about":[{"href":"https:\/\/tuffhandicraft.com\/de\/wp-json\/wp\/v2\/types\/product"}],"replies":[{"embeddable":true,"href":"https:\/\/tuffhandicraft.com\/de\/wp-json\/wp\/v2\/comments?post=27658"}],"version-history":[{"count":0,"href":"https:\/\/tuffhandicraft.com\/de\/wp-json\/wp\/v2\/product\/27658\/revisions"}],"wp:featuredmedia":[{"embeddable":true,"href":"https:\/\/tuffhandicraft.com\/de\/wp-json\/wp\/v2\/media\/28197"}],"wp:attachment":[{"href":"https:\/\/tuffhandicraft.com\/de\/wp-json\/wp\/v2\/media?parent=27658"}],"wp:term":[{"taxonomy":"product_brand","embeddable":true,"href":"https:\/\/tuffhandicraft.com\/de\/wp-json\/wp\/v2\/product_brand?post=27658"},{"taxonomy":"product_cat","embeddable":true,"href":"https:\/\/tuffhandicraft.com\/de\/wp-json\/wp\/v2\/product_cat?post=27658"},{"taxonomy":"product_tag","embeddable":true,"href":"https:\/\/tuffhandicraft.com\/de\/wp-json\/wp\/v2\/product_tag?post=27658"}],"curies":[{"name":"wp","href":"https:\/\/api.w.org\/{rel}","templated":true}]}}