{"id":27660,"date":"2025-05-11T00:24:47","date_gmt":"2025-05-10T21:24:47","guid":{"rendered":"https:\/\/tasarim.yusufkecici.com.tr\/urun\/masterpiece-color-raffia-clutch-bag-hand-knitted-pouch-bag-with-chain-woven-cloud-bag-useful-purse-with-fringe-boho-bag-special-gift\/"},"modified":"2025-08-21T17:36:20","modified_gmt":"2025-08-21T14:36:20","slug":"puskullu-rafya-clutch-canta","status":"publish","type":"product","link":"https:\/\/tuffhandicraft.com\/de\/magaza\/canta\/el-cantasi\/puskullu-rafya-clutch-canta\/","title":{"rendered":"Handgemachte Clutch mit bunten Quasten aus Raffiabast \u2013 Bohemian- und Naturstil"},"content":{"rendered":"<h3 data-start=\"77\" data-end=\"154\">\ud83d\udc5c <strong data-start=\"84\" data-end=\"154\">Handgemachte Clutch mit bunten Quasten aus Raffiabast \u2013 Bohemian- und Naturstil<\/strong><\/h3>\n<p data-start=\"156\" data-end=\"532\">Diese farbenfrohe Clutch, sorgf\u00e4ltig handgefertigt aus nat\u00fcrlichen Bastseilen, verspr\u00fcht mit ihren Quastendetails Boh\u00e8me-Chic und Energie. Leicht und strapazierf\u00e4hig eignet sich diese Tasche perfekt f\u00fcr den Alltag und besondere Anl\u00e4sse. Ihre nat\u00fcrliche Textur und die leuchtenden Farben verleihen Ihrem Stil W\u00e4rme. Der stilvolle und praktische Metallriemen macht sie perfekt zum Tragen \u00fcber der Schulter oder als Crossbody.<\/p>\n<hr data-start=\"534\" data-end=\"537\" \/>\n<h3 data-start=\"539\" data-end=\"570\">\ud83e\uddf5 <strong data-start=\"546\" data-end=\"568\">Materialien und Verarbeitung<\/strong><img loading=\"lazy\" decoding=\"async\" class=\"wd-lazy-fade size-full wp-image-28000 alignright\" style=\"color: #333333; font-size: 16px;\" src=\"https:\/\/tuffhandicraft.com\/wp-content\/themes\/woodmart\/images\/lazy.svg\" data-src=\"https:\/\/tuffhandicraft.com\/wp-content\/uploads\/2021\/08\/footer-logo-1.png\" alt=\"P\u00fcsk\u00fcll\u00fc Renkli Rafya Clutch \u00c7anta\" width=\"220\" height=\"40\" title=\"\" srcset=\"\" data-srcset=\"https:\/\/tuffhandicraft.com\/wp-content\/uploads\/2021\/08\/footer-logo-1.png 220w, https:\/\/tuffhandicraft.com\/wp-content\/uploads\/2021\/08\/footer-logo-1-150x27.png 150w\" sizes=\"auto, (max-width: 220px) 100vw, 220px\" \/><\/h3>\n<p data-start=\"571\" data-end=\"791\">%100 do\u011fal rafya ipi kullan\u0131larak tamamen el \u00f6rg\u00fcs\u00fc teknikleriyle \u00fcretilmi\u015ftir. <a href=\"https:\/\/tuffhandicraft.com\/de\/produkt\/rave-stili-tig-isi-ust\/\">Quasten<\/a>, verleiht der Tasche Bewegung und Charakter. Der Metallriemen sorgt f\u00fcr einen robusten und stilvollen Touch. Jedes Detail ist sorgf\u00e4ltig verarbeitet.<\/p>\n<hr data-start=\"793\" data-end=\"796\" \/>\n<h3 data-start=\"798\" data-end=\"829\">\ud83c\udf3f <strong data-start=\"805\" data-end=\"827\">Nutzung und Komfort<\/strong><\/h3>\n<ul data-start=\"830\" data-end=\"1025\">\n<li data-start=\"830\" data-end=\"857\">\n<p data-start=\"832\" data-end=\"857\">Leicht und einfach zu tragen<\/p>\n<\/li>\n<li data-start=\"858\" data-end=\"909\">\n<p data-start=\"860\" data-end=\"909\">Metallgurt f\u00fcr den Einsatz \u00fcber der Schulter oder als Crossbody<\/p>\n<\/li>\n<li data-start=\"910\" data-end=\"945\">\n<p data-start=\"912\" data-end=\"945\">Ideal f\u00fcr Sommer und Fr\u00fchling<\/p>\n<\/li>\n<li data-start=\"946\" data-end=\"991\">\n<p data-start=\"948\" data-end=\"991\">Perfekt f\u00fcr allt\u00e4gliche Eleganz und besondere Anl\u00e4sse<\/p>\n<\/li>\n<li data-start=\"992\" data-end=\"1025\">\n<p data-start=\"994\" data-end=\"1025\">B\u00f6hmisches, nat\u00fcrliches und originelles Design<\/p>\n<\/li>\n<\/ul>\n<hr data-start=\"1027\" data-end=\"1030\" \/>\n<h3 data-start=\"1032\" data-end=\"1059\">\ud83c\udfa8 <strong data-start=\"1039\" data-end=\"1057\">Stilvorschl\u00e4ge<\/strong><\/h3>\n<p data-start=\"1060\" data-end=\"1256\">Diese farbenfrohe Clutch mit Quaste passt perfekt zu schlichten Kleidern, Leinenhosen und l\u00e4ssigen Oberteilen. Sie ist eine gro\u00dfartige Wahl f\u00fcr alle, die an Sommerabenden oder auf Festivals einen dynamischen und einzigartigen Look suchen.<\/p>\n<p data-start=\"1415\" data-end=\"1691\">Weitere Modelle, die m\u00f6glicherweise zu Ihrem Stil und mehr passen, finden Sie bei Tuff\u00a0<a href=\"https:\/\/www.pinterest.com\/TuffHandicraft01\/\" target=\"_blank\" rel=\"noopener\">Pinterest<\/a>\u00a0Besuchen Sie die Welt von.<\/p>\n<hr data-start=\"1258\" data-end=\"1261\" \/>\n<h3 data-start=\"1263\" data-end=\"1307\">\u267b\ufe0f <strong data-start=\"1270\" data-end=\"1305\">Handgemachte &amp; nachhaltige Mode<\/strong><\/h3>\n<p data-start=\"1308\" data-end=\"1488\">Ethisch hergestellt aus umweltfreundlichen Materialien, mit Fokus auf Slow Fashion. Jedes St\u00fcck ist ein handgefertigtes Unikat und wird eine besondere Erg\u00e4nzung Ihrer nachhaltigen Garderobe sein.<\/p>\n<hr data-start=\"1490\" data-end=\"1493\" \/>\n<h3 data-start=\"1495\" data-end=\"1523\">\ud83e\uddfc <strong data-start=\"1502\" data-end=\"1521\">Pflegeempfehlungen<\/strong><\/h3>\n<p data-start=\"1524\" data-end=\"1642\">Vorsichtig mit einem feuchten Tuch reinigen. Vermeiden Sie chemische Reinigungsmittel. Nicht \u00fcber l\u00e4ngere Zeit direkter Sonneneinstrahlung aussetzen.<\/p>\n<hr data-start=\"1644\" data-end=\"1647\" \/>\n<h3 data-start=\"1649\" data-end=\"1714\">\u2728 <strong data-start=\"1655\" data-end=\"1712\">Warum sollten Sie sich f\u00fcr diese farbenfrohe Raffia-Tasche entscheiden?<\/strong><\/h3>\n<ul data-start=\"1715\" data-end=\"1925\">\n<li data-start=\"1715\" data-end=\"1748\">\n<p data-start=\"1717\" data-end=\"1748\">%100 el yap\u0131m\u0131, \u00f6zg\u00fcn tasar\u0131m<\/p>\n<\/li>\n<li data-start=\"1749\" data-end=\"1786\">\n<p data-start=\"1751\" data-end=\"1786\">Nat\u00fcrliches Bastseil und langlebige Struktur<\/p>\n<\/li>\n<li data-start=\"1787\" data-end=\"1833\">\n<p data-start=\"1789\" data-end=\"1833\">Lebendige Farben und lebendige Quastendetails<\/p>\n<\/li>\n<li data-start=\"1834\" data-end=\"1866\">\n<p data-start=\"1836\" data-end=\"1866\">Stilvoller und praktischer Kleiderb\u00fcgel aus Metall<\/p>\n<\/li>\n<li data-start=\"1867\" data-end=\"1891\">\n<p data-start=\"1869\" data-end=\"1891\">Leicht und funktional<\/p>\n<\/li>\n<li data-start=\"1892\" data-end=\"1925\">\n<p data-start=\"1894\" data-end=\"1925\">Nachhaltige und ethische Produktion<\/p>\n<\/li>\n<\/ul>","protected":false},"excerpt":{"rendered":"<p>Die handgefertigte, bunte Clutch aus Bast mit Quasten und stilvollem Metallriemen ist ein leichtes und langlebiges Accessoire, das sich f\u00fcr den t\u00e4glichen und besonderen Gebrauch eignet.<\/p>","protected":false},"featured_media":28182,"comment_status":"open","ping_status":"closed","template":"","meta":[],"product_brand":[691],"product_cat":[728,686],"product_tag":[986,987,821,819,812,908,815,769,985,763,988,982,983,984,762,816],"class_list":{"0":"post-27660","1":"product","2":"type-product","3":"status-publish","4":"has-post-thumbnail","6":"product_brand-tuffhandicraft","7":"product_cat-el-cantasi","8":"product_cat-canta","9":"product_tag-bohem-aksesuar","10":"product_tag-clutch-canta","11":"product_tag-dogal-malzeme-canta","12":"product_tag-el-orgusu-canta","13":"product_tag-el-yapimi-canta","14":"product_tag-gunluk-canta","15":"product_tag-hafif-canta","16":"product_tag-hediye-fikirleri","17":"product_tag-metal-askili-canta","18":"product_tag-ozgun-tasarim","19":"product_tag-puskullu-canta","20":"product_tag-puskullu-clutch","21":"product_tag-rafya-canta","22":"product_tag-renkli-clutch","23":"product_tag-surdurulebilir-moda","24":"product_tag-yazlik-canta","26":"first","27":"instock","28":"sale","29":"taxable","30":"shipping-taxable","31":"purchasable","32":"product-type-simple"},"_links":{"self":[{"href":"https:\/\/tuffhandicraft.com\/de\/wp-json\/wp\/v2\/product\/27660","targetHints":{"allow":["GET"]}}],"collection":[{"href":"https:\/\/tuffhandicraft.com\/de\/wp-json\/wp\/v2\/product"}],"about":[{"href":"https:\/\/tuffhandicraft.com\/de\/wp-json\/wp\/v2\/types\/product"}],"replies":[{"embeddable":true,"href":"https:\/\/tuffhandicraft.com\/de\/wp-json\/wp\/v2\/comments?post=27660"}],"version-history":[{"count":1,"href":"https:\/\/tuffhandicraft.com\/de\/wp-json\/wp\/v2\/product\/27660\/revisions"}],"predecessor-version":[{"id":30274,"href":"https:\/\/tuffhandicraft.com\/de\/wp-json\/wp\/v2\/product\/27660\/revisions\/30274"}],"wp:featuredmedia":[{"embeddable":true,"href":"https:\/\/tuffhandicraft.com\/de\/wp-json\/wp\/v2\/media\/28182"}],"wp:attachment":[{"href":"https:\/\/tuffhandicraft.com\/de\/wp-json\/wp\/v2\/media?parent=27660"}],"wp:term":[{"taxonomy":"product_brand","embeddable":true,"href":"https:\/\/tuffhandicraft.com\/de\/wp-json\/wp\/v2\/product_brand?post=27660"},{"taxonomy":"product_cat","embeddable":true,"href":"https:\/\/tuffhandicraft.com\/de\/wp-json\/wp\/v2\/product_cat?post=27660"},{"taxonomy":"product_tag","embeddable":true,"href":"https:\/\/tuffhandicraft.com\/de\/wp-json\/wp\/v2\/product_tag?post=27660"}],"curies":[{"name":"wp","href":"https:\/\/api.w.org\/{rel}","templated":true}]}}