{"id":27664,"date":"2025-05-11T00:24:50","date_gmt":"2025-05-10T21:24:50","guid":{"rendered":"https:\/\/tasarim.yusufkecici.com.tr\/urun\/crochet-granny-square-cardigan-grey-and-white-oversized-unisex-cardigan-granny-square-jacket-handmade-womens-cardigan-gift-for-her\/"},"modified":"2025-08-10T16:00:19","modified_gmt":"2025-08-10T13:00:19","slug":"gri-beyaz-el-orgusu-hirka","status":"publish","type":"product","link":"https:\/\/tuffhandicraft.com\/de\/magaza\/hirka\/gri-beyaz-el-orgusu-hirka\/","title":{"rendered":"Grau-wei\u00dfer handgestrickter Cardigan mit quadratischem Muster \u2013 elegant und warm"},"content":{"rendered":"<h3 data-start=\"136\" data-end=\"202\">\ud83e\uddf6 <strong data-start=\"143\" data-end=\"202\">Grau-wei\u00dfer handgestrickter Cardigan mit quadratischem Muster \u2013 elegant und warm<\/strong><\/h3>\n<p data-start=\"204\" data-end=\"479\">Diese sorgf\u00e4ltig handgefertigte grau-wei\u00df karierte Strickjacke ist mit ihrem eleganten und warmen Design ein Must-have f\u00fcr Ihre Wintergarderobe. Die quadratischen Motive verleihen durch die Kombination moderner und klassischer Linien einen Hauch von Eleganz, w\u00e4hrend die weiche und bequeme Konstruktion ganzt\u00e4gigen Tragekomfort gew\u00e4hrleistet.<\/p>\n<hr data-start=\"481\" data-end=\"484\" \/>\n<h3 data-start=\"486\" data-end=\"517\">\ud83e\uddf5 <strong data-start=\"493\" data-end=\"515\">Materialien und Verarbeitung<\/strong><img loading=\"lazy\" decoding=\"async\" class=\"wd-lazy-fade alignnone wp-image-28000 size-full alignright\" style=\"color: #333333; font-size: 16px;\" src=\"https:\/\/tuffhandicraft.com\/wp-content\/themes\/woodmart\/images\/lazy.svg\" data-src=\"https:\/\/tuffhandicraft.com\/wp-content\/uploads\/2021\/08\/footer-logo-1.png\" alt=\"Gri Beyaz Kare Desenli El \u00d6rg\u00fcs\u00fc H\u0131rka\" width=\"220\" height=\"40\" title=\"\" srcset=\"\" data-srcset=\"https:\/\/tuffhandicraft.com\/wp-content\/uploads\/2021\/08\/footer-logo-1.png 220w, https:\/\/tuffhandicraft.com\/wp-content\/uploads\/2021\/08\/footer-logo-1-150x27.png 150w\" sizes=\"auto, (max-width: 220px) 100vw, 220px\" \/><\/h3>\n<p data-start=\"518\" data-end=\"711\">Hergestellt aus hochwertigen, nat\u00fcrlichen Garnen <a href=\"https:\/\/tuffhandicraft.com\/de\/produkt\/ikonik-patchwork-uzun-motif-hirka\/\">komplett handgestrickt<\/a> Diese Strickjacke aus dem Jahr 1990 besticht durch ihre atmungsaktive und warme Struktur. Die meisterhaft verarbeiteten Quadratmuster machen jedes St\u00fcck zu einem Unikat.<\/p>\n<p>&nbsp;<\/p>\n<h3 data-start=\"718\" data-end=\"749\">\u2744\ufe0f <strong data-start=\"725\" data-end=\"747\">Nutzung und Komfort<\/strong><\/h3>\n<ul data-start=\"750\" data-end=\"942\">\n<li data-start=\"750\" data-end=\"801\">\n<p data-start=\"752\" data-end=\"801\">Bietet ideale W\u00e4rme f\u00fcr den Winter und kaltes Wetter<\/p>\n<\/li>\n<li data-start=\"802\" data-end=\"840\">\n<p data-start=\"804\" data-end=\"840\">Bequemer Schnitt f\u00fcr den t\u00e4glichen Gebrauch<\/p>\n<\/li>\n<li data-start=\"841\" data-end=\"891\">\n<p data-start=\"843\" data-end=\"891\">Komfortabler Einsatz zu Hause, im Freien und bei der Arbeit<\/p>\n<\/li>\n<li data-start=\"892\" data-end=\"942\">\n<p data-start=\"894\" data-end=\"942\">Mit seinen eleganten Details eine stilvolle und bequeme Wahl.<\/p>\n<\/li>\n<\/ul>\n<hr data-start=\"944\" data-end=\"947\" \/>\n<h3 data-start=\"949\" data-end=\"976\">\ud83c\udfa8 <strong data-start=\"956\" data-end=\"974\">Stilvorschl\u00e4ge<\/strong><\/h3>\n<p data-start=\"977\" data-end=\"1163\">Diese karierte Strickjacke l\u00e4sst sich problemlos mit Basic-T-Shirts, Hosen und R\u00f6cken kombinieren. Die schlichte Farbpalette erg\u00e4nzt eine Vielzahl von Stilen und verleiht Ihrem Look eine moderne Note.<\/p>\n<p data-start=\"977\" data-end=\"1163\">Weitere Modelle, die m\u00f6glicherweise zu Ihrem Stil und mehr passen, finden Sie bei Tuff\u00a0<a href=\"https:\/\/www.pinterest.com\/TuffHandicraft01\/\" target=\"_blank\" rel=\"noopener\">Pinterest<\/a>\u00a0Besuchen Sie die Welt von.<\/p>\n<hr data-start=\"1165\" data-end=\"1168\" \/>\n<h3 data-start=\"1170\" data-end=\"1214\">\u267b\ufe0f <strong data-start=\"1177\" data-end=\"1212\">Handgemachte &amp; nachhaltige Mode<\/strong><\/h3>\n<p data-start=\"1215\" data-end=\"1355\">Diese handgestrickte Strickjacke wurde nach den Prinzipien der Slow Fashion, umweltfreundlich und ethisch hergestellt und ist langlebig und einzigartig.<\/p>\n<hr data-start=\"1357\" data-end=\"1360\" \/>\n<h3 data-start=\"1362\" data-end=\"1390\">\ud83e\uddfc <strong data-start=\"1369\" data-end=\"1388\">Pflegeempfehlungen<\/strong><\/h3>\n<p data-start=\"1391\" data-end=\"1563\">Um Form und Textur zu erhalten, empfehlen wir Handw\u00e4sche in kaltem Wasser. Nicht in der Maschine waschen oder auswringen. Zum Trocknen auf eine ebene Fl\u00e4che legen und an der Luft trocknen lassen.<\/p>\n<hr data-start=\"1565\" data-end=\"1568\" \/>\n<h3 data-start=\"1570\" data-end=\"1651\">\u2728 <strong data-start=\"1576\" data-end=\"1649\">Warum dieser grau-wei\u00dfe Handstrick mit quadratischem Muster<\/strong><strong data-start=\"1576\" data-end=\"1649\">Sollten Sie sich f\u00fcr einen G\u00fcs\u00fc-Cardigan entscheiden?<\/strong><\/h3>\n<ul data-start=\"1652\" data-end=\"1841\">\n<li data-start=\"1652\" data-end=\"1685\">\n<p data-start=\"1654\" data-end=\"1685\">%100 el yap\u0131m\u0131, \u00f6zg\u00fcn tasar\u0131m<\/p>\n<\/li>\n<li data-start=\"1686\" data-end=\"1709\">\n<p data-start=\"1688\" data-end=\"1709\">Elegante quadratische Motive<\/p>\n<\/li>\n<li data-start=\"1710\" data-end=\"1751\">\n<p data-start=\"1712\" data-end=\"1751\">Weiche und warme Naturfasern<\/p>\n<\/li>\n<li data-start=\"1752\" data-end=\"1774\">\n<p data-start=\"1754\" data-end=\"1774\">Bequemer und stylischer Schnitt<\/p>\n<\/li>\n<li data-start=\"1775\" data-end=\"1808\">\n<p data-start=\"1777\" data-end=\"1808\">Nachhaltige und ethische Produktion<\/p>\n<\/li>\n<li data-start=\"1809\" data-end=\"1841\">\n<p data-start=\"1811\" data-end=\"1841\">Geeignet f\u00fcr den t\u00e4glichen und besonderen Gebrauch<\/p>\n<\/li>\n<\/ul>","protected":false},"excerpt":{"rendered":"<p>Die handgefertigte Strickjacke mit grau-wei\u00dfem Karomuster h\u00e4lt Sie mit ihrer weichen Textur und dem bequemen Schnitt im Winter warm und stilvoll.<\/p>","protected":false},"featured_media":28156,"comment_status":"open","ping_status":"closed","template":"","meta":[],"product_brand":[691],"product_cat":[688],"product_tag":[774,954,924,748,965,967,769,966,969,968,765,763,759,762,953],"class_list":{"0":"post-27664","1":"product","2":"type-product","3":"status-publish","4":"has-post-thumbnail","6":"product_brand-tuffhandicraft","7":"product_cat-hirka","8":"product_tag-dogal-iplik-hirka","9":"product_tag-el-orgusu-dis-giyim","10":"product_tag-el-orgusu-hirka","11":"product_tag-el-yapimi-hirka","12":"product_tag-granny-hirka","13":"product_tag-gri-beyaz-hirka","14":"product_tag-hediye-fikirleri","15":"product_tag-kare-desen-hirka","16":"product_tag-kare-motif","17":"product_tag-kis-kombini","18":"product_tag-kislik-hirka","19":"product_tag-ozgun-tasarim","20":"product_tag-rahat-hirka","21":"product_tag-surdurulebilir-moda","22":"product_tag-yumusak-hirka","24":"first","25":"instock","26":"taxable","27":"shipping-taxable","28":"purchasable","29":"product-type-variable"},"_links":{"self":[{"href":"https:\/\/tuffhandicraft.com\/de\/wp-json\/wp\/v2\/product\/27664","targetHints":{"allow":["GET"]}}],"collection":[{"href":"https:\/\/tuffhandicraft.com\/de\/wp-json\/wp\/v2\/product"}],"about":[{"href":"https:\/\/tuffhandicraft.com\/de\/wp-json\/wp\/v2\/types\/product"}],"replies":[{"embeddable":true,"href":"https:\/\/tuffhandicraft.com\/de\/wp-json\/wp\/v2\/comments?post=27664"}],"version-history":[{"count":0,"href":"https:\/\/tuffhandicraft.com\/de\/wp-json\/wp\/v2\/product\/27664\/revisions"}],"wp:featuredmedia":[{"embeddable":true,"href":"https:\/\/tuffhandicraft.com\/de\/wp-json\/wp\/v2\/media\/28156"}],"wp:attachment":[{"href":"https:\/\/tuffhandicraft.com\/de\/wp-json\/wp\/v2\/media?parent=27664"}],"wp:term":[{"taxonomy":"product_brand","embeddable":true,"href":"https:\/\/tuffhandicraft.com\/de\/wp-json\/wp\/v2\/product_brand?post=27664"},{"taxonomy":"product_cat","embeddable":true,"href":"https:\/\/tuffhandicraft.com\/de\/wp-json\/wp\/v2\/product_cat?post=27664"},{"taxonomy":"product_tag","embeddable":true,"href":"https:\/\/tuffhandicraft.com\/de\/wp-json\/wp\/v2\/product_tag?post=27664"}],"curies":[{"name":"wp","href":"https:\/\/api.w.org\/{rel}","templated":true}]}}