{"id":27668,"date":"2025-05-11T00:24:54","date_gmt":"2025-05-10T21:24:54","guid":{"rendered":"https:\/\/tasarim.yusufkecici.com.tr\/urun\/oversized-fuzzy-mohair-cardigan-hand-knit-soft-cardigan-diagonal-square-bomber-jacket-handmade-multicolor-sweater-crochet-cardigan-gift\/"},"modified":"2025-08-10T15:59:32","modified_gmt":"2025-08-10T12:59:32","slug":"pelus-el-orgusu-hirka","status":"publish","type":"product","link":"https:\/\/tuffhandicraft.com\/de\/magaza\/hirka\/pelus-el-orgusu-hirka\/","title":{"rendered":"Pl\u00fcschige handgestrickte Strickjacke \u2013 geometrisch, weich und bequem"},"content":{"rendered":"<h3 data-start=\"103\" data-end=\"165\">\ud83e\uddf6<strong data-start=\"110\" data-end=\"165\">Pl\u00fcschige handgestrickte Strickjacke \u2013 geometrisch, weich und bequem<\/strong><\/h3>\n<p data-start=\"167\" data-end=\"507\">Diese sorgf\u00e4ltig handgestrickte Strickjacke bietet mit ihrer weichen Textur W\u00e4rme und Komfort. <a href=\"https:\/\/tuffhandicraft.com\/de\/produkt\/afrika-cicek-motifli-oversize-hirka\/\">mit geometrischen Mustern<\/a> Es verleiht Ihrem Stil eine moderne Note. Seine weiche Textur h\u00e4lt Sie im Winter warm, w\u00e4hrend der entspannte Schnitt ganzt\u00e4gigen Komfort gew\u00e4hrleistet. Diese Strickjacke, ein Must-have f\u00fcr Ihre Garderobe, ist aus nat\u00fcrlichen Garnen gefertigt und f\u00fchlt sich hautfreundlich an.<\/p>\n<hr data-start=\"509\" data-end=\"512\" \/>\n<h3 data-start=\"514\" data-end=\"545\">\ud83e\uddf5 <strong data-start=\"521\" data-end=\"543\">Materialien und Verarbeitung<\/strong><img loading=\"lazy\" decoding=\"async\" class=\"wd-lazy-fade size-full wp-image-28000 alignright\" style=\"color: #333333; font-size: 16px;\" src=\"https:\/\/tuffhandicraft.com\/wp-content\/themes\/woodmart\/images\/lazy.svg\" data-src=\"https:\/\/tuffhandicraft.com\/wp-content\/uploads\/2021\/08\/footer-logo-1.png\" alt=\"Pl\u00fcschige handgestrickte Strickjacke \u2013 geometrisch, weich und bequem\" width=\"220\" height=\"40\" title=\"\" srcset=\"\" data-srcset=\"https:\/\/tuffhandicraft.com\/wp-content\/uploads\/2021\/08\/footer-logo-1.png 220w, https:\/\/tuffhandicraft.com\/wp-content\/uploads\/2021\/08\/footer-logo-1-150x27.png 150w\" sizes=\"auto, (max-width: 220px) 100vw, 220px\" \/><\/h3>\n<p data-start=\"546\" data-end=\"749\">Diese vollst\u00e4ndig handgefertigte Strickjacke aus nat\u00fcrlichen, hochwertigen Garnen vereint W\u00e4rme mit atmungsaktiver Struktur. Die meisterhaft gearbeiteten geometrischen Motive und die pl\u00fcschige Oberfl\u00e4che verleihen ihr ein einzigartiges Design.<\/p>\n<hr data-start=\"751\" data-end=\"754\" \/>\n<h3 data-start=\"756\" data-end=\"787\">\u2744\ufe0f <strong data-start=\"763\" data-end=\"785\">Nutzung und Komfort<\/strong><\/h3>\n<ul data-start=\"788\" data-end=\"964\">\n<li data-start=\"788\" data-end=\"838\">\n<p data-start=\"790\" data-end=\"838\">Ein Favorit der Wintermonate, extra weiche Struktur, die warm h\u00e4lt<\/p>\n<\/li>\n<li data-start=\"839\" data-end=\"883\">\n<p data-start=\"841\" data-end=\"883\">Ideal f\u00fcr den t\u00e4glichen Gebrauch, bequem und stilvoll<\/p>\n<\/li>\n<li data-start=\"884\" data-end=\"927\">\n<p data-start=\"886\" data-end=\"927\">Bequem zu Hause, im Freien oder bei der Arbeit<\/p>\n<\/li>\n<li data-start=\"928\" data-end=\"964\">\n<p data-start=\"930\" data-end=\"964\">Der l\u00e4ssige Schnitt passt zu jedem Style<\/p>\n<\/li>\n<\/ul>\n<hr data-start=\"966\" data-end=\"969\" \/>\n<h3 data-start=\"971\" data-end=\"998\">\ud83c\udfa8 <strong data-start=\"978\" data-end=\"996\">Stilvorschl\u00e4ge<\/strong><\/h3>\n<p data-start=\"999\" data-end=\"1148\">Es l\u00e4sst sich problemlos mit einem Basic-T-Shirt, Jeans und Stiefeln kombinieren. Geometrische Muster verleihen schlichten Outfits Bewegung, w\u00e4hrend die weiche Textur f\u00fcr mehr Eleganz sorgt.<\/p>\n<p>Weitere Modelle, die m\u00f6glicherweise zu Ihrem Stil und mehr passen, finden Sie bei Tuff\u00a0<a href=\"https:\/\/www.pinterest.com\/TuffHandicraft01\/\" target=\"_blank\" rel=\"noopener\">Pinterest<\/a>\u00a0Besuchen Sie die Welt von.<\/p>\n<hr data-start=\"1150\" data-end=\"1153\" \/>\n<h3 data-start=\"1155\" data-end=\"1199\">\u267b\ufe0f <strong data-start=\"1162\" data-end=\"1197\">Handgemachte &amp; nachhaltige Mode<\/strong><\/h3>\n<p data-start=\"1200\" data-end=\"1369\">Jedes St\u00fcck wird mit einem Slow-Fashion-Ansatz unter umwelt- und arbeitsfreundlichen Bedingungen hergestellt und ist aufgrund der Handarbeit ein Unikat. Damit ist es die perfekte Erg\u00e4nzung f\u00fcr Ihre nachhaltige Garderobe.<\/p>\n<hr data-start=\"1371\" data-end=\"1374\" \/>\n<h3 data-start=\"1376\" data-end=\"1404\">\ud83e\uddfc <strong data-start=\"1383\" data-end=\"1402\">Pflegeempfehlungen<\/strong><\/h3>\n<p data-start=\"1405\" data-end=\"1519\">Behalten Sie die Form durch Handw\u00e4sche in kaltem Wasser. Maschinenw\u00e4sche und Auswringen werden nicht empfohlen. Zum Trocknen flach auf eine ebene Fl\u00e4che legen.<\/p>\n<hr data-start=\"1521\" data-end=\"1524\" \/>\n<h3 data-start=\"1526\" data-end=\"1582\">\u2728 <strong data-start=\"1532\" data-end=\"1580\">Warum sollten Sie sich f\u00fcr diese extraweiche Strickjacke entscheiden?<\/strong><\/h3>\n<ul data-start=\"1583\" data-end=\"1786\">\n<li data-start=\"1583\" data-end=\"1615\">\n<p data-start=\"1585\" data-end=\"1615\">%100 el yap\u0131m\u0131, \u00f6zg\u00fcn ve \u015f\u0131k<\/p>\n<\/li>\n<li data-start=\"1616\" data-end=\"1653\">\n<p data-start=\"1618\" data-end=\"1653\">Weiche und warme Pl\u00fcschtextur<\/p>\n<\/li>\n<li data-start=\"1654\" data-end=\"1683\">\n<p data-start=\"1656\" data-end=\"1683\">Moderne geometrische Muster<\/p>\n<\/li>\n<li data-start=\"1684\" data-end=\"1714\">\n<p data-start=\"1686\" data-end=\"1714\">Nat\u00fcrliche, atmungsaktive Garne<\/p>\n<\/li>\n<li data-start=\"1715\" data-end=\"1748\">\n<p data-start=\"1717\" data-end=\"1748\">Nachhaltige und ethische Produktion<\/p>\n<\/li>\n<li data-start=\"1749\" data-end=\"1786\">\n<p data-start=\"1751\" data-end=\"1786\">Bequem und einfach den ganzen Tag lang zu verwenden<\/p>\n<\/li>\n<\/ul>","protected":false},"excerpt":{"rendered":"<p data-start=\"92\" data-end=\"196\">Diese handgefertigte Pl\u00fcschjacke bietet mit ihren geometrischen Mustern und der weichen Textur Komfort und Eleganz im Winter.<\/p>","protected":false},"featured_media":28140,"comment_status":"open","ping_status":"closed","template":"","meta":[],"product_brand":[691],"product_cat":[688],"product_tag":[774,954,924,748,952,769,765,763,951,759,955,762,753,953],"class_list":{"0":"post-27668","1":"product","2":"type-product","3":"status-publish","4":"has-post-thumbnail","6":"product_brand-tuffhandicraft","7":"product_cat-hirka","8":"product_tag-dogal-iplik-hirka","9":"product_tag-el-orgusu-dis-giyim","10":"product_tag-el-orgusu-hirka","11":"product_tag-el-yapimi-hirka","12":"product_tag-geometrik-desenli-hirka","13":"product_tag-hediye-fikirleri","14":"product_tag-kislik-hirka","15":"product_tag-ozgun-tasarim","16":"product_tag-pelus-hirka","17":"product_tag-rahat-hirka","18":"product_tag-sicak-tutan-hirka","19":"product_tag-surdurulebilir-moda","20":"product_tag-yavas-moda","21":"product_tag-yumusak-hirka","23":"first","24":"instock","25":"taxable","26":"shipping-taxable","27":"purchasable","28":"product-type-variable"},"_links":{"self":[{"href":"https:\/\/tuffhandicraft.com\/de\/wp-json\/wp\/v2\/product\/27668","targetHints":{"allow":["GET"]}}],"collection":[{"href":"https:\/\/tuffhandicraft.com\/de\/wp-json\/wp\/v2\/product"}],"about":[{"href":"https:\/\/tuffhandicraft.com\/de\/wp-json\/wp\/v2\/types\/product"}],"replies":[{"embeddable":true,"href":"https:\/\/tuffhandicraft.com\/de\/wp-json\/wp\/v2\/comments?post=27668"}],"version-history":[{"count":0,"href":"https:\/\/tuffhandicraft.com\/de\/wp-json\/wp\/v2\/product\/27668\/revisions"}],"wp:featuredmedia":[{"embeddable":true,"href":"https:\/\/tuffhandicraft.com\/de\/wp-json\/wp\/v2\/media\/28140"}],"wp:attachment":[{"href":"https:\/\/tuffhandicraft.com\/de\/wp-json\/wp\/v2\/media?parent=27668"}],"wp:term":[{"taxonomy":"product_brand","embeddable":true,"href":"https:\/\/tuffhandicraft.com\/de\/wp-json\/wp\/v2\/product_brand?post=27668"},{"taxonomy":"product_cat","embeddable":true,"href":"https:\/\/tuffhandicraft.com\/de\/wp-json\/wp\/v2\/product_cat?post=27668"},{"taxonomy":"product_tag","embeddable":true,"href":"https:\/\/tuffhandicraft.com\/de\/wp-json\/wp\/v2\/product_tag?post=27668"}],"curies":[{"name":"wp","href":"https:\/\/api.w.org\/{rel}","templated":true}]}}