{"id":27678,"date":"2025-05-11T00:25:01","date_gmt":"2025-05-10T21:25:01","guid":{"rendered":"https:\/\/tasarim.yusufkecici.com.tr\/urun\/crossbody-mini-cell-phone-bag-crochet-small-purse-knitted-phone-case-cell-phone-pouch-mini-shoulder-daily-bag-gift-for-her\/"},"modified":"2025-08-21T17:36:04","modified_gmt":"2025-08-21T14:36:04","slug":"mini-capraz-canta","status":"publish","type":"product","link":"https:\/\/tuffhandicraft.com\/de\/magaza\/canta\/capraz-canta\/mini-capraz-canta\/","title":{"rendered":"Handgemachte Mini-Umh\u00e4ngetasche | Handytasche"},"content":{"rendered":"<h3 data-start=\"302\" data-end=\"383\">\ud83d\udc5c <strong data-start=\"309\" data-end=\"381\">Mini Crossbody Bag \u2013 Handytasche, Geh\u00e4kelte Sommertasche<\/strong><\/h3>\n<p data-start=\"384\" data-end=\"679\">\ud83d\udcf1 M\u00f6chten Sie Ihrem Alltagsstil sowohl Funktionalit\u00e4t als auch Nat\u00fcrlichkeit verleihen? <strong data-start=\"451\" data-end=\"482\">Mini-Umh\u00e4ngetasche f\u00fcrs Handy<\/strong>Mit seiner handgefertigten Textur und dem schlichten Design hat es das Zeug zum Sommer-Essential. Dank seiner kompakten Gr\u00f6\u00dfe haben Sie die H\u00e4nde frei, um Ihr Telefon und Ihre pers\u00f6nlichen Gegenst\u00e4nde zu tragen, und k\u00f6nnen sich frei bewegen.<\/p>\n<hr data-start=\"681\" data-end=\"684\" \/>\n<h3 data-start=\"686\" data-end=\"714\"><strong style=\"color: #333333; font-size: 16px;\" data-start=\"451\" data-end=\"482\"><img loading=\"lazy\" decoding=\"async\" class=\"wd-lazy-fade size-full wp-image-28000 alignright\" src=\"https:\/\/tuffhandicraft.com\/wp-content\/themes\/woodmart\/images\/lazy.svg\" data-src=\"https:\/\/tuffhandicraft.com\/wp-content\/uploads\/2021\/08\/footer-logo-1.png\" alt=\"El Yap\u0131m\u0131 Mini \u00c7apraz \u00c7anta- Telefon \u00c7antas\u0131\" width=\"220\" height=\"40\" title=\"\" srcset=\"\" data-srcset=\"https:\/\/tuffhandicraft.com\/wp-content\/uploads\/2021\/08\/footer-logo-1.png 220w, https:\/\/tuffhandicraft.com\/wp-content\/uploads\/2021\/08\/footer-logo-1-150x27.png 150w\" sizes=\"auto, (max-width: 220px) 100vw, 220px\" \/><\/strong>\ud83e\uddf5 <strong data-start=\"693\" data-end=\"712\">Materialinformationen<\/strong><\/h3>\n<p data-start=\"715\" data-end=\"958\">\u00c7anta, %100 el eme\u011fi ile t\u0131\u011f i\u015fi olarak \u00f6r\u00fclm\u00fc\u015ft\u00fcr. Hafif pamuk kar\u0131\u015f\u0131ml\u0131 iplikler kullan\u0131lm\u0131\u015ft\u0131r. Yumu\u015fak dokusu sayesinde ciltle dosttur, ayn\u0131 zamanda dayan\u0131kl\u0131 yap\u0131s\u0131yla uzun s\u00fcreli kullan\u0131m sa\u011flar. Sentetik materyal i\u00e7ermez, <a href=\"https:\/\/tuffhandicraft.com\/de\/produkt\/doga-dostu-kagit-ip-canta\/\">ist umweltfreundlich.<\/a><\/p>\n<hr data-start=\"960\" data-end=\"963\" \/>\n<h3 data-start=\"965\" data-end=\"1002\">\ud83c\udfaf <strong data-start=\"972\" data-end=\"1000\">Einsatzbereich und Komfort<\/strong><\/h3>\n<p data-start=\"1003\" data-end=\"1101\">Diese Mini-Umh\u00e4ngetasche bietet mit ihrer geringen Gr\u00f6\u00dfe einen funktionalen Nutzen.<br data-start=\"1072\" data-end=\"1075\" \/>Ideale Einsatzgebiete:<\/p>\n<ul data-start=\"1102\" data-end=\"1220\">\n<li data-start=\"1102\" data-end=\"1123\">\n<p data-start=\"1104\" data-end=\"1123\">T\u00e4gliche Spazierg\u00e4nge<\/p>\n<\/li>\n<li data-start=\"1124\" data-end=\"1144\">\n<p data-start=\"1126\" data-end=\"1144\">St\u00e4dtischer Verkehr<\/p>\n<\/li>\n<li data-start=\"1145\" data-end=\"1170\">\n<p data-start=\"1147\" data-end=\"1170\">Festivals und Konzerte<\/p>\n<\/li>\n<li data-start=\"1171\" data-end=\"1220\">\n<p data-start=\"1173\" data-end=\"1220\">Outdoor-Aktivit\u00e4ten wie Urlaub, Strand, Camping<\/p>\n<\/li>\n<\/ul>\n<p data-start=\"1222\" data-end=\"1404\"><strong data-start=\"1222\" data-end=\"1261\">Telefon, Kartenhalter, Schl\u00fcssel, Kopfh\u00f6rer<\/strong> Sie ist f\u00fcr den Transport allt\u00e4glicher Gegenst\u00e4nde wie Taschen, Handtaschen usw. konzipiert. Dank des verstellbaren Schultergurts kann sie bequem sowohl \u00fcber der Schulter als auch quer \u00fcber dem K\u00f6rper getragen werden.<\/p>\n<hr data-start=\"1406\" data-end=\"1409\" \/>\n<h3 data-start=\"1411\" data-end=\"1436\">\ud83c\udfa8 <strong data-start=\"1418\" data-end=\"1434\">Stilvorschlag<\/strong><\/h3>\n<p data-start=\"1437\" data-end=\"1688\">Eine perfekte Erg\u00e4nzung f\u00fcr alle, die Boho, minimalistischen oder l\u00e4ssigen Stil bevorzugen. Kombinieren Sie es mit Leinenkleidern, Shorts und T-Shirt-Kombinationen, lockeren Hemden oder Sandalen, um Ihren Look zu versch\u00f6nern. Das farbenfrohe Design verleiht schlichten Outfits einen Hauch von Lebendigkeit.<\/p>\n<p data-start=\"1437\" data-end=\"1688\">Weitere Modelle, die m\u00f6glicherweise zu Ihrem Stil und mehr passen, finden Sie bei Tuff\u00a0<a href=\"https:\/\/www.pinterest.com\/TuffHandicraft01\/\" target=\"_blank\" rel=\"noopener\">Pinterest<\/a> Besuchen Sie die Welt von.<\/p>\n<hr data-start=\"1690\" data-end=\"1693\" \/>\n<h3 data-start=\"1695\" data-end=\"1733\">\u267b\ufe0f <strong data-start=\"1702\" data-end=\"1731\">Schwerpunkt auf Nachhaltigkeit<\/strong><\/h3>\n<p data-start=\"1734\" data-end=\"1975\">Dieses Produkt, <strong data-start=\"1743\" data-end=\"1774\">gegen das Fast-Fashion-Konzept<\/strong> Handgefertigt. Mit umweltfreundlichen Materialien setzen wir auf ethische und langsame Mode statt Massenproduktion. Da jede Tasche handgestrickt ist, besticht sie durch einzigartige Details.<\/p>\n<hr data-start=\"1977\" data-end=\"1980\" \/>\n<h3 data-start=\"1982\" data-end=\"2012\">\ud83e\uddfc <strong data-start=\"1989\" data-end=\"2010\">Pflegehinweise<\/strong><\/h3>\n<p data-start=\"2013\" data-end=\"2166\">Handw\u00e4sche in kaltem Wasser wird empfohlen. Maschinenw\u00e4sche und Trocknen werden nicht empfohlen. Quasten oder Accessoires sollten liegend getrocknet werden, um ihre Form zu erhalten.<\/p>\n<hr data-start=\"2168\" data-end=\"2171\" \/>\n<h3 data-start=\"2173\" data-end=\"2243\">\u2728 <strong data-start=\"2179\" data-end=\"2241\">Warum sollten Sie sich f\u00fcr diese Mini-Crossbody-Handytasche entscheiden?<\/strong><\/h3>\n<ul data-start=\"2244\" data-end=\"2534\">\n<li data-start=\"2244\" data-end=\"2262\">\n<p data-start=\"2246\" data-end=\"2262\">%100 el yap\u0131m\u0131<\/p>\n<\/li>\n<li data-start=\"2263\" data-end=\"2304\">\n<p data-start=\"2265\" data-end=\"2304\">Geh\u00e4keltes nat\u00fcrliches Baumwollgarn<\/p>\n<\/li>\n<li data-start=\"2305\" data-end=\"2341\">\n<p data-start=\"2307\" data-end=\"2341\">Leichtes, praktisches und kompaktes Design<\/p>\n<\/li>\n<li data-start=\"2342\" data-end=\"2381\">\n<p data-start=\"2344\" data-end=\"2381\">Ideal f\u00fcr Telefone und kleine Gegenst\u00e4nde<\/p>\n<\/li>\n<li data-start=\"2382\" data-end=\"2411\">\n<p data-start=\"2384\" data-end=\"2411\">Verstellbarer Umh\u00e4ngegurt<\/p>\n<\/li>\n<li data-start=\"2412\" data-end=\"2449\">\n<p data-start=\"2414\" data-end=\"2449\">Stilvoll und praktisch f\u00fcr die Sommermonate<\/p>\n<\/li>\n<li data-start=\"2450\" data-end=\"2489\">\n<p data-start=\"2452\" data-end=\"2489\">Kompatibel mit Boho- und minimalistischen Stilen<\/p>\n<\/li>\n<li data-start=\"2490\" data-end=\"2534\">\n<p data-start=\"2492\" data-end=\"2534\">Nachhaltige Produktion und ethischer Modeansatz<\/p>\n<\/li>\n<\/ul>","protected":false},"excerpt":{"rendered":"<p>Die handgefertigte geh\u00e4kelte Mini-Umh\u00e4ngetasche ist ein leichtes, stylisches und umweltfreundliches Sommeraccessoire zum Transportieren Ihres Telefons und kleiner Gegenst\u00e4nde.<\/p>","protected":false},"featured_media":28910,"comment_status":"open","ping_status":"closed","template":"","meta":[],"product_brand":[691],"product_cat":[686,704],"product_tag":[820,870,811,819,812,815,769,825,872,871,868,813,762,869,839,816],"class_list":{"0":"post-27678","1":"product","2":"type-product","3":"status-publish","4":"has-post-thumbnail","6":"product_brand-tuffhandicraft","7":"product_cat-canta","8":"product_cat-capraz-canta","9":"product_tag-boho-canta","10":"product_tag-capraz-askili-canta","11":"product_tag-doga-dostu-canta","12":"product_tag-el-orgusu-canta","13":"product_tag-el-yapimi-canta","14":"product_tag-hafif-canta","15":"product_tag-hediye-fikirleri","16":"product_tag-kadin-cantasi","17":"product_tag-kompakt-telefon-cantasi","18":"product_tag-kucuk-capraz-canta","19":"product_tag-mini-capraz-canta","20":"product_tag-orgu-canta","21":"product_tag-surdurulebilir-moda","22":"product_tag-telefon-cantasi","23":"product_tag-tig-isi-canta","24":"product_tag-yazlik-canta","26":"first","27":"instock","28":"sale","29":"taxable","30":"shipping-taxable","31":"purchasable","32":"product-type-simple"},"_links":{"self":[{"href":"https:\/\/tuffhandicraft.com\/de\/wp-json\/wp\/v2\/product\/27678","targetHints":{"allow":["GET"]}}],"collection":[{"href":"https:\/\/tuffhandicraft.com\/de\/wp-json\/wp\/v2\/product"}],"about":[{"href":"https:\/\/tuffhandicraft.com\/de\/wp-json\/wp\/v2\/types\/product"}],"replies":[{"embeddable":true,"href":"https:\/\/tuffhandicraft.com\/de\/wp-json\/wp\/v2\/comments?post=27678"}],"version-history":[{"count":1,"href":"https:\/\/tuffhandicraft.com\/de\/wp-json\/wp\/v2\/product\/27678\/revisions"}],"predecessor-version":[{"id":30273,"href":"https:\/\/tuffhandicraft.com\/de\/wp-json\/wp\/v2\/product\/27678\/revisions\/30273"}],"wp:featuredmedia":[{"embeddable":true,"href":"https:\/\/tuffhandicraft.com\/de\/wp-json\/wp\/v2\/media\/28910"}],"wp:attachment":[{"href":"https:\/\/tuffhandicraft.com\/de\/wp-json\/wp\/v2\/media?parent=27678"}],"wp:term":[{"taxonomy":"product_brand","embeddable":true,"href":"https:\/\/tuffhandicraft.com\/de\/wp-json\/wp\/v2\/product_brand?post=27678"},{"taxonomy":"product_cat","embeddable":true,"href":"https:\/\/tuffhandicraft.com\/de\/wp-json\/wp\/v2\/product_cat?post=27678"},{"taxonomy":"product_tag","embeddable":true,"href":"https:\/\/tuffhandicraft.com\/de\/wp-json\/wp\/v2\/product_tag?post=27678"}],"curies":[{"name":"wp","href":"https:\/\/api.w.org\/{rel}","templated":true}]}}