{"id":27682,"date":"2025-05-11T00:25:07","date_gmt":"2025-05-10T21:25:07","guid":{"rendered":"https:\/\/tasarim.yusufkecici.com.tr\/urun\/crochet-colorful-floral-bag-cute-crossbody-yarn-bag-daisy-crossbody-purse-boho-handmade-floral-bags-knitted-shoulder-bag-gift-for-her\/"},"modified":"2025-08-21T17:35:22","modified_gmt":"2025-08-21T14:35:22","slug":"renkli-cicek-motifli-yazlik-orgu-canta","status":"publish","type":"product","link":"https:\/\/tuffhandicraft.com\/de\/magaza\/canta\/capraz-canta\/renkli-cicek-motifli-yazlik-orgu-canta\/","title":{"rendered":"Sommerliche Stricktasche mit bunten Blumenmotiven"},"content":{"rendered":"<h3 data-start=\"116\" data-end=\"198\">\ud83d\udc5c <strong data-start=\"123\" data-end=\"196\">Bunte Stricktasche mit Blumenmotiv \u2013 Handgefertigt im Bohemian-Stil<\/strong><\/h3>\n<p data-start=\"199\" data-end=\"485\">\ud83c\udf38 Dieses handgefertigte St\u00fcck ist mit lebendigen Blumenmotiven gestaltet, die die Energie des Sommers transportieren. <a href=\"https:\/\/tuffhandicraft.com\/de\/produkt\/mavi-kagit-ip-mini-canta\/\">gestrickte Tasche<\/a>Es bietet Eleganz und Funktionalit\u00e4t zugleich, ist leicht und einfach zu tragen und somit ein Must-have f\u00fcr Ihre Sommeroutfits. Speziell f\u00fcr alle entworfen, die einen unkonventionellen und nat\u00fcrlichen Stil sch\u00e4tzen.<\/p>\n<hr data-start=\"487\" data-end=\"490\" \/>\n<h3 data-start=\"492\" data-end=\"520\">\ud83e\uddf5 <strong data-start=\"499\" data-end=\"518\">Materialinformationen<\/strong><img loading=\"lazy\" decoding=\"async\" class=\"wd-lazy-fade size-full wp-image-28000 alignright\" style=\"color: #333333; font-size: 16px;\" src=\"https:\/\/tuffhandicraft.com\/wp-content\/themes\/woodmart\/images\/lazy.svg\" data-src=\"https:\/\/tuffhandicraft.com\/wp-content\/uploads\/2021\/08\/footer-logo-1.png\" alt=\"renkli \u00e7i\u00e7ek motifli yazl\u0131k \u00f6rg\u00fc \u00e7anta\" width=\"220\" height=\"40\" title=\"\" srcset=\"\" data-srcset=\"https:\/\/tuffhandicraft.com\/wp-content\/uploads\/2021\/08\/footer-logo-1.png 220w, https:\/\/tuffhandicraft.com\/wp-content\/uploads\/2021\/08\/footer-logo-1-150x27.png 150w\" sizes=\"auto, (max-width: 220px) 100vw, 220px\" \/><\/h3>\n<p data-start=\"521\" data-end=\"754\">Die Tasche ist komplett handgestrickt und besteht aus hochwertigen, atmungsaktiven Garnen. Das nat\u00fcrliche und strapazierf\u00e4hige Material sorgt f\u00fcr eine lange Lebensdauer. Sie enth\u00e4lt keine synthetischen Materialien und wird in umweltfreundlichen Produktionsverfahren hergestellt.<\/p>\n<hr data-start=\"756\" data-end=\"759\" \/>\n<h3 data-start=\"761\" data-end=\"798\">\ud83d\udc5c <strong data-start=\"768\" data-end=\"796\">Einsatzbereich und Komfort<\/strong><\/h3>\n<p data-start=\"799\" data-end=\"1021\">Ideal f\u00fcr den t\u00e4glichen Stadtgebrauch, Strandausfl\u00fcge, Markteink\u00e4ufe und Sommeraktivit\u00e4ten. Dank seiner Struktur l\u00e4sst er sich bequem \u00fcber der Schulter oder in der Hand tragen. Der Innenraum bietet ausreichend Platz f\u00fcr alles Wichtige.<\/p>\n<hr data-start=\"1023\" data-end=\"1026\" \/>\n<h3 data-start=\"1028\" data-end=\"1053\">\ud83c\udfa8 <strong data-start=\"1035\" data-end=\"1051\">Stilvorschlag<\/strong><\/h3>\n<p data-start=\"1054\" data-end=\"1281\">Leinenkleider, kombiniert mit Shorts, Basic-T-Shirts und Sandalen, kreieren einen unkonventionellen, nat\u00fcrlichen Look. Ihre lebendigen Motive verleihen schlichten Outfits Farbe und Energie. So bringen Sie die Energie des Sommers in Ihren Stil.<\/p>\n<hr data-start=\"1283\" data-end=\"1286\" \/>\n<h3 data-start=\"1288\" data-end=\"1332\">\u267b\ufe0f <strong data-start=\"1295\" data-end=\"1330\">Handgemachte &amp; nachhaltige Mode<\/strong><\/h3>\n<p data-start=\"1333\" data-end=\"1577\">Jede Tasche wird sorgf\u00e4ltig und mit einem nachhaltigen Modeansatz gefertigt. Statt Massenproduktion setzen wir auf ethische und bewusste Produktion und bieten ein umweltfreundliches Produkt. Diese Tasche ist die perfekte Wahl f\u00fcr alle, die nachhaltige und langlebige Mode lieben.<\/p>\n<p data-start=\"1333\" data-end=\"1577\">Weitere Modelle, die m\u00f6glicherweise zu Ihrem Stil und mehr passen, finden Sie bei Tuff\u00a0<a href=\"https:\/\/www.pinterest.com\/TuffHandicraft01\/\" target=\"_blank\" rel=\"noopener\">Pinterest<\/a>\u00a0Besuchen Sie die Welt von.<\/p>\n<hr data-start=\"1579\" data-end=\"1582\" \/>\n<h3 data-start=\"1584\" data-end=\"1614\">\ud83e\uddfc <strong data-start=\"1591\" data-end=\"1612\">Pflegehinweise<\/strong><\/h3>\n<p data-start=\"1615\" data-end=\"1765\">Reinigen Sie das Produkt durch vorsichtiges Abwischen mit einem feuchten Tuch. Maschinenw\u00e4sche und \u00fcberm\u00e4\u00dfiger Kontakt mit Wasser werden nicht empfohlen. F\u00fcr eine lange Lebensdauer an einem trockenen und bel\u00fcfteten Ort lagern.<\/p>\n<hr data-start=\"1767\" data-end=\"1770\" \/>\n<h3 data-start=\"1772\" data-end=\"1829\">\u2728 <strong data-start=\"1778\" data-end=\"1827\">Warum eine gestrickte Tasche?<\/strong><\/h3>\n<ul data-start=\"1830\" data-end=\"2082\">\n<li data-start=\"1830\" data-end=\"1863\">\n<p data-start=\"1832\" data-end=\"1863\">%100 el yap\u0131m\u0131, \u00f6zg\u00fcn tasar\u0131m<\/p>\n<\/li>\n<li data-start=\"1864\" data-end=\"1900\">\n<p data-start=\"1866\" data-end=\"1900\">Lebendige und energiegeladene Motive<\/p>\n<\/li>\n<li data-start=\"1901\" data-end=\"1939\">\n<p data-start=\"1903\" data-end=\"1939\">Einfaches und n\u00fctzliches Sommerdesign<\/p>\n<\/li>\n<li data-start=\"1940\" data-end=\"1970\">\n<p data-start=\"1942\" data-end=\"1970\">Nat\u00fcrliches und langlebiges Material<\/p>\n<\/li>\n<li data-start=\"1971\" data-end=\"2005\">\n<p data-start=\"1973\" data-end=\"2005\">Ideal f\u00fcr den Boh\u00e8me- und entspannten Stil<\/p>\n<\/li>\n<li data-start=\"2006\" data-end=\"2039\">\n<p data-start=\"2008\" data-end=\"2039\">Nachhaltige und ethische Produktion<\/p>\n<\/li>\n<li data-start=\"2040\" data-end=\"2082\">\n<p data-start=\"2042\" data-end=\"2082\">Vielseitig einsetzbar f\u00fcr Alltag und Urlaub<\/p>\n<\/li>\n<\/ul>\n<hr data-start=\"2084\" data-end=\"2087\" \/>\n<p data-start=\"2089\" data-end=\"2172\" data-is-last-node=\"\" data-is-only-node=\"\">","protected":false},"excerpt":{"rendered":"<p>Handgefertigte, leichte Stricktasche mit farbenfrohem Blumenmotiv. Verleiht Ihren Sommeroutfits einen Hauch von Boh\u00e8me und nat\u00fcrlicher Eleganz. Umweltfreundliches und nachhaltiges Design.<\/p>","protected":false},"featured_media":28908,"comment_status":"open","ping_status":"closed","template":"","meta":[],"product_brand":[691],"product_cat":[686,704],"product_tag":[840,846,838,842,849,848,811,819,812,844,815,847,769,825,813,843,841,817,839,845,816],"class_list":{"0":"post-27682","1":"product","2":"type-product","3":"status-publish","4":"has-post-thumbnail","6":"product_brand-tuffhandicraft","7":"product_cat-canta","8":"product_cat-capraz-canta","9":"product_tag-bohem-canta","10":"product_tag-boho-stil-canta","11":"product_tag-cicek-motifli-canta","12":"product_tag-cicekli-yazlik-canta","13":"product_tag-colorful-summer-bag","14":"product_tag-crochet-floral-bag","15":"product_tag-doga-dostu-canta","16":"product_tag-el-orgusu-canta","17":"product_tag-el-yapimi-canta","18":"product_tag-festival-cantasi","19":"product_tag-hafif-canta","20":"product_tag-handmade-bag","21":"product_tag-hediye-fikirleri","22":"product_tag-kadin-cantasi","23":"product_tag-orgu-canta","24":"product_tag-plaj-cantasi","25":"product_tag-renkli-canta","26":"product_tag-surdurulebilir-canta","27":"product_tag-tig-isi-canta","28":"product_tag-yaz-aksesuari","29":"product_tag-yazlik-canta","31":"first","32":"instock","33":"sale","34":"taxable","35":"shipping-taxable","36":"purchasable","37":"product-type-simple"},"_links":{"self":[{"href":"https:\/\/tuffhandicraft.com\/de\/wp-json\/wp\/v2\/product\/27682","targetHints":{"allow":["GET"]}}],"collection":[{"href":"https:\/\/tuffhandicraft.com\/de\/wp-json\/wp\/v2\/product"}],"about":[{"href":"https:\/\/tuffhandicraft.com\/de\/wp-json\/wp\/v2\/types\/product"}],"replies":[{"embeddable":true,"href":"https:\/\/tuffhandicraft.com\/de\/wp-json\/wp\/v2\/comments?post=27682"}],"version-history":[{"count":1,"href":"https:\/\/tuffhandicraft.com\/de\/wp-json\/wp\/v2\/product\/27682\/revisions"}],"predecessor-version":[{"id":30272,"href":"https:\/\/tuffhandicraft.com\/de\/wp-json\/wp\/v2\/product\/27682\/revisions\/30272"}],"wp:featuredmedia":[{"embeddable":true,"href":"https:\/\/tuffhandicraft.com\/de\/wp-json\/wp\/v2\/media\/28908"}],"wp:attachment":[{"href":"https:\/\/tuffhandicraft.com\/de\/wp-json\/wp\/v2\/media?parent=27682"}],"wp:term":[{"taxonomy":"product_brand","embeddable":true,"href":"https:\/\/tuffhandicraft.com\/de\/wp-json\/wp\/v2\/product_brand?post=27682"},{"taxonomy":"product_cat","embeddable":true,"href":"https:\/\/tuffhandicraft.com\/de\/wp-json\/wp\/v2\/product_cat?post=27682"},{"taxonomy":"product_tag","embeddable":true,"href":"https:\/\/tuffhandicraft.com\/de\/wp-json\/wp\/v2\/product_tag?post=27682"}],"curies":[{"name":"wp","href":"https:\/\/api.w.org\/{rel}","templated":true}]}}