{"id":27684,"date":"2025-05-11T00:25:08","date_gmt":"2025-05-10T21:25:08","guid":{"rendered":"https:\/\/tasarim.yusufkecici.com.tr\/urun\/paper-string-knitted-bag-eco-friendly-compartment-hand-knitted-tan-bag-summer-beach-daily-tote-paper-string-tote-bag-straw-bag\/"},"modified":"2025-08-21T17:34:57","modified_gmt":"2025-08-21T14:34:57","slug":"doga-dostu-kagit-ip-canta","status":"publish","type":"product","link":"https:\/\/tuffhandicraft.com\/de\/magaza\/canta\/omuz-cantasi\/doga-dostu-kagit-ip-canta\/","title":{"rendered":"Do\u011fa Dostu Ka\u011f\u0131t \u0130p \u00c7anta | %90 Su Tasarrufu"},"content":{"rendered":"<h3 data-start=\"277\" data-end=\"354\">\ud83d\udc5c <strong data-start=\"284\" data-end=\"352\">Umweltfreundliche Einkaufstasche aus Papier \u2013 handgefertigt, gef\u00fcttert, leicht und mit F\u00e4chern<\/strong><\/h3>\n<p data-start=\"355\" data-end=\"725\">\ud83c\udf3f Nachhaltige Eleganz, die durch Leichtigkeit besticht<br data-start=\"402\" data-end=\"405\" \/>Dies ist handgefertigt <strong data-start=\"418\" data-end=\"447\">umweltfreundliche Papierseiltasche<\/strong>Hergestellt aus recycelbaren Materialien ist es ein besonderes Accessoire, das Leichtigkeit und Eleganz vereint. Es ist ein funktionales und \u00e4sthetisch ansprechendes St\u00fcck, das Sie sowohl in der Stadt als auch im Urlaub in den Sommermonaten bequem tragen k\u00f6nnen. Die Innenf\u00e4cher und das gef\u00fctterte Design sorgen f\u00fcr eine einfache Handhabung.<\/p>\n<hr data-start=\"727\" data-end=\"730\" \/>\n<h3 data-start=\"732\" data-end=\"760\">\ud83e\uddf5 <strong data-start=\"739\" data-end=\"758\">Materialinformationen<\/strong><img loading=\"lazy\" decoding=\"async\" class=\"wd-lazy-fade size-full wp-image-28000 alignright\" style=\"color: #333333; font-size: 16px;\" src=\"https:\/\/tuffhandicraft.com\/wp-content\/themes\/woodmart\/images\/lazy.svg\" data-src=\"https:\/\/tuffhandicraft.com\/wp-content\/uploads\/2021\/08\/footer-logo-1.png\" alt=\"Do\u011fa Dostu Ka\u011f\u0131t \u0130p \u00c7anta\" width=\"220\" height=\"40\" title=\"\" srcset=\"\" data-srcset=\"https:\/\/tuffhandicraft.com\/wp-content\/uploads\/2021\/08\/footer-logo-1.png 220w, https:\/\/tuffhandicraft.com\/wp-content\/uploads\/2021\/08\/footer-logo-1-150x27.png 150w\" sizes=\"auto, (max-width: 220px) 100vw, 220px\" \/><\/h3>\n<p data-start=\"761\" data-end=\"963\">Die Tasche ist langlebig und <a href=\"https:\/\/tuffhandicraft.com\/de\/produkt\/buzgulu-kagit-ipten-omuz-cantasi\/\">nat\u00fcrlich <strong data-start=\"787\" data-end=\"799\">Papierseil<\/strong><\/a> ile \u00f6r\u00fclm\u00fc\u015ft\u00fcr. Astar\u0131nda pamuklu kuma\u015f tercih edilmi\u015ftir. %100 el yap\u0131m\u0131d\u0131r. Hafif, \u00e7evre dostu ve vegan bir alternatiftir. \u00dcretimde sentetik malzeme kullan\u0131lmaz.<\/p>\n<hr data-start=\"965\" data-end=\"968\" \/>\n<h3 data-start=\"970\" data-end=\"1007\">\ud83d\udc5c <strong data-start=\"977\" data-end=\"1005\">Einsatzbereich und Komfort<\/strong><\/h3>\n<p data-start=\"1008\" data-end=\"1256\">Ideal f\u00fcr den Alltag, Stadtbummel, Marktbesuche, den Strand und Picknicks. Dank des Futters und der F\u00e4cherstruktur k\u00f6nnen Sie Ihre pers\u00f6nlichen Gegenst\u00e4nde wie Handy, Schl\u00fcssel und Geldb\u00f6rse \u00fcbersichtlich verstauen. Sie kann \u00fcber der Schulter oder in der Hand getragen werden.<\/p>\n<hr data-start=\"1258\" data-end=\"1261\" \/>\n<h3 data-start=\"1263\" data-end=\"1288\">\ud83c\udfa8 <strong data-start=\"1270\" data-end=\"1286\">Stilvorschlag<\/strong><\/h3>\n<p data-start=\"1289\" data-end=\"1465\">Leinenhemden, Sandalen, Kleider oder Sommer-Jumpsuits unterstreichen Ihren nat\u00fcrlichen Stil. Sie sind die perfekte Erg\u00e4nzung zu Boho-, minimalistischen und naturbezogenen Outfits.<\/p>\n<p data-start=\"1289\" data-end=\"1465\">Weitere Modelle, die m\u00f6glicherweise zu Ihrem Stil und mehr passen, finden Sie bei Tuff\u00a0<a href=\"https:\/\/www.pinterest.com\/TuffHandicraft01\/\" target=\"_blank\" rel=\"noopener\">Pinterest<\/a>\u00a0Besuchen Sie die Welt von.<\/p>\n<hr data-start=\"1467\" data-end=\"1470\" \/>\n<h3 data-start=\"1472\" data-end=\"1516\">\u267b\ufe0f <strong data-start=\"1479\" data-end=\"1514\">Handgemachte &amp; nachhaltige Mode<\/strong><\/h3>\n<p><em>Dieses Produkt sparte genug Wasser f\u00fcr 1.000 Familien. Denn Nachhaltigkeit ist kein Trend, sondern eine Verantwortung.<\/em><\/p>\n<p data-start=\"1603\" data-end=\"1903\">Diese Tasche, <strong data-start=\"1613\" data-end=\"1698\">Es ist ein zeitloses St\u00fcck, das entgegen dem schnellen Konsumzyklus und mit Respekt f\u00fcr die Natur hergestellt wird.<\/strong> Jede Tasche wird sorgf\u00e4ltig von Hand gefertigt. Ethische und gewissenhafte Produktion wird der Massenproduktion vorgezogen. Mit diesem Produkt besitzen Sie nicht nur eine stilvolle Tasche, sondern auch einen Lebensretter.<\/p>\n<hr data-start=\"1771\" data-end=\"1774\" \/>\n<h3 data-start=\"1776\" data-end=\"1806\">\ud83e\uddfc <strong data-start=\"1783\" data-end=\"1804\">Pflegehinweise<\/strong><\/h3>\n<p data-start=\"1807\" data-end=\"1982\">Da es aus Papiergarn besteht, wird direktes Waschen nicht empfohlen. Es sollte durch Abwischen mit einem leicht feuchten Tuch gereinigt werden. K\u00fchl und trocken lagern. Das Futter erleichtert die Reinigung des Innenraums.<\/p>\n<hr data-start=\"1984\" data-end=\"1987\" \/>\n<h3 data-start=\"1989\" data-end=\"2057\">\u2728 <strong data-start=\"1995\" data-end=\"2055\">Warum sollten Sie sich f\u00fcr diese umweltfreundliche Einkaufstasche aus Papier entscheiden?<\/strong><\/h3>\n<ul data-start=\"2058\" data-end=\"2321\">\n<li data-start=\"2058\" data-end=\"2093\">\n<p data-start=\"2060\" data-end=\"2093\">%100 el yap\u0131m\u0131 ve \u00f6zg\u00fcn tasar\u0131m<\/p>\n<\/li>\n<li data-start=\"2094\" data-end=\"2139\">\n<p data-start=\"2096\" data-end=\"2139\">Gestrickt mit recycelbarem Papiergarn<\/p>\n<\/li>\n<li data-start=\"2140\" data-end=\"2181\">\n<p data-start=\"2142\" data-end=\"2181\">Funktional mit Futter und Innenf\u00e4chern<\/p>\n<\/li>\n<li data-start=\"2182\" data-end=\"2213\">\n<p data-start=\"2184\" data-end=\"2213\">Leicht, umweltfreundlich und vegan<\/p>\n<\/li>\n<li data-start=\"2214\" data-end=\"2250\">\n<p data-start=\"2216\" data-end=\"2250\">Nat\u00fcrlicher Look, geeignet f\u00fcr die Sommermonate<\/p>\n<\/li>\n<li data-start=\"2251\" data-end=\"2284\">\n<p data-start=\"2253\" data-end=\"2284\">Nachhaltige und ethische Produktion<\/p>\n<\/li>\n<li data-start=\"2285\" data-end=\"2321\">\n<p data-start=\"2287\" data-end=\"2321\">Bietet Eleganz, ohne der Natur zu schaden<\/p>\n<\/li>\n<\/ul>\n<hr data-start=\"2323\" data-end=\"2326\" \/>\n<p data-start=\"2328\" data-end=\"2436\" data-is-last-node=\"\" data-is-only-node=\"\">","protected":false},"excerpt":{"rendered":"<p>Die handgefertigte Papierseiltasche ist mit ihrer gef\u00fctterten, unterteilten und leichten Struktur ein stilvolles und umweltfreundliches Sommeraccessoire.<\/p>","protected":false},"featured_media":27770,"comment_status":"open","ping_status":"closed","template":"","meta":[],"product_brand":[691],"product_cat":[686,724],"product_tag":[814,820,823,811,821,819,812,822,824,815,769,825,810,813,817,762,826,818,816],"class_list":{"0":"post-27684","1":"product","2":"type-product","3":"status-publish","4":"has-post-thumbnail","6":"product_brand-tuffhandicraft","7":"product_cat-canta","8":"product_cat-omuz-cantasi","9":"product_tag-astarli-canta","10":"product_tag-boho-canta","11":"product_tag-bolmeli-canta","12":"product_tag-doga-dostu-canta","13":"product_tag-dogal-malzeme-canta","14":"product_tag-el-orgusu-canta","15":"product_tag-el-yapimi-canta","16":"product_tag-geri-donusturulebilir-canta","17":"product_tag-gunluk-kullanim-cantasi","18":"product_tag-hafif-canta","19":"product_tag-hediye-fikirleri","20":"product_tag-kadin-cantasi","21":"product_tag-kagit-ip-canta","22":"product_tag-orgu-canta","23":"product_tag-surdurulebilir-canta","24":"product_tag-surdurulebilir-moda","25":"product_tag-unisex-canta","26":"product_tag-vegan-canta","27":"product_tag-yazlik-canta","29":"first","30":"instock","31":"sale","32":"taxable","33":"shipping-taxable","34":"purchasable","35":"product-type-simple"},"_links":{"self":[{"href":"https:\/\/tuffhandicraft.com\/de\/wp-json\/wp\/v2\/product\/27684","targetHints":{"allow":["GET"]}}],"collection":[{"href":"https:\/\/tuffhandicraft.com\/de\/wp-json\/wp\/v2\/product"}],"about":[{"href":"https:\/\/tuffhandicraft.com\/de\/wp-json\/wp\/v2\/types\/product"}],"replies":[{"embeddable":true,"href":"https:\/\/tuffhandicraft.com\/de\/wp-json\/wp\/v2\/comments?post=27684"}],"version-history":[{"count":1,"href":"https:\/\/tuffhandicraft.com\/de\/wp-json\/wp\/v2\/product\/27684\/revisions"}],"predecessor-version":[{"id":30271,"href":"https:\/\/tuffhandicraft.com\/de\/wp-json\/wp\/v2\/product\/27684\/revisions\/30271"}],"wp:featuredmedia":[{"embeddable":true,"href":"https:\/\/tuffhandicraft.com\/de\/wp-json\/wp\/v2\/media\/27770"}],"wp:attachment":[{"href":"https:\/\/tuffhandicraft.com\/de\/wp-json\/wp\/v2\/media?parent=27684"}],"wp:term":[{"taxonomy":"product_brand","embeddable":true,"href":"https:\/\/tuffhandicraft.com\/de\/wp-json\/wp\/v2\/product_brand?post=27684"},{"taxonomy":"product_cat","embeddable":true,"href":"https:\/\/tuffhandicraft.com\/de\/wp-json\/wp\/v2\/product_cat?post=27684"},{"taxonomy":"product_tag","embeddable":true,"href":"https:\/\/tuffhandicraft.com\/de\/wp-json\/wp\/v2\/product_tag?post=27684"}],"curies":[{"name":"wp","href":"https:\/\/api.w.org\/{rel}","templated":true}]}}