{"id":27686,"date":"2025-05-11T00:25:10","date_gmt":"2025-05-10T21:25:10","guid":{"rendered":"https:\/\/tasarim.yusufkecici.com.tr\/urun\/crochet-granny-sweater-vest-hand-knit-women-sweater-boho-crochet-sweater-cute-patchwork-knit-vest-multicolored-square-sweater\/"},"modified":"2025-08-10T15:58:11","modified_gmt":"2025-08-10T12:58:11","slug":"granny-motifli-orgu-suveter","status":"publish","type":"product","link":"https:\/\/tuffhandicraft.com\/de\/magaza\/suveter\/granny-motifli-orgu-suveter\/","title":{"rendered":"Strickpullover mit Oma-Motiv | % 100 Handgefertigt"},"content":{"rendered":"<h3 data-start=\"136\" data-end=\"215\">\ud83e\uddf6 <strong data-start=\"143\" data-end=\"213\">Strickpullover mit Oma-Motiv % 100 Handarbeit \u2013 Bunt, Saisonal<\/strong><\/h3>\n<p data-start=\"216\" data-end=\"554\">\ud83c\udf3c Handgemachte Eleganz mit Retro-Motiven<br data-start=\"251\" data-end=\"254\" \/>Dieser Strickpullover mit Oma-Motiv ist eine moderne Interpretation nostalgischer H\u00e4kelmuster. Sein handgefertigtes Design macht jedes St\u00fcck zu etwas Besonderem und Einzigartigem. Seine leuchtenden Farben und der entspannte Schnitt machen ihn zu jeder Jahreszeit stilvoll und bequem. Dank seines Unisex-Designs passt er zu allen Stilen und Gr\u00f6\u00dfen.<\/p>\n<hr data-start=\"556\" data-end=\"559\" \/>\n<h3 data-start=\"561\" data-end=\"589\">\ud83e\uddf5 <strong data-start=\"568\" data-end=\"587\">Materialinformationen<\/strong><\/h3>\n<p data-start=\"590\" data-end=\"800\">Pullover, <a href=\"https:\/\/tuffhandicraft.com\/de\/produkt\/kirmizi-kalpli-balaklava\/\">%100 pamuk<\/a> Es ist handgestrickt aus hochwertigen Garnen und einer Baumwollmischung. Seine atmungsaktive, hautfreundliche Struktur sorgt f\u00fcr ganzt\u00e4gigen Tragekomfort. Da es frei von synthetischen Fasern ist, ist es eine nachhaltige und gesunde Wahl.<\/p>\n<hr data-start=\"802\" data-end=\"805\" \/>\n<h3 data-start=\"807\" data-end=\"844\">\ud83d\udc52 <strong data-start=\"814\" data-end=\"842\">Einsatzbereich und Komfort<\/strong><img loading=\"lazy\" decoding=\"async\" class=\"wd-lazy-fade size-full wp-image-28000 alignright\" style=\"color: #333333; font-size: 16px;\" src=\"https:\/\/tuffhandicraft.com\/wp-content\/themes\/woodmart\/images\/lazy.svg\" data-src=\"https:\/\/tuffhandicraft.com\/wp-content\/uploads\/2021\/08\/footer-logo-1.png\" alt=\"Granny Motifli \u00d6rg\u00fc S\u00fcveter\" width=\"220\" height=\"40\" title=\"\" srcset=\"\" data-srcset=\"https:\/\/tuffhandicraft.com\/wp-content\/uploads\/2021\/08\/footer-logo-1.png 220w, https:\/\/tuffhandicraft.com\/wp-content\/uploads\/2021\/08\/footer-logo-1-150x27.png 150w\" sizes=\"auto, (max-width: 220px) 100vw, 220px\" \/><\/h3>\n<p data-start=\"845\" data-end=\"1075\">Kreieren Sie einen Lagenlook, indem Sie es \u00fcber einem d\u00fcnnen T-Shirt oder Hemd tragen. Dank seines leichten Designs ist es ideal f\u00fcr Fr\u00fchling, Sommerabende und Herbst. Der entspannte, k\u00f6rperbetonte Schnitt erm\u00f6glicht Bewegungsfreiheit.<\/p>\n<hr data-start=\"1077\" data-end=\"1080\" \/>\n<h3 data-start=\"1082\" data-end=\"1107\">\ud83c\udfa8 <strong data-start=\"1089\" data-end=\"1105\">Stilvorschlag<\/strong><\/h3>\n<p data-start=\"1108\" data-end=\"1313\">Kombiniere es mit hoch taillierten Hosen, lockeren R\u00f6cken oder lockeren Jeans f\u00fcr einen Retro-Boh\u00e8me-Look. Seine farbenfrohe Textur macht es zum Star schlichter Outfits. Perfekt f\u00fcr alle, die Vintage-Stil lieben.<\/p>\n<p data-start=\"1162\" data-end=\"1390\">Weitere Modelle, die m\u00f6glicherweise zu Ihrem Stil und mehr passen, finden Sie bei Tuff\u00a0<a href=\"https:\/\/www.pinterest.com\/TuffHandicraft01\/\" target=\"_blank\" rel=\"noopener\">Pinterest<\/a>\u00a0Besuchen Sie die Welt von.<\/p>\n<hr data-start=\"1315\" data-end=\"1318\" \/>\n<h3 data-start=\"1320\" data-end=\"1364\">\u267b\ufe0f <strong data-start=\"1327\" data-end=\"1362\">Handgemachte &amp; nachhaltige Mode<\/strong><\/h3>\n<p data-start=\"1365\" data-end=\"1588\">Jeder Pullover wird nach den Prinzipien der Slow Fashion handgefertigt. Es ist keine Massenproduktion, sondern ethisch und bewusst. Mit Ihrem Kauf unterst\u00fctzen Sie die Arbeit von Frauen und ein nachhaltiges Leben.<\/p>\n<hr data-start=\"1590\" data-end=\"1593\" \/>\n<h3 data-start=\"1595\" data-end=\"1625\">\ud83e\uddfc <strong data-start=\"1602\" data-end=\"1623\">Pflegehinweise<\/strong><\/h3>\n<p data-start=\"1626\" data-end=\"1797\">Handw\u00e4sche in kaltem Wasser. Keine Bleichmittel verwenden. Zum Trocknen flach hinlegen. Maschinenw\u00e4sche und Auswringen werden nicht empfohlen. Sorgf\u00e4ltige Pflege ist erforderlich, um die nat\u00fcrliche Textur zu erhalten.<\/p>\n<hr data-start=\"1799\" data-end=\"1802\" \/>\n<h3 data-start=\"1804\" data-end=\"1866\">\u2728 <strong data-start=\"1810\" data-end=\"1864\">Warum einen Strickpullover mit Oma-Motiv w\u00e4hlen?<\/strong><\/h3>\n<ul data-start=\"1867\" data-end=\"2118\">\n<li data-start=\"1867\" data-end=\"1906\">\n<p data-start=\"1869\" data-end=\"1906\">%100 el yap\u0131m\u0131 granny motif tasar\u0131m<\/p>\n<\/li>\n<li data-start=\"1907\" data-end=\"1945\">\n<p data-start=\"1909\" data-end=\"1945\">Lebendige und energiegeladene Farbkombination<\/p>\n<\/li>\n<li data-start=\"1946\" data-end=\"1985\">\n<p data-start=\"1948\" data-end=\"1985\">Leichte Struktur, geeignet f\u00fcr saisonale \u00dcberg\u00e4nge<\/p>\n<\/li>\n<li data-start=\"1986\" data-end=\"2017\">\n<p data-start=\"1988\" data-end=\"2017\">Unisex-Passform und bequemer Schnitt<\/p>\n<\/li>\n<li data-start=\"2018\" data-end=\"2050\">\n<p data-start=\"2020\" data-end=\"2050\">Nachhaltiger Modeansatz<\/p>\n<\/li>\n<li data-start=\"2051\" data-end=\"2082\">\n<p data-start=\"2053\" data-end=\"2082\">Ethische Produktion mit Frauenarbeit<\/p>\n<\/li>\n<li data-start=\"2083\" data-end=\"2118\">\n<p data-start=\"2085\" data-end=\"2118\">Verwendung von gesundem und nat\u00fcrlichem Garn<\/p>\n<\/li>\n<\/ul>","protected":false},"excerpt":{"rendered":"<p>Dieser handgefertigte Strickpullover mit Oma-Motiv vereint mit seinen leuchtenden Farben und dem entspannten Schnitt Eleganz und Komfort zu jeder Jahreszeit. Das Design ist unisex und nachhaltig.<\/p>","protected":false},"featured_media":28924,"comment_status":"open","ping_status":"closed","template":"","meta":[],"product_brand":[691],"product_cat":[702],"product_tag":[800,805,787,795,809,786,793,806,804,769,808,801,796,807,797,799,802,794,798,803,753],"class_list":{"0":"post-27686","1":"product","2":"type-product","3":"status-publish","4":"has-post-thumbnail","6":"product_brand-tuffhandicraft","7":"product_cat-suveter","8":"product_tag-boho-suveter","9":"product_tag-crochet-sweater-vest","10":"product_tag-dogal-iplik","11":"product_tag-el-yapimi-suveter","12":"product_tag-erkek-suveter","13":"product_tag-festival-stili","14":"product_tag-granny-motifli-suveter","15":"product_tag-granny-square-orgu","16":"product_tag-handmade-vest","17":"product_tag-hediye-fikirleri","18":"product_tag-kadin-suveter","19":"product_tag-mevsimlik-suveter","20":"product_tag-orgu-suveter","21":"product_tag-oversize-suveter","22":"product_tag-renkli-suveter","23":"product_tag-retro-suveter","24":"product_tag-surdurulebilir-giyim","25":"product_tag-tig-isi-suveter","26":"product_tag-unisex-suveter","27":"product_tag-vintage-tarz","28":"product_tag-yavas-moda","30":"first","31":"instock","32":"taxable","33":"shipping-taxable","34":"purchasable","35":"product-type-variable"},"_links":{"self":[{"href":"https:\/\/tuffhandicraft.com\/de\/wp-json\/wp\/v2\/product\/27686","targetHints":{"allow":["GET"]}}],"collection":[{"href":"https:\/\/tuffhandicraft.com\/de\/wp-json\/wp\/v2\/product"}],"about":[{"href":"https:\/\/tuffhandicraft.com\/de\/wp-json\/wp\/v2\/types\/product"}],"replies":[{"embeddable":true,"href":"https:\/\/tuffhandicraft.com\/de\/wp-json\/wp\/v2\/comments?post=27686"}],"version-history":[{"count":0,"href":"https:\/\/tuffhandicraft.com\/de\/wp-json\/wp\/v2\/product\/27686\/revisions"}],"wp:featuredmedia":[{"embeddable":true,"href":"https:\/\/tuffhandicraft.com\/de\/wp-json\/wp\/v2\/media\/28924"}],"wp:attachment":[{"href":"https:\/\/tuffhandicraft.com\/de\/wp-json\/wp\/v2\/media?parent=27686"}],"wp:term":[{"taxonomy":"product_brand","embeddable":true,"href":"https:\/\/tuffhandicraft.com\/de\/wp-json\/wp\/v2\/product_brand?post=27686"},{"taxonomy":"product_cat","embeddable":true,"href":"https:\/\/tuffhandicraft.com\/de\/wp-json\/wp\/v2\/product_cat?post=27686"},{"taxonomy":"product_tag","embeddable":true,"href":"https:\/\/tuffhandicraft.com\/de\/wp-json\/wp\/v2\/product_tag?post=27686"}],"curies":[{"name":"wp","href":"https:\/\/api.w.org\/{rel}","templated":true}]}}