{"id":27896,"date":"2025-05-28T21:23:19","date_gmt":"2025-05-28T18:23:19","guid":{"rendered":"https:\/\/tasarim.yusufkecici.com.tr\/?page_id=27896"},"modified":"2025-05-28T21:24:53","modified_gmt":"2025-05-28T18:24:53","slug":"kvkk","status":"publish","type":"page","link":"https:\/\/tuffhandicraft.com\/en\/kvkk\/","title":{"rendered":"KVKK"},"content":{"rendered":"<p><strong>Tuff Handicraft \u2013 Personal Data Protection Information Text<\/strong><\/p>\n\n\n\n<p>At Tuff Handicraft, we are extremely sensitive to the security of your personal data. In this context, in accordance with Law No. 6698 on the Protection of Personal Data (&quot;KVKK&quot;), we process your personal data as the data controller within the framework described below.<\/p>\n\n\n\n<p><strong>1. Data Controller<\/strong><br>Tuff Handicraft<br>Email: <a>info@tuffhandicraft.com<\/a><br>Website: <a class=\"\" href=\"https:\/\/tuffhandicraft.com\/en\/\">https:\/\/tuffhandicraft.com<\/a><\/p>\n\n\n\n<p><strong>2. Personal Data Collected<\/strong><br>Name-surname, e-mail address, telephone number, delivery\/billing address, IP information, order information, payment information.<\/p>\n\n\n\n<p><strong>3. Purposes of Processing Personal Data<\/strong><\/p>\n\n\n\n<ul class=\"wp-block-list\">\n<li>Execution of order processes<\/li>\n\n\n\n<li>Customer relationship management<\/li>\n\n\n\n<li>Product delivery and invoicing<\/li>\n\n\n\n<li>Fulfillment of legal obligations<\/li>\n\n\n\n<li>Promotions, campaigns, satisfaction surveys (with explicit consent)<\/li>\n<\/ul>\n\n\n\n<p><strong>4. Transfer of Personal Data<\/strong><br>Your personal data may be shared with our service providers (shipping, payment, software services) to a limited extent within the framework of legal obligations.<\/p>\n\n\n\n<p><strong>5. Your Rights Under KVKK<\/strong><br>Pursuant to Article 11 of the Personal Data Protection Law, you have the right to request the deletion, correction, and information about whether your personal data has been processed. To exercise these rights, <a>info@tuffhandicraft.com<\/a> You can send an e-mail to the address.<\/p>","protected":false},"excerpt":{"rendered":"<p>Tuff Handicraft &#8211; Ki\u015fisel Verilerin Korunmas\u0131 Ayd\u0131nlatma Metni Tuff Handicraft olarak, ki\u015fisel verilerinizin g\u00fcvenli\u011fi hususuna azami hassasiyet g\u00f6stermekteyiz. Bu kapsamda,<\/p>","protected":false},"author":1,"featured_media":0,"parent":0,"menu_order":0,"comment_status":"closed","ping_status":"closed","template":"","meta":{"footnotes":""},"class_list":["post-27896","page","type-page","status-publish","hentry"],"_links":{"self":[{"href":"https:\/\/tuffhandicraft.com\/en\/wp-json\/wp\/v2\/pages\/27896","targetHints":{"allow":["GET"]}}],"collection":[{"href":"https:\/\/tuffhandicraft.com\/en\/wp-json\/wp\/v2\/pages"}],"about":[{"href":"https:\/\/tuffhandicraft.com\/en\/wp-json\/wp\/v2\/types\/page"}],"author":[{"embeddable":true,"href":"https:\/\/tuffhandicraft.com\/en\/wp-json\/wp\/v2\/users\/1"}],"replies":[{"embeddable":true,"href":"https:\/\/tuffhandicraft.com\/en\/wp-json\/wp\/v2\/comments?post=27896"}],"version-history":[{"count":0,"href":"https:\/\/tuffhandicraft.com\/en\/wp-json\/wp\/v2\/pages\/27896\/revisions"}],"wp:attachment":[{"href":"https:\/\/tuffhandicraft.com\/en\/wp-json\/wp\/v2\/media?parent=27896"}],"curies":[{"name":"wp","href":"https:\/\/api.w.org\/{rel}","templated":true}]}}