{"id":27898,"date":"2025-05-28T21:23:39","date_gmt":"2025-05-28T18:23:39","guid":{"rendered":"https:\/\/tasarim.yusufkecici.com.tr\/?page_id=27898"},"modified":"2025-05-28T21:26:00","modified_gmt":"2025-05-28T18:26:00","slug":"cerez-politikasi","status":"publish","type":"page","link":"https:\/\/tuffhandicraft.com\/en\/cerez-politikasi\/","title":{"rendered":"Cookie Policy"},"content":{"rendered":"<p><strong>Tuff Handicraft \u2013 Cookie Policy<\/strong><\/p>\n\n\n\n<p>Cookies are used on our website to enhance user experience and improve our services.<\/p>\n\n\n\n<p><strong>1. What is a Cookie?<\/strong><br>Cookies are small data files saved in your browser when you visit a website.<\/p>\n\n\n\n<p><strong>2. Purposes of Use:<\/strong><\/p>\n\n\n\n<ul class=\"wp-block-list\">\n<li>Analyze site performance<\/li>\n\n\n\n<li>Remembering visitor preferences<\/li>\n\n\n\n<li>Showing targeted ads and campaigns<\/li>\n\n\n\n<li>Ensuring the protection of basket and session information<\/li>\n<\/ul>\n\n\n\n<p><strong>3. Types of Cookies:<\/strong><\/p>\n\n\n\n<ul class=\"wp-block-list\">\n<li>Necessary cookies<\/li>\n\n\n\n<li>Analytical cookies<\/li>\n\n\n\n<li>Functional cookies<\/li>\n\n\n\n<li>Advertising cookies<\/li>\n<\/ul>\n\n\n\n<p>You can prevent the use of cookies or delete existing cookies from your browser settings.<\/p>","protected":false},"excerpt":{"rendered":"<p>Tuff Handicraft &#8211; \u00c7erez Politikas\u0131 Web sitemizde kullan\u0131c\u0131 deneyimini geli\u015ftirmek ve hizmetlerimizi iyile\u015ftirmek amac\u0131yla \u00e7erezler kullan\u0131lmaktad\u0131r. 1. \u00c7erez Nedir?\u00c7erez, bir<\/p>","protected":false},"author":1,"featured_media":0,"parent":0,"menu_order":0,"comment_status":"closed","ping_status":"closed","template":"","meta":{"footnotes":""},"class_list":["post-27898","page","type-page","status-publish","hentry"],"_links":{"self":[{"href":"https:\/\/tuffhandicraft.com\/en\/wp-json\/wp\/v2\/pages\/27898","targetHints":{"allow":["GET"]}}],"collection":[{"href":"https:\/\/tuffhandicraft.com\/en\/wp-json\/wp\/v2\/pages"}],"about":[{"href":"https:\/\/tuffhandicraft.com\/en\/wp-json\/wp\/v2\/types\/page"}],"author":[{"embeddable":true,"href":"https:\/\/tuffhandicraft.com\/en\/wp-json\/wp\/v2\/users\/1"}],"replies":[{"embeddable":true,"href":"https:\/\/tuffhandicraft.com\/en\/wp-json\/wp\/v2\/comments?post=27898"}],"version-history":[{"count":0,"href":"https:\/\/tuffhandicraft.com\/en\/wp-json\/wp\/v2\/pages\/27898\/revisions"}],"wp:attachment":[{"href":"https:\/\/tuffhandicraft.com\/en\/wp-json\/wp\/v2\/media?parent=27898"}],"curies":[{"name":"wp","href":"https:\/\/api.w.org\/{rel}","templated":true}]}}