{"id":27900,"date":"2025-05-28T21:24:02","date_gmt":"2025-05-28T18:24:02","guid":{"rendered":"https:\/\/tasarim.yusufkecici.com.tr\/?page_id=27900"},"modified":"2025-05-28T21:27:18","modified_gmt":"2025-05-28T18:27:18","slug":"sartlar-ve-kosullar","status":"publish","type":"page","link":"https:\/\/tuffhandicraft.com\/en\/sartlar-ve-kosullar\/","title":{"rendered":"Terms and Conditions"},"content":{"rendered":"<p><strong>Tuff Handicraft \u2013 Terms of Use and Rules<\/strong><\/p>\n\n\n\n<p>By using our website you are deemed to have accepted the following terms and conditions:<\/p>\n\n\n\n<ol class=\"wp-block-list\">\n<li>All products offered on our website are handmade and in limited stock.<\/li>\n\n\n\n<li>There may be slight differences between product images and products.<\/li>\n\n\n\n<li>When completing the purchase, the user is responsible for providing accurate shipping information.<\/li>\n\n\n\n<li>The comments, content and evaluations made on our website are subject to company control.<\/li>\n\n\n\n<li>The user cannot use copyrighted and trademarked content without permission.<\/li>\n\n\n\n<li>The terms of use may be updated by Tuff Handicraft.<\/li>\n<\/ol>","protected":false},"excerpt":{"rendered":"<p>Tuff Handicraft &#8211; Kullan\u0131m \u015eartlar\u0131 ve Kurallar Web sitemizi kullanarak a\u015fa\u011f\u0131daki \u015fartlar\u0131 kabul etmi\u015f say\u0131l\u0131rs\u0131n\u0131z:<\/p>","protected":false},"author":1,"featured_media":0,"parent":0,"menu_order":0,"comment_status":"closed","ping_status":"closed","template":"","meta":{"footnotes":""},"class_list":["post-27900","page","type-page","status-publish","hentry"],"_links":{"self":[{"href":"https:\/\/tuffhandicraft.com\/en\/wp-json\/wp\/v2\/pages\/27900","targetHints":{"allow":["GET"]}}],"collection":[{"href":"https:\/\/tuffhandicraft.com\/en\/wp-json\/wp\/v2\/pages"}],"about":[{"href":"https:\/\/tuffhandicraft.com\/en\/wp-json\/wp\/v2\/types\/page"}],"author":[{"embeddable":true,"href":"https:\/\/tuffhandicraft.com\/en\/wp-json\/wp\/v2\/users\/1"}],"replies":[{"embeddable":true,"href":"https:\/\/tuffhandicraft.com\/en\/wp-json\/wp\/v2\/comments?post=27900"}],"version-history":[{"count":0,"href":"https:\/\/tuffhandicraft.com\/en\/wp-json\/wp\/v2\/pages\/27900\/revisions"}],"wp:attachment":[{"href":"https:\/\/tuffhandicraft.com\/en\/wp-json\/wp\/v2\/media?parent=27900"}],"curies":[{"name":"wp","href":"https:\/\/api.w.org\/{rel}","templated":true}]}}