{"id":3,"date":"2025-05-05T22:01:15","date_gmt":"2025-05-05T19:01:15","guid":{"rendered":"https:\/\/tasarim.yusufkecici.com.tr\/?page_id=3"},"modified":"2025-05-28T21:25:27","modified_gmt":"2025-05-28T18:25:27","slug":"gizlilik-ilkesi","status":"publish","type":"page","link":"https:\/\/tuffhandicraft.com\/en\/gizlilik-ilkesi\/","title":{"rendered":"Privacy Policy"},"content":{"rendered":"<p><strong>Tuff Handicraft \u2013 Privacy Policy<\/strong><\/p>\n\n\n\n<p>The confidentiality of customer information is a priority for our company. Personal information from users visiting our website is not shared with third parties, sold, or used for commercial purposes.<\/p>\n\n\n\n<ul class=\"wp-block-list\">\n<li>Personal data is processed only for order processing, communication and campaign information purposes.<\/li>\n\n\n\n<li>Your credit card information is not recorded or stored by us in any way.<\/li>\n\n\n\n<li>Our website is secured with an SSL certificate.<\/li>\n\n\n\n<li>Only necessary information is shared with third-party software and service providers (shipping, payment systems, etc.).<\/li>\n\n\n\n<li>Users can access details regarding the processing of their personal data in the KVKK Information Text.<\/li>\n<\/ul>\n\n\n\n<p><\/p>","protected":false},"excerpt":{"rendered":"<p>Tuff Handicraft &#8211; Gizlilik Politikas\u0131 M\u00fc\u015fteri bilgilerinin gizlili\u011fi, firmam\u0131z i\u00e7in \u00f6nceliklidir. Web sitemizi ziyaret eden kullan\u0131c\u0131lar\u0131n ki\u015fisel bilgileri, 3. \u015fah\u0131slarla<\/p>","protected":false},"author":1,"featured_media":0,"parent":0,"menu_order":0,"comment_status":"closed","ping_status":"closed","template":"","meta":{"footnotes":""},"class_list":["post-3","page","type-page","status-publish","hentry"],"_links":{"self":[{"href":"https:\/\/tuffhandicraft.com\/en\/wp-json\/wp\/v2\/pages\/3","targetHints":{"allow":["GET"]}}],"collection":[{"href":"https:\/\/tuffhandicraft.com\/en\/wp-json\/wp\/v2\/pages"}],"about":[{"href":"https:\/\/tuffhandicraft.com\/en\/wp-json\/wp\/v2\/types\/page"}],"author":[{"embeddable":true,"href":"https:\/\/tuffhandicraft.com\/en\/wp-json\/wp\/v2\/users\/1"}],"replies":[{"embeddable":true,"href":"https:\/\/tuffhandicraft.com\/en\/wp-json\/wp\/v2\/comments?post=3"}],"version-history":[{"count":0,"href":"https:\/\/tuffhandicraft.com\/en\/wp-json\/wp\/v2\/pages\/3\/revisions"}],"wp:attachment":[{"href":"https:\/\/tuffhandicraft.com\/en\/wp-json\/wp\/v2\/media?parent=3"}],"curies":[{"name":"wp","href":"https:\/\/api.w.org\/{rel}","templated":true}]}}