{"id":27639,"date":"2025-05-11T00:24:26","date_gmt":"2025-05-10T21:24:26","guid":{"rendered":"https:\/\/tasarim.yusufkecici.com.tr\/urun\/handmade-canvas-bag-with-chain-strap-elegant-crochet-purse-small-evening-bag-plastic-canvas-bag-gift-for-her\/"},"modified":"2025-08-21T17:38:29","modified_gmt":"2025-08-21T14:38:29","slug":"mini-kanvas-canta","status":"publish","type":"product","link":"https:\/\/tuffhandicraft.com\/en\/magaza\/canta\/el-cantasi\/mini-kanvas-canta\/","title":{"rendered":"Mini Canvas Bag \u2013 Chain Strap and Stylish"},"content":{"rendered":"<h3 data-start=\"962\" data-end=\"984\">\ud83d\udc5cMini Canvas Bag - Chain-Look Strap and Unique Elegance<\/h3>\n<p data-start=\"121\" data-end=\"373\">This handmade mini canvas bag stands out with its vibrant colors and embroidered design. Its chic chain strap offers a modern and elegant look. It&#039;s the ideal size, lightweight, and practical for everyday use. Designed to safely carry your minimal belongings.<\/p>\n<hr data-start=\"512\" data-end=\"515\" \/>\n<h3 data-start=\"517\" data-end=\"541\">\ud83e\uddf5 Material Information<img loading=\"lazy\" decoding=\"async\" class=\"wd-lazy-fade size-full wp-image-28000 alignright\" style=\"color: #333333; font-size: 16px;\" src=\"https:\/\/tuffhandicraft.com\/wp-content\/themes\/woodmart\/images\/lazy.svg\" data-src=\"https:\/\/tuffhandicraft.com\/wp-content\/uploads\/2021\/08\/footer-logo-1.png\" alt=\"Mini Canvas Bag \u2013 Chain Strap and Stylish\" width=\"220\" height=\"40\" title=\"\" srcset=\"\" data-srcset=\"https:\/\/tuffhandicraft.com\/wp-content\/uploads\/2021\/08\/footer-logo-1.png 220w, https:\/\/tuffhandicraft.com\/wp-content\/uploads\/2021\/08\/footer-logo-1-150x27.png 150w\" sizes=\"auto, (max-width: 220px) 100vw, 220px\" \/><\/h3>\n<ul data-start=\"542\" data-end=\"631\">\n<li data-start=\"542\" data-end=\"574\">\n<p data-start=\"544\" data-end=\"574\">Specially embroidered surface<\/p>\n<\/li>\n<li data-start=\"575\" data-end=\"596\">\n<p data-start=\"577\" data-end=\"596\">Ultra-light chain-like hanger<\/p>\n<\/li>\n<li data-start=\"597\" data-end=\"631\">\n<p data-start=\"599\" data-end=\"631\">Strong stitching and durable structure<\/p>\n<\/li>\n<\/ul>\n<hr data-start=\"633\" data-end=\"636\" \/>\n<h3 data-start=\"638\" data-end=\"671\">\ud83d\udc5d Area of Use and Comfort<\/h3>\n<ul data-start=\"672\" data-end=\"764\">\n<li data-start=\"672\" data-end=\"698\">\n<p data-start=\"674\" data-end=\"698\">Daily city tours<\/p>\n<\/li>\n<li data-start=\"699\" data-end=\"720\">\n<p data-start=\"701\" data-end=\"720\">Evening meetings<\/p>\n<\/li>\n<li data-start=\"721\" data-end=\"764\">\n<p data-start=\"723\" data-end=\"764\"><a href=\"https:\/\/tuffhandicraft.com\/en\/product\/kagit-ip-mini-canta\/\">Minimalist<\/a> and complements modern style<\/p>\n<\/li>\n<li data-start=\"721\" data-end=\"764\">\n<p data-start=\"1269\" data-end=\"1509\">For other models that may suit your style and more, visit Tuff\u00a0<a href=\"https:\/\/www.pinterest.com\/TuffHandicraft01\/\" target=\"_blank\" rel=\"noopener\">Pinterest<\/a>\u00a0visit the world of.<\/p>\n<\/li>\n<\/ul>\n<hr data-start=\"766\" data-end=\"769\" \/>\n<h3 data-start=\"771\" data-end=\"810\">\u267b\ufe0f Handmade and Sustainable<\/h3>\n<p data-start=\"811\" data-end=\"955\">This bag, produced with a slow fashion approach, combines quality and aesthetics. It&#039;s crafted using ethical and sustainable methods, rather than mass production.<\/p>\n<hr data-start=\"957\" data-end=\"960\" \/>\n<h3 data-start=\"962\" data-end=\"984\">\ud83e\uddfc Care Recommendations<\/h3>\n<p data-start=\"985\" data-end=\"1060\">Wipe clean with a damp cloth. Do not use bleach.<\/p>\n<hr data-start=\"1062\" data-end=\"1065\" \/>\n<h3 data-start=\"1067\" data-end=\"1111\">\u2728 Why Should You Choose This Bag?<\/h3>\n<ul data-start=\"1112\" data-end=\"1242\">\n<li data-start=\"1112\" data-end=\"1147\">\n<p data-start=\"1114\" data-end=\"1147\">%100 el yap\u0131m\u0131 ve \u00f6zg\u00fcn tasar\u0131m<\/p>\n<\/li>\n<li data-start=\"1148\" data-end=\"1176\">\n<p data-start=\"1150\" data-end=\"1176\">Durable canvas material<\/p>\n<\/li>\n<li data-start=\"1177\" data-end=\"1196\">\n<p data-start=\"1179\" data-end=\"1196\">Stylish chain hanger<\/p>\n<\/li>\n<li data-start=\"1197\" data-end=\"1216\">\n<p data-start=\"1199\" data-end=\"1216\">Light and practical<\/p>\n<\/li>\n<li data-start=\"1217\" data-end=\"1242\">\n<p data-start=\"1219\" data-end=\"1242\">Sustainable production<\/p>\n<\/li>\n<\/ul>\n<hr data-start=\"1244\" data-end=\"1247\" \/>\n<p data-start=\"1249\" data-end=\"1327\" data-is-last-node=\"\" data-is-only-node=\"\">","protected":false},"excerpt":{"rendered":"<p data-start=\"144\" data-end=\"239\">Handmade, specially embroidered mini canvas bag; a modern and practical accessory with its stylish chain-like strap.<\/p>","protected":false},"featured_media":28306,"comment_status":"open","ping_status":"closed","template":"","meta":[],"product_brand":[691],"product_cat":[728,686],"product_tag":[1124,819,812,1123,908,769,1121,1114,1120,1115,1122,1118,1119,1117,762,1116],"class_list":{"0":"post-27639","1":"product","2":"type-product","3":"status-publish","4":"has-post-thumbnail","6":"product_brand-tuffhandicraft","7":"product_cat-el-cantasi","8":"product_cat-canta","9":"product_tag-abiye-canta","10":"product_tag-el-orgusu-canta","11":"product_tag-el-yapimi-canta","12":"product_tag-gece-cantasi","13":"product_tag-gunluk-canta","14":"product_tag-hediye-fikirleri","15":"product_tag-kanvas-canta","16":"product_tag-mini-canta","17":"product_tag-modern-aksesuar","18":"product_tag-nakisli-canta","19":"product_tag-omuz-cantasi","20":"product_tag-ozgun-tasarim-canta","21":"product_tag-pratik-canta","22":"product_tag-sik-mini-canta","23":"product_tag-surdurulebilir-moda","24":"product_tag-zincir-askili-canta","26":"first","27":"instock","28":"sale","29":"taxable","30":"shipping-taxable","31":"purchasable","32":"product-type-simple"},"_links":{"self":[{"href":"https:\/\/tuffhandicraft.com\/en\/wp-json\/wp\/v2\/product\/27639","targetHints":{"allow":["GET"]}}],"collection":[{"href":"https:\/\/tuffhandicraft.com\/en\/wp-json\/wp\/v2\/product"}],"about":[{"href":"https:\/\/tuffhandicraft.com\/en\/wp-json\/wp\/v2\/types\/product"}],"replies":[{"embeddable":true,"href":"https:\/\/tuffhandicraft.com\/en\/wp-json\/wp\/v2\/comments?post=27639"}],"version-history":[{"count":1,"href":"https:\/\/tuffhandicraft.com\/en\/wp-json\/wp\/v2\/product\/27639\/revisions"}],"predecessor-version":[{"id":30279,"href":"https:\/\/tuffhandicraft.com\/en\/wp-json\/wp\/v2\/product\/27639\/revisions\/30279"}],"wp:featuredmedia":[{"embeddable":true,"href":"https:\/\/tuffhandicraft.com\/en\/wp-json\/wp\/v2\/media\/28306"}],"wp:attachment":[{"href":"https:\/\/tuffhandicraft.com\/en\/wp-json\/wp\/v2\/media?parent=27639"}],"wp:term":[{"taxonomy":"product_brand","embeddable":true,"href":"https:\/\/tuffhandicraft.com\/en\/wp-json\/wp\/v2\/product_brand?post=27639"},{"taxonomy":"product_cat","embeddable":true,"href":"https:\/\/tuffhandicraft.com\/en\/wp-json\/wp\/v2\/product_cat?post=27639"},{"taxonomy":"product_tag","embeddable":true,"href":"https:\/\/tuffhandicraft.com\/en\/wp-json\/wp\/v2\/product_tag?post=27639"}],"curies":[{"name":"wp","href":"https:\/\/api.w.org\/{rel}","templated":true}]}}