{"id":27684,"date":"2025-05-11T00:25:08","date_gmt":"2025-05-10T21:25:08","guid":{"rendered":"https:\/\/tasarim.yusufkecici.com.tr\/urun\/paper-string-knitted-bag-eco-friendly-compartment-hand-knitted-tan-bag-summer-beach-daily-tote-paper-string-tote-bag-straw-bag\/"},"modified":"2025-08-21T17:34:57","modified_gmt":"2025-08-21T14:34:57","slug":"doga-dostu-kagit-ip-canta","status":"publish","type":"product","link":"https:\/\/tuffhandicraft.com\/en\/magaza\/canta\/omuz-cantasi\/doga-dostu-kagit-ip-canta\/","title":{"rendered":"Do\u011fa Dostu Ka\u011f\u0131t \u0130p \u00c7anta | %90 Su Tasarrufu"},"content":{"rendered":"<h3 data-start=\"277\" data-end=\"354\">\ud83d\udc5c <strong data-start=\"284\" data-end=\"352\">Eco-Friendly Paper String Bag \u2013 Handmade, Lined, Lightweight and Compartmented<\/strong><\/h3>\n<p data-start=\"355\" data-end=\"725\">\ud83c\udf3f Sustainable Elegance that Stands Out with Its Lightness<br data-start=\"402\" data-end=\"405\" \/>This is handmade <strong data-start=\"418\" data-end=\"447\">eco-friendly paper rope bag<\/strong>Made with recyclable materials, it&#039;s a special accessory that combines lightness and elegance. It&#039;s a functional and aesthetically pleasing piece you can comfortably use both in the city and on vacation during the summer months. Its interior compartments and lined design ensure ease of use.<\/p>\n<hr data-start=\"727\" data-end=\"730\" \/>\n<h3 data-start=\"732\" data-end=\"760\">\ud83e\uddf5 <strong data-start=\"739\" data-end=\"758\">Material Information<\/strong><img loading=\"lazy\" decoding=\"async\" class=\"wd-lazy-fade size-full wp-image-28000 alignright\" style=\"color: #333333; font-size: 16px;\" src=\"https:\/\/tuffhandicraft.com\/wp-content\/themes\/woodmart\/images\/lazy.svg\" data-src=\"https:\/\/tuffhandicraft.com\/wp-content\/uploads\/2021\/08\/footer-logo-1.png\" alt=\"Do\u011fa Dostu Ka\u011f\u0131t \u0130p \u00c7anta\" width=\"220\" height=\"40\" title=\"\" srcset=\"\" data-srcset=\"https:\/\/tuffhandicraft.com\/wp-content\/uploads\/2021\/08\/footer-logo-1.png 220w, https:\/\/tuffhandicraft.com\/wp-content\/uploads\/2021\/08\/footer-logo-1-150x27.png 150w\" sizes=\"auto, (max-width: 220px) 100vw, 220px\" \/><\/h3>\n<p data-start=\"761\" data-end=\"963\">The bag is durable and <a href=\"https:\/\/tuffhandicraft.com\/en\/product\/buzgulu-kagit-ipten-omuz-cantasi\/\">natural <strong data-start=\"787\" data-end=\"799\">paper rope<\/strong><\/a> ile \u00f6r\u00fclm\u00fc\u015ft\u00fcr. Astar\u0131nda pamuklu kuma\u015f tercih edilmi\u015ftir. %100 el yap\u0131m\u0131d\u0131r. Hafif, \u00e7evre dostu ve vegan bir alternatiftir. \u00dcretimde sentetik malzeme kullan\u0131lmaz.<\/p>\n<hr data-start=\"965\" data-end=\"968\" \/>\n<h3 data-start=\"970\" data-end=\"1007\">\ud83d\udc5c <strong data-start=\"977\" data-end=\"1005\">Area of Use and Comfort<\/strong><\/h3>\n<p data-start=\"1008\" data-end=\"1256\">Ideal for daily use, city walks, market trips, the beach, and picnics. Thanks to its lining and compartmentalized structure, you can neatly carry your personal items like your phone, keys, and wallet. It&#039;s suitable for carrying on the shoulder or by hand.<\/p>\n<hr data-start=\"1258\" data-end=\"1261\" \/>\n<h3 data-start=\"1263\" data-end=\"1288\">\ud83c\udfa8 <strong data-start=\"1270\" data-end=\"1286\">Style Suggestion<\/strong><\/h3>\n<p data-start=\"1289\" data-end=\"1465\">Linen shirts, sandals, dresses, or summer jumpsuits will highlight your natural style. It&#039;s a perfect complement to boho, minimalist, and nature-themed outfits.<\/p>\n<p data-start=\"1289\" data-end=\"1465\">For other models that may suit your style and more, visit Tuff\u00a0<a href=\"https:\/\/www.pinterest.com\/TuffHandicraft01\/\" target=\"_blank\" rel=\"noopener\">Pinterest<\/a>\u00a0visit the world of.<\/p>\n<hr data-start=\"1467\" data-end=\"1470\" \/>\n<h3 data-start=\"1472\" data-end=\"1516\">\u267b\ufe0f <strong data-start=\"1479\" data-end=\"1514\">Handmade &amp; Sustainable Fashion<\/strong><\/h3>\n<p><em>This product saved enough water for 1,000 families. Because sustainability is not a trend, it&#039;s a responsibility.<\/em><\/p>\n<p data-start=\"1603\" data-end=\"1903\">This bag, <strong data-start=\"1613\" data-end=\"1698\">It is a timeless piece that is produced against the fast consumption cycle and respects nature.<\/strong> Each bag is meticulously crafted by hand. Ethical and conscientious production is preferred over mass production. With this product, you&#039;ll not only have a stylish bag but also a lifesaver.<\/p>\n<hr data-start=\"1771\" data-end=\"1774\" \/>\n<h3 data-start=\"1776\" data-end=\"1806\">\ud83e\uddfc <strong data-start=\"1783\" data-end=\"1804\">Care Instructions<\/strong><\/h3>\n<p data-start=\"1807\" data-end=\"1982\">Because it&#039;s made of paper yarn, direct washing is not recommended. It should be cleaned by wiping with a slightly damp cloth. Store in a cool, dry place. Its lining makes cleaning the interior easy.<\/p>\n<hr data-start=\"1984\" data-end=\"1987\" \/>\n<h3 data-start=\"1989\" data-end=\"2057\">\u2728 <strong data-start=\"1995\" data-end=\"2055\">Why Choose This Eco-Friendly Paper String Bag?<\/strong><\/h3>\n<ul data-start=\"2058\" data-end=\"2321\">\n<li data-start=\"2058\" data-end=\"2093\">\n<p data-start=\"2060\" data-end=\"2093\">%100 el yap\u0131m\u0131 ve \u00f6zg\u00fcn tasar\u0131m<\/p>\n<\/li>\n<li data-start=\"2094\" data-end=\"2139\">\n<p data-start=\"2096\" data-end=\"2139\">Knitted with recyclable paper yarn<\/p>\n<\/li>\n<li data-start=\"2140\" data-end=\"2181\">\n<p data-start=\"2142\" data-end=\"2181\">Functional with lining and interior compartments<\/p>\n<\/li>\n<li data-start=\"2182\" data-end=\"2213\">\n<p data-start=\"2184\" data-end=\"2213\">Lightweight, eco-friendly and vegan<\/p>\n<\/li>\n<li data-start=\"2214\" data-end=\"2250\">\n<p data-start=\"2216\" data-end=\"2250\">Natural look suitable for summer months<\/p>\n<\/li>\n<li data-start=\"2251\" data-end=\"2284\">\n<p data-start=\"2253\" data-end=\"2284\">Sustainable and ethical production<\/p>\n<\/li>\n<li data-start=\"2285\" data-end=\"2321\">\n<p data-start=\"2287\" data-end=\"2321\">Offers elegance without harming nature<\/p>\n<\/li>\n<\/ul>\n<hr data-start=\"2323\" data-end=\"2326\" \/>\n<p data-start=\"2328\" data-end=\"2436\" data-is-last-node=\"\" data-is-only-node=\"\">","protected":false},"excerpt":{"rendered":"<p>The handmade paper rope bag is a stylish and eco-friendly summer accessory with its lined, compartmentalized and lightweight structure.<\/p>","protected":false},"featured_media":27770,"comment_status":"open","ping_status":"closed","template":"","meta":[],"product_brand":[691],"product_cat":[686,724],"product_tag":[814,820,823,811,821,819,812,822,824,815,769,825,810,813,817,762,826,818,816],"class_list":{"0":"post-27684","1":"product","2":"type-product","3":"status-publish","4":"has-post-thumbnail","6":"product_brand-tuffhandicraft","7":"product_cat-canta","8":"product_cat-omuz-cantasi","9":"product_tag-astarli-canta","10":"product_tag-boho-canta","11":"product_tag-bolmeli-canta","12":"product_tag-doga-dostu-canta","13":"product_tag-dogal-malzeme-canta","14":"product_tag-el-orgusu-canta","15":"product_tag-el-yapimi-canta","16":"product_tag-geri-donusturulebilir-canta","17":"product_tag-gunluk-kullanim-cantasi","18":"product_tag-hafif-canta","19":"product_tag-hediye-fikirleri","20":"product_tag-kadin-cantasi","21":"product_tag-kagit-ip-canta","22":"product_tag-orgu-canta","23":"product_tag-surdurulebilir-canta","24":"product_tag-surdurulebilir-moda","25":"product_tag-unisex-canta","26":"product_tag-vegan-canta","27":"product_tag-yazlik-canta","29":"first","30":"instock","31":"sale","32":"taxable","33":"shipping-taxable","34":"purchasable","35":"product-type-simple"},"_links":{"self":[{"href":"https:\/\/tuffhandicraft.com\/en\/wp-json\/wp\/v2\/product\/27684","targetHints":{"allow":["GET"]}}],"collection":[{"href":"https:\/\/tuffhandicraft.com\/en\/wp-json\/wp\/v2\/product"}],"about":[{"href":"https:\/\/tuffhandicraft.com\/en\/wp-json\/wp\/v2\/types\/product"}],"replies":[{"embeddable":true,"href":"https:\/\/tuffhandicraft.com\/en\/wp-json\/wp\/v2\/comments?post=27684"}],"version-history":[{"count":1,"href":"https:\/\/tuffhandicraft.com\/en\/wp-json\/wp\/v2\/product\/27684\/revisions"}],"predecessor-version":[{"id":30271,"href":"https:\/\/tuffhandicraft.com\/en\/wp-json\/wp\/v2\/product\/27684\/revisions\/30271"}],"wp:featuredmedia":[{"embeddable":true,"href":"https:\/\/tuffhandicraft.com\/en\/wp-json\/wp\/v2\/media\/27770"}],"wp:attachment":[{"href":"https:\/\/tuffhandicraft.com\/en\/wp-json\/wp\/v2\/media?parent=27684"}],"wp:term":[{"taxonomy":"product_brand","embeddable":true,"href":"https:\/\/tuffhandicraft.com\/en\/wp-json\/wp\/v2\/product_brand?post=27684"},{"taxonomy":"product_cat","embeddable":true,"href":"https:\/\/tuffhandicraft.com\/en\/wp-json\/wp\/v2\/product_cat?post=27684"},{"taxonomy":"product_tag","embeddable":true,"href":"https:\/\/tuffhandicraft.com\/en\/wp-json\/wp\/v2\/product_tag?post=27684"}],"curies":[{"name":"wp","href":"https:\/\/api.w.org\/{rel}","templated":true}]}}