{"id":14,"date":"2025-05-28T21:17:30","date_gmt":"2025-05-28T18:17:30","guid":{"rendered":"https:\/\/tasarim.yusufkecici.com.tr\/?page_id=14"},"modified":"2025-05-28T21:26:33","modified_gmt":"2025-05-28T18:26:33","slug":"geri-odeme-ve-iade-politikasi","status":"publish","type":"page","link":"https:\/\/tuffhandicraft.com\/es\/geri-odeme-ve-iade-politikasi\/","title":{"rendered":"Pol\u00edtica de reembolso y devoluci\u00f3n"},"content":{"rendered":"<p><strong>Tuff Handicraft \u2013 Pol\u00edtica de cancelaci\u00f3n y reembolso<\/strong><\/p>\n\n\n\n<p>En Tuff Handicraft, priorizamos la satisfacci\u00f3n del cliente. A continuaci\u00f3n, se detallan las pol\u00edticas de devoluci\u00f3n y cambio de los productos adquiridos:<\/p>\n\n\n\n<p><strong>1. Procedimientos de cancelaci\u00f3n:<\/strong><br>Si tu pedido a\u00fan no ha sido enviado, puedes cancelarlo <a>info@tuffhandicraft.com<\/a> Puede enviar un correo electr\u00f3nico a la direcci\u00f3n.<\/p>\n\n\n\n<p><strong>2. Condiciones de devoluci\u00f3n:<\/strong><\/p>\n\n\n\n<ul class=\"wp-block-list\">\n<li>Desde la entrega del producto <strong>Dentro de 14 d\u00edas<\/strong> Puede crear una solicitud de reembolso.<\/li>\n\n\n\n<li>El producto debe estar en su embalaje original, sin usar y en condiciones de reventa.<\/li>\n\n\n\n<li>No se aceptan devoluciones de productos que no puedan devolverse por motivos personales o higi\u00e9nicos.<\/li>\n\n\n\n<li>Los gastos de env\u00edo de devoluci\u00f3n corren a cargo del comprador (excepto en el caso de productos defectuosos).<\/li>\n<\/ul>\n\n\n\n<p><strong>3. Proceso de reembolso:<\/strong><\/p>\n\n\n\n<ul class=\"wp-block-list\">\n<li>Una vez aprobada la devoluci\u00f3n, <strong>7 d\u00edas h\u00e1biles<\/strong> Los reembolsos se realizar\u00e1n dentro de las 24 horas seg\u00fan su m\u00e9todo de pago.<\/li>\n\n\n\n<li>Los reembolsos de tarjetas de cr\u00e9dito pueden demorar entre 3 y 7 d\u00edas h\u00e1biles seg\u00fan su banco.<\/li>\n<\/ul>\n\n\n\n<p><strong>4. Cambio:<\/strong><br>Si hay stock disponible, es posible el cambio del producto. <a>info@tuffhandicraft.com<\/a> Puedes enviarlo a la direcci\u00f3n.<\/p>","protected":false},"excerpt":{"rendered":"<p>Tuff Handicraft &#8211; \u0130ptal ve \u0130ade Politikas\u0131 Tuff Handicraft olarak m\u00fc\u015fteri memnuniyetine \u00f6nem veriyoruz. Sat\u0131n ald\u0131\u011f\u0131n\u0131z \u00fcr\u00fcnlerle ilgili iade ve<\/p>","protected":false},"author":1,"featured_media":0,"parent":0,"menu_order":0,"comment_status":"closed","ping_status":"closed","template":"","meta":{"footnotes":""},"class_list":["post-14","page","type-page","status-publish","hentry"],"_links":{"self":[{"href":"https:\/\/tuffhandicraft.com\/es\/wp-json\/wp\/v2\/pages\/14","targetHints":{"allow":["GET"]}}],"collection":[{"href":"https:\/\/tuffhandicraft.com\/es\/wp-json\/wp\/v2\/pages"}],"about":[{"href":"https:\/\/tuffhandicraft.com\/es\/wp-json\/wp\/v2\/types\/page"}],"author":[{"embeddable":true,"href":"https:\/\/tuffhandicraft.com\/es\/wp-json\/wp\/v2\/users\/1"}],"replies":[{"embeddable":true,"href":"https:\/\/tuffhandicraft.com\/es\/wp-json\/wp\/v2\/comments?post=14"}],"version-history":[{"count":0,"href":"https:\/\/tuffhandicraft.com\/es\/wp-json\/wp\/v2\/pages\/14\/revisions"}],"wp:attachment":[{"href":"https:\/\/tuffhandicraft.com\/es\/wp-json\/wp\/v2\/media?parent=14"}],"curies":[{"name":"wp","href":"https:\/\/api.w.org\/{rel}","templated":true}]}}