{"id":27896,"date":"2025-05-28T21:23:19","date_gmt":"2025-05-28T18:23:19","guid":{"rendered":"https:\/\/tasarim.yusufkecici.com.tr\/?page_id=27896"},"modified":"2025-05-28T21:24:53","modified_gmt":"2025-05-28T18:24:53","slug":"kvkk","status":"publish","type":"page","link":"https:\/\/tuffhandicraft.com\/es\/kvkk\/","title":{"rendered":"KVKK"},"content":{"rendered":"<p><strong>Tuff Handicraft \u2013 Texto informativo sobre protecci\u00f3n de datos personales<\/strong><\/p>\n\n\n\n<p>En Tuff Handicraft, nos preocupamos especialmente por la seguridad de sus datos personales. En este contexto, de conformidad con la Ley de Protecci\u00f3n de Datos Personales n.\u00ba 6698 (&quot;KVKK&quot;), tratamos sus datos personales como responsables del tratamiento de datos, seg\u00fan el marco descrito a continuaci\u00f3n.<\/p>\n\n\n\n<p><strong>1. Responsable del tratamiento de datos<\/strong><br>Artesan\u00eda Tuff<br>Correo electr\u00f3nico: <a>info@tuffhandicraft.com<\/a><br>Sitio web: <a class=\"\" href=\"https:\/\/tuffhandicraft.com\/es\/\">https:\/\/tuffhandicraft.com<\/a><\/p>\n\n\n\n<p><strong>2. Datos personales recopilados<\/strong><br>Nombre-apellido, direcci\u00f3n de correo electr\u00f3nico, n\u00famero de tel\u00e9fono, direcci\u00f3n de entrega\/facturaci\u00f3n, informaci\u00f3n IP, informaci\u00f3n del pedido, informaci\u00f3n de pago.<\/p>\n\n\n\n<p><strong>3. Finalidades del Tratamiento de Datos Personales<\/strong><\/p>\n\n\n\n<ul class=\"wp-block-list\">\n<li>Ejecuci\u00f3n de procesos de \u00f3rdenes<\/li>\n\n\n\n<li>Gesti\u00f3n de relaciones con los clientes<\/li>\n\n\n\n<li>Entrega y facturaci\u00f3n de productos<\/li>\n\n\n\n<li>Cumplimiento de obligaciones legales<\/li>\n\n\n\n<li>Promociones, campa\u00f1as, encuestas de satisfacci\u00f3n (con consentimiento expl\u00edcito)<\/li>\n<\/ul>\n\n\n\n<p><strong>4. Transferencia de datos personales<\/strong><br>Sus datos personales podr\u00e1n ser compartidos con nuestros proveedores de servicios (env\u00edo, pago, servicios de software) de forma limitada en el marco de las obligaciones legales.<\/p>\n\n\n\n<p><strong>5. Sus derechos bajo KVKK<\/strong><br>De conformidad con el art\u00edculo 11 de la Ley de Protecci\u00f3n de Datos Personales, usted tiene derecho a solicitar la supresi\u00f3n, correcci\u00f3n e informaci\u00f3n sobre si sus datos personales han sido tratados. Para ejercer estos derechos, <a>info@tuffhandicraft.com<\/a> Puede enviar un correo electr\u00f3nico a la direcci\u00f3n.<\/p>","protected":false},"excerpt":{"rendered":"<p>Tuff Handicraft &#8211; Ki\u015fisel Verilerin Korunmas\u0131 Ayd\u0131nlatma Metni Tuff Handicraft olarak, ki\u015fisel verilerinizin g\u00fcvenli\u011fi hususuna azami hassasiyet g\u00f6stermekteyiz. Bu kapsamda,<\/p>","protected":false},"author":1,"featured_media":0,"parent":0,"menu_order":0,"comment_status":"closed","ping_status":"closed","template":"","meta":{"footnotes":""},"class_list":["post-27896","page","type-page","status-publish","hentry"],"_links":{"self":[{"href":"https:\/\/tuffhandicraft.com\/es\/wp-json\/wp\/v2\/pages\/27896","targetHints":{"allow":["GET"]}}],"collection":[{"href":"https:\/\/tuffhandicraft.com\/es\/wp-json\/wp\/v2\/pages"}],"about":[{"href":"https:\/\/tuffhandicraft.com\/es\/wp-json\/wp\/v2\/types\/page"}],"author":[{"embeddable":true,"href":"https:\/\/tuffhandicraft.com\/es\/wp-json\/wp\/v2\/users\/1"}],"replies":[{"embeddable":true,"href":"https:\/\/tuffhandicraft.com\/es\/wp-json\/wp\/v2\/comments?post=27896"}],"version-history":[{"count":0,"href":"https:\/\/tuffhandicraft.com\/es\/wp-json\/wp\/v2\/pages\/27896\/revisions"}],"wp:attachment":[{"href":"https:\/\/tuffhandicraft.com\/es\/wp-json\/wp\/v2\/media?parent=27896"}],"curies":[{"name":"wp","href":"https:\/\/api.w.org\/{rel}","templated":true}]}}