{"id":27898,"date":"2025-05-28T21:23:39","date_gmt":"2025-05-28T18:23:39","guid":{"rendered":"https:\/\/tasarim.yusufkecici.com.tr\/?page_id=27898"},"modified":"2025-05-28T21:26:00","modified_gmt":"2025-05-28T18:26:00","slug":"cerez-politikasi","status":"publish","type":"page","link":"https:\/\/tuffhandicraft.com\/es\/cerez-politikasi\/","title":{"rendered":"Pol\u00edtica de cookies"},"content":{"rendered":"<p><strong>Pol\u00edtica de cookies de Tuff Handicraft<\/strong><\/p>\n\n\n\n<p>En nuestro sitio web se utilizan cookies para mejorar la experiencia del usuario y mejorar nuestros servicios.<\/p>\n\n\n\n<p><strong>1. \u00bfQu\u00e9 es una cookie?<\/strong><br>Las cookies son peque\u00f1os archivos de datos que se guardan en su navegador cuando visita un sitio web.<\/p>\n\n\n\n<p><strong>2. Finalidades de uso:<\/strong><\/p>\n\n\n\n<ul class=\"wp-block-list\">\n<li>Analizar el rendimiento del sitio<\/li>\n\n\n\n<li>Recordando las preferencias de los visitantes<\/li>\n\n\n\n<li>Mostrar anuncios y campa\u00f1as dirigidas<\/li>\n\n\n\n<li>Garantizar la protecci\u00f3n de la informaci\u00f3n de la cesta y de la sesi\u00f3n<\/li>\n<\/ul>\n\n\n\n<p><strong>3. Tipos de Cookies:<\/strong><\/p>\n\n\n\n<ul class=\"wp-block-list\">\n<li>Cookies necesarias<\/li>\n\n\n\n<li>Cookies anal\u00edticas<\/li>\n\n\n\n<li>Cookies funcionales<\/li>\n\n\n\n<li>Cookies publicitarias<\/li>\n<\/ul>\n\n\n\n<p>Puede evitar el uso de cookies o eliminar las cookies existentes desde la configuraci\u00f3n de su navegador.<\/p>","protected":false},"excerpt":{"rendered":"<p>Tuff Handicraft &#8211; \u00c7erez Politikas\u0131 Web sitemizde kullan\u0131c\u0131 deneyimini geli\u015ftirmek ve hizmetlerimizi iyile\u015ftirmek amac\u0131yla \u00e7erezler kullan\u0131lmaktad\u0131r. 1. \u00c7erez Nedir?\u00c7erez, bir<\/p>","protected":false},"author":1,"featured_media":0,"parent":0,"menu_order":0,"comment_status":"closed","ping_status":"closed","template":"","meta":{"footnotes":""},"class_list":["post-27898","page","type-page","status-publish","hentry"],"_links":{"self":[{"href":"https:\/\/tuffhandicraft.com\/es\/wp-json\/wp\/v2\/pages\/27898","targetHints":{"allow":["GET"]}}],"collection":[{"href":"https:\/\/tuffhandicraft.com\/es\/wp-json\/wp\/v2\/pages"}],"about":[{"href":"https:\/\/tuffhandicraft.com\/es\/wp-json\/wp\/v2\/types\/page"}],"author":[{"embeddable":true,"href":"https:\/\/tuffhandicraft.com\/es\/wp-json\/wp\/v2\/users\/1"}],"replies":[{"embeddable":true,"href":"https:\/\/tuffhandicraft.com\/es\/wp-json\/wp\/v2\/comments?post=27898"}],"version-history":[{"count":0,"href":"https:\/\/tuffhandicraft.com\/es\/wp-json\/wp\/v2\/pages\/27898\/revisions"}],"wp:attachment":[{"href":"https:\/\/tuffhandicraft.com\/es\/wp-json\/wp\/v2\/media?parent=27898"}],"curies":[{"name":"wp","href":"https:\/\/api.w.org\/{rel}","templated":true}]}}