{"id":27900,"date":"2025-05-28T21:24:02","date_gmt":"2025-05-28T18:24:02","guid":{"rendered":"https:\/\/tasarim.yusufkecici.com.tr\/?page_id=27900"},"modified":"2025-05-28T21:27:18","modified_gmt":"2025-05-28T18:27:18","slug":"sartlar-ve-kosullar","status":"publish","type":"page","link":"https:\/\/tuffhandicraft.com\/es\/sartlar-ve-kosullar\/","title":{"rendered":"T\u00e9rminos y condiciones"},"content":{"rendered":"<p><strong>Tuff Handicraft \u2013 T\u00e9rminos de uso y reglas<\/strong><\/p>\n\n\n\n<p>Al utilizar nuestro sitio web, se considera que ha aceptado los siguientes t\u00e9rminos y condiciones:<\/p>\n\n\n\n<ol class=\"wp-block-list\">\n<li>Todos los productos ofrecidos en nuestra web est\u00e1n hechos a mano y en stock limitado.<\/li>\n\n\n\n<li>Puede haber ligeras diferencias entre las im\u00e1genes y los productos.<\/li>\n\n\n\n<li>Al completar la compra, el usuario es responsable de proporcionar informaci\u00f3n de env\u00edo precisa.<\/li>\n\n\n\n<li>Los comentarios, contenidos y valoraciones realizados en nuestro sitio web est\u00e1n sujetos al control de la empresa.<\/li>\n\n\n\n<li>El usuario no puede utilizar contenido protegido por derechos de autor y marcas registradas sin permiso.<\/li>\n\n\n\n<li>Los t\u00e9rminos de uso podr\u00e1n ser actualizados por Tuff Handicraft.<\/li>\n<\/ol>","protected":false},"excerpt":{"rendered":"<p>Tuff Handicraft &#8211; Kullan\u0131m \u015eartlar\u0131 ve Kurallar Web sitemizi kullanarak a\u015fa\u011f\u0131daki \u015fartlar\u0131 kabul etmi\u015f say\u0131l\u0131rs\u0131n\u0131z:<\/p>","protected":false},"author":1,"featured_media":0,"parent":0,"menu_order":0,"comment_status":"closed","ping_status":"closed","template":"","meta":{"footnotes":""},"class_list":["post-27900","page","type-page","status-publish","hentry"],"_links":{"self":[{"href":"https:\/\/tuffhandicraft.com\/es\/wp-json\/wp\/v2\/pages\/27900","targetHints":{"allow":["GET"]}}],"collection":[{"href":"https:\/\/tuffhandicraft.com\/es\/wp-json\/wp\/v2\/pages"}],"about":[{"href":"https:\/\/tuffhandicraft.com\/es\/wp-json\/wp\/v2\/types\/page"}],"author":[{"embeddable":true,"href":"https:\/\/tuffhandicraft.com\/es\/wp-json\/wp\/v2\/users\/1"}],"replies":[{"embeddable":true,"href":"https:\/\/tuffhandicraft.com\/es\/wp-json\/wp\/v2\/comments?post=27900"}],"version-history":[{"count":0,"href":"https:\/\/tuffhandicraft.com\/es\/wp-json\/wp\/v2\/pages\/27900\/revisions"}],"wp:attachment":[{"href":"https:\/\/tuffhandicraft.com\/es\/wp-json\/wp\/v2\/media?parent=27900"}],"curies":[{"name":"wp","href":"https:\/\/api.w.org\/{rel}","templated":true}]}}