{"id":3,"date":"2025-05-05T22:01:15","date_gmt":"2025-05-05T19:01:15","guid":{"rendered":"https:\/\/tasarim.yusufkecici.com.tr\/?page_id=3"},"modified":"2025-05-28T21:25:27","modified_gmt":"2025-05-28T18:25:27","slug":"gizlilik-ilkesi","status":"publish","type":"page","link":"https:\/\/tuffhandicraft.com\/es\/gizlilik-ilkesi\/","title":{"rendered":"pol\u00edtica de privacidad"},"content":{"rendered":"<p><strong>Tuff Handicraft \u2013 Pol\u00edtica de privacidad<\/strong><\/p>\n\n\n\n<p>La confidencialidad de la informaci\u00f3n de nuestros clientes es una prioridad para nuestra empresa. La informaci\u00f3n personal de los usuarios que visitan nuestro sitio web no se comparte con terceros, no se vende ni se utiliza con fines comerciales.<\/p>\n\n\n\n<ul class=\"wp-block-list\">\n<li>Los datos personales se procesan \u00fanicamente para fines de procesamiento de pedidos, comunicaci\u00f3n e informaci\u00f3n de campa\u00f1as.<\/li>\n\n\n\n<li>La informaci\u00f3n de su tarjeta de cr\u00e9dito no es registrada ni almacenada por nosotros de ninguna manera.<\/li>\n\n\n\n<li>Nuestro sitio web est\u00e1 protegido con un certificado SSL.<\/li>\n\n\n\n<li>Solo se comparte la informaci\u00f3n necesaria con proveedores de software y servicios de terceros (env\u00edos, sistemas de pago, etc.).<\/li>\n\n\n\n<li>Los usuarios pueden acceder a detalles relativos al tratamiento de sus datos personales en el Texto Informativo de KVKK.<\/li>\n<\/ul>\n\n\n\n<p><\/p>","protected":false},"excerpt":{"rendered":"<p>Tuff Handicraft &#8211; Gizlilik Politikas\u0131 M\u00fc\u015fteri bilgilerinin gizlili\u011fi, firmam\u0131z i\u00e7in \u00f6nceliklidir. Web sitemizi ziyaret eden kullan\u0131c\u0131lar\u0131n ki\u015fisel bilgileri, 3. \u015fah\u0131slarla<\/p>","protected":false},"author":1,"featured_media":0,"parent":0,"menu_order":0,"comment_status":"closed","ping_status":"closed","template":"","meta":{"footnotes":""},"class_list":["post-3","page","type-page","status-publish","hentry"],"_links":{"self":[{"href":"https:\/\/tuffhandicraft.com\/es\/wp-json\/wp\/v2\/pages\/3","targetHints":{"allow":["GET"]}}],"collection":[{"href":"https:\/\/tuffhandicraft.com\/es\/wp-json\/wp\/v2\/pages"}],"about":[{"href":"https:\/\/tuffhandicraft.com\/es\/wp-json\/wp\/v2\/types\/page"}],"author":[{"embeddable":true,"href":"https:\/\/tuffhandicraft.com\/es\/wp-json\/wp\/v2\/users\/1"}],"replies":[{"embeddable":true,"href":"https:\/\/tuffhandicraft.com\/es\/wp-json\/wp\/v2\/comments?post=3"}],"version-history":[{"count":0,"href":"https:\/\/tuffhandicraft.com\/es\/wp-json\/wp\/v2\/pages\/3\/revisions"}],"wp:attachment":[{"href":"https:\/\/tuffhandicraft.com\/es\/wp-json\/wp\/v2\/media?parent=3"}],"curies":[{"name":"wp","href":"https:\/\/api.w.org\/{rel}","templated":true}]}}