{"id":4400,"date":"2021-10-12T15:51:09","date_gmt":"2021-10-12T15:51:09","guid":{"rendered":"http:\/\/dummy.xtemos.com\/woodmart2\/elementor\/?page_id=4400"},"modified":"2025-08-22T15:21:59","modified_gmt":"2025-08-22T12:21:59","slug":"hakkimizda","status":"publish","type":"page","link":"https:\/\/tuffhandicraft.com\/es\/hakkimizda\/","title":{"rendered":"Sobre nosotros"},"content":{"rendered":"<div data-elementor-type=\"wp-page\" data-elementor-id=\"4400\" class=\"elementor elementor-4400\" data-elementor-post-type=\"page\">\n\t\t\t\t<div class=\"wd-negative-gap elementor-element elementor-element-7c7c544 elementor-hidden-mobile e-flex e-con-boxed e-con e-parent\" data-id=\"7c7c544\" data-element_type=\"container\" data-e-type=\"container\">\n\t\t\t\t\t<div class=\"e-con-inner\">\n\t\t<div class=\"elementor-element elementor-element-e7cb5cd e-con-full e-flex e-con e-child\" data-id=\"e7cb5cd\" data-element_type=\"container\" data-e-type=\"container\">\n\t\t\t\t<div class=\"elementor-element elementor-element-56aec39 elementor-widget elementor-widget-wd_image_or_svg\" data-id=\"56aec39\" data-element_type=\"widget\" data-e-type=\"widget\" data-widget_type=\"wd_image_or_svg.default\">\n\t\t\t\t<div class=\"elementor-widget-container\">\n\t\t\t\t\t\n\t\t<div class=\"wd-image text-left\">\n\t\t\t\t\t\t\t\t<img loading=\"lazy\" decoding=\"async\" width=\"2000\" height=\"2000\" src=\"https:\/\/tuffhandicraft.com\/wp-content\/uploads\/2025\/06\/DSCF4101-Enhanced-NR.jpg\" class=\"attachment-full size-full\" alt=\"\" srcset=\"https:\/\/tuffhandicraft.com\/wp-content\/uploads\/2025\/06\/DSCF4101-Enhanced-NR.jpg 2000w, https:\/\/tuffhandicraft.com\/wp-content\/uploads\/2025\/06\/DSCF4101-Enhanced-NR-300x300.jpg 300w, https:\/\/tuffhandicraft.com\/wp-content\/uploads\/2025\/06\/DSCF4101-Enhanced-NR-800x800.jpg 800w, https:\/\/tuffhandicraft.com\/wp-content\/uploads\/2025\/06\/DSCF4101-Enhanced-NR-150x150.jpg 150w, https:\/\/tuffhandicraft.com\/wp-content\/uploads\/2025\/06\/DSCF4101-Enhanced-NR-768x768.jpg 768w, https:\/\/tuffhandicraft.com\/wp-content\/uploads\/2025\/06\/DSCF4101-Enhanced-NR-1536x1536.jpg 1536w, https:\/\/tuffhandicraft.com\/wp-content\/uploads\/2025\/06\/DSCF4101-Enhanced-NR-12x12.jpg 12w, https:\/\/tuffhandicraft.com\/wp-content\/uploads\/2025\/06\/DSCF4101-Enhanced-NR-430x430.jpg 430w, https:\/\/tuffhandicraft.com\/wp-content\/uploads\/2025\/06\/DSCF4101-Enhanced-NR-700x700.jpg 700w\" sizes=\"auto, (max-width: 2000px) 100vw, 2000px\" title=\"\">\t\t\t\t\t<\/div>\n\n\t\t\t\t\t\t<\/div>\n\t\t\t\t<\/div>\n\t\t\t\t<\/div>\n\t\t<div class=\"elementor-element elementor-element-97d6084 e-con-full e-flex e-con e-child\" data-id=\"97d6084\" data-element_type=\"container\" data-e-type=\"container\">\n\t\t\t\t<div class=\"elementor-element elementor-element-98d830b wd-width-100 elementor-widget elementor-widget-wd_title\" data-id=\"98d830b\" data-element_type=\"widget\" data-e-type=\"widget\" data-widget_type=\"wd_title.default\">\n\t\t\t\t<div class=\"elementor-widget-container\">\n\t\t\t\t\t\t\t<div class=\"title-wrapper wd-set-mb reset-last-child wd-title-color-primary wd-title-style-default wd-title-size-large text-left\">\n\n\t\t\t\n\t\t\t<div class=\"liner-continer\">\n\t\t\t\t<h1 class=\"woodmart-title-container title wd-fontsize-xxl\">Hola, somos TUFF!<br \/>\n<\/h1> \n\t\t\t\t\t\t\t<\/div>\n\n\t\t\t\t\t\t\t<div class=\"title-after_title reset-last-child wd-fontsize-s\">\n\t\t\t\t\t<p>Creemos en un futuro sostenible. Por eso nos dedicamos al tejido: no solo para crear productos con estilo, sino porque imaginamos un mundo m\u00e1s habitable para nuestros hijos y para toda la humanidad.<\/p>\t\t\t\t<\/div>\n\t\t\t\t\t<\/div>\n\t\t\t\t\t\t<\/div>\n\t\t\t\t<\/div>\n\t\t\t\t<div class=\"elementor-element elementor-element-66e47ad elementor-widget elementor-widget-wd_text_block\" data-id=\"66e47ad\" data-element_type=\"widget\" data-e-type=\"widget\" data-widget_type=\"wd_text_block.default\">\n\t\t\t\t<div class=\"elementor-widget-container\">\n\t\t\t\t\t\t\t<div class=\"wd-text-block reset-last-child text-left\">\n\t\t\t\n\t\t\t<p>Si no empezamos hoy mismo a transformar voluntariamente nuestros h\u00e1bitos de consumo de moda, los gobiernos se ver\u00e1n obligados a imponer leyes y restricciones obligatorias en un futuro muy pr\u00f3ximo. Esta transformaci\u00f3n ya no es una opci\u00f3n; se est\u00e1 convirtiendo en una necesidad. En TUFF, hemos decidido formar parte de esta transformaci\u00f3n.<\/p><p>Dise\u00f1amos productos con un impacto ambiental m\u00ednimo utilizando materiales reciclados y suprareciclados. Cada bolso y prenda es el resultado de un enfoque de producci\u00f3n respetuoso con el medio ambiente, \u00e9tico y consciente.<\/p><p>Pero TUFF no es solo una marca de moda; es una postura, una conciencia y un llamado colectivo al cambio. Cada producto que tejemos a mano no solo refleja tu estilo; tambi\u00e9n es un paso hacia un futuro m\u00e1s equitativo, sostenible y consciente.<\/p>\n\t\t\t\t\t<\/div>\n\t\t\t\t\t\t<\/div>\n\t\t\t\t<\/div>\n\t\t<div class=\"elementor-element elementor-element-3eef7d8 e-con-full e-flex e-con e-child\" data-id=\"3eef7d8\" data-element_type=\"container\" data-e-type=\"container\">\n\t\t\t\t<div class=\"elementor-element elementor-element-cee0b0c elementor-widget__width-auto elementor-widget elementor-widget-wd_text_block\" data-id=\"cee0b0c\" data-element_type=\"widget\" data-e-type=\"widget\" data-widget_type=\"wd_text_block.default\">\n\t\t\t\t<div class=\"elementor-widget-container\">\n\t\t\t\t\t\t\t<div class=\"wd-text-block reset-last-child text-left\">\n\t\t\t\n\t\t\t<p><strong>Comparte nuestra historia, hagamos la diferencia juntos.<\/strong><\/p>\n\t\t\t\t\t<\/div>\n\t\t\t\t\t\t<\/div>\n\t\t\t\t<\/div>\n\t\t\t\t<\/div>\n\t\t\t\t<\/div>\n\t\t\t\t\t<\/div>\n\t\t\t\t<\/div>\n\t\t<div class=\"wd-negative-gap elementor-element elementor-element-4bb8188 elementor-hidden-desktop elementor-hidden-tablet e-flex e-con-boxed e-con e-parent\" data-id=\"4bb8188\" data-element_type=\"container\" data-e-type=\"container\">\n\t\t\t\t\t<div class=\"e-con-inner\">\n\t\t<div class=\"elementor-element elementor-element-9174394 e-con-full e-flex e-con e-child\" data-id=\"9174394\" data-element_type=\"container\" data-e-type=\"container\">\n\t\t\t\t<div class=\"elementor-element elementor-element-1b288ee wd-width-100 elementor-widget elementor-widget-wd_title\" data-id=\"1b288ee\" data-element_type=\"widget\" data-e-type=\"widget\" data-widget_type=\"wd_title.default\">\n\t\t\t\t<div class=\"elementor-widget-container\">\n\t\t\t\t\t\t\t<div class=\"title-wrapper wd-set-mb reset-last-child wd-title-color-primary wd-title-style-default wd-title-size-large text-center\">\n\n\t\t\t\n\t\t\t<div class=\"liner-continer\">\n\t\t\t\t<h1 class=\"woodmart-title-container title wd-fontsize-xxl\">Hola, somos TUFF!<br \/>\n<\/h1> \n\t\t\t\t\t\t\t<\/div>\n\n\t\t\t\t\t\t\t<div class=\"title-after_title reset-last-child wd-fontsize-s\">\n\t\t\t\t\t<p>Creemos en un futuro sostenible. Por eso nos dedicamos al tejido: no solo para crear productos con estilo, sino porque imaginamos un mundo m\u00e1s habitable para nuestros hijos y para toda la humanidad.<\/p>\t\t\t\t<\/div>\n\t\t\t\t\t<\/div>\n\t\t\t\t\t\t<\/div>\n\t\t\t\t<\/div>\n\t\t\t\t<div class=\"elementor-element elementor-element-fdf008f elementor-widget elementor-widget-wd_image_or_svg\" data-id=\"fdf008f\" data-element_type=\"widget\" data-e-type=\"widget\" data-widget_type=\"wd_image_or_svg.default\">\n\t\t\t\t<div class=\"elementor-widget-container\">\n\t\t\t\t\t\n\t\t<div class=\"wd-image text-left\">\n\t\t\t\t\t\t\t\t<img loading=\"lazy\" decoding=\"async\" width=\"2000\" height=\"2000\" src=\"https:\/\/tuffhandicraft.com\/wp-content\/uploads\/2025\/06\/DSCF4101-Enhanced-NR.jpg\" class=\"attachment-full size-full\" alt=\"\" srcset=\"https:\/\/tuffhandicraft.com\/wp-content\/uploads\/2025\/06\/DSCF4101-Enhanced-NR.jpg 2000w, https:\/\/tuffhandicraft.com\/wp-content\/uploads\/2025\/06\/DSCF4101-Enhanced-NR-300x300.jpg 300w, https:\/\/tuffhandicraft.com\/wp-content\/uploads\/2025\/06\/DSCF4101-Enhanced-NR-800x800.jpg 800w, https:\/\/tuffhandicraft.com\/wp-content\/uploads\/2025\/06\/DSCF4101-Enhanced-NR-150x150.jpg 150w, https:\/\/tuffhandicraft.com\/wp-content\/uploads\/2025\/06\/DSCF4101-Enhanced-NR-768x768.jpg 768w, https:\/\/tuffhandicraft.com\/wp-content\/uploads\/2025\/06\/DSCF4101-Enhanced-NR-1536x1536.jpg 1536w, https:\/\/tuffhandicraft.com\/wp-content\/uploads\/2025\/06\/DSCF4101-Enhanced-NR-12x12.jpg 12w, https:\/\/tuffhandicraft.com\/wp-content\/uploads\/2025\/06\/DSCF4101-Enhanced-NR-430x430.jpg 430w, https:\/\/tuffhandicraft.com\/wp-content\/uploads\/2025\/06\/DSCF4101-Enhanced-NR-700x700.jpg 700w\" sizes=\"auto, (max-width: 2000px) 100vw, 2000px\" title=\"\">\t\t\t\t\t<\/div>\n\n\t\t\t\t\t\t<\/div>\n\t\t\t\t<\/div>\n\t\t\t\t<div class=\"elementor-element elementor-element-3f933b6 elementor-widget elementor-widget-wd_text_block\" data-id=\"3f933b6\" data-element_type=\"widget\" data-e-type=\"widget\" data-widget_type=\"wd_text_block.default\">\n\t\t\t\t<div class=\"elementor-widget-container\">\n\t\t\t\t\t\t\t<div class=\"wd-text-block reset-last-child text-center\">\n\t\t\t\n\t\t\t<p>Si no empezamos hoy mismo a transformar voluntariamente nuestros h\u00e1bitos de consumo de moda, los gobiernos se ver\u00e1n obligados a imponer leyes y restricciones obligatorias en un futuro muy pr\u00f3ximo. Esta transformaci\u00f3n ya no es una opci\u00f3n; se est\u00e1 convirtiendo en una necesidad. En TUFF, hemos decidido formar parte de esta transformaci\u00f3n.<\/p><p>Dise\u00f1amos productos con un impacto ambiental m\u00ednimo utilizando materiales reciclados y suprareciclados. Cada bolso y prenda es el resultado de un enfoque de producci\u00f3n respetuoso con el medio ambiente, \u00e9tico y consciente.<\/p><p>Pero TUFF no es solo una marca de moda; es una postura, una conciencia y un llamado colectivo al cambio. Cada producto que tejemos a mano no solo refleja tu estilo; tambi\u00e9n es un paso hacia un futuro m\u00e1s equitativo, sostenible y consciente.<\/p>\n\t\t\t\t\t<\/div>\n\t\t\t\t\t\t<\/div>\n\t\t\t\t<\/div>\n\t\t<div class=\"elementor-element elementor-element-3ae1b5a e-con-full e-flex e-con e-child\" data-id=\"3ae1b5a\" data-element_type=\"container\" data-e-type=\"container\">\n\t\t\t\t<div class=\"elementor-element elementor-element-6a024f8 elementor-widget__width-auto elementor-widget-mobile__width-initial elementor-widget elementor-widget-wd_text_block\" data-id=\"6a024f8\" data-element_type=\"widget\" data-e-type=\"widget\" data-widget_type=\"wd_text_block.default\">\n\t\t\t\t<div class=\"elementor-widget-container\">\n\t\t\t\t\t\t\t<div class=\"wd-text-block reset-last-child text-center\">\n\t\t\t\n\t\t\t<p><strong>Comparte nuestra historia, <\/strong><strong style=\"font-size: 16px;\">Hagamos la diferencia juntos.<\/strong><\/p>\n\t\t\t\t\t<\/div>\n\t\t\t\t\t\t<\/div>\n\t\t\t\t<\/div>\n\t\t\t\t<\/div>\n\t\t\t\t<\/div>\n\t\t\t\t\t<\/div>\n\t\t\t\t<\/div>\n\t\t<div class=\"wd-negative-gap elementor-element elementor-element-1fd50c1 e-flex e-con-boxed e-con e-parent\" data-id=\"1fd50c1\" data-element_type=\"container\" data-e-type=\"container\">\n\t\t\t\t\t<div class=\"e-con-inner\">\n\t\t\t\t<div class=\"elementor-element elementor-element-3e9bc66 elementor-widget elementor-widget-video\" data-id=\"3e9bc66\" data-element_type=\"widget\" data-e-type=\"widget\" data-settings=\"{&quot;youtube_url&quot;:&quot;https:\\\/\\\/youtu.be\\\/c9vHJ5nzrz8&quot;,&quot;autoplay&quot;:&quot;yes&quot;,&quot;play_on_mobile&quot;:&quot;yes&quot;,&quot;lazy_load&quot;:&quot;yes&quot;,&quot;show_image_overlay&quot;:&quot;yes&quot;,&quot;image_overlay&quot;:{&quot;url&quot;:&quot;https:\\\/\\\/tuffhandicraft.com\\\/wp-content\\\/uploads\\\/2025\\\/08\\\/manifesto-cover-Yt-scaled.jpg&quot;,&quot;id&quot;:30288,&quot;size&quot;:&quot;&quot;,&quot;alt&quot;:&quot;tuff handicraft&quot;,&quot;source&quot;:&quot;library&quot;},&quot;video_type&quot;:&quot;youtube&quot;}\" data-widget_type=\"video.default\">\n\t\t\t\t<div class=\"elementor-widget-container\">\n\t\t\t\t\t\t\t<div class=\"elementor-wrapper elementor-open-inline\">\n\t\t\t<div class=\"elementor-video\"><\/div>\t\t\t\t<div class=\"elementor-custom-embed-image-overlay\" style=\"background-image: url(https:\/\/tuffhandicraft.com\/wp-content\/uploads\/2025\/08\/manifesto-cover-Yt-scaled.jpg);\">\n\t\t\t\t\t\t\t\t\t\t\t\t\t\t\t\t<div class=\"elementor-custom-embed-play\" role=\"button\" aria-label=\"Hakk\u0131ndaki Videoyu Oynat tuff handicraft\" tabindex=\"0\">\n\t\t\t\t\t\t\t<svg aria-hidden=\"true\" class=\"e-font-icon-svg e-eicon-play\" viewbox=\"0 0 1000 1000\" xmlns=\"http:\/\/www.w3.org\/2000\/svg\"><path d=\"M838 162C746 71 633 25 500 25 371 25 258 71 163 162 71 254 25 367 25 500 25 633 71 746 163 837 254 929 367 979 500 979 633 979 746 933 838 837 929 746 975 633 975 500 975 367 929 254 838 162M808 192C892 279 933 379 933 500 933 621 892 725 808 808 725 892 621 938 500 938 379 938 279 896 196 808 113 725 67 621 67 500 67 379 108 279 196 192 279 108 383 62 500 62 621 62 721 108 808 192M438 392V642L642 517 438 392Z\"><\/path><\/svg>\t\t\t\t\t\t<\/div>\n\t\t\t\t\t\t\t\t\t<\/div>\n\t\t\t\t\t<\/div>\n\t\t\t\t\t\t<\/div>\n\t\t\t\t<\/div>\n\t\t\t\t\t<\/div>\n\t\t\t\t<\/div>\n\t\t\t\t<\/div>","protected":false},"excerpt":{"rendered":"<p>Merhaba, biz TUFF! S\u00fcrd\u00fcr\u00fclebilir bir gelece\u011fe inan\u0131yoruz. Bu y\u00fczden elimizi \u00f6rg\u00fcye att\u0131k \u2014 sadece \u015f\u0131k \u00fcr\u00fcnler \u00fcretmek i\u00e7in de\u011fil, \u00e7ocuklar\u0131m\u0131z<\/p>","protected":false},"author":1,"featured_media":0,"parent":0,"menu_order":0,"comment_status":"closed","ping_status":"closed","template":"","meta":{"footnotes":""},"class_list":["post-4400","page","type-page","status-publish","hentry"],"_links":{"self":[{"href":"https:\/\/tuffhandicraft.com\/es\/wp-json\/wp\/v2\/pages\/4400","targetHints":{"allow":["GET"]}}],"collection":[{"href":"https:\/\/tuffhandicraft.com\/es\/wp-json\/wp\/v2\/pages"}],"about":[{"href":"https:\/\/tuffhandicraft.com\/es\/wp-json\/wp\/v2\/types\/page"}],"author":[{"embeddable":true,"href":"https:\/\/tuffhandicraft.com\/es\/wp-json\/wp\/v2\/users\/1"}],"replies":[{"embeddable":true,"href":"https:\/\/tuffhandicraft.com\/es\/wp-json\/wp\/v2\/comments?post=4400"}],"version-history":[{"count":6,"href":"https:\/\/tuffhandicraft.com\/es\/wp-json\/wp\/v2\/pages\/4400\/revisions"}],"predecessor-version":[{"id":30294,"href":"https:\/\/tuffhandicraft.com\/es\/wp-json\/wp\/v2\/pages\/4400\/revisions\/30294"}],"wp:attachment":[{"href":"https:\/\/tuffhandicraft.com\/es\/wp-json\/wp\/v2\/media?parent=4400"}],"curies":[{"name":"wp","href":"https:\/\/api.w.org\/{rel}","templated":true}]}}