{"id":27560,"date":"2025-05-11T00:23:08","date_gmt":"2025-05-10T21:23:08","guid":{"rendered":"https:\/\/tasarim.yusufkecici.com.tr\/urun\/paper-string-natural-women-bag-knitted-summer-bag-handcrafted-shoulder-bag-boho-straw-beach-purses-gift-for-her-eco-friendly-bag\/"},"modified":"2025-08-21T17:42:43","modified_gmt":"2025-08-21T14:42:43","slug":"kagit-ip-omuz-cantasi","status":"publish","type":"product","link":"https:\/\/tuffhandicraft.com\/es\/magaza\/canta\/omuz-cantasi\/kagit-ip-omuz-cantasi\/","title":{"rendered":"Bolso bandolera de cuerda de papel: material natural y sostenible"},"content":{"rendered":"<h3 data-start=\"263\" data-end=\"325\">\ud83d\udc5c Bolso bandolera de cuerda de papel: material natural y sostenible<\/h3>\n<p data-start=\"327\" data-end=\"690\">Este bolso de hombro de cuerda de papel hecho a mano a\u00f1ade un toque de elegancia a tu estilo con su dise\u00f1o minimalista y su fabricaci\u00f3n ecol\u00f3gica. Su textura ligera, tonos naturales y forro de algod\u00f3n y lino lo hacen pr\u00e1ctico y elegante. Es el accesorio ideal para quienes priorizan la simplicidad, ya sea para el d\u00eda a d\u00eda o para las vacaciones de verano.<\/p>\n<hr data-start=\"692\" data-end=\"695\" \/>\n<h3 data-start=\"697\" data-end=\"721\">\ud83c\udf3f Informaci\u00f3n del material<img loading=\"lazy\" decoding=\"async\" class=\"wd-lazy-fade size-full wp-image-28000 alignright\" src=\"https:\/\/tuffhandicraft.com\/wp-content\/themes\/woodmart\/images\/lazy.svg\" data-src=\"https:\/\/tuffhandicraft.com\/wp-content\/uploads\/2021\/08\/footer-logo-1.png\" alt=\"Bolso bandolera de cuerda de papel: material natural y sostenible\" width=\"220\" height=\"40\" title=\"\" srcset=\"\" data-srcset=\"https:\/\/tuffhandicraft.com\/wp-content\/uploads\/2021\/08\/footer-logo-1.png 220w, https:\/\/tuffhandicraft.com\/wp-content\/uploads\/2021\/08\/footer-logo-1-150x27.png 150w\" sizes=\"auto, (max-width: 220px) 100vw, 220px\" \/><\/h3>\n<p data-start=\"722\" data-end=\"1026\">\u00c7anta, %100<a href=\"https:\/\/tuffhandicraft.com\/es\/producto\/kagit-ip-buzgulu-omuz-cantasi\/\"> natural <strong data-start=\"740\" data-end=\"752\">cuerda de papel<\/strong><\/a> Est\u00e1 tejido a mano con. El interior es <strong data-start=\"799\" data-end=\"822\">forro de lino y algod\u00f3n<\/strong> Este forro hace que el interior del bolso sea m\u00e1s pr\u00e1ctico y duradero, a la vez que protege tus pertenencias. Su estructura transpirable y ligera proporciona una excelente comodidad durante los meses de verano.<\/p>\n<hr data-start=\"1028\" data-end=\"1031\" \/>\n<h3 data-start=\"1033\" data-end=\"1066\">\ud83c\udfaf\u00c1rea de Uso y Confort<\/h3>\n<p data-start=\"1067\" data-end=\"1303\">Su tama\u00f1o compacto y tacto suave hacen de este bolso una opci\u00f3n c\u00f3moda para el d\u00eda a d\u00eda o para las actividades de verano. Es perfecto para paseos por la playa, compras en el mercado y reuniones con amigos.<\/p>\n<hr data-start=\"1305\" data-end=\"1308\" \/>\n<h3 data-start=\"1310\" data-end=\"1331\">\ud83d\udc57 Sugerencia de estilo<\/h3>\n<p data-start=\"1332\" data-end=\"1560\">Combina un bolso bandolera de papel con pantalones de lino, una camisa informal y sandalias en tonos neutros para un look veraniego sencillo pero impactante. Es un complemento natural para estilos bohemios, r\u00fasticos o minimalistas.<\/p>\n<p data-start=\"877\" data-end=\"1029\">Para conocer otros modelos que puedan adaptarse a su estilo y m\u00e1s, visite Tuff\u00a0<a href=\"https:\/\/www.pinterest.com\/TuffHandicraft01\/\" target=\"_blank\" rel=\"noopener\">Pinterest<\/a>\u00a0Visita el mundo de.<\/p>\n<hr data-start=\"1562\" data-end=\"1565\" \/>\n<h3 data-start=\"1567\" data-end=\"1607\">\u267b\ufe0f Moda artesanal y sostenible<\/h3>\n<p data-start=\"1608\" data-end=\"1861\">Este producto, <strong data-start=\"1617\" data-end=\"1660\">Producido contra el ciclo de consumo r\u00e1pido<\/strong>Es una pieza atemporal y ecol\u00f3gica. Su elaboraci\u00f3n artesanal hace que cada bolso sea \u00fanico. Es una opci\u00f3n duradera y \u00e9tica para quienes apuestan por la moda sostenible.<\/p>\n<hr data-start=\"1863\" data-end=\"1866\" \/>\n<h3 data-start=\"1868\" data-end=\"1891\">\ud83e\uddfc Instrucciones de cuidado<\/h3>\n<p data-start=\"1892\" data-end=\"2064\">Se recomienda limpiarlo \u00fanicamente con un pa\u00f1o h\u00famedo. No lavar a m\u00e1quina. No exponer al sol durante largos periodos. As\u00ed, la forma y la estructura del bolso se conservar\u00e1n durante mucho tiempo.<\/p>\n<hr data-start=\"2066\" data-end=\"2069\" \/>\n<h3 data-start=\"2071\" data-end=\"2123\">\ud83d\udca1\u00bfPor qu\u00e9 deber\u00edas elegir esta bolsa de papel con cord\u00f3n?<\/h3>\n<p data-start=\"2125\" data-end=\"2342\">\u2022 Hecho a mano y original.<br data-start=\"2145\" data-end=\"2148\" \/>\u2022 Cuerda de papel natural y forro de lino de algod\u00f3n.<br data-start=\"2189\" data-end=\"2192\" \/>\u2022 Dise\u00f1o ligero y duradero.<br data-start=\"2220\" data-end=\"2223\" \/>\u2022 Sencillo, veraniego y respetuoso con el medio ambiente.<br data-start=\"2252\" data-end=\"2255\" \/>\u2022 Ideal para uso diario y vacaciones.<br data-start=\"2292\" data-end=\"2295\" \/>\u2022 Alternativa a la moda r\u00e1pida, opci\u00f3n sostenible<\/p>","protected":false},"excerpt":{"rendered":"<p data-start=\"169\" data-end=\"332\">Este bolso bandolera de cuerda de papel natural, con forro de algod\u00f3n y lino, es elegante y funcional. \u00a1Una prenda ligera, elegante y sostenible para el verano!<\/p>","protected":false},"featured_media":28900,"comment_status":"open","ping_status":"closed","template":"","meta":[],"product_brand":[691],"product_cat":[686,724],"product_tag":[840,1040,1324,819,812,769,810,1326,1327,1122,1325,843,817,762,839,816],"class_list":{"0":"post-27560","1":"product","2":"type-product","3":"status-publish","4":"has-post-thumbnail","6":"product_brand-tuffhandicraft","7":"product_cat-canta","8":"product_cat-omuz-cantasi","9":"product_tag-bohem-canta","10":"product_tag-cevre-dostu-canta","11":"product_tag-dogal-canta","12":"product_tag-el-orgusu-canta","13":"product_tag-el-yapimi-canta","14":"product_tag-hediye-fikirleri","15":"product_tag-kagit-ip-canta","16":"product_tag-keten-astarli-canta","17":"product_tag-minimalist-canta","18":"product_tag-omuz-cantasi","19":"product_tag-pamuk-astarli-canta","20":"product_tag-plaj-cantasi","21":"product_tag-surdurulebilir-canta","22":"product_tag-surdurulebilir-moda","23":"product_tag-tig-isi-canta","24":"product_tag-yazlik-canta","26":"first","27":"instock","28":"sale","29":"taxable","30":"shipping-taxable","31":"purchasable","32":"product-type-simple"},"_links":{"self":[{"href":"https:\/\/tuffhandicraft.com\/es\/wp-json\/wp\/v2\/product\/27560","targetHints":{"allow":["GET"]}}],"collection":[{"href":"https:\/\/tuffhandicraft.com\/es\/wp-json\/wp\/v2\/product"}],"about":[{"href":"https:\/\/tuffhandicraft.com\/es\/wp-json\/wp\/v2\/types\/product"}],"replies":[{"embeddable":true,"href":"https:\/\/tuffhandicraft.com\/es\/wp-json\/wp\/v2\/comments?post=27560"}],"version-history":[{"count":1,"href":"https:\/\/tuffhandicraft.com\/es\/wp-json\/wp\/v2\/product\/27560\/revisions"}],"predecessor-version":[{"id":30285,"href":"https:\/\/tuffhandicraft.com\/es\/wp-json\/wp\/v2\/product\/27560\/revisions\/30285"}],"wp:featuredmedia":[{"embeddable":true,"href":"https:\/\/tuffhandicraft.com\/es\/wp-json\/wp\/v2\/media\/28900"}],"wp:attachment":[{"href":"https:\/\/tuffhandicraft.com\/es\/wp-json\/wp\/v2\/media?parent=27560"}],"wp:term":[{"taxonomy":"product_brand","embeddable":true,"href":"https:\/\/tuffhandicraft.com\/es\/wp-json\/wp\/v2\/product_brand?post=27560"},{"taxonomy":"product_cat","embeddable":true,"href":"https:\/\/tuffhandicraft.com\/es\/wp-json\/wp\/v2\/product_cat?post=27560"},{"taxonomy":"product_tag","embeddable":true,"href":"https:\/\/tuffhandicraft.com\/es\/wp-json\/wp\/v2\/product_tag?post=27560"}],"curies":[{"name":"wp","href":"https:\/\/api.w.org\/{rel}","templated":true}]}}