{"id":27564,"date":"2025-05-11T00:23:12","date_gmt":"2025-05-10T21:23:12","guid":{"rendered":"https:\/\/tasarim.yusufkecici.com.tr\/urun\/super-chunky-turtleneck-sweater-oversize-turtleneck-sweater-handmade-grandma-sweater-knitted-winter-sweater-gift-for-her-boho-style\/"},"modified":"2025-08-10T19:48:08","modified_gmt":"2025-08-10T16:48:08","slug":"balikci-yaka-kazak","status":"publish","type":"product","link":"https:\/\/tuffhandicraft.com\/es\/magaza\/kazak\/balikci-yaka-kazak\/","title":{"rendered":"Su\u00e9ter de cuello alto con motivo de abuelita, grueso y c\u00e1lido"},"content":{"rendered":"<h3 data-start=\"226\" data-end=\"286\">Su\u00e9ter de cuello alto con motivo de abuelita, grueso y c\u00e1lido<\/h3>\n<p data-start=\"288\" data-end=\"550\">Dise\u00f1ado espec\u00edficamente para quienes priorizan el estilo en climas fr\u00edos. Este su\u00e9ter de cuello alto tejido a mano, con un estampado de abuela y un cuello grueso y texturizado, ofrece estilo y calidez. Con vibrantes motivos, esta prenda se convertir\u00e1 en un imprescindible de tu armario invernal.<\/p>\n<hr data-start=\"552\" data-end=\"555\" \/>\n<h3 data-start=\"557\" data-end=\"581\">\ud83e\uddf5 Informaci\u00f3n del material<img loading=\"lazy\" decoding=\"async\" class=\"wd-lazy-fade size-full wp-image-28000 alignright\" src=\"https:\/\/tuffhandicraft.com\/wp-content\/themes\/woodmart\/images\/lazy.svg\" data-src=\"https:\/\/tuffhandicraft.com\/wp-content\/uploads\/2021\/08\/footer-logo-1.png\" alt=\"Su\u00e9ter de cuello alto con motivo de abuelita, grueso y c\u00e1lido \" width=\"220\" height=\"40\" title=\"\" srcset=\"\" data-srcset=\"https:\/\/tuffhandicraft.com\/wp-content\/uploads\/2021\/08\/footer-logo-1.png 220w, https:\/\/tuffhandicraft.com\/wp-content\/uploads\/2021\/08\/footer-logo-1-150x27.png 150w\" sizes=\"auto, (max-width: 220px) 100vw, 220px\" \/><\/h3>\n<p data-start=\"582\" data-end=\"797\">Tejido a mano con hilos de algod\u00f3n y lana de alta calidad, proporciona una calidez extra gracias a su textura gruesa, a la vez que ofrece un aspecto vibrante con su estampado de abuelita. Su textura suave y flexible es agradable para la piel.<\/p>\n<hr data-start=\"799\" data-end=\"802\" \/>\n<h3 data-start=\"804\" data-end=\"837\">\u2744\ufe0f\u00c1rea de Uso y Confort<\/h3>\n<p data-start=\"838\" data-end=\"1086\">Este su\u00e9ter ofrece comodidad y un look impactante en los fr\u00edos d\u00edas de invierno. Su dise\u00f1o de cuello alto se ajusta al cuello y te protege del viento. Es perfecto para diversas ocasiones, desde el d\u00eda a d\u00eda hasta conjuntos elegantes para ocasiones especiales.<\/p>\n<hr data-start=\"1088\" data-end=\"1091\" \/>\n<h3 data-start=\"1093\" data-end=\"1114\">\ud83d\udc57 Sugerencia de estilo<\/h3>\n<p data-start=\"1115\" data-end=\"1300\">Combina a la perfecci\u00f3n con vaqueros, faldas o pantalones anchos. Los motivos de abuela destacan, especialmente al combinarlos con prendas sencillas, creando un look vintage-boho.<\/p>\n<p data-start=\"877\" data-end=\"1029\">Para conocer otros modelos que puedan adaptarse a su estilo y m\u00e1s, visite Tuff\u00a0<a href=\"https:\/\/www.pinterest.com\/TuffHandicraft01\/\" target=\"_blank\" rel=\"noopener\">Pinterest<\/a>\u00a0Visita el mundo de.<\/p>\n<hr data-start=\"1302\" data-end=\"1305\" \/>\n<h3 data-start=\"1307\" data-end=\"1342\">\u267b\ufe0f Hecho a mano y sostenible<\/h3>\n<p data-start=\"1343\" data-end=\"1549\">Se elabora \u00edntegramente a mano, con un enfoque en la moda sostenible, lejos de la producci\u00f3n en masa. Cada pieza es \u00fanica. Es una opci\u00f3n \u00e9tica para quienes buscan contribuir a la moda sostenible.<\/p>\n<hr data-start=\"1551\" data-end=\"1554\" \/>\n<h3 data-start=\"1556\" data-end=\"1582\">\ud83e\uddfc Instrucciones de cuidado<\/h3>\n<p data-start=\"1583\" data-end=\"1721\">Para preservar la forma y textura del producto. <a href=\"https:\/\/tuffhandicraft.com\/es\/2025\/07\/07\/orgu-urun-bakimi\/\">lavado de manos<\/a> Se recomienda secarlo en posici\u00f3n horizontal. Evite usar lej\u00eda o secadora.<\/p>\n<hr data-start=\"1723\" data-end=\"1726\" \/>\n<h3 data-start=\"1728\" data-end=\"1765\">\ud83d\udca1\u00bfPor qu\u00e9 este su\u00e9ter con motivo de abuela?<\/h3>\n<ul data-start=\"1766\" data-end=\"1981\">\n<li data-start=\"1766\" data-end=\"1796\">\n<p data-start=\"1768\" data-end=\"1796\">Dise\u00f1o original y hecho a mano.<\/p>\n<\/li>\n<li data-start=\"1797\" data-end=\"1826\">\n<p data-start=\"1799\" data-end=\"1826\">Tejido grueso y c\u00e1lido<\/p>\n<\/li>\n<li data-start=\"1827\" data-end=\"1863\">\n<p data-start=\"1829\" data-end=\"1863\">Ideal para los amantes del estilo vintage.<\/p>\n<\/li>\n<li data-start=\"1864\" data-end=\"1897\">\n<p data-start=\"1866\" data-end=\"1897\">A\u00f1ade energ\u00eda a las combinaciones invernales.<\/p>\n<\/li>\n<li data-start=\"1898\" data-end=\"1932\">\n<p data-start=\"1900\" data-end=\"1932\">Mayor comodidad con cuello alto<\/p>\n<\/li>\n<li data-start=\"1933\" data-end=\"1981\">\n<p data-start=\"1935\" data-end=\"1981\">Moda lenta y enfoque de producci\u00f3n sostenible<\/p>\n<\/li>\n<\/ul>","protected":false},"excerpt":{"rendered":"<p data-start=\"74\" data-end=\"215\">Completa tu estilo invernal con este grueso jersey de cuello alto tejido a mano con un estampado de abuela. Un dise\u00f1o c\u00e1lido, c\u00f3modo y original.<\/p>","protected":false},"featured_media":28818,"comment_status":"open","ping_status":"closed","template":"","meta":[],"product_brand":[691],"product_cat":[723],"product_tag":[1367,937,1368,1213,1374,1370,936,769,1371,1369,1375,1372,1373,1214,762,1211],"class_list":{"0":"post-27564","1":"product","2":"type-product","3":"status-publish","4":"has-post-thumbnail","6":"product_brand-tuffhandicraft","7":"product_cat-kazak","8":"product_tag-balikci-yaka-kazak","9":"product_tag-buyukanne-motif","10":"product_tag-el-orgusu-kazak","11":"product_tag-el-yapimi-kazak","12":"product_tag-granny-motif","13":"product_tag-granny-motifli-kazak","14":"product_tag-granny-square","15":"product_tag-hediye-fikirleri","16":"product_tag-kadin-kazak","17":"product_tag-kalin-kazak","18":"product_tag-kislik-kalin-kazak","19":"product_tag-kislik-kazak","20":"product_tag-orgu-kazak","21":"product_tag-rahat-kazak","22":"product_tag-surdurulebilir-moda","23":"product_tag-unisex-kazak","25":"first","26":"instock","27":"taxable","28":"shipping-taxable","29":"purchasable","30":"product-type-variable","31":"has-default-attributes"},"_links":{"self":[{"href":"https:\/\/tuffhandicraft.com\/es\/wp-json\/wp\/v2\/product\/27564","targetHints":{"allow":["GET"]}}],"collection":[{"href":"https:\/\/tuffhandicraft.com\/es\/wp-json\/wp\/v2\/product"}],"about":[{"href":"https:\/\/tuffhandicraft.com\/es\/wp-json\/wp\/v2\/types\/product"}],"replies":[{"embeddable":true,"href":"https:\/\/tuffhandicraft.com\/es\/wp-json\/wp\/v2\/comments?post=27564"}],"version-history":[{"count":0,"href":"https:\/\/tuffhandicraft.com\/es\/wp-json\/wp\/v2\/product\/27564\/revisions"}],"wp:featuredmedia":[{"embeddable":true,"href":"https:\/\/tuffhandicraft.com\/es\/wp-json\/wp\/v2\/media\/28818"}],"wp:attachment":[{"href":"https:\/\/tuffhandicraft.com\/es\/wp-json\/wp\/v2\/media?parent=27564"}],"wp:term":[{"taxonomy":"product_brand","embeddable":true,"href":"https:\/\/tuffhandicraft.com\/es\/wp-json\/wp\/v2\/product_brand?post=27564"},{"taxonomy":"product_cat","embeddable":true,"href":"https:\/\/tuffhandicraft.com\/es\/wp-json\/wp\/v2\/product_cat?post=27564"},{"taxonomy":"product_tag","embeddable":true,"href":"https:\/\/tuffhandicraft.com\/es\/wp-json\/wp\/v2\/product_tag?post=27564"}],"curies":[{"name":"wp","href":"https:\/\/api.w.org\/{rel}","templated":true}]}}