{"id":27574,"date":"2025-05-11T00:23:20","date_gmt":"2025-05-10T21:23:20","guid":{"rendered":"https:\/\/tasarim.yusufkecici.com.tr\/urun\/hand-knitted-shopping-bag-yellow-crochet-summer-purse-for-woman-aesthetic-tote-bag-with-special-handle-raffia-handbag-gift-for-her\/"},"modified":"2025-08-21T17:54:15","modified_gmt":"2025-08-21T14:54:15","slug":"sari-kagit-ip-alisveris-cantasi","status":"publish","type":"product","link":"https:\/\/tuffhandicraft.com\/es\/magaza\/canta\/omuz-cantasi\/sari-kagit-ip-alisveris-cantasi\/","title":{"rendered":"Bolsa de compras de papel amarilla con cord\u00f3n"},"content":{"rendered":"<h3 data-start=\"435\" data-end=\"527\">Bolsa de compras de papel amarillo con cord\u00f3n: hecha a mano, ligera y ecol\u00f3gica.<\/h3>\n<p data-start=\"291\" data-end=\"664\">Dise\u00f1ada para quienes buscan una vida ecol\u00f3gica, la bolsa amarilla de cuerda de papel es elegante y funcional. Tejida a mano con cuerda de papel natural, esta bolsa es una opci\u00f3n \u00fanica en la categor\u00eda de bolsas de compras. Su vibrante color amarillo llama la atenci\u00f3n, mientras que su construcci\u00f3n ligera y duradera te permite llevar tus pertenencias con facilidad.<\/p>\n<hr data-start=\"666\" data-end=\"669\" \/>\n<h3 data-start=\"671\" data-end=\"701\">Materiales y proceso de producci\u00f3n<\/h3>\n<p data-start=\"702\" data-end=\"1075\">La bolsa amarilla de papel est\u00e1 tejida con hilos de papel naturales y reciclables, priorizando la sostenibilidad. Cada pieza es elaborada a mano por nuestros artesanos expertos. Este m\u00e9todo garantiza su durabilidad y ligereza. Adem\u00e1s, el proceso de producci\u00f3n de hilo de papel est\u00e1 dise\u00f1ado para ahorrar agua y energ\u00eda.<\/p>\n<p data-start=\"1077\" data-end=\"1330\">El forro interior del bolso aumenta la seguridad de tus pertenencias y ayuda a que mantenga su forma. Las asas son m\u00e1s resistentes gracias a t\u00e9cnicas especiales de tejido, lo que garantiza que mantengan su forma incluso con un uso prolongado.<\/p>\n<hr data-start=\"1332\" data-end=\"1335\" \/>\n<h3 data-start=\"1337\" data-end=\"1370\">\u00c1reas de uso y confort<\/h3>\n<p data-start=\"1371\" data-end=\"1681\">Esta bolsa de compras ofrece una amplia gama de usos, desde la compra diaria hasta excursiones a la playa, picnics y paseos por la ciudad. Su dise\u00f1o ligero y sus asas ergon\u00f3micas garantizan un transporte c\u00f3modo durante largos periodos. Su forro interior protege los art\u00edculos de posibles da\u00f1os y facilita un uso m\u00e1s organizado.<\/p>\n<p data-start=\"1683\" data-end=\"1877\">Sus materiales ecol\u00f3gicos la convierten en la opci\u00f3n ideal para quienes buscan reducir el uso de bolsas de pl\u00e1stico. Adem\u00e1s, su llamativo color amarillo le da un toque de energ\u00eda a tus atuendos y completa tu look.<\/p>\n<hr data-start=\"1879\" data-end=\"1882\" \/>\n<h3 data-start=\"1884\" data-end=\"1904\">Sugerencias de estilo<\/h3>\n<p data-start=\"1905\" data-end=\"2199\">La bolsa de compras amarilla de papel combina a la perfecci\u00f3n con vestidos de verano, pantalones de lino y camisetas b\u00e1sicas. Crea un agradable contraste con conjuntos en tonos pastel. <a href=\"https:\/\/tuffhandicraft.com\/es\/categoria-producto\/accesorios\/\">accesorios<\/a> Y al completarlo con joyas de piedra natural, puedes lograr un ambiente bohemio.<\/p>\n<p data-start=\"2201\" data-end=\"2393\">El vibrante color del bolso resalta f\u00e1cilmente entre atuendos neutros y sencillos, aportando un toque de vitalidad a tu estilo diario. Es la opci\u00f3n perfecta para quienes buscan un look casual pero natural.<\/p>\n<hr data-start=\"2395\" data-end=\"2398\" \/>\n<h3 data-start=\"2400\" data-end=\"2445\">Sostenibilidad y calidad artesanal<\/h3>\n<p data-start=\"2446\" data-end=\"2702\">Esta bolsa de compras de Tuffhandicraft es un ejemplo brillante de moda sostenible. Cada bolsa se fabrica bajo pedido y es totalmente artesanal, evitando la producci\u00f3n en masa. Esto evita el desperdicio y confiere a cada producto su car\u00e1cter \u00fanico.<\/p>\n<p data-start=\"2704\" data-end=\"2913\">Usado <a href=\"https:\/\/www.spagettiyarn.com\/kagit-ip\" target=\"_blank\" rel=\"noopener\">hilos de papel<\/a>Fabricado con t\u00e9cnicas de producci\u00f3n respetuosas con el medio ambiente, este bolso contribuye a la conservaci\u00f3n de los recursos naturales. Experimente la elegancia y la conciencia ambiental con este bolso de compras.<\/p>\n<hr data-start=\"2915\" data-end=\"2918\" \/>\n<h3 data-start=\"2920\" data-end=\"2943\">Recomendaciones de cuidado<\/h3>\n<ul data-start=\"2944\" data-end=\"3266\">\n<li data-start=\"2944\" data-end=\"3001\">\n<p data-start=\"2946\" data-end=\"3001\">Limpie la bolsa frot\u00e1ndola suavemente con un pa\u00f1o h\u00famedo.<\/p>\n<\/li>\n<li data-start=\"3002\" data-end=\"3051\">\n<p data-start=\"3004\" data-end=\"3051\">Puedes lavar a mano el forro interior si es necesario.<\/p>\n<\/li>\n<li data-start=\"3052\" data-end=\"3104\">\n<p data-start=\"3054\" data-end=\"3104\">Evite exponer la bolsa directamente al agua.<\/p>\n<\/li>\n<li data-start=\"3105\" data-end=\"3152\">\n<p data-start=\"3107\" data-end=\"3152\">No dejar expuesto al sol durante mucho tiempo.<\/p>\n<\/li>\n<li data-start=\"3153\" data-end=\"3203\">\n<p data-start=\"3155\" data-end=\"3203\">Guarde la bolsa plana sin doblarla.<\/p>\n<\/li>\n<li data-start=\"3204\" data-end=\"3266\">\n<p data-start=\"3206\" data-end=\"3266\">Evite llevar cargas pesadas para que el bolso mantenga su forma.<\/p>\n<\/li>\n<\/ul>\n<hr data-start=\"3268\" data-end=\"3271\" \/>\n<h3 data-start=\"3273\" data-end=\"3327\">\u00bfPor qu\u00e9 elegir esta bolsa de compras?<\/h3>\n<ul data-start=\"3328\" data-end=\"3726\">\n<li data-start=\"3328\" data-end=\"3394\">\n<p data-start=\"3330\" data-end=\"3394\">%100 el yap\u0131m\u0131, dayan\u0131kl\u0131 ve hafif ka\u011f\u0131t ip al\u0131\u015fveri\u015f \u00e7antas\u0131.<\/p>\n<\/li>\n<li data-start=\"3395\" data-end=\"3444\">\n<p data-start=\"3397\" data-end=\"3444\">Dise\u00f1o elegante que llama la atenci\u00f3n con su vibrante color amarillo.<\/p>\n<\/li>\n<li data-start=\"3445\" data-end=\"3489\">\n<p data-start=\"3447\" data-end=\"3489\">Revestimiento interior, estructura \u00fatil y protectora.<\/p>\n<\/li>\n<li data-start=\"3490\" data-end=\"3547\">\n<p data-start=\"3492\" data-end=\"3547\">Producci\u00f3n respetuosa con la naturaleza, sostenible y con el medio ambiente.<\/p>\n<\/li>\n<li data-start=\"3548\" data-end=\"3617\">\n<p data-start=\"3550\" data-end=\"3617\">Ideal para reducir el uso de bolsas de pl\u00e1stico en tu vida diaria.<\/p>\n<\/li>\n<li data-start=\"3618\" data-end=\"3671\">\n<p data-start=\"3620\" data-end=\"3671\">Ofrece un uso pr\u00e1ctico y elegante.<\/p>\n<\/li>\n<li data-start=\"3672\" data-end=\"3726\">\n<p data-start=\"3674\" data-end=\"3726\">Un producto \u00fanico hecho a mano que refleja el concepto de moda lenta.<\/p>\n<\/li>\n<\/ul>","protected":false},"excerpt":{"rendered":"<p>Impresiona por su color amarillo vibrante y su mango especial.<\/p>","protected":false},"featured_media":28767,"comment_status":"open","ping_status":"closed","template":"","meta":[],"product_brand":[691],"product_cat":[724,686],"product_tag":[1460,1464,1468,1321,1414,1472,1462,1471,1465,1467,1470,1463,1461,1469,1319,740,1323,1466],"class_list":{"0":"post-27574","1":"product","2":"type-product","3":"status-publish","4":"has-post-thumbnail","6":"product_brand-tuffhandicraft","7":"product_cat-omuz-cantasi","8":"product_cat-canta","9":"product_tag-alisveriscantasi","10":"product_tag-astarlicanta","11":"product_tag-cevredostuurun","12":"product_tag-dogadostuaksesuar","13":"product_tag-dogaliplik","14":"product_tag-ecofriendlybag","15":"product_tag-elyapimicanta","16":"product_tag-fonksiyonelcanta","17":"product_tag-geri-donusumlucanta","18":"product_tag-handmadebag","19":"product_tag-omuzcantasi","20":"product_tag-orgucanta","21":"product_tag-saricanta","22":"product_tag-sifiratikyasam","23":"product_tag-surdurulebilirmoda","24":"product_tag-tuffhandicraft","25":"product_tag-yavasmoda","26":"product_tag-yazcantasi","28":"first","29":"instock","30":"sale","31":"taxable","32":"shipping-taxable","33":"purchasable","34":"product-type-simple"},"_links":{"self":[{"href":"https:\/\/tuffhandicraft.com\/es\/wp-json\/wp\/v2\/product\/27574","targetHints":{"allow":["GET"]}}],"collection":[{"href":"https:\/\/tuffhandicraft.com\/es\/wp-json\/wp\/v2\/product"}],"about":[{"href":"https:\/\/tuffhandicraft.com\/es\/wp-json\/wp\/v2\/types\/product"}],"replies":[{"embeddable":true,"href":"https:\/\/tuffhandicraft.com\/es\/wp-json\/wp\/v2\/comments?post=27574"}],"version-history":[{"count":1,"href":"https:\/\/tuffhandicraft.com\/es\/wp-json\/wp\/v2\/product\/27574\/revisions"}],"predecessor-version":[{"id":30282,"href":"https:\/\/tuffhandicraft.com\/es\/wp-json\/wp\/v2\/product\/27574\/revisions\/30282"}],"wp:featuredmedia":[{"embeddable":true,"href":"https:\/\/tuffhandicraft.com\/es\/wp-json\/wp\/v2\/media\/28767"}],"wp:attachment":[{"href":"https:\/\/tuffhandicraft.com\/es\/wp-json\/wp\/v2\/media?parent=27574"}],"wp:term":[{"taxonomy":"product_brand","embeddable":true,"href":"https:\/\/tuffhandicraft.com\/es\/wp-json\/wp\/v2\/product_brand?post=27574"},{"taxonomy":"product_cat","embeddable":true,"href":"https:\/\/tuffhandicraft.com\/es\/wp-json\/wp\/v2\/product_cat?post=27574"},{"taxonomy":"product_tag","embeddable":true,"href":"https:\/\/tuffhandicraft.com\/es\/wp-json\/wp\/v2\/product_tag?post=27574"}],"curies":[{"name":"wp","href":"https:\/\/api.w.org\/{rel}","templated":true}]}}