{"id":27590,"date":"2025-05-11T00:23:36","date_gmt":"2025-05-10T21:23:36","guid":{"rendered":"https:\/\/tasarim.yusufkecici.com.tr\/urun\/lgbtq-pride-colorful-and-rainbow-sweater-crochet-rainbow-top-for-pride-month-handmade-crochet-sweater-gift-for-her\/"},"modified":"2025-08-10T19:43:51","modified_gmt":"2025-08-10T16:43:51","slug":"lgbtq-pride-suveter","status":"publish","type":"product","link":"https:\/\/tuffhandicraft.com\/es\/magaza\/suveter\/lgbtq-pride-suveter\/","title":{"rendered":"Su\u00e9ter del orgullo LGBTQ"},"content":{"rendered":"<h3 data-start=\"308\" data-end=\"383\">Su\u00e9ter Orgullo LGBTQ: hecho a mano, colorido y una pieza para usar con orgullo<\/h3>\n<p data-start=\"385\" data-end=\"769\">Dise\u00f1ado para quienes desean expresarse libremente, el su\u00e9ter del orgullo LGBTQ es un manifiesto de libertad hecho a mano, que representa todos los colores del arco\u00edris. Sus rayas de colores crean un look llamativo a la vez que transmiten un mensaje de amor, igualdad y solidaridad. Su textura suave, su confecci\u00f3n extragrande y sus puntadas tejidas con orgullo lo convierten en una declaraci\u00f3n c\u00f3moda, pol\u00edtica, moderna y personal.<\/p>\n<hr data-start=\"771\" data-end=\"774\" \/>\n<h3 data-start=\"776\" data-end=\"797\">Informaci\u00f3n del material<\/h3>\n<p data-start=\"798\" data-end=\"1107\">Este su\u00e9ter de orgullo est\u00e1 tejido a mano con hilos naturales suaves y transpirables. <a href=\"https:\/\/tuffhandicraft.com\/es\/producto\/boyundan-baglamali-renkli-rave-ust\/\">Secciones coloreadas<\/a> Elaborada con un arco\u00edris de colores, cada transici\u00f3n de color est\u00e1 cuidadosamente alineada. Su textura transpirable la hace ideal para usar en capas en cualquier temporada. La tela es naturalmente el\u00e1stica y agradable para la piel.<\/p>\n<hr data-start=\"1109\" data-end=\"1112\" \/>\n<h3 data-start=\"1114\" data-end=\"1144\">\u00c1rea de uso y confort<\/h3>\n<ul data-start=\"1145\" data-end=\"1508\">\n<li data-start=\"1145\" data-end=\"1203\">\n<p data-start=\"1147\" data-end=\"1203\">En marchas, eventos y festivales del orgullo LGBTQ+<\/p>\n<\/li>\n<li data-start=\"1204\" data-end=\"1251\">\n<p data-start=\"1206\" data-end=\"1251\">Como un medio audaz de expresi\u00f3n en la vida diaria.<\/p>\n<\/li>\n<li data-start=\"1252\" data-end=\"1310\">\n<p data-start=\"1254\" data-end=\"1310\">Ofrece comodidad y libertad de movimiento con su corte oversize.<\/p>\n<\/li>\n<li data-start=\"1311\" data-end=\"1380\">\n<p data-start=\"1313\" data-end=\"1380\">Se puede usar solo o con una camiseta durante las transiciones estacionales.<\/p>\n<\/li>\n<li data-start=\"1381\" data-end=\"1438\">\n<p data-start=\"1383\" data-end=\"1438\">Se puede usar c\u00f3modamente tanto en interiores como en exteriores.<\/p>\n<\/li>\n<li data-start=\"1439\" data-end=\"1508\">\n<p data-start=\"1441\" data-end=\"1508\">Es adecuado para el invierno con su textura c\u00e1lida y tambi\u00e9n se adapta a la primavera con su estructura fresca.<\/p>\n<\/li>\n<\/ul>\n<hr data-start=\"1510\" data-end=\"1513\" \/>\n<h3 data-start=\"1515\" data-end=\"1552\">Sugerencia de estilo \/ Sugerencia de combinaci\u00f3n<\/h3>\n<p data-start=\"1553\" data-end=\"1905\">Combina el su\u00e9ter Pride con una camiseta blanca y remata con vaqueros, una camisa holgada o pantalones cortos holgados. Calcetines brillantes, bolsos y accesorios coloridos le dan un toque a\u00fan m\u00e1s atrevido. Su estilo unisex lo convierte en una opci\u00f3n ideal para todos. Comb\u00ednalo con zapatos de plataforma o botas para eventos y realza el look.<\/p>\n<hr data-start=\"1907\" data-end=\"1910\" \/>\n<h3 data-start=\"1912\" data-end=\"1956\">\u00c9nfasis en lo artesanal y la sostenibilidad<\/h3>\n<p data-start=\"1957\" data-end=\"2306\">Cada su\u00e9ter Pride est\u00e1 tejido \u00edntegramente a mano, siguiendo los principios de producci\u00f3n \u00e9tica y sostenible de Tuffhandicraft. Se fabrica por encargo con m\u00e9todos que evitan la producci\u00f3n en masa y no generan residuos. Gracias a este dise\u00f1o artesanal, cada producto tiene una identidad \u00fanica y especial. Los hilos utilizados son respetuosos con el medio ambiente y se minimizan los residuos durante todo el proceso de producci\u00f3n.<\/p>\n<hr data-start=\"2308\" data-end=\"2311\" \/>\n<h3 data-start=\"2313\" data-end=\"2336\">Instrucciones de cuidado<\/h3>\n<ul data-start=\"2337\" data-end=\"2582\">\n<li data-start=\"2337\" data-end=\"2388\">\n<p data-start=\"2339\" data-end=\"2388\">Lavar a mano con detergente espec\u00edfico para productos de color.<\/p>\n<\/li>\n<li data-start=\"2389\" data-end=\"2439\">\n<p data-start=\"2391\" data-end=\"2439\">Se recomienda lavarlo del rev\u00e9s a baja temperatura.<\/p>\n<\/li>\n<li data-start=\"2440\" data-end=\"2503\">\n<p data-start=\"2442\" data-end=\"2503\">Colgar para secar, no exponer a la luz solar directa.<\/p>\n<\/li>\n<li data-start=\"2504\" data-end=\"2520\">\n<p data-start=\"2506\" data-end=\"2520\">No planchar<\/p>\n<\/li>\n<li data-start=\"2521\" data-end=\"2582\">\n<p data-start=\"2523\" data-end=\"2582\">No use lej\u00eda para evitar que los colores del arco iris se desvanezcan.<\/p>\n<\/li>\n<\/ul>\n<hr data-start=\"2584\" data-end=\"2587\" \/>\n<h3 data-start=\"2589\" data-end=\"2617\">\u00bfPor qu\u00e9 deber\u00eda preferirse?<\/h3>\n<p data-start=\"2618\" data-end=\"3036\">\u2705 <a href=\"https:\/\/onedio.com\/haber\/lgbt-ne-demek-acilimi-nedir-lgbt-lgbti-lgbttiq-ve-lgbtq-ne-anlama-geliyor-1151023\" target=\"_blank\" rel=\"noopener\">LGBTQ+<\/a> Una poderosa pieza de declaraci\u00f3n que promueve la visibilidad.<br data-start=\"2676\" data-end=\"2679\" \/>\u2705 Producci\u00f3n artesanal, sostenible y \u00e9tica<br data-start=\"2721\" data-end=\"2724\" \/>\u2705 Dise\u00f1o \u00fanico que llama la atenci\u00f3n con colores del arco\u00edris.<br data-start=\"2774\" data-end=\"2777\" \/>\u2705 Comodidad de gran tama\u00f1o y facilidad de combinaci\u00f3n en capas<br data-start=\"2826\" data-end=\"2829\" \/>\u2705 Hilos naturales transpirables y agradables para la piel<br data-start=\"2868\" data-end=\"2871\" \/>\u2705 Se puede utilizar f\u00e1cilmente tanto en eventos como en la vida diaria.<br data-start=\"2935\" data-end=\"2938\" \/>\u2705 Adecuado para cualquier persona que quiera reflejar con orgullo su estilo.<br data-start=\"2991\" data-end=\"2994\" \/>\u2705 Cada pieza es \u00fanica, tejida a mano.<\/p>","protected":false},"excerpt":{"rendered":"<p>C\u00f3modo y orgulloso a la vez.<\/p>","protected":false},"featured_media":28676,"comment_status":"open","ping_status":"closed","template":"","meta":[],"product_brand":[691],"product_cat":[702],"product_tag":[1449,1455,1334,1448,1450,1403,1459,1456,1447,1457,1453,1446,1454,1451,1437,1319,740,1452,1458,1323],"class_list":{"0":"post-27590","1":"product","2":"type-product","3":"status-publish","4":"has-post-thumbnail","6":"product_brand-tuffhandicraft","7":"product_cat-suveter","8":"product_tag-elyapimisuveter","9":"product_tag-etikuretim","10":"product_tag-festivalmodasi","11":"product_tag-gokkusagiorgu","12":"product_tag-gurururunu","13":"product_tag-handmadeclothing","14":"product_tag-kapsayicimekan","15":"product_tag-kendinietkileyenmoda","16":"product_tag-lgbtqmodasi","17":"product_tag-orgusuveter","18":"product_tag-ozguntarz","19":"product_tag-pridesuveter","20":"product_tag-pridewear","21":"product_tag-queerfashion","22":"product_tag-renkliust","23":"product_tag-surdurulebilirmoda","24":"product_tag-tuffhandicraft","25":"product_tag-unisextasarim","26":"product_tag-visibilityfashion","27":"product_tag-yavasmoda","29":"first","30":"instock","31":"taxable","32":"shipping-taxable","33":"purchasable","34":"product-type-variable"},"_links":{"self":[{"href":"https:\/\/tuffhandicraft.com\/es\/wp-json\/wp\/v2\/product\/27590","targetHints":{"allow":["GET"]}}],"collection":[{"href":"https:\/\/tuffhandicraft.com\/es\/wp-json\/wp\/v2\/product"}],"about":[{"href":"https:\/\/tuffhandicraft.com\/es\/wp-json\/wp\/v2\/types\/product"}],"replies":[{"embeddable":true,"href":"https:\/\/tuffhandicraft.com\/es\/wp-json\/wp\/v2\/comments?post=27590"}],"version-history":[{"count":0,"href":"https:\/\/tuffhandicraft.com\/es\/wp-json\/wp\/v2\/product\/27590\/revisions"}],"wp:featuredmedia":[{"embeddable":true,"href":"https:\/\/tuffhandicraft.com\/es\/wp-json\/wp\/v2\/media\/28676"}],"wp:attachment":[{"href":"https:\/\/tuffhandicraft.com\/es\/wp-json\/wp\/v2\/media?parent=27590"}],"wp:term":[{"taxonomy":"product_brand","embeddable":true,"href":"https:\/\/tuffhandicraft.com\/es\/wp-json\/wp\/v2\/product_brand?post=27590"},{"taxonomy":"product_cat","embeddable":true,"href":"https:\/\/tuffhandicraft.com\/es\/wp-json\/wp\/v2\/product_cat?post=27590"},{"taxonomy":"product_tag","embeddable":true,"href":"https:\/\/tuffhandicraft.com\/es\/wp-json\/wp\/v2\/product_tag?post=27590"}],"curies":[{"name":"wp","href":"https:\/\/api.w.org\/{rel}","templated":true}]}}