{"id":27592,"date":"2025-05-11T00:23:38","date_gmt":"2025-05-10T21:23:38","guid":{"rendered":"https:\/\/tasarim.yusufkecici.com.tr\/urun\/colorful-crochet-top-knitted-festival-outfit-beach-wear-rave-outfit-hand-knitted-bikini-top-lgbtq-halter-boho-bikini-top-gift-for-her\/"},"modified":"2025-08-10T19:43:44","modified_gmt":"2025-08-10T16:43:44","slug":"boyundan-baglamali-renkli-rave-ust","status":"publish","type":"product","link":"https:\/\/tuffhandicraft.com\/es\/magaza\/crop-top\/boyundan-baglamali-renkli-rave-ust\/","title":{"rendered":"Top rave colorido con cuello halter"},"content":{"rendered":"<h3 data-start=\"370\" data-end=\"458\">\ud83e\uddf6 Top rave con cuello halter colorido: pieza de festival atrevida, en\u00e9rgica y hecha a mano<\/h3>\n<p data-start=\"460\" data-end=\"906\">Dise\u00f1ado espec\u00edficamente para personas en\u00e9rgicas y llamativas que disfrutan de estar en el escenario, este colorido top rave con cuello halter encarna la vibrante est\u00e9tica de la cultura rave. Su corte ajustado, su cuello con lazo y sus detalles artesanales ofrecen elegancia y comodidad al bailar. Con sus vibrantes transiciones de color y su dise\u00f1o audaz, es la opci\u00f3n ideal para quienes buscan destacar en festivales de m\u00fasica, fiestas o presentaciones.<\/p>\n<hr data-start=\"908\" data-end=\"911\" \/>\n<h3 data-start=\"913\" data-end=\"934\">Informaci\u00f3n del material<\/h3>\n<p data-start=\"935\" data-end=\"1236\">Este top rave est\u00e1 tejido con hilos de mezcla de algod\u00f3n el\u00e1sticos y transpirables. Es suave al tacto, evita la sudoraci\u00f3n y ofrece comodidad durante todo el d\u00eda. Gracias a su dise\u00f1o artesanal, las transiciones de color y los detalles de los cordones est\u00e1n meticulosamente controlados. Los tirantes est\u00e1n reforzados y los cordones no se estiran.<\/p>\n<hr data-start=\"1238\" data-end=\"1241\" \/>\n<h3 data-start=\"1243\" data-end=\"1273\">\u00c1rea de uso y confort<\/h3>\n<ul data-start=\"1274\" data-end=\"1679\">\n<li data-start=\"1274\" data-end=\"1369\">\n<p data-start=\"1276\" data-end=\"1369\">Adecuado para usar en fiestas rave, actuaciones de DJ y festivales de m\u00fasica electr\u00f3nica.<\/p>\n<\/li>\n<li data-start=\"1370\" data-end=\"1434\">\n<p data-start=\"1372\" data-end=\"1434\">Proporciona movilidad mientras bailas, abraza el cuerpo sin apretar.<\/p>\n<\/li>\n<li data-start=\"1435\" data-end=\"1517\">\n<p data-start=\"1437\" data-end=\"1517\">La estructura con lazo en el cuello garantiza un uso seguro sin el problema de que la correa se caiga.<\/p>\n<\/li>\n<li data-start=\"1518\" data-end=\"1605\">\n<p data-start=\"1520\" data-end=\"1605\">Tambi\u00e9n se puede utilizar como vestuario esc\u00e9nico, para sesiones fotogr\u00e1ficas creativas o para actuaciones.<\/p>\n<\/li>\n<li data-start=\"1606\" data-end=\"1679\">\n<p data-start=\"1608\" data-end=\"1679\">Se mantiene c\u00f3modo incluso en entornos concurridos gracias a su estructura ligera y resistente al sudor.<\/p>\n<\/li>\n<\/ul>\n<hr data-start=\"1681\" data-end=\"1684\" \/>\n<h3 data-start=\"1686\" data-end=\"1723\">Sugerencia de estilo \/ Sugerencia de combinaci\u00f3n<\/h3>\n<p data-start=\"1724\" data-end=\"2156\">Combina este colorido top rave con shorts vaqueros de cintura alta, pantalones cargo o medias de rejilla. <a href=\"https:\/\/tr.pinterest.com\/akkapal\/rave\/\" target=\"_blank\" rel=\"noopener\">mediante la combinaci\u00f3n<\/a> Puedes lograr un look llamativo eligiendo zapatos de plataforma o zapatillas coloridas. <a href=\"https:\/\/tuffhandicraft.com\/es\/categoria-producto\/delirio\/\">delirio<\/a> Puedes completar tu estilo. Realza tu look a\u00fan m\u00e1s con gafas oversize, maquillaje con brillantina y accesorios coloridos para el cabello. Para el fr\u00edo, comb\u00ednalo con un bolero de punto o una chaqueta oversize con detalles met\u00e1licos.<\/p>\n<hr data-start=\"2158\" data-end=\"2161\" \/>\n<h3 data-start=\"2163\" data-end=\"2207\">\u00c9nfasis en lo artesanal y la sostenibilidad<\/h3>\n<p data-start=\"2208\" data-end=\"2593\">Cada top rave, elaborado con el enfoque ecol\u00f3gico de Tuffhandicraft, se teje a mano y se fabrica por encargo. Eliminamos la producci\u00f3n en masa, lo que evita desperdicios y permite personalizar cada producto. Los hilos utilizados se producen con bajo consumo de agua y se ti\u00f1en con tintes ecol\u00f3gicos. Es una excelente alternativa a la mentalidad r\u00e1pida y desechable de la industria de la moda.<\/p>\n<hr data-start=\"2595\" data-end=\"2598\" \/>\n<h3 data-start=\"2600\" data-end=\"2623\">Instrucciones de cuidado<\/h3>\n<ul data-start=\"2624\" data-end=\"2836\">\n<li data-start=\"2624\" data-end=\"2653\">\n<p data-start=\"2626\" data-end=\"2653\">Lavar a mano con agua tibia.<\/p>\n<\/li>\n<li data-start=\"2654\" data-end=\"2690\">\n<p data-start=\"2656\" data-end=\"2690\">Limpiar suavemente sin frotar.<\/p>\n<\/li>\n<li data-start=\"2691\" data-end=\"2732\">\n<p data-start=\"2693\" data-end=\"2732\">Secar sobre una superficie plana en un lugar sombreado.<\/p>\n<\/li>\n<li data-start=\"2733\" data-end=\"2767\">\n<p data-start=\"2735\" data-end=\"2767\">Desata los cordones y s\u00e9calos.<\/p>\n<\/li>\n<li data-start=\"2768\" data-end=\"2784\">\n<p data-start=\"2770\" data-end=\"2784\">No planchar<\/p>\n<\/li>\n<li data-start=\"2785\" data-end=\"2836\">\n<p data-start=\"2787\" data-end=\"2836\">No utilizar lej\u00eda para conservar su brillo.<\/p>\n<\/li>\n<\/ul>\n<hr data-start=\"2838\" data-end=\"2841\" \/>\n<h3 data-start=\"2843\" data-end=\"2871\">\u00bfPor qu\u00e9 deber\u00eda preferirse?<\/h3>\n<p data-start=\"2872\" data-end=\"3256\">\u2705 Dise\u00f1o atrevido y colorido adecuado para la cultura rave<br data-start=\"2918\" data-end=\"2921\" \/>\u2705 Uso seguro con forma de corbata<br data-start=\"2967\" data-end=\"2970\" \/>\u2705 Estructura hecha a mano flexible y transpirable.<br data-start=\"3010\" data-end=\"3013\" \/>\u2705 El estilo que destaca en escenarios y ambientes de fiesta<br data-start=\"3057\" data-end=\"3060\" \/>\u2705 Producci\u00f3n artesanal y sostenible<br data-start=\"3108\" data-end=\"3111\" \/>\u2705 Comodidad sin sudoraci\u00f3n en ambientes concurridos y calurosos<br data-start=\"3161\" data-end=\"3164\" \/>\u2705 Una alternativa original para quienes quieren reflejar su estilo<br data-start=\"3220\" data-end=\"3223\" \/>\u2705 Cada uno es \u00fanico y llamativo.<\/p>","protected":false},"excerpt":{"rendered":"<p>Un top especial con cuello halter hecho a mano y detalles coloridos, perfecto para la cultura rave.<\/p>","protected":false},"featured_media":28668,"comment_status":"open","ping_status":"closed","template":"","meta":[],"product_brand":[691],"product_cat":[697,714],"product_tag":[1443,1434,1416,1439,1435,1334,1445,1444,1403,1440,1404,1436,1441,1442,1433,1437,1438,1319,740,1323],"class_list":{"0":"post-27592","1":"product","2":"type-product","3":"status-publish","4":"has-post-thumbnail","6":"product_brand-tuffhandicraft","7":"product_cat-crop-top","8":"product_cat-rave","9":"product_tag-bohemrave","10":"product_tag-boyundanbaglamali","11":"product_tag-custommade","12":"product_tag-elektronikmuzikstili","13":"product_tag-elyapimiust","14":"product_tag-festivalmodasi","15":"product_tag-geceustu","16":"product_tag-glowstyle","17":"product_tag-handmadeclothing","18":"product_tag-orgutop","19":"product_tag-ozguntasarim","20":"product_tag-partigiyim","21":"product_tag-performansustu","22":"product_tag-ravegiyim","23":"product_tag-raveust","24":"product_tag-renkliust","25":"product_tag-sahnetarzi","26":"product_tag-surdurulebilirmoda","27":"product_tag-tuffhandicraft","28":"product_tag-yavasmoda","30":"first","31":"instock","32":"taxable","33":"shipping-taxable","34":"purchasable","35":"product-type-variable"},"_links":{"self":[{"href":"https:\/\/tuffhandicraft.com\/es\/wp-json\/wp\/v2\/product\/27592","targetHints":{"allow":["GET"]}}],"collection":[{"href":"https:\/\/tuffhandicraft.com\/es\/wp-json\/wp\/v2\/product"}],"about":[{"href":"https:\/\/tuffhandicraft.com\/es\/wp-json\/wp\/v2\/types\/product"}],"replies":[{"embeddable":true,"href":"https:\/\/tuffhandicraft.com\/es\/wp-json\/wp\/v2\/comments?post=27592"}],"version-history":[{"count":0,"href":"https:\/\/tuffhandicraft.com\/es\/wp-json\/wp\/v2\/product\/27592\/revisions"}],"wp:featuredmedia":[{"embeddable":true,"href":"https:\/\/tuffhandicraft.com\/es\/wp-json\/wp\/v2\/media\/28668"}],"wp:attachment":[{"href":"https:\/\/tuffhandicraft.com\/es\/wp-json\/wp\/v2\/media?parent=27592"}],"wp:term":[{"taxonomy":"product_brand","embeddable":true,"href":"https:\/\/tuffhandicraft.com\/es\/wp-json\/wp\/v2\/product_brand?post=27592"},{"taxonomy":"product_cat","embeddable":true,"href":"https:\/\/tuffhandicraft.com\/es\/wp-json\/wp\/v2\/product_cat?post=27592"},{"taxonomy":"product_tag","embeddable":true,"href":"https:\/\/tuffhandicraft.com\/es\/wp-json\/wp\/v2\/product_tag?post=27592"}],"curies":[{"name":"wp","href":"https:\/\/api.w.org\/{rel}","templated":true}]}}