{"id":27594,"date":"2025-05-11T00:23:40","date_gmt":"2025-05-10T21:23:40","guid":{"rendered":"https:\/\/tasarim.yusufkecici.com.tr\/urun\/mens-crochet-button-top-granny-stitch-summer-shirt-crochet-oversize-shirt-hand-knitted-unisex-beach-top-kenikse-crochet\/"},"modified":"2025-09-11T11:10:12","modified_gmt":"2025-09-11T08:10:12","slug":"oversize-erkek-gomlek","status":"publish","type":"product","link":"https:\/\/tuffhandicraft.com\/es\/magaza\/gomlek\/oversize-erkek-gomlek\/","title":{"rendered":"Camisa de hombre de gran tama\u00f1o"},"content":{"rendered":"<h3 data-start=\"333\" data-end=\"403\">Camisa Oversize para Hombre \u2013 Corte Relajado, Hecha a Mano y con Elegancia Casual<\/h3>\n<p data-start=\"405\" data-end=\"777\">Dise\u00f1ada para quienes buscan comodidad y estilo en la moda masculina moderna, esta camisa oversize para hombre, con su corte holgado y l\u00edneas sencillas, se convertir\u00e1 en un b\u00e1sico de armario. Su textura artesanal y su meticulosa confecci\u00f3n garantizan comodidad durante todo el d\u00eda, mientras que su corte oversize crea una silueta relajada, perfecta para la vida urbana. Perfecta para combinar con otras prendas, independientemente de la temporada.<\/p>\n<hr data-start=\"779\" data-end=\"782\" \/>\n<h3 data-start=\"784\" data-end=\"805\">Informaci\u00f3n del material<\/h3>\n<p data-start=\"806\" data-end=\"1040\">La camiseta est\u00e1 confeccionada con fibras naturales transpirables y resistentes al sudor. Su textura ligera y suave garantiza que no cause molestias ni siquiera al usarla todo el d\u00eda. Su dise\u00f1o cosido a mano combina durabilidad y estilo.<\/p>\n<hr data-start=\"1042\" data-end=\"1045\" \/>\n<h3 data-start=\"1047\" data-end=\"1077\">\u00c1rea de uso y confort<\/h3>\n<ul data-start=\"1078\" data-end=\"1366\">\n<li data-start=\"1078\" data-end=\"1130\">\n<p data-start=\"1080\" data-end=\"1130\">Se puede utilizar f\u00e1cilmente en la vida diaria de la ciudad.<\/p>\n<\/li>\n<li data-start=\"1131\" data-end=\"1205\">\n<p data-start=\"1133\" data-end=\"1205\">Es ideal para transiciones estacionales como complemento a combinaciones de capas.<\/p>\n<\/li>\n<li data-start=\"1206\" data-end=\"1260\">\n<p data-start=\"1208\" data-end=\"1260\">Proporciona libertad de movimiento gracias a su corte oversize.<\/p>\n<\/li>\n<li data-start=\"1261\" data-end=\"1306\">\n<p data-start=\"1263\" data-end=\"1306\">Adecuado tanto para uso dom\u00e9stico como al aire libre.<\/p>\n<\/li>\n<li data-start=\"1307\" data-end=\"1366\">\n<p data-start=\"1309\" data-end=\"1366\">Se puede usar como camisa o abierta como chaqueta.<\/p>\n<\/li>\n<\/ul>\n<hr data-start=\"1368\" data-end=\"1371\" \/>\n<h3 data-start=\"1373\" data-end=\"1410\">Sugerencia de estilo \/ Sugerencia de combinaci\u00f3n<\/h3>\n<p data-start=\"1411\" data-end=\"1719\">Una camisa oversize para hombre combina bien con camisetas b\u00e1sicas y pantalones rectos para un look sencillo pero elegante para el d\u00eda a d\u00eda. Bufandas coloridas, zapatillas o zapatos de cuero le dan un toque \u00fanico. Completa tu conjunto con un jersey fino de cuello alto debajo o una chaqueta oversize encima para un look invernal con varias capas.<\/p>\n<hr data-start=\"1721\" data-end=\"1724\" \/>\n<h3 data-start=\"1726\" data-end=\"1770\">\u00c9nfasis en lo artesanal y la sostenibilidad<\/h3>\n<p data-start=\"1771\" data-end=\"2084\">En Tuffhandicraft, cada camisa extragrande para hombre se fabrica a mano. Dise\u00f1adas para contrarrestar la moda r\u00e1pida, estas prendas se elaboran con un enfoque de producci\u00f3n \u00e9tico y respetuoso con el medio ambiente. No se utilizan telas de desecho; se fabrican por encargo, lo que evita el desperdicio. Su estructura duradera... <a href=\"https:\/\/tuffhandicraft.com\/es\/surdurulebilirlik\/\">moda sostenible<\/a> es compatible con los principios.<\/p>\n<hr data-start=\"2086\" data-end=\"2089\" \/>\n<h3 data-start=\"2091\" data-end=\"2114\">Instrucciones de cuidado<\/h3>\n<ul data-start=\"2115\" data-end=\"2304\">\n<li data-start=\"2115\" data-end=\"2166\">\n<p data-start=\"2117\" data-end=\"2166\">Lavar a mano o con un programa delicado en agua tibia.<\/p>\n<\/li>\n<li data-start=\"2167\" data-end=\"2187\">\n<p data-start=\"2169\" data-end=\"2187\">Colgar para secar<\/p>\n<\/li>\n<li data-start=\"2188\" data-end=\"2214\">\n<p data-start=\"2190\" data-end=\"2214\">Planchar a baja temperatura.<\/p>\n<\/li>\n<li data-start=\"2215\" data-end=\"2277\">\n<p data-start=\"2217\" data-end=\"2277\">Se recomienda lavar del rev\u00e9s para garantizar que los colores duren m\u00e1s tiempo.<\/p>\n<\/li>\n<li data-start=\"2278\" data-end=\"2304\">\n<p data-start=\"2280\" data-end=\"2304\"><a href=\"https:\/\/www.ibrahimneriman.com\/index.php?url=pratik-bilgiler\/kuru-temizleme-genel-tanimlar\" target=\"_blank\" rel=\"noopener\">Limpieza en seco<\/a> no recomendado<\/p>\n<\/li>\n<\/ul>\n<hr data-start=\"2306\" data-end=\"2309\" \/>\n<h3 data-start=\"2311\" data-end=\"2339\">\u00bfPor qu\u00e9 deber\u00eda preferirse?<\/h3>\n<p data-start=\"2340\" data-end=\"2654\">\u2705 C\u00f3modo y moderno con su corte oversize<br data-start=\"2376\" data-end=\"2379\" \/>\u2705 Tejido natural transpirable<br data-start=\"2407\" data-end=\"2410\" \/>\u2705 Producci\u00f3n artesanal, \u00e9tica y sostenible<br data-start=\"2452\" data-end=\"2455\" \/>\u2705 Combinaciones en capas adecuadas para transiciones estacionales<br data-start=\"2500\" data-end=\"2503\" \/>\u2705 Elegancia sencilla compatible con la vida urbana<br data-start=\"2538\" data-end=\"2541\" \/>\u2705 Uso duradero<br data-start=\"2563\" data-end=\"2566\" \/>\u2705 Dise\u00f1o universal con un aspecto unisex cercano<br data-start=\"2606\" data-end=\"2609\" \/>\u2705 Calidad que se diferencia con detalles artesanales<\/p>\n<hr data-start=\"2656\" data-end=\"2659\" \/>\n<h3 data-start=\"2661\" data-end=\"2680\"><\/h3>","protected":false},"excerpt":{"rendered":"<p>\ud83e\uddf6 Oversize Erkek G\u00f6mlek \u2013 Rahat Kesim, El Yap\u0131m\u0131 ve G\u00fcnl\u00fck \u015e\u0131kl\u0131k Modern erkek giyiminde hem konfor hem de stil<\/p>","protected":false},"featured_media":28614,"comment_status":"open","ping_status":"closed","template":"","meta":[],"product_brand":[691],"product_cat":[699],"product_tag":[266,262,263,259,258,189,171,261,264,268,267,260,265],"class_list":{"0":"post-27594","1":"product","2":"type-product","3":"status-publish","4":"has-post-thumbnail","6":"product_brand-tuffhandicraft","7":"product_cat-gomlek","8":"product_tag-boho_top","9":"product_tag-cotton_crochet_top","10":"product_tag-crochet_knit_top","11":"product_tag-crochet_mens_shirt","12":"product_tag-crochet_shirt","13":"product_tag-crochet_summer_top","14":"product_tag-crochet_top","15":"product_tag-hippie_crochet_top","16":"product_tag-knitting_shirt","17":"product_tag-oversized_crochet","18":"product_tag-oversized_shirt","19":"product_tag-summer_crochet_top","20":"product_tag-yarn_shirt","22":"first","23":"instock","24":"taxable","25":"shipping-taxable","26":"purchasable","27":"product-type-variable"},"_links":{"self":[{"href":"https:\/\/tuffhandicraft.com\/es\/wp-json\/wp\/v2\/product\/27594","targetHints":{"allow":["GET"]}}],"collection":[{"href":"https:\/\/tuffhandicraft.com\/es\/wp-json\/wp\/v2\/product"}],"about":[{"href":"https:\/\/tuffhandicraft.com\/es\/wp-json\/wp\/v2\/types\/product"}],"replies":[{"embeddable":true,"href":"https:\/\/tuffhandicraft.com\/es\/wp-json\/wp\/v2\/comments?post=27594"}],"version-history":[{"count":2,"href":"https:\/\/tuffhandicraft.com\/es\/wp-json\/wp\/v2\/product\/27594\/revisions"}],"predecessor-version":[{"id":30419,"href":"https:\/\/tuffhandicraft.com\/es\/wp-json\/wp\/v2\/product\/27594\/revisions\/30419"}],"wp:featuredmedia":[{"embeddable":true,"href":"https:\/\/tuffhandicraft.com\/es\/wp-json\/wp\/v2\/media\/28614"}],"wp:attachment":[{"href":"https:\/\/tuffhandicraft.com\/es\/wp-json\/wp\/v2\/media?parent=27594"}],"wp:term":[{"taxonomy":"product_brand","embeddable":true,"href":"https:\/\/tuffhandicraft.com\/es\/wp-json\/wp\/v2\/product_brand?post=27594"},{"taxonomy":"product_cat","embeddable":true,"href":"https:\/\/tuffhandicraft.com\/es\/wp-json\/wp\/v2\/product_cat?post=27594"},{"taxonomy":"product_tag","embeddable":true,"href":"https:\/\/tuffhandicraft.com\/es\/wp-json\/wp\/v2\/product_tag?post=27594"}],"curies":[{"name":"wp","href":"https:\/\/api.w.org\/{rel}","templated":true}]}}