{"id":27596,"date":"2025-05-11T00:23:42","date_gmt":"2025-05-10T21:23:42","guid":{"rendered":"https:\/\/tasarim.yusufkecici.com.tr\/urun\/crochet-oversize-rose-vest-pink-granny-square-vest-handmade-rose-chunky-vest-pink-rose-vest-winter-vest-floral-vest-unique-gift\/"},"modified":"2025-08-10T19:42:17","modified_gmt":"2025-08-10T16:42:17","slug":"gullu-oversize-yelek","status":"publish","type":"product","link":"https:\/\/tuffhandicraft.com\/es\/magaza\/suveter\/gullu-oversize-yelek\/","title":{"rendered":"G\u00fcll\u00fc Oversize Yelek | 18 Saat El Eme\u011fi"},"content":{"rendered":"<h3 data-start=\"359\" data-end=\"435\">Chaleco extragrande con rosas: detalle de rosa en 3D, rosa suave y elegancia artesanal.<\/h3>\n<p data-start=\"437\" data-end=\"779\">Dise\u00f1ado para quienes buscan una prenda invernal elegante y llamativa, este chaleco extragrande con rosas destaca por su suave color rosa y sus motivos de rosas en 3D con detalles verdes. Su textura artesanal proporciona calidez, mientras que su corte extragrande garantiza un look c\u00f3modo y elegante. Es la opci\u00f3n ideal para quienes buscan a\u00f1adir un toque rom\u00e1ntico a su estilo urbano diario.<\/p>\n<hr data-start=\"781\" data-end=\"784\" \/>\n<h3 data-start=\"786\" data-end=\"807\">Informaci\u00f3n del material<\/h3>\n<p data-start=\"808\" data-end=\"1119\">Este chaleco extragrande est\u00e1 tejido con hilos suaves, ligeros y transpirables. El color principal es el rosa suave y el verde... <a href=\"https:\/\/tuffhandicraft.com\/es\/producto\/gullu-balaklava\/\">Con bordado de rosas en 3D<\/a> Es un ejemplo de maestr\u00eda. Todos los motivos se tejen a mano individualmente y se colocan sobre la superficie formando un patr\u00f3n en relieve. Esta t\u00e9cnica especial aporta riqueza visual y volumen.<\/p>\n<hr data-start=\"1121\" data-end=\"1124\" \/>\n<h3 data-start=\"1126\" data-end=\"1156\">\u00c1rea de uso y confort<\/h3>\n<ul data-start=\"1157\" data-end=\"1467\">\n<li data-start=\"1157\" data-end=\"1235\">\n<p data-start=\"1159\" data-end=\"1235\">Se puede utilizar como capa durante las transiciones estacionales y las frescas noches de verano.<\/p>\n<\/li>\n<li data-start=\"1236\" data-end=\"1289\">\n<p data-start=\"1238\" data-end=\"1289\">Ofrece una experiencia de uso c\u00f3moda gracias a su estructura de gran tama\u00f1o.<\/p>\n<\/li>\n<li data-start=\"1290\" data-end=\"1349\">\n<p data-start=\"1292\" data-end=\"1349\">A\u00f1ade un toque suave y rom\u00e1ntico a las combinaciones diarias.<\/p>\n<\/li>\n<li data-start=\"1350\" data-end=\"1401\">\n<p data-start=\"1352\" data-end=\"1401\">Adecuado para uso tanto en interiores como en exteriores.<\/p>\n<\/li>\n<li data-start=\"1402\" data-end=\"1467\">\n<p data-start=\"1404\" data-end=\"1467\">Proporciona libertad de movimiento con su estructura ligera y no pesa el cuerpo.<\/p>\n<\/li>\n<\/ul>\n<hr data-start=\"1469\" data-end=\"1472\" \/>\n<h3 data-start=\"1474\" data-end=\"1511\">Sugerencia de estilo \/ Sugerencia de combinaci\u00f3n<\/h3>\n<p data-start=\"1512\" data-end=\"1878\">Este chaleco, <a href=\"https:\/\/tekstilsayfasi.blogspot.com\/2020\/12\/pastel-renkler-nedir-pastel-renk.html#google_vignette\" target=\"_blank\" rel=\"noopener\">tonos pastel<\/a> Combina a la perfecci\u00f3n con cualquier outfit para crear un look rom\u00e1ntico. Combina a la perfecci\u00f3n con una camisa blanca, pantalones de lino o faldas vaporosas. Comb\u00ednalo con zapatillas o botas en tonos crema. Es el complemento perfecto para estilos bohemios, vintage o sencillos. Su vibrante paleta de colores se aprecia especialmente al combinarlo con accesorios verdes y bolsos de punto.<\/p>\n<hr data-start=\"1880\" data-end=\"1883\" \/>\n<h3 data-start=\"1885\" data-end=\"1929\">\u00c9nfasis en lo artesanal y la sostenibilidad<\/h3>\n<p data-start=\"1930\" data-end=\"2298\">Cada chaleco extragrande, elaborado con el enfoque de moda lenta de Tuffhandicraft, se teje a mano individualmente. Estos productos, dise\u00f1ados con toques personales en lugar de producci\u00f3n en masa, son \u00fanicos en cada detalle. Dado que todos los motivos, incluidas las rosas 3D, est\u00e1n bordados a mano, no hay dos piezas iguales. Se adopta un enfoque responsable con el medio ambiente reutilizando el hilo de desecho en la producci\u00f3n.<\/p>\n<hr data-start=\"2300\" data-end=\"2303\" \/>\n<h3 data-start=\"2305\" data-end=\"2328\">Instrucciones de cuidado<\/h3>\n<ul data-start=\"2329\" data-end=\"2571\">\n<li data-start=\"2329\" data-end=\"2357\">\n<p data-start=\"2331\" data-end=\"2357\">Lavar a mano con agua tibia.<\/p>\n<\/li>\n<li data-start=\"2358\" data-end=\"2398\">\n<p data-start=\"2360\" data-end=\"2398\">Secar sobre una superficie plana despu\u00e9s del lavado.<\/p>\n<\/li>\n<li data-start=\"2399\" data-end=\"2415\">\n<p data-start=\"2401\" data-end=\"2415\">No planchar<\/p>\n<\/li>\n<li data-start=\"2416\" data-end=\"2459\">\n<p data-start=\"2418\" data-end=\"2459\">Evite lavar y secar a m\u00e1quina.<\/p>\n<\/li>\n<li data-start=\"2460\" data-end=\"2517\">\n<p data-start=\"2462\" data-end=\"2517\">Para conservar la forma de las rosas 3D, se recomienda el retrolavado.<\/p>\n<\/li>\n<li data-start=\"2518\" data-end=\"2571\">\n<p data-start=\"2520\" data-end=\"2571\">No exponer a la luz solar directa durante largos periodos de tiempo.<\/p>\n<\/li>\n<\/ul>\n<hr data-start=\"2573\" data-end=\"2576\" \/>\n<h3 data-start=\"2578\" data-end=\"2606\">\u00bfPor qu\u00e9 deber\u00eda preferirse?<\/h3>\n<p data-start=\"2607\" data-end=\"2918\">\u2705 Suave armon\u00eda de rosa suave y verde.<br data-start=\"2644\" data-end=\"2647\" \/>\u2705 Detalles de rosas 3D hechos a mano<br data-start=\"2689\" data-end=\"2692\" \/>\u2705 Una experiencia de ropa c\u00f3moda y libre con corte oversize<br data-start=\"2744\" data-end=\"2747\" \/>\u2705 Producci\u00f3n artesanal, \u00e9tica y sostenible<br data-start=\"2789\" data-end=\"2792\" \/>\u2705 Un toque rom\u00e1ntico al estilo urbano<br data-start=\"2828\" data-end=\"2831\" \/>\u2705 Cada uno est\u00e1 hecho a mano de forma \u00fanica.<br data-start=\"2873\" data-end=\"2876\" \/>\u2705 C\u00f3modo con su estructura ligera y transpirable.<\/p>","protected":false},"excerpt":{"rendered":"<p>Chaleco oversize hecho a mano en color rosa suave con detalles de rosas en 3D.<\/p>","protected":false},"featured_media":28654,"comment_status":"open","ping_status":"closed","template":"","meta":[],"product_brand":[691],"product_cat":[702],"product_tag":[1423,1359,1333,1320,1427,1424,1403,1432,1422,1431,1429,1400,1428,1425,1419,1319,740,1430,1323,1426],"class_list":{"0":"post-27596","1":"product","2":"type-product","3":"status-publish","4":"has-post-thumbnail","6":"product_brand-tuffhandicraft","7":"product_cat-suveter","8":"product_tag-3dgulmotifi","9":"product_tag-bohemstil","10":"product_tag-dogadostutasarim","11":"product_tag-elileoruldu","12":"product_tag-elorgusuy-elek","13":"product_tag-gulluyelek","14":"product_tag-handmadeclothing","15":"product_tag-orguyelek","16":"product_tag-oversizeyelek","17":"product_tag-ozelorgu","18":"product_tag-pastelmoda","19":"product_tag-rahatgiyim","20":"product_tag-romantikstil","21":"product_tag-softpembe","22":"product_tag-stilaksesuari","23":"product_tag-surdurulebilirmoda","24":"product_tag-tuffhandicraft","25":"product_tag-vintageilhami","26":"product_tag-yavasmoda","27":"product_tag-yesildetayli","29":"first","30":"instock","31":"taxable","32":"shipping-taxable","33":"purchasable","34":"product-type-variable"},"_links":{"self":[{"href":"https:\/\/tuffhandicraft.com\/es\/wp-json\/wp\/v2\/product\/27596","targetHints":{"allow":["GET"]}}],"collection":[{"href":"https:\/\/tuffhandicraft.com\/es\/wp-json\/wp\/v2\/product"}],"about":[{"href":"https:\/\/tuffhandicraft.com\/es\/wp-json\/wp\/v2\/types\/product"}],"replies":[{"embeddable":true,"href":"https:\/\/tuffhandicraft.com\/es\/wp-json\/wp\/v2\/comments?post=27596"}],"version-history":[{"count":0,"href":"https:\/\/tuffhandicraft.com\/es\/wp-json\/wp\/v2\/product\/27596\/revisions"}],"wp:featuredmedia":[{"embeddable":true,"href":"https:\/\/tuffhandicraft.com\/es\/wp-json\/wp\/v2\/media\/28654"}],"wp:attachment":[{"href":"https:\/\/tuffhandicraft.com\/es\/wp-json\/wp\/v2\/media?parent=27596"}],"wp:term":[{"taxonomy":"product_brand","embeddable":true,"href":"https:\/\/tuffhandicraft.com\/es\/wp-json\/wp\/v2\/product_brand?post=27596"},{"taxonomy":"product_cat","embeddable":true,"href":"https:\/\/tuffhandicraft.com\/es\/wp-json\/wp\/v2\/product_cat?post=27596"},{"taxonomy":"product_tag","embeddable":true,"href":"https:\/\/tuffhandicraft.com\/es\/wp-json\/wp\/v2\/product_tag?post=27596"}],"curies":[{"name":"wp","href":"https:\/\/api.w.org\/{rel}","templated":true}]}}