{"id":27600,"date":"2025-05-11T00:23:45","date_gmt":"2025-05-10T21:23:45","guid":{"rendered":"https:\/\/tasarim.yusufkecici.com.tr\/urun\/crochet-oversized-african-flower-cardigan-chunky-floral-sweatshirt-handmade-cozy-woman-pullover-festival-outfit-gift-for-her\/"},"modified":"2026-02-19T16:30:23","modified_gmt":"2026-02-19T13:30:23","slug":"afrika-cicek-motifli-oversize-hirka","status":"publish","type":"product","link":"https:\/\/tuffhandicraft.com\/es\/magaza\/hirka\/afrika-cicek-motifli-oversize-hirka\/","title":{"rendered":"C\u00e1rdigan extragrande con estampado floral africano | 2025"},"content":{"rendered":"<h3 data-start=\"250\" data-end=\"333\">C\u00e1rdigan extragrande: elegante y c\u00f3modo con motivos florales africanos hechos a mano en las mangas.<\/h3>\n<p data-start=\"335\" data-end=\"667\">Este c\u00e1rdigan extragrande, tejido a mano, destaca por sus motivos florales africanos meticulosamente elaborados en las mangas. Su corte holgado y su confecci\u00f3n con hilo natural garantizan comodidad durante todo el d\u00eda. Los motivos de colores vibrantes le dan un toque bohemio y \u00e9tnico. Ofrece elegancia y comodidad tanto para las transiciones estacionales como para el d\u00eda a d\u00eda.<\/p>\n<hr data-start=\"669\" data-end=\"672\" \/>\n<h3 data-start=\"674\" data-end=\"695\">Informaci\u00f3n del material<\/h3>\n<p data-start=\"696\" data-end=\"930\">Este c\u00e1rdigan est\u00e1 elaborado con hilos naturales que son transpirables y agradables para la piel. <a href=\"https:\/\/tuffhandicraft.com\/es\/producto\/afrika-cicek-motifli-oversize-hirka\/\">flor africana<\/a> Los motivos est\u00e1n meticulosamente elaborados a mano, lo que hace que cada pieza sea \u00fanica. La suavidad de las fibras naturales proporciona una experiencia de uso muy c\u00f3moda.<\/p>\n<hr data-start=\"932\" data-end=\"935\" \/>\n<h3 data-start=\"937\" data-end=\"967\">\u00c1rea de uso y confort<\/h3>\n<ul data-start=\"968\" data-end=\"1222\">\n<li data-start=\"968\" data-end=\"1009\">\n<p data-start=\"970\" data-end=\"1009\">Corte oversize que se adapta a todo tipo de cuerpo.<\/p>\n<\/li>\n<li data-start=\"1010\" data-end=\"1069\">\n<p data-start=\"1012\" data-end=\"1069\">Los motivos coloridos en las mangas resaltan tu estilo.<\/p>\n<\/li>\n<li data-start=\"1070\" data-end=\"1123\">\n<p data-start=\"1072\" data-end=\"1123\">Adecuado para uso diario y transiciones estacionales.<\/p>\n<\/li>\n<li data-start=\"1124\" data-end=\"1165\">\n<p data-start=\"1126\" data-end=\"1165\">La estructura flexible proporciona libertad de movimiento.<\/p>\n<\/li>\n<li data-start=\"1166\" data-end=\"1222\">\n<p data-start=\"1168\" data-end=\"1222\">Se puede preferir f\u00e1cilmente en casa o al aire libre.<\/p>\n<\/li>\n<\/ul>\n<hr data-start=\"1224\" data-end=\"1227\" \/>\n<h3 data-start=\"1229\" data-end=\"1266\">Sugerencia de estilo \/ Sugerencia de combinaci\u00f3n<\/h3>\n<p data-start=\"1267\" data-end=\"1514\">Puedes realzar los motivos de las mangas combin\u00e1ndolos con prendas cl\u00e1sicas y sencillas. Crea un look bohemio con vaqueros, una camiseta b\u00e1sica y accesorios neutros. Comb\u00ednalo con zapatos c\u00f3modos y un bolso de punto para un look \u00fanico y chic.<\/p>\n<hr data-start=\"1516\" data-end=\"1519\" \/>\n<h3 data-start=\"1521\" data-end=\"1565\">\u00c9nfasis en lo artesanal y la sostenibilidad<\/h3>\n<p data-start=\"1566\" data-end=\"1797\">Este c\u00e1rdigan de gran tama\u00f1o, elaborado con el enfoque de producci\u00f3n \u00e9tica de Tuffhandicraft, <a href=\"https:\/\/italianartisan.com\/what-is-slow-fashion\/\" target=\"_blank\" rel=\"noopener\">principios de la moda lenta<\/a> Cada producto est\u00e1 hecho a mano y la sostenibilidad es una prioridad.<\/p>\n<hr data-start=\"1799\" data-end=\"1802\" \/>\n<h3 data-start=\"1804\" data-end=\"1827\">Instrucciones de cuidado<\/h3>\n<ul data-start=\"1828\" data-end=\"2007\">\n<li data-start=\"1828\" data-end=\"1866\">\n<p data-start=\"1830\" data-end=\"1866\">Lavar a mano suavemente con agua tibia.<\/p>\n<\/li>\n<li data-start=\"1867\" data-end=\"1904\">\n<p data-start=\"1869\" data-end=\"1904\">Secar colgado o sobre una superficie plana.<\/p>\n<\/li>\n<li data-start=\"1905\" data-end=\"1921\">\n<p data-start=\"1907\" data-end=\"1921\">No planchar<\/p>\n<\/li>\n<li data-start=\"1922\" data-end=\"1963\">\n<p data-start=\"1924\" data-end=\"1963\">Evite lavar y secar a m\u00e1quina.<\/p>\n<\/li>\n<li data-start=\"1964\" data-end=\"2007\">\n<p data-start=\"1966\" data-end=\"2007\">No exponer a la luz solar directa.<\/p>\n<\/li>\n<\/ul>\n<hr data-start=\"2009\" data-end=\"2012\" \/>\n<h3 data-start=\"2014\" data-end=\"2042\">\u00bfPor qu\u00e9 deber\u00eda preferirse?<\/h3>\n<p data-start=\"2043\" data-end=\"2316\">\u2705 Corte c\u00f3modo de gran tama\u00f1o<br data-start=\"2065\" data-end=\"2068\" \/>\u2705 Motivos florales africanos originales en las mangas.<br data-start=\"2109\" data-end=\"2112\" \/>\u2705 Producci\u00f3n artesanal y sostenible<br data-start=\"2146\" data-end=\"2149\" \/>\u2705 Facilidad de uso durante las transiciones diarias y estacionales<br data-start=\"2199\" data-end=\"2202\" \/>\u2705 Estructura transpirable con hilos naturales.<br data-start=\"2240\" data-end=\"2243\" \/>\u2705 Dise\u00f1o especial para amantes del estilo bohemio y \u00e9tnico.<br data-start=\"2287\" data-end=\"2290\" \/>\u2705 Larga duraci\u00f3n y resistencia<\/p>","protected":false},"excerpt":{"rendered":"<p>Elegante y c\u00f3modo con originales motivos florales africanos en las mangas.<\/p>","protected":false},"featured_media":28641,"comment_status":"open","ping_status":"closed","template":"","meta":[],"product_brand":[691],"product_cat":[688],"product_tag":[1397,1359,1343,1320,1398,1401,1405,1403,1399,1407,1406,1402,1396,1366,1404,1400,1408,1319,740,1323],"class_list":{"0":"post-27600","1":"product","2":"type-product","3":"status-publish","4":"has-post-thumbnail","6":"product_brand-tuffhandicraft","7":"product_cat-hirka","8":"product_tag-afrikamotif","9":"product_tag-bohemstil","10":"product_tag-dogalmalzeme","11":"product_tag-elileoruldu","12":"product_tag-elorgusuhirka","13":"product_tag-etnikstil","14":"product_tag-evmodasi","15":"product_tag-handmadeclothing","16":"product_tag-kollaramotifi","17":"product_tag-konforlugiyim","18":"product_tag-mevsimgecisi","19":"product_tag-oversizedstyle","20":"product_tag-oversizehirka","21":"product_tag-ozgunorgu","22":"product_tag-ozguntasarim","23":"product_tag-rahatgiyim","24":"product_tag-stilaksesuar","25":"product_tag-surdurulebilirmoda","26":"product_tag-tuffhandicraft","27":"product_tag-yavasmoda","29":"first","30":"instock","31":"taxable","32":"shipping-taxable","33":"purchasable","34":"product-type-variable"},"_links":{"self":[{"href":"https:\/\/tuffhandicraft.com\/es\/wp-json\/wp\/v2\/product\/27600","targetHints":{"allow":["GET"]}}],"collection":[{"href":"https:\/\/tuffhandicraft.com\/es\/wp-json\/wp\/v2\/product"}],"about":[{"href":"https:\/\/tuffhandicraft.com\/es\/wp-json\/wp\/v2\/types\/product"}],"replies":[{"embeddable":true,"href":"https:\/\/tuffhandicraft.com\/es\/wp-json\/wp\/v2\/comments?post=27600"}],"version-history":[{"count":0,"href":"https:\/\/tuffhandicraft.com\/es\/wp-json\/wp\/v2\/product\/27600\/revisions"}],"wp:featuredmedia":[{"embeddable":true,"href":"https:\/\/tuffhandicraft.com\/es\/wp-json\/wp\/v2\/media\/28641"}],"wp:attachment":[{"href":"https:\/\/tuffhandicraft.com\/es\/wp-json\/wp\/v2\/media?parent=27600"}],"wp:term":[{"taxonomy":"product_brand","embeddable":true,"href":"https:\/\/tuffhandicraft.com\/es\/wp-json\/wp\/v2\/product_brand?post=27600"},{"taxonomy":"product_cat","embeddable":true,"href":"https:\/\/tuffhandicraft.com\/es\/wp-json\/wp\/v2\/product_cat?post=27600"},{"taxonomy":"product_tag","embeddable":true,"href":"https:\/\/tuffhandicraft.com\/es\/wp-json\/wp\/v2\/product_tag?post=27600"}],"curies":[{"name":"wp","href":"https:\/\/api.w.org\/{rel}","templated":true}]}}