{"id":27614,"date":"2025-05-11T00:24:01","date_gmt":"2025-05-10T21:24:01","guid":{"rendered":"https:\/\/tasarim.yusufkecici.com.tr\/urun\/big-summer-woven-bag-raffia-bag-with-colorful-wooden-details-easy-handled-knitted-bag-daily-tote-bag-blue-straw-bag-gift-for-her\/"},"modified":"2025-08-21T17:39:02","modified_gmt":"2025-08-21T14:39:02","slug":"mega-boy-plaj-cantasi","status":"publish","type":"product","link":"https:\/\/tuffhandicraft.com\/es\/magaza\/canta\/omuz-cantasi\/mega-boy-plaj-cantasi\/","title":{"rendered":"Bolsa de playa de gran tama\u00f1o: gran volumen, hecha a mano y estilo veraniego."},"content":{"rendered":"<h3 data-start=\"283\" data-end=\"353\">Bolsa de playa de gran tama\u00f1o: gran volumen, hecha a mano y estilo veraniego.<\/h3>\n<p data-start=\"355\" data-end=\"678\">Este bolso de playa de gran tama\u00f1o, dise\u00f1ado para quienes buscan art\u00edculos esenciales de verano elegantes y funcionales, est\u00e1 pensado para quienes buscan una pieza elegante y pr\u00e1ctica. Su textura artesanal y su llamativo tama\u00f1o te acompa\u00f1ar\u00e1n todo el d\u00eda, ya sea en la playa, de picnic o en la ciudad. Su generosa capacidad te permite llevar c\u00f3modamente tanto tus art\u00edculos esenciales de diario como tus imprescindibles de verano.<\/p>\n<hr data-start=\"680\" data-end=\"683\" \/>\n<h3 data-start=\"685\" data-end=\"707\">\ud83e\uddf5 Informaci\u00f3n del material<img loading=\"lazy\" decoding=\"async\" class=\"wd-lazy-fade size-full wp-image-28000 alignright\" src=\"https:\/\/tuffhandicraft.com\/wp-content\/themes\/woodmart\/images\/lazy.svg\" data-src=\"https:\/\/tuffhandicraft.com\/wp-content\/uploads\/2021\/08\/footer-logo-1.png\" alt=\"Bolsa de playa de gran tama\u00f1o: gran volumen, hecha a mano y estilo veraniego.\" width=\"220\" height=\"40\" title=\"\" srcset=\"\" data-srcset=\"https:\/\/tuffhandicraft.com\/wp-content\/uploads\/2021\/08\/footer-logo-1.png 220w, https:\/\/tuffhandicraft.com\/wp-content\/uploads\/2021\/08\/footer-logo-1-150x27.png 150w\" sizes=\"auto, (max-width: 220px) 100vw, 220px\" \/><\/h3>\n<p data-start=\"709\" data-end=\"882\">%100 do\u011fal ka\u011f\u0131t iplik ile \u00f6zenle elde \u00f6r\u00fclm\u00fc\u015ft\u00fcr. Nefes alabilir ve hafif yap\u0131s\u0131yla konfor sunarken, dayan\u0131kl\u0131l\u0131\u011f\u0131yla uzun \u00f6m\u00fcrl\u00fc kullan\u0131m sa\u011flar. Sentetik malzeme i\u00e7ermez.<\/p>\n<hr data-start=\"884\" data-end=\"887\" \/>\n<h3 data-start=\"889\" data-end=\"920\">\ud83c\udf3f\u00c1rea de Uso y Confort<\/h3>\n<ul data-start=\"922\" data-end=\"1167\">\n<li data-start=\"922\" data-end=\"1000\">\n<p data-start=\"924\" data-end=\"1000\"><a href=\"https:\/\/tuffhandicraft.com\/es\/producto\/kagit-ip-buzgulu-omuz-cantasi\/\">De los d\u00edas de playa<\/a> Tiene una amplia gama de \u00e1reas de uso, desde viajes urbanos hasta escapadas urbanas.<\/p>\n<\/li>\n<li data-start=\"1001\" data-end=\"1103\">\n<p data-start=\"1003\" data-end=\"1103\">Gracias a su gran volumen, podr\u00e1s transportar f\u00e1cilmente toallas de playa, protector solar, libros y m\u00e1s.<\/p>\n<\/li>\n<li data-start=\"1104\" data-end=\"1167\">\n<p data-start=\"1106\" data-end=\"1167\">Gracias a su ligereza se puede utilizar c\u00f3modamente en la mano o en el hombro.<\/p>\n<\/li>\n<\/ul>\n<hr data-start=\"1169\" data-end=\"1172\" \/>\n<h3 data-start=\"1174\" data-end=\"1208\">\ud83c\udfa8 Sugerencia de estilo \/ Idea de combinaci\u00f3n<\/h3>\n<p data-start=\"1210\" data-end=\"1377\">Combina a la perfecci\u00f3n con pareos coloridos, vestidos de lino, gorros de punto y sandalias. Sus tonos naturales y su textura de punto lo convierten en el complemento perfecto para looks bohemios y veraniegos.<\/p>\n<p data-start=\"877\" data-end=\"1029\">Para conocer otros modelos que puedan adaptarse a su estilo y m\u00e1s, visite Tuff\u00a0<a href=\"https:\/\/www.pinterest.com\/TuffHandicraft01\/\" target=\"_blank\" rel=\"noopener\">Pinterest<\/a>\u00a0Visita el mundo de.<\/p>\n<hr data-start=\"1379\" data-end=\"1382\" \/>\n<h3 data-start=\"1384\" data-end=\"1421\">\u267b\ufe0f Hecho a mano y sostenible<\/h3>\n<p data-start=\"1423\" data-end=\"1606\">Cada bolso se elabora artesanalmente con un enfoque de moda lenta. Es producto de un proceso de producci\u00f3n \u00e9tico y respetuoso con el medio ambiente, alejado de la producci\u00f3n en masa. Al ser artesanal, cada bolso es \u00fanico.<\/p>\n<hr data-start=\"1608\" data-end=\"1611\" \/>\n<h3 data-start=\"1613\" data-end=\"1637\">\ud83e\uddfc Instrucciones de cuidado<\/h3>\n<ul data-start=\"1639\" data-end=\"1764\">\n<li data-start=\"1639\" data-end=\"1685\">\n<p data-start=\"1641\" data-end=\"1685\">Limpie la superficie suavemente con un pa\u00f1o h\u00famedo.<\/p>\n<\/li>\n<li data-start=\"1686\" data-end=\"1709\">\n<p data-start=\"1688\" data-end=\"1709\">No lavar a m\u00e1quina.<\/p>\n<\/li>\n<li data-start=\"1710\" data-end=\"1764\">\n<p data-start=\"1712\" data-end=\"1764\">Colgar para secar y no exponer a la luz solar directa.<\/p>\n<\/li>\n<\/ul>\n<hr data-start=\"1766\" data-end=\"1769\" \/>\n<h3 data-start=\"1771\" data-end=\"1802\">\u2728\u00bfPor qu\u00e9 deber\u00edas elegir?<\/h3>\n<ul data-start=\"1639\" data-end=\"1764\">\n<li data-start=\"1639\" data-end=\"1685\">\n<p data-start=\"1641\" data-end=\"1685\">Tejido con cuerda de papel natural<\/p>\n<\/li>\n<li data-start=\"1639\" data-end=\"1685\">\n<p data-start=\"1641\" data-end=\"1685\">Hecho a mano y sostenible<\/p>\n<\/li>\n<li data-start=\"1710\" data-end=\"1764\">\n<p data-start=\"1712\" data-end=\"1764\">Extremadamente \u00fatil con su mega tama\u00f1o.<\/p>\n<\/li>\n<\/ul>","protected":false},"excerpt":{"rendered":"<p data-start=\"188\" data-end=\"372\">Lleva todos tus imprescindibles de verano con estilo con este espacioso y pr\u00e1ctico bolso de playa, tejido a mano con cuerda de papel natural. Un cl\u00e1sico veraniego ligero, duradero y sostenible.<\/p>","protected":false},"featured_media":28547,"comment_status":"open","ping_status":"closed","template":"","meta":[],"product_brand":[691],"product_cat":[686,724],"product_tag":[840,1293,1290,1040,1287,1288,1284,1286,769,810,1285,1291,1068,983,762,1289,1292,816],"class_list":{"0":"post-27614","1":"product","2":"type-product","3":"status-publish","4":"has-post-thumbnail","6":"product_brand-tuffhandicraft","7":"product_cat-canta","8":"product_cat-omuz-cantasi","9":"product_tag-bohem-canta","10":"product_tag-buyuk-boy-plaj-cantasi","11":"product_tag-buyuk-plaj-cantasi","12":"product_tag-cevre-dostu-canta","13":"product_tag-dogal-ip-canta","14":"product_tag-el-isi-canta","15":"product_tag-el-yapimi-plaj-cantasi","16":"product_tag-genis-plaj-cantasi","17":"product_tag-hediye-fikirleri","18":"product_tag-kagit-ip-canta","19":"product_tag-mega-boy-canta","20":"product_tag-orgu-plaj-cantasi","21":"product_tag-plaj-stili","22":"product_tag-rafya-canta","23":"product_tag-surdurulebilir-moda","24":"product_tag-yaz-stili","25":"product_tag-yazlik-aksesuar","26":"product_tag-yazlik-canta","28":"first","29":"instock","30":"sale","31":"taxable","32":"shipping-taxable","33":"purchasable","34":"product-type-simple"},"_links":{"self":[{"href":"https:\/\/tuffhandicraft.com\/es\/wp-json\/wp\/v2\/product\/27614","targetHints":{"allow":["GET"]}}],"collection":[{"href":"https:\/\/tuffhandicraft.com\/es\/wp-json\/wp\/v2\/product"}],"about":[{"href":"https:\/\/tuffhandicraft.com\/es\/wp-json\/wp\/v2\/types\/product"}],"replies":[{"embeddable":true,"href":"https:\/\/tuffhandicraft.com\/es\/wp-json\/wp\/v2\/comments?post=27614"}],"version-history":[{"count":1,"href":"https:\/\/tuffhandicraft.com\/es\/wp-json\/wp\/v2\/product\/27614\/revisions"}],"predecessor-version":[{"id":30280,"href":"https:\/\/tuffhandicraft.com\/es\/wp-json\/wp\/v2\/product\/27614\/revisions\/30280"}],"wp:featuredmedia":[{"embeddable":true,"href":"https:\/\/tuffhandicraft.com\/es\/wp-json\/wp\/v2\/media\/28547"}],"wp:attachment":[{"href":"https:\/\/tuffhandicraft.com\/es\/wp-json\/wp\/v2\/media?parent=27614"}],"wp:term":[{"taxonomy":"product_brand","embeddable":true,"href":"https:\/\/tuffhandicraft.com\/es\/wp-json\/wp\/v2\/product_brand?post=27614"},{"taxonomy":"product_cat","embeddable":true,"href":"https:\/\/tuffhandicraft.com\/es\/wp-json\/wp\/v2\/product_cat?post=27614"},{"taxonomy":"product_tag","embeddable":true,"href":"https:\/\/tuffhandicraft.com\/es\/wp-json\/wp\/v2\/product_tag?post=27614"}],"curies":[{"name":"wp","href":"https:\/\/api.w.org\/{rel}","templated":true}]}}