{"id":27621,"date":"2025-05-11T00:24:07","date_gmt":"2025-05-10T21:24:07","guid":{"rendered":"https:\/\/tasarim.yusufkecici.com.tr\/urun\/handmade-soft-pink-mesh-cardigan-vintage-style-buttoned-crochet-sweater-lightweight-cozy-cardigan-with-chunky-buttons-gift-for-her\/"},"modified":"2025-08-10T16:02:13","modified_gmt":"2025-08-10T13:02:13","slug":"vintage-file-hirka","status":"publish","type":"product","link":"https:\/\/tuffhandicraft.com\/es\/magaza\/hirka\/vintage-file-hirka\/","title":{"rendered":"C\u00e1rdigan vintage de malla rosa suave: dise\u00f1o abotonado y transpirable"},"content":{"rendered":"<h3 data-start=\"127\" data-end=\"193\">C\u00e1rdigan vintage de malla rosa suave: dise\u00f1o abotonado y transpirable<\/h3>\n<p data-start=\"195\" data-end=\"484\">Este c\u00e1rdigan de malla rosa suave, hecho a mano, presenta un elegante dise\u00f1o de inspiraci\u00f3n vintage. Su confecci\u00f3n ligera, su tejido de malla fina y su cierre de botones lo hacen perfecto tanto para el d\u00eda a d\u00eda como para ocasiones especiales. Su textura transpirable proporciona frescura y elegancia, especialmente en primavera.<\/p>\n<p data-start=\"486\" data-end=\"739\">Su rom\u00e1ntico color rosa suave y su estilo fluido hacen de este c\u00e1rdigan una prenda destacada tanto para estilos sencillos como bohemios. Es una adici\u00f3n perfecta a tu armario, especialmente para quienes prefieren un estilo minimalista, nost\u00e1lgico y con capas.<\/p>\n<hr data-start=\"741\" data-end=\"744\" \/>\n<h3 data-start=\"746\" data-end=\"768\">\ud83e\uddf5 Informaci\u00f3n del material<img loading=\"lazy\" decoding=\"async\" class=\"wd-lazy-fade size-full wp-image-28000 alignright\" src=\"https:\/\/tuffhandicraft.com\/wp-content\/themes\/woodmart\/images\/lazy.svg\" data-src=\"https:\/\/tuffhandicraft.com\/wp-content\/uploads\/2021\/08\/footer-logo-1.png\" alt=\"C\u00e1rdigan vintage de malla rosa suave: dise\u00f1o abotonado y transpirable\" width=\"220\" height=\"40\" title=\"\" srcset=\"\" data-srcset=\"https:\/\/tuffhandicraft.com\/wp-content\/uploads\/2021\/08\/footer-logo-1.png 220w, https:\/\/tuffhandicraft.com\/wp-content\/uploads\/2021\/08\/footer-logo-1-150x27.png 150w\" sizes=\"auto, (max-width: 220px) 100vw, 220px\" \/><\/h3>\n<ul data-start=\"770\" data-end=\"929\">\n<li data-start=\"770\" data-end=\"796\">\n<p data-start=\"772\" data-end=\"796\">Tejido de crochet hecho a mano<\/p>\n<\/li>\n<li data-start=\"797\" data-end=\"827\">\n<p data-start=\"799\" data-end=\"827\">Estructura ligera y transpirable.<\/p>\n<\/li>\n<li data-start=\"828\" data-end=\"875\">\n<p data-start=\"830\" data-end=\"875\"><a href=\"https:\/\/tuffhandicraft.com\/es\/producto\/pelus-el-orgusu-hirka\/\">cuerda de algod\u00f3n<\/a> tejido con<\/p>\n<\/li>\n<li data-start=\"876\" data-end=\"904\">\n<p data-start=\"878\" data-end=\"904\">Detalle de cierre frontal abotonado<\/p>\n<\/li>\n<li data-start=\"905\" data-end=\"929\">\n<p data-start=\"907\" data-end=\"929\">Superficie flexible y suave<\/p>\n<\/li>\n<\/ul>\n<hr data-start=\"931\" data-end=\"934\" \/>\n<h3 data-start=\"936\" data-end=\"968\">\ud83c\udf24\ufe0f\u00c1rea de Uso y Confort<\/h3>\n<ul data-start=\"970\" data-end=\"1212\">\n<li data-start=\"970\" data-end=\"1011\">\n<p data-start=\"972\" data-end=\"1011\">Adecuado para las temporadas de primavera y verano.<\/p>\n<\/li>\n<li data-start=\"1012\" data-end=\"1074\">\n<p data-start=\"1014\" data-end=\"1074\">Suficientemente ligero para usarlo en las frescas noches de verano.<\/p>\n<\/li>\n<li data-start=\"1075\" data-end=\"1137\">\n<p data-start=\"1077\" data-end=\"1137\">Es compatible con diferentes tallas con su corte unisex y forma sencilla.<\/p>\n<\/li>\n<li data-start=\"1138\" data-end=\"1212\">\n<p data-start=\"1140\" data-end=\"1212\">Una opci\u00f3n c\u00f3moda para tops de playa, conjuntos de festival o uso diario.<\/p>\n<\/li>\n<\/ul>\n<hr data-start=\"1214\" data-end=\"1217\" \/>\n<h3 data-start=\"1219\" data-end=\"1256\">\ud83c\udf31Hecho a mano y sostenible<\/h3>\n<p data-start=\"1258\" data-end=\"1498\">Este c\u00e1rdigan est\u00e1 elaborado a mano lentamente y en contra de la tendencia de la moda r\u00e1pida.<br data-start=\"1325\" data-end=\"1328\" \/>Gracias a su dise\u00f1o atemporal, puede complementar tu estilo durante muchos a\u00f1os.<br data-start=\"1393\" data-end=\"1396\" \/>Cada producto es \u00fanico porque est\u00e1 tejido a mano y elaborado con un enfoque de producci\u00f3n respetuoso con el medio ambiente.<br \/>\nPara conocer otros modelos que puedan adaptarse a su estilo y m\u00e1s, visite Tuff\u00a0<a href=\"https:\/\/www.pinterest.com\/TuffHandicraft01\/\" target=\"_blank\" rel=\"noopener\">Pinterest<\/a>\u00a0Visita el mundo de.<\/p>\n<hr data-start=\"1500\" data-end=\"1503\" \/>\n<h3 data-start=\"1505\" data-end=\"1529\">\ud83e\uddfc Instrucciones de cuidado<\/h3>\n<ul data-start=\"1531\" data-end=\"1631\">\n<li data-start=\"1531\" data-end=\"1560\">\n<p data-start=\"1533\" data-end=\"1560\">Lavar a mano con agua fr\u00eda.<\/p>\n<\/li>\n<li data-start=\"1561\" data-end=\"1582\">\n<p data-start=\"1563\" data-end=\"1582\">Exti\u00e9ndelo para que se seque.<\/p>\n<\/li>\n<li data-start=\"1583\" data-end=\"1609\">\n<p data-start=\"1585\" data-end=\"1609\">No usar lej\u00eda<\/p>\n<\/li>\n<li data-start=\"1610\" data-end=\"1631\">\n<p data-start=\"1612\" data-end=\"1631\">No requiere planchado<\/p>\n<\/li>\n<\/ul>\n<hr data-start=\"1633\" data-end=\"1636\" \/>\n<h3 data-start=\"1638\" data-end=\"1669\">\u2728\u00bfPor qu\u00e9 deber\u00edas elegir?<\/h3>\n<ul data-start=\"1671\" data-end=\"1913\">\n<li data-start=\"1671\" data-end=\"1697\">\n<p data-start=\"1673\" data-end=\"1697\">Hecho a mano y \u00fanico<\/p>\n<\/li>\n<li data-start=\"1698\" data-end=\"1730\">\n<p data-start=\"1700\" data-end=\"1730\">Estructura ligera y transpirable.<\/p>\n<\/li>\n<li data-start=\"1731\" data-end=\"1768\">\n<p data-start=\"1733\" data-end=\"1768\">Estilo rom\u00e1ntico con color rosa suave.<\/p>\n<\/li>\n<li data-start=\"1769\" data-end=\"1818\">\n<p data-start=\"1771\" data-end=\"1818\">Re\u00fane l\u00edneas vintage y modernas.<\/p>\n<\/li>\n<li data-start=\"1819\" data-end=\"1860\">\n<p data-start=\"1821\" data-end=\"1860\">\u00datil con su estructura abotonada y flexible.<\/p>\n<\/li>\n<li data-start=\"1861\" data-end=\"1913\">\n<p data-start=\"1863\" data-end=\"1913\">Elaborado con el entendimiento de la producci\u00f3n sostenible<\/p>\n<\/li>\n<\/ul>","protected":false},"excerpt":{"rendered":"<p data-start=\"56\" data-end=\"208\">Un c\u00e1rdigan de malla de inspiraci\u00f3n retro, hecho a mano, en rosa suave. Ligero y transpirable, es perfecto para primavera y verano, y cuenta con detalles abotonados que completan el look.<\/p>","protected":false},"featured_media":28371,"comment_status":"open","ping_status":"closed","template":"","meta":[],"product_brand":[691],"product_cat":[688],"product_tag":[1256,1258,924,748,1251,1255,769,1235,1254,1252,1259,762,1253,750,758,1257],"class_list":{"0":"post-27621","1":"product","2":"type-product","3":"status-publish","4":"has-post-thumbnail","6":"product_brand-tuffhandicraft","7":"product_cat-hirka","8":"product_tag-bahar-kiyafeti","9":"product_tag-dugmeli-hirka","10":"product_tag-el-orgusu-hirka","11":"product_tag-el-yapimi-hirka","12":"product_tag-file-hirka","13":"product_tag-hafif-hirka","14":"product_tag-hediye-fikirleri","15":"product_tag-katmanli-giyim","16":"product_tag-nefes-alan-ust","17":"product_tag-pembe-hirka","18":"product_tag-rahat-giyim","19":"product_tag-surdurulebilir-moda","20":"product_tag-tig-isi-hirka","21":"product_tag-unisex-hirka","22":"product_tag-vintage-hirka","23":"product_tag-yazlik-hirka","25":"first","26":"instock","27":"taxable","28":"shipping-taxable","29":"purchasable","30":"product-type-variable"},"_links":{"self":[{"href":"https:\/\/tuffhandicraft.com\/es\/wp-json\/wp\/v2\/product\/27621","targetHints":{"allow":["GET"]}}],"collection":[{"href":"https:\/\/tuffhandicraft.com\/es\/wp-json\/wp\/v2\/product"}],"about":[{"href":"https:\/\/tuffhandicraft.com\/es\/wp-json\/wp\/v2\/types\/product"}],"replies":[{"embeddable":true,"href":"https:\/\/tuffhandicraft.com\/es\/wp-json\/wp\/v2\/comments?post=27621"}],"version-history":[{"count":0,"href":"https:\/\/tuffhandicraft.com\/es\/wp-json\/wp\/v2\/product\/27621\/revisions"}],"wp:featuredmedia":[{"embeddable":true,"href":"https:\/\/tuffhandicraft.com\/es\/wp-json\/wp\/v2\/media\/28371"}],"wp:attachment":[{"href":"https:\/\/tuffhandicraft.com\/es\/wp-json\/wp\/v2\/media?parent=27621"}],"wp:term":[{"taxonomy":"product_brand","embeddable":true,"href":"https:\/\/tuffhandicraft.com\/es\/wp-json\/wp\/v2\/product_brand?post=27621"},{"taxonomy":"product_cat","embeddable":true,"href":"https:\/\/tuffhandicraft.com\/es\/wp-json\/wp\/v2\/product_cat?post=27621"},{"taxonomy":"product_tag","embeddable":true,"href":"https:\/\/tuffhandicraft.com\/es\/wp-json\/wp\/v2\/product_tag?post=27621"}],"curies":[{"name":"wp","href":"https:\/\/api.w.org\/{rel}","templated":true}]}}